{"id":12485,"date":"2015-06-04T00:00:00","date_gmt":"2015-06-04T00:00:00","guid":{"rendered":"https:\/\/www.eelabels.comuber-ee-labelpack\/"},"modified":"2024-11-11T10:31:23","modified_gmt":"2024-11-11T10:31:23","slug":"uber-ee-labels","status":"publish","type":"page","link":"https:\/\/www.eelabels.com\/de\/uber-ee-labels\/","title":{"rendered":"\u00dcber uns"},"content":{"rendered":"<h1>\u00dcber uns<\/h1>\n<p>Das Familienunternehmen EE Labels ist Hersteller und Lieferant von Etiketten, H\u00e4ngeetiketten und anderen Trimmingsf\u00fcr Marken.<\/p>\n<p>Pers\u00f6nliche Beziehungen zu Kunden, Lieferanten und Mitarbeitern f\u00fchren zu langfristigen Partnerschaften. Dank unserer eigenen Fabriken sind wir flexibel und finden die besten L\u00f6sungen. Eine L\u00f6sung mit minimalen Auswirkungen auf die Umwelt, damit viele Generationen sie genie\u00dfen k\u00f6nnen.<\/p>\n<p>&nbsp;<\/p>\n","protected":false},"excerpt":{"rendered":"<p>\u00dcber uns Das Familienunternehmen EE Labels ist Hersteller und Lieferant von Etiketten, H\u00e4ngeetiketten und anderen Trimmingsf\u00fcr Marken. Pers\u00f6nliche Beziehungen zu Kunden, Lieferanten und Mitarbeitern f\u00fchren zu langfristigen Partnerschaften. Dank unserer eigenen Fabriken sind wir flexibel und finden die besten L\u00f6sungen. Eine L\u00f6sung mit minimalen Auswirkungen auf die Umwelt, damit viele Generationen sie genie\u00dfen k\u00f6nnen. &nbsp; [&#8230;]<\/p>\n<p><a class=\"btn btn-dark understrap-read-more-link\" href=\"https:\/\/www.eelabels.com\/de\/uber-ee-labels\/\">Weiterlesen\u00a0\u2026<span class=\"screen-reader-text\"> from \u00dcber uns<\/span><\/a><\/p>\n","protected":false},"author":1,"featured_media":24659,"parent":0,"menu_order":0,"comment_status":"open","ping_status":"open","template":"","meta":{"_acf_changed":false,"footnotes":""},"class_list":["post-12485","page","type-page","status-publish","has-post-thumbnail","hentry"],"acf":[],"yoast_head":"<!-- This site is optimized with the Yoast SEO plugin v24.6 - https:\/\/yoast.com\/wordpress\/plugins\/seo\/ -->\n<title>\u00dcber uns - EE Labels<\/title>\n<meta name=\"description\" content=\"EE Labels: das Familienunternehmenist Hersteller und Lieferant von nachhaltige Etiketten und anderen Trimmings f\u00fcr Marken. Seit 1900 &gt;\" \/>\n<meta name=\"robots\" content=\"index, follow, max-snippet:-1, max-image-preview:large, max-video-preview:-1\" \/>\n<link rel=\"canonical\" href=\"https:\/\/www.eelabels.com\/de\/uber-ee-labels\/\" \/>\n<meta property=\"og:locale\" content=\"de_DE\" \/>\n<meta property=\"og:type\" content=\"article\" \/>\n<meta property=\"og:title\" content=\"\u00dcber uns - EE Labels\" \/>\n<meta property=\"og:description\" content=\"EE Labels: das Familienunternehmenist Hersteller und Lieferant von nachhaltige Etiketten und anderen Trimmings f\u00fcr Marken. Seit 1900 &gt;\" \/>\n<meta property=\"og:url\" content=\"https:\/\/www.eelabels.com\/de\/uber-ee-labels\/\" \/>\n<meta property=\"og:site_name\" content=\"EE Labels\" \/>\n<meta property=\"article:modified_time\" content=\"2024-11-11T10:31:23+00:00\" \/>\n<meta property=\"og:image\" content=\"https:\/\/www.eelabels.com\/wp-content\/uploads\/2024\/11\/HUB-MARLOES-banner.jpg\" \/>\n\t<meta property=\"og:image:width\" content=\"1613\" \/>\n\t<meta property=\"og:image:height\" content=\"419\" \/>\n\t<meta property=\"og:image:type\" content=\"image\/jpeg\" \/>\n<meta name=\"twitter:card\" content=\"summary_large_image\" \/>\n<meta name=\"twitter:label1\" content=\"Gesch\u00e4tzte Lesezeit\" \/>\n\t<meta name=\"twitter:data1\" content=\"1\u00a0Minute\" \/>\n<script type=\"application\/ld+json\" class=\"yoast-schema-graph\">{\"@context\":\"https:\/\/schema.org\",\"@graph\":[{\"@type\":\"WebPage\",\"@id\":\"https:\/\/www.eelabels.com\/de\/uber-ee-labels\/\",\"url\":\"https:\/\/www.eelabels.com\/de\/uber-ee-labels\/\",\"name\":\"\u00dcber uns - EE Labels\",\"isPartOf\":{\"@id\":\"https:\/\/www.eelabels.com\/#website\"},\"primaryImageOfPage\":{\"@id\":\"https:\/\/www.eelabels.com\/de\/uber-ee-labels\/#primaryimage\"},\"image\":{\"@id\":\"https:\/\/www.eelabels.com\/de\/uber-ee-labels\/#primaryimage\"},\"thumbnailUrl\":\"https:\/\/www.eelabels.com\/wp-content\/uploads\/2024\/11\/HUB-MARLOES-banner.jpg\",\"datePublished\":\"2015-06-04T00:00:00+00:00\",\"dateModified\":\"2024-11-11T10:31:23+00:00\",\"description\":\"EE Labels: das Familienunternehmenist Hersteller und Lieferant von nachhaltige Etiketten und anderen Trimmings f\u00fcr Marken. Seit 1900 >\",\"breadcrumb\":{\"@id\":\"https:\/\/www.eelabels.com\/de\/uber-ee-labels\/#breadcrumb\"},\"inLanguage\":\"de\",\"potentialAction\":[{\"@type\":\"ReadAction\",\"target\":[\"https:\/\/www.eelabels.com\/de\/uber-ee-labels\/\"]}]},{\"@type\":\"ImageObject\",\"inLanguage\":\"de\",\"@id\":\"https:\/\/www.eelabels.com\/de\/uber-ee-labels\/#primaryimage\",\"url\":\"https:\/\/www.eelabels.com\/wp-content\/uploads\/2024\/11\/HUB-MARLOES-banner.jpg\",\"contentUrl\":\"https:\/\/www.eelabels.com\/wp-content\/uploads\/2024\/11\/HUB-MARLOES-banner.jpg\",\"width\":1613,\"height\":419},{\"@type\":\"BreadcrumbList\",\"@id\":\"https:\/\/www.eelabels.com\/de\/uber-ee-labels\/#breadcrumb\",\"itemListElement\":[{\"@type\":\"ListItem\",\"position\":1,\"name\":\"Home\",\"item\":\"https:\/\/www.eelabels.com\/de\/\"},{\"@type\":\"ListItem\",\"position\":2,\"name\":\"\u00dcber uns\"}]},{\"@type\":\"WebSite\",\"@id\":\"https:\/\/www.eelabels.com\/#website\",\"url\":\"https:\/\/www.eelabels.com\/\",\"name\":\"EE Labels\",\"description\":\"Specialist in geweven labels, gedrukte labels, hangtags &amp; branding\",\"potentialAction\":[{\"@type\":\"SearchAction\",\"target\":{\"@type\":\"EntryPoint\",\"urlTemplate\":\"https:\/\/www.eelabels.com\/?s={search_term_string}\"},\"query-input\":{\"@type\":\"PropertyValueSpecification\",\"valueRequired\":true,\"valueName\":\"search_term_string\"}}],\"inLanguage\":\"de\"}]}<\/script>\n<!-- \/ Yoast SEO plugin. -->","yoast_head_json":{"title":"\u00dcber uns - EE Labels","description":"EE Labels: das Familienunternehmenist Hersteller und Lieferant von nachhaltige Etiketten und anderen Trimmings f\u00fcr Marken. Seit 1900 >","robots":{"index":"index","follow":"follow","max-snippet":"max-snippet:-1","max-image-preview":"max-image-preview:large","max-video-preview":"max-video-preview:-1"},"canonical":"https:\/\/www.eelabels.com\/de\/uber-ee-labels\/","og_locale":"de_DE","og_type":"article","og_title":"\u00dcber uns - EE Labels","og_description":"EE Labels: das Familienunternehmenist Hersteller und Lieferant von nachhaltige Etiketten und anderen Trimmings f\u00fcr Marken. Seit 1900 >","og_url":"https:\/\/www.eelabels.com\/de\/uber-ee-labels\/","og_site_name":"EE Labels","article_modified_time":"2024-11-11T10:31:23+00:00","og_image":[{"width":1613,"height":419,"url":"https:\/\/www.eelabels.com\/wp-content\/uploads\/2024\/11\/HUB-MARLOES-banner.jpg","type":"image\/jpeg"}],"twitter_card":"summary_large_image","twitter_misc":{"Gesch\u00e4tzte Lesezeit":"1\u00a0Minute"},"schema":{"@context":"https:\/\/schema.org","@graph":[{"@type":"WebPage","@id":"https:\/\/www.eelabels.com\/de\/uber-ee-labels\/","url":"https:\/\/www.eelabels.com\/de\/uber-ee-labels\/","name":"\u00dcber uns - EE Labels","isPartOf":{"@id":"https:\/\/www.eelabels.com\/#website"},"primaryImageOfPage":{"@id":"https:\/\/www.eelabels.com\/de\/uber-ee-labels\/#primaryimage"},"image":{"@id":"https:\/\/www.eelabels.com\/de\/uber-ee-labels\/#primaryimage"},"thumbnailUrl":"https:\/\/www.eelabels.com\/wp-content\/uploads\/2024\/11\/HUB-MARLOES-banner.jpg","datePublished":"2015-06-04T00:00:00+00:00","dateModified":"2024-11-11T10:31:23+00:00","description":"EE Labels: das Familienunternehmenist Hersteller und Lieferant von nachhaltige Etiketten und anderen Trimmings f\u00fcr Marken. Seit 1900 >","breadcrumb":{"@id":"https:\/\/www.eelabels.com\/de\/uber-ee-labels\/#breadcrumb"},"inLanguage":"de","potentialAction":[{"@type":"ReadAction","target":["https:\/\/www.eelabels.com\/de\/uber-ee-labels\/"]}]},{"@type":"ImageObject","inLanguage":"de","@id":"https:\/\/www.eelabels.com\/de\/uber-ee-labels\/#primaryimage","url":"https:\/\/www.eelabels.com\/wp-content\/uploads\/2024\/11\/HUB-MARLOES-banner.jpg","contentUrl":"https:\/\/www.eelabels.com\/wp-content\/uploads\/2024\/11\/HUB-MARLOES-banner.jpg","width":1613,"height":419},{"@type":"BreadcrumbList","@id":"https:\/\/www.eelabels.com\/de\/uber-ee-labels\/#breadcrumb","itemListElement":[{"@type":"ListItem","position":1,"name":"Home","item":"https:\/\/www.eelabels.com\/de\/"},{"@type":"ListItem","position":2,"name":"\u00dcber uns"}]},{"@type":"WebSite","@id":"https:\/\/www.eelabels.com\/#website","url":"https:\/\/www.eelabels.com\/","name":"EE Labels","description":"Specialist in geweven labels, gedrukte labels, hangtags &amp; branding","potentialAction":[{"@type":"SearchAction","target":{"@type":"EntryPoint","urlTemplate":"https:\/\/www.eelabels.com\/?s={search_term_string}"},"query-input":{"@type":"PropertyValueSpecification","valueRequired":true,"valueName":"search_term_string"}}],"inLanguage":"de"}]}},"_links":{"self":[{"href":"https:\/\/www.eelabels.com\/de\/wp-json\/wp\/v2\/pages\/12485","targetHints":{"allow":["GET"]}}],"collection":[{"href":"https:\/\/www.eelabels.com\/de\/wp-json\/wp\/v2\/pages"}],"about":[{"href":"https:\/\/www.eelabels.com\/de\/wp-json\/wp\/v2\/types\/page"}],"author":[{"embeddable":true,"href":"https:\/\/www.eelabels.com\/de\/wp-json\/wp\/v2\/users\/1"}],"replies":[{"embeddable":true,"href":"https:\/\/www.eelabels.com\/de\/wp-json\/wp\/v2\/comments?post=12485"}],"version-history":[{"count":13,"href":"https:\/\/www.eelabels.com\/de\/wp-json\/wp\/v2\/pages\/12485\/revisions"}],"predecessor-version":[{"id":24662,"href":"https:\/\/www.eelabels.com\/de\/wp-json\/wp\/v2\/pages\/12485\/revisions\/24662"}],"wp:featuredmedia":[{"embeddable":true,"href":"https:\/\/www.eelabels.com\/de\/wp-json\/wp\/v2\/media\/24659"}],"wp:attachment":[{"href":"https:\/\/www.eelabels.com\/de\/wp-json\/wp\/v2\/media?parent=12485"}],"curies":[{"name":"wp","href":"https:\/\/api.w.org\/{rel}","templated":true}]}}