{"id":12486,"date":"2015-06-04T00:00:00","date_gmt":"2015-06-04T00:00:00","guid":{"rendered":"https:\/\/www.eelabels.commission-und-vision\/"},"modified":"2021-02-23T15:32:33","modified_gmt":"2021-02-23T15:32:33","slug":"mission-und-vision","status":"publish","type":"page","link":"https:\/\/www.eelabels.com\/de\/uber-ee-labels\/mission-und-vision\/","title":{"rendered":"Mission und Vision"},"content":{"rendered":"<h1>Gro\u00dfe Marken, magische Label<\/h1>\n<p>EE Labels ist ein weltweit operierendes Familienunternehmen. Unser Schwerpunkt liegt auf den lokalen M\u00e4rkten und pers\u00f6nlichen Kundenbeziehungen mit interessanten Marken. Wir f\u00fchlen uns den traditionellen Werten wie Fachkompetenz, Nachhaltigkeit, Innovation und sozialer Verantwortung verbunden. Schon seit mehr als 120 Jahren.<\/p>\n<p>Gemeinsam mit unseren Kunden, Designern und Innovatoren versuchen wir st\u00e4ndig die Grenzen der (Marketing-) technischen M\u00f6glichkeiten bei Labeln und Etiketten zu verschieben.<\/p>\n<h3>Kreativ und zuverl\u00e4ssig<\/h3>\n<p>Mit der Gestaltung \u00fcberraschender Produkte mit einem hohen Mehrwert f\u00fcr Sie und Ihre Kunden, m\u00f6chten wir einen Beitrag zu Ihrem Erfolg leisten. EE Labels ist Ihr kreativer und zuverl\u00e4ssiger Partner f\u00fcr besondere Branding-Materialien und Textill\u00f6sungen nach Ma\u00df.<\/p>\n<p>Wir arbeiten selbst auch mit kreativen und zuverl\u00e4ssigen Partnern zusammen.<\/p>\n","protected":false},"excerpt":{"rendered":"<p>Gro\u00dfe Marken, magische Label EE Labels ist ein weltweit operierendes Familienunternehmen. Unser Schwerpunkt liegt auf den lokalen M\u00e4rkten und pers\u00f6nlichen Kundenbeziehungen mit interessanten Marken. Wir f\u00fchlen uns den traditionellen Werten wie Fachkompetenz, Nachhaltigkeit, Innovation und sozialer Verantwortung verbunden. Schon seit mehr als 120 Jahren. Gemeinsam mit unseren Kunden, Designern und Innovatoren versuchen wir st\u00e4ndig die [&#8230;]<\/p>\n<p><a class=\"btn btn-dark understrap-read-more-link\" href=\"https:\/\/www.eelabels.com\/de\/uber-ee-labels\/mission-und-vision\/\">Weiterlesen\u00a0\u2026<span class=\"screen-reader-text\"> from Mission und Vision<\/span><\/a><\/p>\n","protected":false},"author":1,"featured_media":0,"parent":12485,"menu_order":0,"comment_status":"open","ping_status":"open","template":"","meta":{"_acf_changed":false,"footnotes":""},"class_list":["post-12486","page","type-page","status-publish","hentry"],"acf":[],"yoast_head":"<!-- This site is optimized with the Yoast SEO plugin v27.5 - https:\/\/yoast.com\/product\/yoast-seo-wordpress\/ -->\n<title>Mission und Vision - EE Labels<\/title>\n<meta name=\"robots\" content=\"index, follow, max-snippet:-1, max-image-preview:large, max-video-preview:-1\" \/>\n<link rel=\"canonical\" href=\"https:\/\/www.eelabels.com\/over-ee-labels\/missie-visie-ee-labels\/\" \/>\n<meta property=\"og:locale\" content=\"de_DE\" \/>\n<meta property=\"og:type\" content=\"article\" \/>\n<meta property=\"og:title\" content=\"Mission und Vision - EE Labels\" \/>\n<meta property=\"og:description\" content=\"Gro\u00dfe Marken, magische Label EE Labels ist ein weltweit operierendes Familienunternehmen. Unser Schwerpunkt liegt auf den lokalen M\u00e4rkten und pers\u00f6nlichen Kundenbeziehungen mit interessanten Marken. Wir f\u00fchlen uns den traditionellen Werten wie Fachkompetenz, Nachhaltigkeit, Innovation und sozialer Verantwortung verbunden. Schon seit mehr als 120 Jahren. Gemeinsam mit unseren Kunden, Designern und Innovatoren versuchen wir st\u00e4ndig die [...]Weiterlesen\u00a0\u2026 from Mission und Vision\" \/>\n<meta property=\"og:url\" content=\"https:\/\/www.eelabels.com\/over-ee-labels\/missie-visie-ee-labels\/\" \/>\n<meta property=\"og:site_name\" content=\"EE Labels\" \/>\n<meta property=\"article:modified_time\" content=\"2021-02-23T15:32:33+00:00\" \/>\n<meta name=\"twitter:card\" content=\"summary_large_image\" \/>\n<meta name=\"twitter:label1\" content=\"Gesch\u00e4tzte Lesezeit\" \/>\n\t<meta name=\"twitter:data1\" content=\"1\u00a0Minute\" \/>\n<script type=\"application\/ld+json\" class=\"yoast-schema-graph\">{\"@context\":\"https:\\\/\\\/schema.org\",\"@graph\":[{\"@type\":\"WebPage\",\"@id\":\"https:\\\/\\\/www.eelabels.com\\\/over-ee-labels\\\/missie-visie-ee-labels\\\/\",\"url\":\"https:\\\/\\\/www.eelabels.com\\\/over-ee-labels\\\/missie-visie-ee-labels\\\/\",\"name\":\"Mission und Vision - EE Labels\",\"isPartOf\":{\"@id\":\"https:\\\/\\\/www.eelabels.com\\\/#website\"},\"datePublished\":\"2015-06-04T00:00:00+00:00\",\"dateModified\":\"2021-02-23T15:32:33+00:00\",\"breadcrumb\":{\"@id\":\"https:\\\/\\\/www.eelabels.com\\\/over-ee-labels\\\/missie-visie-ee-labels\\\/#breadcrumb\"},\"inLanguage\":\"de\",\"potentialAction\":[{\"@type\":\"ReadAction\",\"target\":[\"https:\\\/\\\/www.eelabels.com\\\/over-ee-labels\\\/missie-visie-ee-labels\\\/\"]}]},{\"@type\":\"BreadcrumbList\",\"@id\":\"https:\\\/\\\/www.eelabels.com\\\/over-ee-labels\\\/missie-visie-ee-labels\\\/#breadcrumb\",\"itemListElement\":[{\"@type\":\"ListItem\",\"position\":1,\"name\":\"Home\",\"item\":\"https:\\\/\\\/www.eelabels.com\\\/de\\\/\"},{\"@type\":\"ListItem\",\"position\":2,\"name\":\"\u00dcber uns\",\"item\":\"https:\\\/\\\/www.eelabels.com\\\/de\\\/uber-ee-labels\\\/\"},{\"@type\":\"ListItem\",\"position\":3,\"name\":\"Mission und Vision\"}]},{\"@type\":\"WebSite\",\"@id\":\"https:\\\/\\\/www.eelabels.com\\\/#website\",\"url\":\"https:\\\/\\\/www.eelabels.com\\\/\",\"name\":\"EE Labels\",\"description\":\"Specialist in geweven labels, gedrukte labels, hangtags &amp; branding\",\"potentialAction\":[{\"@type\":\"SearchAction\",\"target\":{\"@type\":\"EntryPoint\",\"urlTemplate\":\"https:\\\/\\\/www.eelabels.com\\\/?s={search_term_string}\"},\"query-input\":{\"@type\":\"PropertyValueSpecification\",\"valueRequired\":true,\"valueName\":\"search_term_string\"}}],\"inLanguage\":\"de\"}]}<\/script>\n<!-- \/ Yoast SEO plugin. -->","yoast_head_json":{"title":"Mission und Vision - EE Labels","robots":{"index":"index","follow":"follow","max-snippet":"max-snippet:-1","max-image-preview":"max-image-preview:large","max-video-preview":"max-video-preview:-1"},"canonical":"https:\/\/www.eelabels.com\/over-ee-labels\/missie-visie-ee-labels\/","og_locale":"de_DE","og_type":"article","og_title":"Mission und Vision - EE Labels","og_description":"Gro\u00dfe Marken, magische Label EE Labels ist ein weltweit operierendes Familienunternehmen. Unser Schwerpunkt liegt auf den lokalen M\u00e4rkten und pers\u00f6nlichen Kundenbeziehungen mit interessanten Marken. Wir f\u00fchlen uns den traditionellen Werten wie Fachkompetenz, Nachhaltigkeit, Innovation und sozialer Verantwortung verbunden. Schon seit mehr als 120 Jahren. Gemeinsam mit unseren Kunden, Designern und Innovatoren versuchen wir st\u00e4ndig die [...]Weiterlesen\u00a0\u2026 from Mission und Vision","og_url":"https:\/\/www.eelabels.com\/over-ee-labels\/missie-visie-ee-labels\/","og_site_name":"EE Labels","article_modified_time":"2021-02-23T15:32:33+00:00","twitter_card":"summary_large_image","twitter_misc":{"Gesch\u00e4tzte Lesezeit":"1\u00a0Minute"},"schema":{"@context":"https:\/\/schema.org","@graph":[{"@type":"WebPage","@id":"https:\/\/www.eelabels.com\/over-ee-labels\/missie-visie-ee-labels\/","url":"https:\/\/www.eelabels.com\/over-ee-labels\/missie-visie-ee-labels\/","name":"Mission und Vision - EE Labels","isPartOf":{"@id":"https:\/\/www.eelabels.com\/#website"},"datePublished":"2015-06-04T00:00:00+00:00","dateModified":"2021-02-23T15:32:33+00:00","breadcrumb":{"@id":"https:\/\/www.eelabels.com\/over-ee-labels\/missie-visie-ee-labels\/#breadcrumb"},"inLanguage":"de","potentialAction":[{"@type":"ReadAction","target":["https:\/\/www.eelabels.com\/over-ee-labels\/missie-visie-ee-labels\/"]}]},{"@type":"BreadcrumbList","@id":"https:\/\/www.eelabels.com\/over-ee-labels\/missie-visie-ee-labels\/#breadcrumb","itemListElement":[{"@type":"ListItem","position":1,"name":"Home","item":"https:\/\/www.eelabels.com\/de\/"},{"@type":"ListItem","position":2,"name":"\u00dcber uns","item":"https:\/\/www.eelabels.com\/de\/uber-ee-labels\/"},{"@type":"ListItem","position":3,"name":"Mission und Vision"}]},{"@type":"WebSite","@id":"https:\/\/www.eelabels.com\/#website","url":"https:\/\/www.eelabels.com\/","name":"EE Labels","description":"Specialist in geweven labels, gedrukte labels, hangtags &amp; branding","potentialAction":[{"@type":"SearchAction","target":{"@type":"EntryPoint","urlTemplate":"https:\/\/www.eelabels.com\/?s={search_term_string}"},"query-input":{"@type":"PropertyValueSpecification","valueRequired":true,"valueName":"search_term_string"}}],"inLanguage":"de"}]}},"_links":{"self":[{"href":"https:\/\/www.eelabels.com\/de\/wp-json\/wp\/v2\/pages\/12486","targetHints":{"allow":["GET"]}}],"collection":[{"href":"https:\/\/www.eelabels.com\/de\/wp-json\/wp\/v2\/pages"}],"about":[{"href":"https:\/\/www.eelabels.com\/de\/wp-json\/wp\/v2\/types\/page"}],"author":[{"embeddable":true,"href":"https:\/\/www.eelabels.com\/de\/wp-json\/wp\/v2\/users\/1"}],"replies":[{"embeddable":true,"href":"https:\/\/www.eelabels.com\/de\/wp-json\/wp\/v2\/comments?post=12486"}],"version-history":[{"count":1,"href":"https:\/\/www.eelabels.com\/de\/wp-json\/wp\/v2\/pages\/12486\/revisions"}],"predecessor-version":[{"id":19057,"href":"https:\/\/www.eelabels.com\/de\/wp-json\/wp\/v2\/pages\/12486\/revisions\/19057"}],"up":[{"embeddable":true,"href":"https:\/\/www.eelabels.com\/de\/wp-json\/wp\/v2\/pages\/12485"}],"wp:attachment":[{"href":"https:\/\/www.eelabels.com\/de\/wp-json\/wp\/v2\/media?parent=12486"}],"curies":[{"name":"wp","href":"https:\/\/api.w.org\/{rel}","templated":true}]}}