{"id":12488,"date":"2015-06-04T00:00:00","date_gmt":"2015-06-04T00:00:00","guid":{"rendered":"https:\/\/www.eelabels.comwie\/"},"modified":"2015-06-04T00:00:00","modified_gmt":"2015-06-04T00:00:00","slug":"wie","status":"publish","type":"page","link":"https:\/\/www.eelabels.com\/de\/wie\/","title":{"rendered":"Wie"},"content":{"rendered":"<h1>Wie sorgt ein Etikett f\u00fcr ein Markenerlebnis?<\/h1>\n<p>Ein Etikett ist mehr als ein Bild mit einem Logo. Ein Etikett von EE Labels ist ein hochwertiges Produkt. Das ist der Beginn.<\/p>\n<h3>Pure Magie<\/h3>\n<p>Durch die Nutzung innovativer Techniken, Materialien und Ideen wird Ihr Etikett zu einem Label mit gro\u00dfem Einfluss auf das Markenerlebnis. Magisch!<\/p>\n<p>Wertvolle Funktionen von Etiketten, u.a.:<\/p>\n<ul>\n<li>Markenerkennung und -erlebnis<\/li>\n<li>Unsichtbare Diebstahlsicherung<\/li>\n<li>Zugang zu Ihren Websites, Webshops und mobilen Anwendungen<\/li>\n<li>Abrechnungsm\u00f6glichkeiten<\/li>\n<li>Produktidentifikation<\/li>\n<\/ul>\n<p>EE Labels verleiht Ihren Etiketten Magie und \u00fcbersetzt Kundenw\u00fcnsche in innovative Materialien, Techniken und moderne Kommunikationsm\u00f6glichkeiten.<\/p>\n<p><a href=\"https:\/\/www.eelabels.com\/perfecte-label\/\">Mehr lesen<\/a> \u00fcber Markenerlebnisse mit Etiketten.<\/p>\n<h3>Designers Dream<\/h3>\n<p>Mit den kundenspezifischen und flexiblen Produktionsmethoden von EE Labels haben Designer vielf\u00e4ltige M\u00f6glichkeiten, um effektvolle und mehrdimensionale Etiketten zu entwerfen: in 2D, 3D oder sogar 4D. Dar\u00fcber hinaus auch unter Einsatz neuester Technologien wie mobile Apps \u00fcber Augmented Reality und QR-Codes.<\/p>\n<ul>\n<li><a href=\"https:\/\/www.eelabels.com\/oplossingen\/productoverzicht\/\">Hier finden Sie Impressionen<\/a> unserer magischen Produkte.<\/li>\n<li><a href=\"https:\/\/www.eelabels.com\/over-ons\/organisatie\">Kontakt<\/a> mit den Ansprechpartnern bei EE Labels aufnehmen.<\/li>\n<\/ul>\n","protected":false},"excerpt":{"rendered":"<p>Wie sorgt ein Etikett f\u00fcr ein Markenerlebnis? Ein Etikett ist mehr als ein Bild mit einem Logo. Ein Etikett von EE Labels ist ein hochwertiges Produkt. Das ist der Beginn. Pure Magie Durch die Nutzung innovativer Techniken, Materialien und Ideen wird Ihr Etikett zu einem Label mit gro\u00dfem Einfluss auf das Markenerlebnis. Magisch! Wertvolle Funktionen [&#8230;]<\/p>\n<p><a class=\"btn btn-dark understrap-read-more-link\" href=\"https:\/\/www.eelabels.com\/de\/wie\/\">Weiterlesen\u00a0\u2026<span class=\"screen-reader-text\"> from Wie<\/span><\/a><\/p>\n","protected":false},"author":1,"featured_media":0,"parent":0,"menu_order":0,"comment_status":"open","ping_status":"open","template":"","meta":{"_acf_changed":false,"footnotes":""},"class_list":["post-12488","page","type-page","status-publish","hentry"],"acf":[],"yoast_head":"<!-- This site is optimized with the Yoast SEO plugin v27.5 - https:\/\/yoast.com\/product\/yoast-seo-wordpress\/ -->\n<title>Wie - EE Labels<\/title>\n<meta name=\"robots\" content=\"index, follow, max-snippet:-1, max-image-preview:large, max-video-preview:-1\" \/>\n<link rel=\"canonical\" href=\"https:\/\/www.eelabels.com\/de\/wie\/\" \/>\n<meta property=\"og:locale\" content=\"de_DE\" \/>\n<meta property=\"og:type\" content=\"article\" \/>\n<meta property=\"og:title\" content=\"Wie - EE Labels\" \/>\n<meta property=\"og:description\" content=\"Wie sorgt ein Etikett f\u00fcr ein Markenerlebnis? Ein Etikett ist mehr als ein Bild mit einem Logo. Ein Etikett von EE Labels ist ein hochwertiges Produkt. Das ist der Beginn. Pure Magie Durch die Nutzung innovativer Techniken, Materialien und Ideen wird Ihr Etikett zu einem Label mit gro\u00dfem Einfluss auf das Markenerlebnis. Magisch! Wertvolle Funktionen [...]Weiterlesen\u00a0\u2026 from Wie\" \/>\n<meta property=\"og:url\" content=\"https:\/\/www.eelabels.com\/de\/wie\/\" \/>\n<meta property=\"og:site_name\" content=\"EE Labels\" \/>\n<meta name=\"twitter:card\" content=\"summary_large_image\" \/>\n<meta name=\"twitter:label1\" content=\"Gesch\u00e4tzte Lesezeit\" \/>\n\t<meta name=\"twitter:data1\" content=\"1\u00a0Minute\" \/>\n<script type=\"application\/ld+json\" class=\"yoast-schema-graph\">{\"@context\":\"https:\\\/\\\/schema.org\",\"@graph\":[{\"@type\":\"WebPage\",\"@id\":\"https:\\\/\\\/www.eelabels.com\\\/de\\\/wie\\\/\",\"url\":\"https:\\\/\\\/www.eelabels.com\\\/de\\\/wie\\\/\",\"name\":\"Wie - EE Labels\",\"isPartOf\":{\"@id\":\"https:\\\/\\\/www.eelabels.com\\\/#website\"},\"datePublished\":\"2015-06-04T00:00:00+00:00\",\"breadcrumb\":{\"@id\":\"https:\\\/\\\/www.eelabels.com\\\/de\\\/wie\\\/#breadcrumb\"},\"inLanguage\":\"de\",\"potentialAction\":[{\"@type\":\"ReadAction\",\"target\":[\"https:\\\/\\\/www.eelabels.com\\\/de\\\/wie\\\/\"]}]},{\"@type\":\"BreadcrumbList\",\"@id\":\"https:\\\/\\\/www.eelabels.com\\\/de\\\/wie\\\/#breadcrumb\",\"itemListElement\":[{\"@type\":\"ListItem\",\"position\":1,\"name\":\"Home\",\"item\":\"https:\\\/\\\/www.eelabels.com\\\/de\\\/\"},{\"@type\":\"ListItem\",\"position\":2,\"name\":\"Wie\"}]},{\"@type\":\"WebSite\",\"@id\":\"https:\\\/\\\/www.eelabels.com\\\/#website\",\"url\":\"https:\\\/\\\/www.eelabels.com\\\/\",\"name\":\"EE Labels\",\"description\":\"Specialist in geweven labels, gedrukte labels, hangtags &amp; branding\",\"potentialAction\":[{\"@type\":\"SearchAction\",\"target\":{\"@type\":\"EntryPoint\",\"urlTemplate\":\"https:\\\/\\\/www.eelabels.com\\\/?s={search_term_string}\"},\"query-input\":{\"@type\":\"PropertyValueSpecification\",\"valueRequired\":true,\"valueName\":\"search_term_string\"}}],\"inLanguage\":\"de\"}]}<\/script>\n<!-- \/ Yoast SEO plugin. -->","yoast_head_json":{"title":"Wie - EE Labels","robots":{"index":"index","follow":"follow","max-snippet":"max-snippet:-1","max-image-preview":"max-image-preview:large","max-video-preview":"max-video-preview:-1"},"canonical":"https:\/\/www.eelabels.com\/de\/wie\/","og_locale":"de_DE","og_type":"article","og_title":"Wie - EE Labels","og_description":"Wie sorgt ein Etikett f\u00fcr ein Markenerlebnis? Ein Etikett ist mehr als ein Bild mit einem Logo. Ein Etikett von EE Labels ist ein hochwertiges Produkt. Das ist der Beginn. Pure Magie Durch die Nutzung innovativer Techniken, Materialien und Ideen wird Ihr Etikett zu einem Label mit gro\u00dfem Einfluss auf das Markenerlebnis. Magisch! Wertvolle Funktionen [...]Weiterlesen\u00a0\u2026 from Wie","og_url":"https:\/\/www.eelabels.com\/de\/wie\/","og_site_name":"EE Labels","twitter_card":"summary_large_image","twitter_misc":{"Gesch\u00e4tzte Lesezeit":"1\u00a0Minute"},"schema":{"@context":"https:\/\/schema.org","@graph":[{"@type":"WebPage","@id":"https:\/\/www.eelabels.com\/de\/wie\/","url":"https:\/\/www.eelabels.com\/de\/wie\/","name":"Wie - EE Labels","isPartOf":{"@id":"https:\/\/www.eelabels.com\/#website"},"datePublished":"2015-06-04T00:00:00+00:00","breadcrumb":{"@id":"https:\/\/www.eelabels.com\/de\/wie\/#breadcrumb"},"inLanguage":"de","potentialAction":[{"@type":"ReadAction","target":["https:\/\/www.eelabels.com\/de\/wie\/"]}]},{"@type":"BreadcrumbList","@id":"https:\/\/www.eelabels.com\/de\/wie\/#breadcrumb","itemListElement":[{"@type":"ListItem","position":1,"name":"Home","item":"https:\/\/www.eelabels.com\/de\/"},{"@type":"ListItem","position":2,"name":"Wie"}]},{"@type":"WebSite","@id":"https:\/\/www.eelabels.com\/#website","url":"https:\/\/www.eelabels.com\/","name":"EE Labels","description":"Specialist in geweven labels, gedrukte labels, hangtags &amp; branding","potentialAction":[{"@type":"SearchAction","target":{"@type":"EntryPoint","urlTemplate":"https:\/\/www.eelabels.com\/?s={search_term_string}"},"query-input":{"@type":"PropertyValueSpecification","valueRequired":true,"valueName":"search_term_string"}}],"inLanguage":"de"}]}},"_links":{"self":[{"href":"https:\/\/www.eelabels.com\/de\/wp-json\/wp\/v2\/pages\/12488","targetHints":{"allow":["GET"]}}],"collection":[{"href":"https:\/\/www.eelabels.com\/de\/wp-json\/wp\/v2\/pages"}],"about":[{"href":"https:\/\/www.eelabels.com\/de\/wp-json\/wp\/v2\/types\/page"}],"author":[{"embeddable":true,"href":"https:\/\/www.eelabels.com\/de\/wp-json\/wp\/v2\/users\/1"}],"replies":[{"embeddable":true,"href":"https:\/\/www.eelabels.com\/de\/wp-json\/wp\/v2\/comments?post=12488"}],"version-history":[{"count":0,"href":"https:\/\/www.eelabels.com\/de\/wp-json\/wp\/v2\/pages\/12488\/revisions"}],"wp:attachment":[{"href":"https:\/\/www.eelabels.com\/de\/wp-json\/wp\/v2\/media?parent=12488"}],"curies":[{"name":"wp","href":"https:\/\/api.w.org\/{rel}","templated":true}]}}