{"id":12490,"date":"2015-06-04T00:00:00","date_gmt":"2015-06-04T00:00:00","guid":{"rendered":"https:\/\/www.eelabels.comcsr\/"},"modified":"2015-06-04T00:00:00","modified_gmt":"2015-06-04T00:00:00","slug":"csr","status":"publish","type":"page","link":"https:\/\/www.eelabels.com\/de\/csr\/","title":{"rendered":"CSR"},"content":{"rendered":"<h1>Corporate Social Responsibility<\/h1>\n<p>EE Labels steht in enger Beziehung zu seiner Umgebung. Corporate Social Responsibility (CSR) ist f\u00fcr uns eine Selbstverst\u00e4ndlichkeit. CSR ist dar\u00fcber hinaus kein zu erreichendes Ziel, sondern ein Prozess: Wir bem\u00fchen uns auf diesem Gebiet um kontinuierliche Verbesserung.<\/p>\n<p>Wie integrieren wir CSR in unsere Arbeitsprozesse?<\/p>\n<ul>\n<li>Entscheidung f\u00fcr gr\u00fcnen Strom und Windenergie<\/li>\n<li>Reduzierung des CO2-Aussto\u00dfes<\/li>\n<li>Verwendung von Produkten mit \u00d6ko-Tex-Zertifikat und von New Life-Garnen (aus Plastikflaschen recycelt)<\/li>\n<li>Zusammenarbeit mit Partnern, f\u00fcr die CSR ebenfalls eine hohe Bedeutung hat.<\/li>\n<\/ul>\n<p>Seit Januar 2017 sind wir mit dem STEP-Zertifikat ausgezeichnet. Klicken Sie <a href=\"https:\/\/www.eelabels.com\/de\/was-ist-ein-step-zertifikat\/\">hier<\/a> f\u00fcr weiterf\u00fchrende Informationen zum STEP-Zertifikat.<\/p>\n<p>CSR schafft ein Bewusstsein f\u00fcr den respektvollen Umgang mit Menschen und der Umwelt. Eine Umwelt, die auch noch viele Generationen nach uns genie\u00dfen k\u00f6nnen. Die Verantwortung liegt bei uns und bei Ihnen.<\/p>\n","protected":false},"excerpt":{"rendered":"<p>Corporate Social Responsibility EE Labels steht in enger Beziehung zu seiner Umgebung. Corporate Social Responsibility (CSR) ist f\u00fcr uns eine Selbstverst\u00e4ndlichkeit. CSR ist dar\u00fcber hinaus kein zu erreichendes Ziel, sondern ein Prozess: Wir bem\u00fchen uns auf diesem Gebiet um kontinuierliche Verbesserung. Wie integrieren wir CSR in unsere Arbeitsprozesse? Entscheidung f\u00fcr gr\u00fcnen Strom und Windenergie Reduzierung [&#8230;]<\/p>\n<p><a class=\"btn btn-dark understrap-read-more-link\" href=\"https:\/\/www.eelabels.com\/de\/csr\/\">Weiterlesen\u00a0\u2026<span class=\"screen-reader-text\"> from CSR<\/span><\/a><\/p>\n","protected":false},"author":1,"featured_media":23901,"parent":0,"menu_order":0,"comment_status":"open","ping_status":"open","template":"","meta":{"_acf_changed":false,"footnotes":""},"class_list":["post-12490","page","type-page","status-publish","has-post-thumbnail","hentry"],"acf":[],"yoast_head":"<!-- This site is optimized with the Yoast SEO plugin v24.6 - https:\/\/yoast.com\/wordpress\/plugins\/seo\/ -->\n<title>CSR - EE Labels<\/title>\n<meta name=\"robots\" content=\"index, follow, max-snippet:-1, max-image-preview:large, max-video-preview:-1\" \/>\n<link rel=\"canonical\" href=\"https:\/\/www.eelabels.com\/mvo\/\" \/>\n<meta property=\"og:locale\" content=\"de_DE\" \/>\n<meta property=\"og:type\" content=\"article\" \/>\n<meta property=\"og:title\" content=\"CSR - EE Labels\" \/>\n<meta property=\"og:description\" content=\"Corporate Social Responsibility EE Labels steht in enger Beziehung zu seiner Umgebung. Corporate Social Responsibility (CSR) ist f\u00fcr uns eine Selbstverst\u00e4ndlichkeit. CSR ist dar\u00fcber hinaus kein zu erreichendes Ziel, sondern ein Prozess: Wir bem\u00fchen uns auf diesem Gebiet um kontinuierliche Verbesserung. Wie integrieren wir CSR in unsere Arbeitsprozesse? Entscheidung f\u00fcr gr\u00fcnen Strom und Windenergie Reduzierung [...]Weiterlesen\u00a0\u2026 from CSR\" \/>\n<meta property=\"og:url\" content=\"https:\/\/www.eelabels.com\/mvo\/\" \/>\n<meta property=\"og:site_name\" content=\"EE Labels\" \/>\n<meta property=\"og:image\" content=\"https:\/\/www.eelabels.com\/wp-content\/uploads\/2024\/02\/EE-Exclusives_photo_David-Pesken.jpg\" \/>\n\t<meta property=\"og:image:width\" content=\"1800\" \/>\n\t<meta property=\"og:image:height\" content=\"1200\" \/>\n\t<meta property=\"og:image:type\" content=\"image\/jpeg\" \/>\n<meta name=\"twitter:card\" content=\"summary_large_image\" \/>\n<meta name=\"twitter:label1\" content=\"Gesch\u00e4tzte Lesezeit\" \/>\n\t<meta name=\"twitter:data1\" content=\"1\u00a0Minute\" \/>\n<script type=\"application\/ld+json\" class=\"yoast-schema-graph\">{\"@context\":\"https:\/\/schema.org\",\"@graph\":[{\"@type\":\"WebPage\",\"@id\":\"https:\/\/www.eelabels.com\/mvo\/\",\"url\":\"https:\/\/www.eelabels.com\/mvo\/\",\"name\":\"CSR - EE Labels\",\"isPartOf\":{\"@id\":\"https:\/\/www.eelabels.com\/#website\"},\"primaryImageOfPage\":{\"@id\":\"https:\/\/www.eelabels.com\/mvo\/#primaryimage\"},\"image\":{\"@id\":\"https:\/\/www.eelabels.com\/mvo\/#primaryimage\"},\"thumbnailUrl\":\"https:\/\/www.eelabels.com\/wp-content\/uploads\/2024\/02\/EE-Exclusives_photo_David-Pesken.jpg\",\"datePublished\":\"2015-06-04T00:00:00+00:00\",\"breadcrumb\":{\"@id\":\"https:\/\/www.eelabels.com\/mvo\/#breadcrumb\"},\"inLanguage\":\"de\",\"potentialAction\":[{\"@type\":\"ReadAction\",\"target\":[\"https:\/\/www.eelabels.com\/mvo\/\"]}]},{\"@type\":\"ImageObject\",\"inLanguage\":\"de\",\"@id\":\"https:\/\/www.eelabels.com\/mvo\/#primaryimage\",\"url\":\"https:\/\/www.eelabels.com\/wp-content\/uploads\/2024\/02\/EE-Exclusives_photo_David-Pesken.jpg\",\"contentUrl\":\"https:\/\/www.eelabels.com\/wp-content\/uploads\/2024\/02\/EE-Exclusives_photo_David-Pesken.jpg\",\"width\":1800,\"height\":1200,\"caption\":\"Weven EE Exclusives\"},{\"@type\":\"BreadcrumbList\",\"@id\":\"https:\/\/www.eelabels.com\/mvo\/#breadcrumb\",\"itemListElement\":[{\"@type\":\"ListItem\",\"position\":1,\"name\":\"Home\",\"item\":\"https:\/\/www.eelabels.com\/de\/\"},{\"@type\":\"ListItem\",\"position\":2,\"name\":\"CSR\"}]},{\"@type\":\"WebSite\",\"@id\":\"https:\/\/www.eelabels.com\/#website\",\"url\":\"https:\/\/www.eelabels.com\/\",\"name\":\"EE Labels\",\"description\":\"Specialist in geweven labels, gedrukte labels, hangtags &amp; branding\",\"potentialAction\":[{\"@type\":\"SearchAction\",\"target\":{\"@type\":\"EntryPoint\",\"urlTemplate\":\"https:\/\/www.eelabels.com\/?s={search_term_string}\"},\"query-input\":{\"@type\":\"PropertyValueSpecification\",\"valueRequired\":true,\"valueName\":\"search_term_string\"}}],\"inLanguage\":\"de\"}]}<\/script>\n<!-- \/ Yoast SEO plugin. -->","yoast_head_json":{"title":"CSR - EE Labels","robots":{"index":"index","follow":"follow","max-snippet":"max-snippet:-1","max-image-preview":"max-image-preview:large","max-video-preview":"max-video-preview:-1"},"canonical":"https:\/\/www.eelabels.com\/mvo\/","og_locale":"de_DE","og_type":"article","og_title":"CSR - EE Labels","og_description":"Corporate Social Responsibility EE Labels steht in enger Beziehung zu seiner Umgebung. Corporate Social Responsibility (CSR) ist f\u00fcr uns eine Selbstverst\u00e4ndlichkeit. CSR ist dar\u00fcber hinaus kein zu erreichendes Ziel, sondern ein Prozess: Wir bem\u00fchen uns auf diesem Gebiet um kontinuierliche Verbesserung. Wie integrieren wir CSR in unsere Arbeitsprozesse? Entscheidung f\u00fcr gr\u00fcnen Strom und Windenergie Reduzierung [...]Weiterlesen\u00a0\u2026 from CSR","og_url":"https:\/\/www.eelabels.com\/mvo\/","og_site_name":"EE Labels","og_image":[{"width":1800,"height":1200,"url":"https:\/\/www.eelabels.com\/wp-content\/uploads\/2024\/02\/EE-Exclusives_photo_David-Pesken.jpg","type":"image\/jpeg"}],"twitter_card":"summary_large_image","twitter_misc":{"Gesch\u00e4tzte Lesezeit":"1\u00a0Minute"},"schema":{"@context":"https:\/\/schema.org","@graph":[{"@type":"WebPage","@id":"https:\/\/www.eelabels.com\/mvo\/","url":"https:\/\/www.eelabels.com\/mvo\/","name":"CSR - EE Labels","isPartOf":{"@id":"https:\/\/www.eelabels.com\/#website"},"primaryImageOfPage":{"@id":"https:\/\/www.eelabels.com\/mvo\/#primaryimage"},"image":{"@id":"https:\/\/www.eelabels.com\/mvo\/#primaryimage"},"thumbnailUrl":"https:\/\/www.eelabels.com\/wp-content\/uploads\/2024\/02\/EE-Exclusives_photo_David-Pesken.jpg","datePublished":"2015-06-04T00:00:00+00:00","breadcrumb":{"@id":"https:\/\/www.eelabels.com\/mvo\/#breadcrumb"},"inLanguage":"de","potentialAction":[{"@type":"ReadAction","target":["https:\/\/www.eelabels.com\/mvo\/"]}]},{"@type":"ImageObject","inLanguage":"de","@id":"https:\/\/www.eelabels.com\/mvo\/#primaryimage","url":"https:\/\/www.eelabels.com\/wp-content\/uploads\/2024\/02\/EE-Exclusives_photo_David-Pesken.jpg","contentUrl":"https:\/\/www.eelabels.com\/wp-content\/uploads\/2024\/02\/EE-Exclusives_photo_David-Pesken.jpg","width":1800,"height":1200,"caption":"Weven EE Exclusives"},{"@type":"BreadcrumbList","@id":"https:\/\/www.eelabels.com\/mvo\/#breadcrumb","itemListElement":[{"@type":"ListItem","position":1,"name":"Home","item":"https:\/\/www.eelabels.com\/de\/"},{"@type":"ListItem","position":2,"name":"CSR"}]},{"@type":"WebSite","@id":"https:\/\/www.eelabels.com\/#website","url":"https:\/\/www.eelabels.com\/","name":"EE Labels","description":"Specialist in geweven labels, gedrukte labels, hangtags &amp; branding","potentialAction":[{"@type":"SearchAction","target":{"@type":"EntryPoint","urlTemplate":"https:\/\/www.eelabels.com\/?s={search_term_string}"},"query-input":{"@type":"PropertyValueSpecification","valueRequired":true,"valueName":"search_term_string"}}],"inLanguage":"de"}]}},"_links":{"self":[{"href":"https:\/\/www.eelabels.com\/de\/wp-json\/wp\/v2\/pages\/12490","targetHints":{"allow":["GET"]}}],"collection":[{"href":"https:\/\/www.eelabels.com\/de\/wp-json\/wp\/v2\/pages"}],"about":[{"href":"https:\/\/www.eelabels.com\/de\/wp-json\/wp\/v2\/types\/page"}],"author":[{"embeddable":true,"href":"https:\/\/www.eelabels.com\/de\/wp-json\/wp\/v2\/users\/1"}],"replies":[{"embeddable":true,"href":"https:\/\/www.eelabels.com\/de\/wp-json\/wp\/v2\/comments?post=12490"}],"version-history":[{"count":0,"href":"https:\/\/www.eelabels.com\/de\/wp-json\/wp\/v2\/pages\/12490\/revisions"}],"wp:featuredmedia":[{"embeddable":true,"href":"https:\/\/www.eelabels.com\/de\/wp-json\/wp\/v2\/media\/23901"}],"wp:attachment":[{"href":"https:\/\/www.eelabels.com\/de\/wp-json\/wp\/v2\/media?parent=12490"}],"curies":[{"name":"wp","href":"https:\/\/api.w.org\/{rel}","templated":true}]}}