{"id":12491,"date":"2015-06-04T00:00:00","date_gmt":"2015-06-04T00:00:00","guid":{"rendered":"https:\/\/www.eelabels.comorganisation\/"},"modified":"2015-06-04T00:00:00","modified_gmt":"2015-06-04T00:00:00","slug":"organisation","status":"publish","type":"page","link":"https:\/\/www.eelabels.com\/de\/uber-ee-labels\/organisation\/","title":{"rendered":"Organisation"},"content":{"rendered":"<h1>Organisation<\/h1>\n<p>Unsere Zentrale befindet sich seit der Gr\u00fcndung im Jahr 1900 in Heeze (Brainport Eindhoven &#8211; die intelligenteste Region Europas). Hier sitzen die Spezialisten f\u00fcr Kundenberatung, Kundenservice, Designsupport und Technik f\u00fcr Machbarkeitsstudien, Konzepterarbeitung, DTP und Jaquardentwurf. Unsere Spezialisten arbeiten hier f\u00fcr verschiedene nationale und internationale Kunden, um die allerbesten Produkte zu entwickeln. Auf unserer <a href=\"https:\/\/www.eelabels.com\/de\/referenzen\/\">Referenzseite&nbsp;<\/a>zeigen wir Ihnen, wie wir arbeiten.<\/p>\n<h3>International<\/h3>\n<p>EE Labels unterh\u00e4lt Verkaufsb\u00fcros und Servicezentren in den gro\u00dfen Produktionsregionen Hong Kong, Indien und der T\u00fcrkei.<\/p>\n<p><a href=\"https:\/\/www.eelabels.com\/de\/contact\/\">Hier<\/a> klicken, um die Kontaktdaten der Zentrale aufzurufen.<\/p>\n","protected":false},"excerpt":{"rendered":"<p>Organisation Unsere Zentrale befindet sich seit der Gr\u00fcndung im Jahr 1900 in Heeze (Brainport Eindhoven &#8211; die intelligenteste Region Europas). Hier sitzen die Spezialisten f\u00fcr Kundenberatung, Kundenservice, Designsupport und Technik f\u00fcr Machbarkeitsstudien, Konzepterarbeitung, DTP und Jaquardentwurf. Unsere Spezialisten arbeiten hier f\u00fcr verschiedene nationale und internationale Kunden, um die allerbesten Produkte zu entwickeln. Auf unserer Referenzseite&nbsp;zeigen [&#8230;]<\/p>\n<p><a class=\"btn btn-dark understrap-read-more-link\" href=\"https:\/\/www.eelabels.com\/de\/uber-ee-labels\/organisation\/\">Weiterlesen\u00a0\u2026<span class=\"screen-reader-text\"> from Organisation<\/span><\/a><\/p>\n","protected":false},"author":1,"featured_media":17747,"parent":12485,"menu_order":0,"comment_status":"open","ping_status":"open","template":"","meta":{"_acf_changed":false,"footnotes":""},"class_list":["post-12491","page","type-page","status-publish","has-post-thumbnail","hentry"],"acf":[],"yoast_head":"<!-- This site is optimized with the Yoast SEO plugin v24.6 - https:\/\/yoast.com\/wordpress\/plugins\/seo\/ -->\n<title>Organisation - EE Labels<\/title>\n<meta name=\"robots\" content=\"index, follow, max-snippet:-1, max-image-preview:large, max-video-preview:-1\" \/>\n<link rel=\"canonical\" href=\"https:\/\/www.eelabels.com\/de\/uber-ee-labels\/organisation\/\" \/>\n<meta property=\"og:locale\" content=\"de_DE\" \/>\n<meta property=\"og:type\" content=\"article\" \/>\n<meta property=\"og:title\" content=\"Organisation - EE Labels\" \/>\n<meta property=\"og:description\" content=\"Organisation Unsere Zentrale befindet sich seit der Gr\u00fcndung im Jahr 1900 in Heeze (Brainport Eindhoven &#8211; die intelligenteste Region Europas). Hier sitzen die Spezialisten f\u00fcr Kundenberatung, Kundenservice, Designsupport und Technik f\u00fcr Machbarkeitsstudien, Konzepterarbeitung, DTP und Jaquardentwurf. Unsere Spezialisten arbeiten hier f\u00fcr verschiedene nationale und internationale Kunden, um die allerbesten Produkte zu entwickeln. Auf unserer Referenzseite&nbsp;zeigen [...]Weiterlesen\u00a0\u2026 from Organisation\" \/>\n<meta property=\"og:url\" content=\"https:\/\/www.eelabels.com\/de\/uber-ee-labels\/organisation\/\" \/>\n<meta property=\"og:site_name\" content=\"EE Labels\" \/>\n<meta property=\"og:image\" content=\"https:\/\/www.eelabels.com\/wp-content\/uploads\/2020\/06\/ee_lokale_productie.jpg\" \/>\n\t<meta property=\"og:image:width\" content=\"2560\" \/>\n\t<meta property=\"og:image:height\" content=\"1422\" \/>\n\t<meta property=\"og:image:type\" content=\"image\/jpeg\" \/>\n<meta name=\"twitter:card\" content=\"summary_large_image\" \/>\n<script type=\"application\/ld+json\" class=\"yoast-schema-graph\">{\"@context\":\"https:\/\/schema.org\",\"@graph\":[{\"@type\":\"WebPage\",\"@id\":\"https:\/\/www.eelabels.com\/de\/uber-ee-labels\/organisation\/\",\"url\":\"https:\/\/www.eelabels.com\/de\/uber-ee-labels\/organisation\/\",\"name\":\"Organisation - EE Labels\",\"isPartOf\":{\"@id\":\"https:\/\/www.eelabels.com\/#website\"},\"primaryImageOfPage\":{\"@id\":\"https:\/\/www.eelabels.com\/de\/uber-ee-labels\/organisation\/#primaryimage\"},\"image\":{\"@id\":\"https:\/\/www.eelabels.com\/de\/uber-ee-labels\/organisation\/#primaryimage\"},\"thumbnailUrl\":\"https:\/\/www.eelabels.com\/wp-content\/uploads\/2020\/06\/ee_lokale_productie.jpg\",\"datePublished\":\"2015-06-04T00:00:00+00:00\",\"breadcrumb\":{\"@id\":\"https:\/\/www.eelabels.com\/de\/uber-ee-labels\/organisation\/#breadcrumb\"},\"inLanguage\":\"de\",\"potentialAction\":[{\"@type\":\"ReadAction\",\"target\":[\"https:\/\/www.eelabels.com\/de\/uber-ee-labels\/organisation\/\"]}]},{\"@type\":\"ImageObject\",\"inLanguage\":\"de\",\"@id\":\"https:\/\/www.eelabels.com\/de\/uber-ee-labels\/organisation\/#primaryimage\",\"url\":\"https:\/\/www.eelabels.com\/wp-content\/uploads\/2020\/06\/ee_lokale_productie.jpg\",\"contentUrl\":\"https:\/\/www.eelabels.com\/wp-content\/uploads\/2020\/06\/ee_lokale_productie.jpg\",\"width\":2560,\"height\":1422},{\"@type\":\"BreadcrumbList\",\"@id\":\"https:\/\/www.eelabels.com\/de\/uber-ee-labels\/organisation\/#breadcrumb\",\"itemListElement\":[{\"@type\":\"ListItem\",\"position\":1,\"name\":\"Home\",\"item\":\"https:\/\/www.eelabels.com\/de\/\"},{\"@type\":\"ListItem\",\"position\":2,\"name\":\"\u00dcber uns\",\"item\":\"https:\/\/www.eelabels.com\/de\/uber-ee-labels\/\"},{\"@type\":\"ListItem\",\"position\":3,\"name\":\"Organisation\"}]},{\"@type\":\"WebSite\",\"@id\":\"https:\/\/www.eelabels.com\/#website\",\"url\":\"https:\/\/www.eelabels.com\/\",\"name\":\"EE Labels\",\"description\":\"Specialist in geweven labels, gedrukte labels, hangtags &amp; branding\",\"potentialAction\":[{\"@type\":\"SearchAction\",\"target\":{\"@type\":\"EntryPoint\",\"urlTemplate\":\"https:\/\/www.eelabels.com\/?s={search_term_string}\"},\"query-input\":{\"@type\":\"PropertyValueSpecification\",\"valueRequired\":true,\"valueName\":\"search_term_string\"}}],\"inLanguage\":\"de\"}]}<\/script>\n<!-- \/ Yoast SEO plugin. -->","yoast_head_json":{"title":"Organisation - EE Labels","robots":{"index":"index","follow":"follow","max-snippet":"max-snippet:-1","max-image-preview":"max-image-preview:large","max-video-preview":"max-video-preview:-1"},"canonical":"https:\/\/www.eelabels.com\/de\/uber-ee-labels\/organisation\/","og_locale":"de_DE","og_type":"article","og_title":"Organisation - EE Labels","og_description":"Organisation Unsere Zentrale befindet sich seit der Gr\u00fcndung im Jahr 1900 in Heeze (Brainport Eindhoven &#8211; die intelligenteste Region Europas). Hier sitzen die Spezialisten f\u00fcr Kundenberatung, Kundenservice, Designsupport und Technik f\u00fcr Machbarkeitsstudien, Konzepterarbeitung, DTP und Jaquardentwurf. Unsere Spezialisten arbeiten hier f\u00fcr verschiedene nationale und internationale Kunden, um die allerbesten Produkte zu entwickeln. Auf unserer Referenzseite&nbsp;zeigen [...]Weiterlesen\u00a0\u2026 from Organisation","og_url":"https:\/\/www.eelabels.com\/de\/uber-ee-labels\/organisation\/","og_site_name":"EE Labels","og_image":[{"width":2560,"height":1422,"url":"https:\/\/www.eelabels.com\/wp-content\/uploads\/2020\/06\/ee_lokale_productie.jpg","type":"image\/jpeg"}],"twitter_card":"summary_large_image","schema":{"@context":"https:\/\/schema.org","@graph":[{"@type":"WebPage","@id":"https:\/\/www.eelabels.com\/de\/uber-ee-labels\/organisation\/","url":"https:\/\/www.eelabels.com\/de\/uber-ee-labels\/organisation\/","name":"Organisation - EE Labels","isPartOf":{"@id":"https:\/\/www.eelabels.com\/#website"},"primaryImageOfPage":{"@id":"https:\/\/www.eelabels.com\/de\/uber-ee-labels\/organisation\/#primaryimage"},"image":{"@id":"https:\/\/www.eelabels.com\/de\/uber-ee-labels\/organisation\/#primaryimage"},"thumbnailUrl":"https:\/\/www.eelabels.com\/wp-content\/uploads\/2020\/06\/ee_lokale_productie.jpg","datePublished":"2015-06-04T00:00:00+00:00","breadcrumb":{"@id":"https:\/\/www.eelabels.com\/de\/uber-ee-labels\/organisation\/#breadcrumb"},"inLanguage":"de","potentialAction":[{"@type":"ReadAction","target":["https:\/\/www.eelabels.com\/de\/uber-ee-labels\/organisation\/"]}]},{"@type":"ImageObject","inLanguage":"de","@id":"https:\/\/www.eelabels.com\/de\/uber-ee-labels\/organisation\/#primaryimage","url":"https:\/\/www.eelabels.com\/wp-content\/uploads\/2020\/06\/ee_lokale_productie.jpg","contentUrl":"https:\/\/www.eelabels.com\/wp-content\/uploads\/2020\/06\/ee_lokale_productie.jpg","width":2560,"height":1422},{"@type":"BreadcrumbList","@id":"https:\/\/www.eelabels.com\/de\/uber-ee-labels\/organisation\/#breadcrumb","itemListElement":[{"@type":"ListItem","position":1,"name":"Home","item":"https:\/\/www.eelabels.com\/de\/"},{"@type":"ListItem","position":2,"name":"\u00dcber uns","item":"https:\/\/www.eelabels.com\/de\/uber-ee-labels\/"},{"@type":"ListItem","position":3,"name":"Organisation"}]},{"@type":"WebSite","@id":"https:\/\/www.eelabels.com\/#website","url":"https:\/\/www.eelabels.com\/","name":"EE Labels","description":"Specialist in geweven labels, gedrukte labels, hangtags &amp; branding","potentialAction":[{"@type":"SearchAction","target":{"@type":"EntryPoint","urlTemplate":"https:\/\/www.eelabels.com\/?s={search_term_string}"},"query-input":{"@type":"PropertyValueSpecification","valueRequired":true,"valueName":"search_term_string"}}],"inLanguage":"de"}]}},"_links":{"self":[{"href":"https:\/\/www.eelabels.com\/de\/wp-json\/wp\/v2\/pages\/12491","targetHints":{"allow":["GET"]}}],"collection":[{"href":"https:\/\/www.eelabels.com\/de\/wp-json\/wp\/v2\/pages"}],"about":[{"href":"https:\/\/www.eelabels.com\/de\/wp-json\/wp\/v2\/types\/page"}],"author":[{"embeddable":true,"href":"https:\/\/www.eelabels.com\/de\/wp-json\/wp\/v2\/users\/1"}],"replies":[{"embeddable":true,"href":"https:\/\/www.eelabels.com\/de\/wp-json\/wp\/v2\/comments?post=12491"}],"version-history":[{"count":0,"href":"https:\/\/www.eelabels.com\/de\/wp-json\/wp\/v2\/pages\/12491\/revisions"}],"up":[{"embeddable":true,"href":"https:\/\/www.eelabels.com\/de\/wp-json\/wp\/v2\/pages\/12485"}],"wp:featuredmedia":[{"embeddable":true,"href":"https:\/\/www.eelabels.com\/de\/wp-json\/wp\/v2\/media\/17747"}],"wp:attachment":[{"href":"https:\/\/www.eelabels.com\/de\/wp-json\/wp\/v2\/media?parent=12491"}],"curies":[{"name":"wp","href":"https:\/\/api.w.org\/{rel}","templated":true}]}}