{"id":12496,"date":"2015-06-04T00:00:00","date_gmt":"2015-06-04T00:00:00","guid":{"rendered":"https:\/\/www.eelabels.comar-etiketten\/"},"modified":"2021-04-22T14:08:19","modified_gmt":"2021-04-22T14:08:19","slug":"ar-etiketten","status":"publish","type":"page","link":"https:\/\/www.eelabels.com\/de\/produkten\/ar-etiketten\/","title":{"rendered":"AR-Etiketten"},"content":{"rendered":"<h1>Augmented Reality-Etiketten<\/h1>\n<h3>AR in gewebten Etiketten<\/h3>\n<p>\u00dcber Augmented Reality in Ihrem Etikett k\u00f6nnen Sie direkt mit dem Privatkunden kommunizieren. Sie f\u00fcgen dem Bild Ihres Etiketts eine zus\u00e4tzliche Ebene hinzu. Damit verweisen Sie auf eine interessante Botschaft f\u00fcr Ihre Kunden oder direkt auf eine gute Aktion. Mit der zus\u00e4tzlichen Ebene er\u00f6ffnen sich viel mehr M\u00f6glichkeiten als mit einem <a href=\"https:\/\/www.eelabels.com\/de\/magische-etiketten\/qr-etiketten\/\">QR-Code<\/a>.<\/p>\n<p>Mit dem Einsatz von Augmented Reality zum Beispiel mit Layar er\u00f6ffnen sich zahllose M\u00f6glichkeiten, die Sie Ihrem Etikett hinzuf\u00fcgen k\u00f6nnen. Sie k\u00f6nnen Ihre Kunden auf ein Video, eine besondere Botschaft oder direkt zum Webshop mit den aktuellen Angeboten weiterleiten.<\/p>\n<h3>Wie funktioniert AR mit Layar?<\/h3>\n<p>Layar ist eine Applikation f\u00fcr Mobiltelefone, die \u00fcber das Hinzuf\u00fcgen von Informations-\u201eSchichten\u201c zum Bild der Kamera Augmented Reality erm\u00f6glicht. Augmented Reality ist in gewisser Weise mit virtueller Realit\u00e4t zu vergleichen. Der wesentliche Unterschied besteht jedoch darin, dass im Falle der virtuellen Realit\u00e4t die reale Welt durch eine simulierte Fantasiewelt ersetzt wird, w\u00e4hrend bei AR der Wahrnehmung der realen Welt eine zus\u00e4tzliche Informationsschicht hinzugef\u00fcgt wird.<\/p>\n<h3>Welche Anwendungsm\u00f6glichkeiten entstehen dadurch f\u00fcr Sie?<\/h3>\n<p>Etiketten mit Augmented Reality bieten Ihnen viele M\u00f6glichkeiten. Durch die Verwendung dieser Technologie in einem Webetikett lassen Sie Ihr Produkt leben, es bietet dar\u00fcber hinaus die Chance der Interaktion mit Ihrem Produkt.<\/p>\n<p>Nehmen Sie Kontakt mit unserem <a href=\"mailto:info@eelabelpack.de\">Salesteam<\/a> auf und lassen Sie sich von uns beraten!<\/p>\n<p><iframe loading=\"lazy\" src=\"http:\/\/www.youtube.com\/embed\/q1BYm_aQ5pc\" width=\"560\" height=\"315\" frameborder=\"0\"><\/iframe><\/p>\n","protected":false},"excerpt":{"rendered":"<p>Augmented Reality-Etiketten AR in gewebten Etiketten \u00dcber Augmented Reality in Ihrem Etikett k\u00f6nnen Sie direkt mit dem Privatkunden kommunizieren. Sie f\u00fcgen dem Bild Ihres Etiketts eine zus\u00e4tzliche Ebene hinzu. Damit verweisen Sie auf eine interessante Botschaft f\u00fcr Ihre Kunden oder direkt auf eine gute Aktion. Mit der zus\u00e4tzlichen Ebene er\u00f6ffnen sich viel mehr M\u00f6glichkeiten als [&#8230;]<\/p>\n<p><a class=\"btn btn-dark understrap-read-more-link\" href=\"https:\/\/www.eelabels.com\/de\/produkten\/ar-etiketten\/\">Weiterlesen\u00a0\u2026<span class=\"screen-reader-text\"> from AR-Etiketten<\/span><\/a><\/p>\n","protected":false},"author":1,"featured_media":0,"parent":13631,"menu_order":0,"comment_status":"open","ping_status":"open","template":"template-custom\/product-single-menu.php","meta":{"_acf_changed":false,"footnotes":""},"class_list":["post-12496","page","type-page","status-publish","hentry"],"acf":[],"yoast_head":"<!-- This site is optimized with the Yoast SEO plugin v24.6 - https:\/\/yoast.com\/wordpress\/plugins\/seo\/ -->\n<title>AR-Etiketten - EE Labels<\/title>\n<meta name=\"robots\" content=\"index, follow, max-snippet:-1, max-image-preview:large, max-video-preview:-1\" \/>\n<link rel=\"canonical\" href=\"https:\/\/www.eelabels.com\/de\/produkten\/ar-etiketten\/\" \/>\n<meta property=\"og:locale\" content=\"de_DE\" \/>\n<meta property=\"og:type\" content=\"article\" \/>\n<meta property=\"og:title\" content=\"AR-Etiketten - EE Labels\" \/>\n<meta property=\"og:description\" content=\"Augmented Reality-Etiketten AR in gewebten Etiketten \u00dcber Augmented Reality in Ihrem Etikett k\u00f6nnen Sie direkt mit dem Privatkunden kommunizieren. Sie f\u00fcgen dem Bild Ihres Etiketts eine zus\u00e4tzliche Ebene hinzu. Damit verweisen Sie auf eine interessante Botschaft f\u00fcr Ihre Kunden oder direkt auf eine gute Aktion. Mit der zus\u00e4tzlichen Ebene er\u00f6ffnen sich viel mehr M\u00f6glichkeiten als [...]Weiterlesen\u00a0\u2026 from AR-Etiketten\" \/>\n<meta property=\"og:url\" content=\"https:\/\/www.eelabels.com\/de\/produkten\/ar-etiketten\/\" \/>\n<meta property=\"og:site_name\" content=\"EE Labels\" \/>\n<meta property=\"article:modified_time\" content=\"2021-04-22T14:08:19+00:00\" \/>\n<meta name=\"twitter:card\" content=\"summary_large_image\" \/>\n<meta name=\"twitter:label1\" content=\"Gesch\u00e4tzte Lesezeit\" \/>\n\t<meta name=\"twitter:data1\" content=\"1\u00a0Minute\" \/>\n<script type=\"application\/ld+json\" class=\"yoast-schema-graph\">{\"@context\":\"https:\/\/schema.org\",\"@graph\":[{\"@type\":\"WebPage\",\"@id\":\"https:\/\/www.eelabels.com\/de\/produkten\/ar-etiketten\/\",\"url\":\"https:\/\/www.eelabels.com\/de\/produkten\/ar-etiketten\/\",\"name\":\"AR-Etiketten - EE Labels\",\"isPartOf\":{\"@id\":\"https:\/\/www.eelabels.com\/#website\"},\"datePublished\":\"2015-06-04T00:00:00+00:00\",\"dateModified\":\"2021-04-22T14:08:19+00:00\",\"breadcrumb\":{\"@id\":\"https:\/\/www.eelabels.com\/de\/produkten\/ar-etiketten\/#breadcrumb\"},\"inLanguage\":\"de\",\"potentialAction\":[{\"@type\":\"ReadAction\",\"target\":[\"https:\/\/www.eelabels.com\/de\/produkten\/ar-etiketten\/\"]}]},{\"@type\":\"BreadcrumbList\",\"@id\":\"https:\/\/www.eelabels.com\/de\/produkten\/ar-etiketten\/#breadcrumb\",\"itemListElement\":[{\"@type\":\"ListItem\",\"position\":1,\"name\":\"Home\",\"item\":\"https:\/\/www.eelabels.com\/de\/\"},{\"@type\":\"ListItem\",\"position\":2,\"name\":\"Produkten\",\"item\":\"https:\/\/www.eelabels.com\/de\/produkten\/\"},{\"@type\":\"ListItem\",\"position\":3,\"name\":\"AR-Etiketten\"}]},{\"@type\":\"WebSite\",\"@id\":\"https:\/\/www.eelabels.com\/#website\",\"url\":\"https:\/\/www.eelabels.com\/\",\"name\":\"EE Labels\",\"description\":\"Specialist in geweven labels, gedrukte labels, hangtags &amp; branding\",\"potentialAction\":[{\"@type\":\"SearchAction\",\"target\":{\"@type\":\"EntryPoint\",\"urlTemplate\":\"https:\/\/www.eelabels.com\/?s={search_term_string}\"},\"query-input\":{\"@type\":\"PropertyValueSpecification\",\"valueRequired\":true,\"valueName\":\"search_term_string\"}}],\"inLanguage\":\"de\"}]}<\/script>\n<!-- \/ Yoast SEO plugin. -->","yoast_head_json":{"title":"AR-Etiketten - EE Labels","robots":{"index":"index","follow":"follow","max-snippet":"max-snippet:-1","max-image-preview":"max-image-preview:large","max-video-preview":"max-video-preview:-1"},"canonical":"https:\/\/www.eelabels.com\/de\/produkten\/ar-etiketten\/","og_locale":"de_DE","og_type":"article","og_title":"AR-Etiketten - EE Labels","og_description":"Augmented Reality-Etiketten AR in gewebten Etiketten \u00dcber Augmented Reality in Ihrem Etikett k\u00f6nnen Sie direkt mit dem Privatkunden kommunizieren. Sie f\u00fcgen dem Bild Ihres Etiketts eine zus\u00e4tzliche Ebene hinzu. Damit verweisen Sie auf eine interessante Botschaft f\u00fcr Ihre Kunden oder direkt auf eine gute Aktion. Mit der zus\u00e4tzlichen Ebene er\u00f6ffnen sich viel mehr M\u00f6glichkeiten als [...]Weiterlesen\u00a0\u2026 from AR-Etiketten","og_url":"https:\/\/www.eelabels.com\/de\/produkten\/ar-etiketten\/","og_site_name":"EE Labels","article_modified_time":"2021-04-22T14:08:19+00:00","twitter_card":"summary_large_image","twitter_misc":{"Gesch\u00e4tzte Lesezeit":"1\u00a0Minute"},"schema":{"@context":"https:\/\/schema.org","@graph":[{"@type":"WebPage","@id":"https:\/\/www.eelabels.com\/de\/produkten\/ar-etiketten\/","url":"https:\/\/www.eelabels.com\/de\/produkten\/ar-etiketten\/","name":"AR-Etiketten - EE Labels","isPartOf":{"@id":"https:\/\/www.eelabels.com\/#website"},"datePublished":"2015-06-04T00:00:00+00:00","dateModified":"2021-04-22T14:08:19+00:00","breadcrumb":{"@id":"https:\/\/www.eelabels.com\/de\/produkten\/ar-etiketten\/#breadcrumb"},"inLanguage":"de","potentialAction":[{"@type":"ReadAction","target":["https:\/\/www.eelabels.com\/de\/produkten\/ar-etiketten\/"]}]},{"@type":"BreadcrumbList","@id":"https:\/\/www.eelabels.com\/de\/produkten\/ar-etiketten\/#breadcrumb","itemListElement":[{"@type":"ListItem","position":1,"name":"Home","item":"https:\/\/www.eelabels.com\/de\/"},{"@type":"ListItem","position":2,"name":"Produkten","item":"https:\/\/www.eelabels.com\/de\/produkten\/"},{"@type":"ListItem","position":3,"name":"AR-Etiketten"}]},{"@type":"WebSite","@id":"https:\/\/www.eelabels.com\/#website","url":"https:\/\/www.eelabels.com\/","name":"EE Labels","description":"Specialist in geweven labels, gedrukte labels, hangtags &amp; branding","potentialAction":[{"@type":"SearchAction","target":{"@type":"EntryPoint","urlTemplate":"https:\/\/www.eelabels.com\/?s={search_term_string}"},"query-input":{"@type":"PropertyValueSpecification","valueRequired":true,"valueName":"search_term_string"}}],"inLanguage":"de"}]}},"_links":{"self":[{"href":"https:\/\/www.eelabels.com\/de\/wp-json\/wp\/v2\/pages\/12496","targetHints":{"allow":["GET"]}}],"collection":[{"href":"https:\/\/www.eelabels.com\/de\/wp-json\/wp\/v2\/pages"}],"about":[{"href":"https:\/\/www.eelabels.com\/de\/wp-json\/wp\/v2\/types\/page"}],"author":[{"embeddable":true,"href":"https:\/\/www.eelabels.com\/de\/wp-json\/wp\/v2\/users\/1"}],"replies":[{"embeddable":true,"href":"https:\/\/www.eelabels.com\/de\/wp-json\/wp\/v2\/comments?post=12496"}],"version-history":[{"count":2,"href":"https:\/\/www.eelabels.com\/de\/wp-json\/wp\/v2\/pages\/12496\/revisions"}],"predecessor-version":[{"id":20155,"href":"https:\/\/www.eelabels.com\/de\/wp-json\/wp\/v2\/pages\/12496\/revisions\/20155"}],"up":[{"embeddable":true,"href":"https:\/\/www.eelabels.com\/de\/wp-json\/wp\/v2\/pages\/13631"}],"wp:attachment":[{"href":"https:\/\/www.eelabels.com\/de\/wp-json\/wp\/v2\/media?parent=12496"}],"curies":[{"name":"wp","href":"https:\/\/api.w.org\/{rel}","templated":true}]}}