{"id":12498,"date":"2015-06-04T00:00:00","date_gmt":"2015-06-04T00:00:00","guid":{"rendered":"https:\/\/www.eelabels.commode-handel\/"},"modified":"2019-01-24T11:04:49","modified_gmt":"2019-01-24T11:04:49","slug":"mode-handel","status":"publish","type":"page","link":"https:\/\/www.eelabels.com\/de\/markte\/mode-handel\/","title":{"rendered":"Mode und Handel"},"content":{"rendered":"<h1>Mode und Handels etiketten<\/h1>\n<p>EE Labelpack sorgt mit einem herrlichen Label und gut durchdachten Etiketten daf\u00fcr, dass Sie Vorreiter innerhalb der Mode- und Handelsbranche sind. Mode und Handel sind Branchen mit gro\u00dfen Herausforderungen, wobei ein gutes Etikett das Markenerlebnis des Kunden mit Ihrem Produkt f\u00f6rdert. Das Gesamtbild muss stimmig sein.<\/p>\n<p>EE Labelpack ist daher Ihr Partner f\u00fcr unter anderem:<\/p>\n<ul>\n<li>Etiketten und Label f\u00fcr Bekleidung, Anz\u00fcge, Shirts, Blazer<\/li>\n<li>aus Leder, gewebt, aus PU oder aus anderen Materialien (PVC w\u00fcrde ich nicht schreiben, da es h\u00e4ufig verboten ist)<\/li>\n<li>Bedruckte Etiketten<\/li>\n<li>Wasch- und Pflegeetiketten<\/li>\n<li>Gewebte B\u00e4nder und Hosenb\u00e4nder<\/li>\n<li>RFID-Etiketten<\/li>\n<li>QR-Etiketten \/ AR-Etiketten<\/li>\n<\/ul>\n<p>In der Mode- und Handelsbranche sind das Produkt und das Etikett eng miteinander verbunden.Mit Hilfe von Anwendungen wie Layar\/QR k\u00f6nnen Sie Aktionen durchf\u00fchren, die Ihnen eine direkte Kommunikation mit dem Konsumenten\/Privatkunden erm\u00f6glichen.<\/p>\n<p>Wir erstellen gern gemeinsam mit Ihnen das perfekte Etikett f\u00fcr Ihr Produkt.<\/p>\n<h3><\/h3>\n","protected":false},"excerpt":{"rendered":"<p>Mode und Handels etiketten EE Labelpack sorgt mit einem herrlichen Label und gut durchdachten Etiketten daf\u00fcr, dass Sie Vorreiter innerhalb der Mode- und Handelsbranche sind. Mode und Handel sind Branchen mit gro\u00dfen Herausforderungen, wobei ein gutes Etikett das Markenerlebnis des Kunden mit Ihrem Produkt f\u00f6rdert. Das Gesamtbild muss stimmig sein. EE Labelpack ist daher Ihr [&#8230;]<\/p>\n<p><a class=\"btn btn-dark understrap-read-more-link\" href=\"https:\/\/www.eelabels.com\/de\/markte\/mode-handel\/\">Weiterlesen\u00a0\u2026<span class=\"screen-reader-text\"> from Mode und Handel<\/span><\/a><\/p>\n","protected":false},"author":1,"featured_media":16512,"parent":12497,"menu_order":0,"comment_status":"open","ping_status":"open","template":"","meta":{"_acf_changed":false,"footnotes":""},"class_list":["post-12498","page","type-page","status-publish","has-post-thumbnail","hentry"],"acf":[],"yoast_head":"<!-- This site is optimized with the Yoast SEO plugin v24.6 - https:\/\/yoast.com\/wordpress\/plugins\/seo\/ -->\n<title>Mode und Handel - EE Labels<\/title>\n<meta name=\"description\" content=\"EE Labelpack sorgt mit einem herrlichen Label und gut durchdachten Etiketten daf\u00fcr, dass Sie Vorreiter innerhalb der Mode- und Handelsbranche sind\" \/>\n<meta name=\"robots\" content=\"index, follow, max-snippet:-1, max-image-preview:large, max-video-preview:-1\" \/>\n<link rel=\"canonical\" href=\"https:\/\/www.eelabels.com\/markten\/mode-en-retail\/\" \/>\n<meta property=\"og:locale\" content=\"de_DE\" \/>\n<meta property=\"og:type\" content=\"article\" \/>\n<meta property=\"og:title\" content=\"Mode und Handel - EE Labels\" \/>\n<meta property=\"og:description\" content=\"EE Labelpack sorgt mit einem herrlichen Label und gut durchdachten Etiketten daf\u00fcr, dass Sie Vorreiter innerhalb der Mode- und Handelsbranche sind\" \/>\n<meta property=\"og:url\" content=\"https:\/\/www.eelabels.com\/markten\/mode-en-retail\/\" \/>\n<meta property=\"og:site_name\" content=\"EE Labels\" \/>\n<meta property=\"article:modified_time\" content=\"2019-01-24T11:04:49+00:00\" \/>\n<meta property=\"og:image\" content=\"https:\/\/www.eelabels.com\/wp-content\/uploads\/2019\/09\/Mode-Retail-1.jpg\" \/>\n\t<meta property=\"og:image:width\" content=\"1800\" \/>\n\t<meta property=\"og:image:height\" content=\"473\" \/>\n\t<meta property=\"og:image:type\" content=\"image\/jpeg\" \/>\n<meta name=\"twitter:card\" content=\"summary_large_image\" \/>\n<meta name=\"twitter:label1\" content=\"Gesch\u00e4tzte Lesezeit\" \/>\n\t<meta name=\"twitter:data1\" content=\"1\u00a0Minute\" \/>\n<script type=\"application\/ld+json\" class=\"yoast-schema-graph\">{\"@context\":\"https:\/\/schema.org\",\"@graph\":[{\"@type\":\"WebPage\",\"@id\":\"https:\/\/www.eelabels.com\/markten\/mode-en-retail\/\",\"url\":\"https:\/\/www.eelabels.com\/markten\/mode-en-retail\/\",\"name\":\"Mode und Handel - EE Labels\",\"isPartOf\":{\"@id\":\"https:\/\/www.eelabels.com\/#website\"},\"primaryImageOfPage\":{\"@id\":\"https:\/\/www.eelabels.com\/markten\/mode-en-retail\/#primaryimage\"},\"image\":{\"@id\":\"https:\/\/www.eelabels.com\/markten\/mode-en-retail\/#primaryimage\"},\"thumbnailUrl\":\"https:\/\/www.eelabels.com\/wp-content\/uploads\/2019\/09\/Mode-Retail-1.jpg\",\"datePublished\":\"2015-06-04T00:00:00+00:00\",\"dateModified\":\"2019-01-24T11:04:49+00:00\",\"description\":\"EE Labelpack sorgt mit einem herrlichen Label und gut durchdachten Etiketten daf\u00fcr, dass Sie Vorreiter innerhalb der Mode- und Handelsbranche sind\",\"breadcrumb\":{\"@id\":\"https:\/\/www.eelabels.com\/markten\/mode-en-retail\/#breadcrumb\"},\"inLanguage\":\"de\",\"potentialAction\":[{\"@type\":\"ReadAction\",\"target\":[\"https:\/\/www.eelabels.com\/markten\/mode-en-retail\/\"]}]},{\"@type\":\"ImageObject\",\"inLanguage\":\"de\",\"@id\":\"https:\/\/www.eelabels.com\/markten\/mode-en-retail\/#primaryimage\",\"url\":\"https:\/\/www.eelabels.com\/wp-content\/uploads\/2019\/09\/Mode-Retail-1.jpg\",\"contentUrl\":\"https:\/\/www.eelabels.com\/wp-content\/uploads\/2019\/09\/Mode-Retail-1.jpg\",\"width\":1800,\"height\":473,\"caption\":\"Duurzame labels\"},{\"@type\":\"BreadcrumbList\",\"@id\":\"https:\/\/www.eelabels.com\/markten\/mode-en-retail\/#breadcrumb\",\"itemListElement\":[{\"@type\":\"ListItem\",\"position\":1,\"name\":\"Home\",\"item\":\"https:\/\/www.eelabels.com\/de\/\"},{\"@type\":\"ListItem\",\"position\":2,\"name\":\"M\u00e4rkte\",\"item\":\"https:\/\/www.eelabels.com\/de\/markte\/\"},{\"@type\":\"ListItem\",\"position\":3,\"name\":\"Mode und Handel\"}]},{\"@type\":\"WebSite\",\"@id\":\"https:\/\/www.eelabels.com\/#website\",\"url\":\"https:\/\/www.eelabels.com\/\",\"name\":\"EE Labels\",\"description\":\"Specialist in geweven labels, gedrukte labels, hangtags &amp; branding\",\"potentialAction\":[{\"@type\":\"SearchAction\",\"target\":{\"@type\":\"EntryPoint\",\"urlTemplate\":\"https:\/\/www.eelabels.com\/?s={search_term_string}\"},\"query-input\":{\"@type\":\"PropertyValueSpecification\",\"valueRequired\":true,\"valueName\":\"search_term_string\"}}],\"inLanguage\":\"de\"}]}<\/script>\n<!-- \/ Yoast SEO plugin. -->","yoast_head_json":{"title":"Mode und Handel - EE Labels","description":"EE Labelpack sorgt mit einem herrlichen Label und gut durchdachten Etiketten daf\u00fcr, dass Sie Vorreiter innerhalb der Mode- und Handelsbranche sind","robots":{"index":"index","follow":"follow","max-snippet":"max-snippet:-1","max-image-preview":"max-image-preview:large","max-video-preview":"max-video-preview:-1"},"canonical":"https:\/\/www.eelabels.com\/markten\/mode-en-retail\/","og_locale":"de_DE","og_type":"article","og_title":"Mode und Handel - EE Labels","og_description":"EE Labelpack sorgt mit einem herrlichen Label und gut durchdachten Etiketten daf\u00fcr, dass Sie Vorreiter innerhalb der Mode- und Handelsbranche sind","og_url":"https:\/\/www.eelabels.com\/markten\/mode-en-retail\/","og_site_name":"EE Labels","article_modified_time":"2019-01-24T11:04:49+00:00","og_image":[{"width":1800,"height":473,"url":"https:\/\/www.eelabels.com\/wp-content\/uploads\/2019\/09\/Mode-Retail-1.jpg","type":"image\/jpeg"}],"twitter_card":"summary_large_image","twitter_misc":{"Gesch\u00e4tzte Lesezeit":"1\u00a0Minute"},"schema":{"@context":"https:\/\/schema.org","@graph":[{"@type":"WebPage","@id":"https:\/\/www.eelabels.com\/markten\/mode-en-retail\/","url":"https:\/\/www.eelabels.com\/markten\/mode-en-retail\/","name":"Mode und Handel - EE Labels","isPartOf":{"@id":"https:\/\/www.eelabels.com\/#website"},"primaryImageOfPage":{"@id":"https:\/\/www.eelabels.com\/markten\/mode-en-retail\/#primaryimage"},"image":{"@id":"https:\/\/www.eelabels.com\/markten\/mode-en-retail\/#primaryimage"},"thumbnailUrl":"https:\/\/www.eelabels.com\/wp-content\/uploads\/2019\/09\/Mode-Retail-1.jpg","datePublished":"2015-06-04T00:00:00+00:00","dateModified":"2019-01-24T11:04:49+00:00","description":"EE Labelpack sorgt mit einem herrlichen Label und gut durchdachten Etiketten daf\u00fcr, dass Sie Vorreiter innerhalb der Mode- und Handelsbranche sind","breadcrumb":{"@id":"https:\/\/www.eelabels.com\/markten\/mode-en-retail\/#breadcrumb"},"inLanguage":"de","potentialAction":[{"@type":"ReadAction","target":["https:\/\/www.eelabels.com\/markten\/mode-en-retail\/"]}]},{"@type":"ImageObject","inLanguage":"de","@id":"https:\/\/www.eelabels.com\/markten\/mode-en-retail\/#primaryimage","url":"https:\/\/www.eelabels.com\/wp-content\/uploads\/2019\/09\/Mode-Retail-1.jpg","contentUrl":"https:\/\/www.eelabels.com\/wp-content\/uploads\/2019\/09\/Mode-Retail-1.jpg","width":1800,"height":473,"caption":"Duurzame labels"},{"@type":"BreadcrumbList","@id":"https:\/\/www.eelabels.com\/markten\/mode-en-retail\/#breadcrumb","itemListElement":[{"@type":"ListItem","position":1,"name":"Home","item":"https:\/\/www.eelabels.com\/de\/"},{"@type":"ListItem","position":2,"name":"M\u00e4rkte","item":"https:\/\/www.eelabels.com\/de\/markte\/"},{"@type":"ListItem","position":3,"name":"Mode und Handel"}]},{"@type":"WebSite","@id":"https:\/\/www.eelabels.com\/#website","url":"https:\/\/www.eelabels.com\/","name":"EE Labels","description":"Specialist in geweven labels, gedrukte labels, hangtags &amp; branding","potentialAction":[{"@type":"SearchAction","target":{"@type":"EntryPoint","urlTemplate":"https:\/\/www.eelabels.com\/?s={search_term_string}"},"query-input":{"@type":"PropertyValueSpecification","valueRequired":true,"valueName":"search_term_string"}}],"inLanguage":"de"}]}},"_links":{"self":[{"href":"https:\/\/www.eelabels.com\/de\/wp-json\/wp\/v2\/pages\/12498","targetHints":{"allow":["GET"]}}],"collection":[{"href":"https:\/\/www.eelabels.com\/de\/wp-json\/wp\/v2\/pages"}],"about":[{"href":"https:\/\/www.eelabels.com\/de\/wp-json\/wp\/v2\/types\/page"}],"author":[{"embeddable":true,"href":"https:\/\/www.eelabels.com\/de\/wp-json\/wp\/v2\/users\/1"}],"replies":[{"embeddable":true,"href":"https:\/\/www.eelabels.com\/de\/wp-json\/wp\/v2\/comments?post=12498"}],"version-history":[{"count":3,"href":"https:\/\/www.eelabels.com\/de\/wp-json\/wp\/v2\/pages\/12498\/revisions"}],"predecessor-version":[{"id":15056,"href":"https:\/\/www.eelabels.com\/de\/wp-json\/wp\/v2\/pages\/12498\/revisions\/15056"}],"up":[{"embeddable":true,"href":"https:\/\/www.eelabels.com\/de\/wp-json\/wp\/v2\/pages\/12497"}],"wp:featuredmedia":[{"embeddable":true,"href":"https:\/\/www.eelabels.com\/de\/wp-json\/wp\/v2\/media\/16512"}],"wp:attachment":[{"href":"https:\/\/www.eelabels.com\/de\/wp-json\/wp\/v2\/media?parent=12498"}],"curies":[{"name":"wp","href":"https:\/\/api.w.org\/{rel}","templated":true}]}}