{"id":12500,"date":"2015-06-04T00:00:00","date_gmt":"2015-06-04T00:00:00","guid":{"rendered":"https:\/\/www.eelabels.comsport-gesundheit-wellness\/"},"modified":"2019-01-24T11:05:45","modified_gmt":"2019-01-24T11:05:45","slug":"sport-gesundheit-wellness","status":"publish","type":"page","link":"https:\/\/www.eelabels.com\/de\/markte\/sport-gesundheit-wellness\/","title":{"rendered":"Sport, Gesundheit &#038; Wellness"},"content":{"rendered":"<h1>Etiketten f\u00fcr Sport, Gesundheit und Wellness<\/h1>\n<p>Lebensqualit\u00e4t. Darum geht es in der Sport- und Gesundheitsbranche. Um Pr\u00e4vention, aber auch um die Verbesserung der Lebensumst\u00e4nde. Mit unseren ma\u00dfgeschneiderten L\u00f6sungen unterst\u00fctzt EE Labelpack Ihre Mission. Wir denken gern gemeinsam mit Ihnen dar\u00fcber nach, wie ein Sportprodukt mit Etiketten die richtige Ausstrahlung bekommen kann.<\/p>\n<p>Wir entwickeln Etiketten, Hangtags, gewebte B\u00e4nder und Embleme u.a. f\u00fcr:<\/p>\n<ul>\n<li>Sportbekleidung und Sportschuhe<\/li>\n<li>W\u00e4sche<\/li>\n<li>Medizinische und orthop\u00e4dische Artikel<\/li>\n<\/ul>\n<p>Wir arbeiten gern mit Ihnen gemeinsam an der Gestaltung eines einzigartigen Produkts, wobei wir die Funktionalit\u00e4t nicht aus dem Auge verlieren.<\/p>\n<p><a href=\"https:\/\/www.eelabels.com\/de\/losungen\/produktubersicht\/\">Hier<\/a>\u00a0finden Sie mehr Beispiele f\u00fcr unsere Produkte.<\/p>\n<p>&nbsp;<\/p>\n","protected":false},"excerpt":{"rendered":"<p>Etiketten f\u00fcr Sport, Gesundheit und Wellness Lebensqualit\u00e4t. Darum geht es in der Sport- und Gesundheitsbranche. Um Pr\u00e4vention, aber auch um die Verbesserung der Lebensumst\u00e4nde. Mit unseren ma\u00dfgeschneiderten L\u00f6sungen unterst\u00fctzt EE Labelpack Ihre Mission. Wir denken gern gemeinsam mit Ihnen dar\u00fcber nach, wie ein Sportprodukt mit Etiketten die richtige Ausstrahlung bekommen kann. Wir entwickeln Etiketten, Hangtags, [&#8230;]<\/p>\n<p><a class=\"btn btn-dark understrap-read-more-link\" href=\"https:\/\/www.eelabels.com\/de\/markte\/sport-gesundheit-wellness\/\">Weiterlesen\u00a0\u2026<span class=\"screen-reader-text\"> from Sport, Gesundheit &#038; Wellness<\/span><\/a><\/p>\n","protected":false},"author":1,"featured_media":16515,"parent":12497,"menu_order":0,"comment_status":"open","ping_status":"open","template":"template-custom\/product.php","meta":{"_acf_changed":false,"footnotes":""},"class_list":["post-12500","page","type-page","status-publish","has-post-thumbnail","hentry"],"acf":[],"yoast_head":"<!-- This site is optimized with the Yoast SEO plugin v24.6 - https:\/\/yoast.com\/wordpress\/plugins\/seo\/ -->\n<title>Sport, Gesundheit &amp; Wellness - EE Labels<\/title>\n<meta name=\"description\" content=\"Lebensqualit\u00e4t. Darum geht es in der Sport- und Gesundheitsbranche. Um Pr\u00e4vention, aber auch um die Verbesserung der Lebensumst\u00e4nde. Mit unseren ma\u00dfgeschneiderten L\u00f6sungen unterst\u00fctzt EE Labelpack Ihre Mission.\" \/>\n<meta name=\"robots\" content=\"index, follow, max-snippet:-1, max-image-preview:large, max-video-preview:-1\" \/>\n<link rel=\"canonical\" href=\"https:\/\/www.eelabels.com\/markten\/sport-gezondheid-welzijn\/\" \/>\n<meta property=\"og:locale\" content=\"de_DE\" \/>\n<meta property=\"og:type\" content=\"article\" \/>\n<meta property=\"og:title\" content=\"Sport, Gesundheit &amp; Wellness - EE Labels\" \/>\n<meta property=\"og:description\" content=\"Lebensqualit\u00e4t. Darum geht es in der Sport- und Gesundheitsbranche. Um Pr\u00e4vention, aber auch um die Verbesserung der Lebensumst\u00e4nde. Mit unseren ma\u00dfgeschneiderten L\u00f6sungen unterst\u00fctzt EE Labelpack Ihre Mission.\" \/>\n<meta property=\"og:url\" content=\"https:\/\/www.eelabels.com\/markten\/sport-gezondheid-welzijn\/\" \/>\n<meta property=\"og:site_name\" content=\"EE Labels\" \/>\n<meta property=\"article:modified_time\" content=\"2019-01-24T11:05:45+00:00\" \/>\n<meta property=\"og:image\" content=\"https:\/\/www.eelabels.com\/wp-content\/uploads\/2019\/09\/Sport-Gezondheid-Welzijn-Labels.jpg\" \/>\n\t<meta property=\"og:image:width\" content=\"1800\" \/>\n\t<meta property=\"og:image:height\" content=\"473\" \/>\n\t<meta property=\"og:image:type\" content=\"image\/jpeg\" \/>\n<meta name=\"twitter:card\" content=\"summary_large_image\" \/>\n<meta name=\"twitter:label1\" content=\"Gesch\u00e4tzte Lesezeit\" \/>\n\t<meta name=\"twitter:data1\" content=\"1\u00a0Minute\" \/>\n<script type=\"application\/ld+json\" class=\"yoast-schema-graph\">{\"@context\":\"https:\/\/schema.org\",\"@graph\":[{\"@type\":\"WebPage\",\"@id\":\"https:\/\/www.eelabels.com\/markten\/sport-gezondheid-welzijn\/\",\"url\":\"https:\/\/www.eelabels.com\/markten\/sport-gezondheid-welzijn\/\",\"name\":\"Sport, Gesundheit & Wellness - EE Labels\",\"isPartOf\":{\"@id\":\"https:\/\/www.eelabels.com\/#website\"},\"primaryImageOfPage\":{\"@id\":\"https:\/\/www.eelabels.com\/markten\/sport-gezondheid-welzijn\/#primaryimage\"},\"image\":{\"@id\":\"https:\/\/www.eelabels.com\/markten\/sport-gezondheid-welzijn\/#primaryimage\"},\"thumbnailUrl\":\"https:\/\/www.eelabels.com\/wp-content\/uploads\/2019\/09\/Sport-Gezondheid-Welzijn-Labels.jpg\",\"datePublished\":\"2015-06-04T00:00:00+00:00\",\"dateModified\":\"2019-01-24T11:05:45+00:00\",\"description\":\"Lebensqualit\u00e4t. Darum geht es in der Sport- und Gesundheitsbranche. Um Pr\u00e4vention, aber auch um die Verbesserung der Lebensumst\u00e4nde. Mit unseren ma\u00dfgeschneiderten L\u00f6sungen unterst\u00fctzt EE Labelpack Ihre Mission.\",\"breadcrumb\":{\"@id\":\"https:\/\/www.eelabels.com\/markten\/sport-gezondheid-welzijn\/#breadcrumb\"},\"inLanguage\":\"de\",\"potentialAction\":[{\"@type\":\"ReadAction\",\"target\":[\"https:\/\/www.eelabels.com\/markten\/sport-gezondheid-welzijn\/\"]}]},{\"@type\":\"ImageObject\",\"inLanguage\":\"de\",\"@id\":\"https:\/\/www.eelabels.com\/markten\/sport-gezondheid-welzijn\/#primaryimage\",\"url\":\"https:\/\/www.eelabels.com\/wp-content\/uploads\/2019\/09\/Sport-Gezondheid-Welzijn-Labels.jpg\",\"contentUrl\":\"https:\/\/www.eelabels.com\/wp-content\/uploads\/2019\/09\/Sport-Gezondheid-Welzijn-Labels.jpg\",\"width\":1800,\"height\":473,\"caption\":\"Duurzame labels\"},{\"@type\":\"BreadcrumbList\",\"@id\":\"https:\/\/www.eelabels.com\/markten\/sport-gezondheid-welzijn\/#breadcrumb\",\"itemListElement\":[{\"@type\":\"ListItem\",\"position\":1,\"name\":\"Home\",\"item\":\"https:\/\/www.eelabels.com\/de\/\"},{\"@type\":\"ListItem\",\"position\":2,\"name\":\"M\u00e4rkte\",\"item\":\"https:\/\/www.eelabels.com\/de\/markte\/\"},{\"@type\":\"ListItem\",\"position\":3,\"name\":\"Sport, Gesundheit &#038; Wellness\"}]},{\"@type\":\"WebSite\",\"@id\":\"https:\/\/www.eelabels.com\/#website\",\"url\":\"https:\/\/www.eelabels.com\/\",\"name\":\"EE Labels\",\"description\":\"Specialist in geweven labels, gedrukte labels, hangtags &amp; branding\",\"potentialAction\":[{\"@type\":\"SearchAction\",\"target\":{\"@type\":\"EntryPoint\",\"urlTemplate\":\"https:\/\/www.eelabels.com\/?s={search_term_string}\"},\"query-input\":{\"@type\":\"PropertyValueSpecification\",\"valueRequired\":true,\"valueName\":\"search_term_string\"}}],\"inLanguage\":\"de\"}]}<\/script>\n<!-- \/ Yoast SEO plugin. -->","yoast_head_json":{"title":"Sport, Gesundheit & Wellness - EE Labels","description":"Lebensqualit\u00e4t. Darum geht es in der Sport- und Gesundheitsbranche. Um Pr\u00e4vention, aber auch um die Verbesserung der Lebensumst\u00e4nde. Mit unseren ma\u00dfgeschneiderten L\u00f6sungen unterst\u00fctzt EE Labelpack Ihre Mission.","robots":{"index":"index","follow":"follow","max-snippet":"max-snippet:-1","max-image-preview":"max-image-preview:large","max-video-preview":"max-video-preview:-1"},"canonical":"https:\/\/www.eelabels.com\/markten\/sport-gezondheid-welzijn\/","og_locale":"de_DE","og_type":"article","og_title":"Sport, Gesundheit & Wellness - EE Labels","og_description":"Lebensqualit\u00e4t. Darum geht es in der Sport- und Gesundheitsbranche. Um Pr\u00e4vention, aber auch um die Verbesserung der Lebensumst\u00e4nde. Mit unseren ma\u00dfgeschneiderten L\u00f6sungen unterst\u00fctzt EE Labelpack Ihre Mission.","og_url":"https:\/\/www.eelabels.com\/markten\/sport-gezondheid-welzijn\/","og_site_name":"EE Labels","article_modified_time":"2019-01-24T11:05:45+00:00","og_image":[{"width":1800,"height":473,"url":"https:\/\/www.eelabels.com\/wp-content\/uploads\/2019\/09\/Sport-Gezondheid-Welzijn-Labels.jpg","type":"image\/jpeg"}],"twitter_card":"summary_large_image","twitter_misc":{"Gesch\u00e4tzte Lesezeit":"1\u00a0Minute"},"schema":{"@context":"https:\/\/schema.org","@graph":[{"@type":"WebPage","@id":"https:\/\/www.eelabels.com\/markten\/sport-gezondheid-welzijn\/","url":"https:\/\/www.eelabels.com\/markten\/sport-gezondheid-welzijn\/","name":"Sport, Gesundheit & Wellness - EE Labels","isPartOf":{"@id":"https:\/\/www.eelabels.com\/#website"},"primaryImageOfPage":{"@id":"https:\/\/www.eelabels.com\/markten\/sport-gezondheid-welzijn\/#primaryimage"},"image":{"@id":"https:\/\/www.eelabels.com\/markten\/sport-gezondheid-welzijn\/#primaryimage"},"thumbnailUrl":"https:\/\/www.eelabels.com\/wp-content\/uploads\/2019\/09\/Sport-Gezondheid-Welzijn-Labels.jpg","datePublished":"2015-06-04T00:00:00+00:00","dateModified":"2019-01-24T11:05:45+00:00","description":"Lebensqualit\u00e4t. Darum geht es in der Sport- und Gesundheitsbranche. Um Pr\u00e4vention, aber auch um die Verbesserung der Lebensumst\u00e4nde. Mit unseren ma\u00dfgeschneiderten L\u00f6sungen unterst\u00fctzt EE Labelpack Ihre Mission.","breadcrumb":{"@id":"https:\/\/www.eelabels.com\/markten\/sport-gezondheid-welzijn\/#breadcrumb"},"inLanguage":"de","potentialAction":[{"@type":"ReadAction","target":["https:\/\/www.eelabels.com\/markten\/sport-gezondheid-welzijn\/"]}]},{"@type":"ImageObject","inLanguage":"de","@id":"https:\/\/www.eelabels.com\/markten\/sport-gezondheid-welzijn\/#primaryimage","url":"https:\/\/www.eelabels.com\/wp-content\/uploads\/2019\/09\/Sport-Gezondheid-Welzijn-Labels.jpg","contentUrl":"https:\/\/www.eelabels.com\/wp-content\/uploads\/2019\/09\/Sport-Gezondheid-Welzijn-Labels.jpg","width":1800,"height":473,"caption":"Duurzame labels"},{"@type":"BreadcrumbList","@id":"https:\/\/www.eelabels.com\/markten\/sport-gezondheid-welzijn\/#breadcrumb","itemListElement":[{"@type":"ListItem","position":1,"name":"Home","item":"https:\/\/www.eelabels.com\/de\/"},{"@type":"ListItem","position":2,"name":"M\u00e4rkte","item":"https:\/\/www.eelabels.com\/de\/markte\/"},{"@type":"ListItem","position":3,"name":"Sport, Gesundheit &#038; Wellness"}]},{"@type":"WebSite","@id":"https:\/\/www.eelabels.com\/#website","url":"https:\/\/www.eelabels.com\/","name":"EE Labels","description":"Specialist in geweven labels, gedrukte labels, hangtags &amp; branding","potentialAction":[{"@type":"SearchAction","target":{"@type":"EntryPoint","urlTemplate":"https:\/\/www.eelabels.com\/?s={search_term_string}"},"query-input":{"@type":"PropertyValueSpecification","valueRequired":true,"valueName":"search_term_string"}}],"inLanguage":"de"}]}},"_links":{"self":[{"href":"https:\/\/www.eelabels.com\/de\/wp-json\/wp\/v2\/pages\/12500","targetHints":{"allow":["GET"]}}],"collection":[{"href":"https:\/\/www.eelabels.com\/de\/wp-json\/wp\/v2\/pages"}],"about":[{"href":"https:\/\/www.eelabels.com\/de\/wp-json\/wp\/v2\/types\/page"}],"author":[{"embeddable":true,"href":"https:\/\/www.eelabels.com\/de\/wp-json\/wp\/v2\/users\/1"}],"replies":[{"embeddable":true,"href":"https:\/\/www.eelabels.com\/de\/wp-json\/wp\/v2\/comments?post=12500"}],"version-history":[{"count":3,"href":"https:\/\/www.eelabels.com\/de\/wp-json\/wp\/v2\/pages\/12500\/revisions"}],"predecessor-version":[{"id":15052,"href":"https:\/\/www.eelabels.com\/de\/wp-json\/wp\/v2\/pages\/12500\/revisions\/15052"}],"up":[{"embeddable":true,"href":"https:\/\/www.eelabels.com\/de\/wp-json\/wp\/v2\/pages\/12497"}],"wp:featuredmedia":[{"embeddable":true,"href":"https:\/\/www.eelabels.com\/de\/wp-json\/wp\/v2\/media\/16515"}],"wp:attachment":[{"href":"https:\/\/www.eelabels.com\/de\/wp-json\/wp\/v2\/media?parent=12500"}],"curies":[{"name":"wp","href":"https:\/\/api.w.org\/{rel}","templated":true}]}}