{"id":12501,"date":"2015-06-04T00:00:00","date_gmt":"2015-06-04T00:00:00","guid":{"rendered":"https:\/\/www.eelabels.comindustrie-automotive\/"},"modified":"2019-01-24T10:53:40","modified_gmt":"2019-01-24T10:53:40","slug":"industrie-automotive","status":"publish","type":"page","link":"https:\/\/www.eelabels.com\/de\/markte\/industrie-automotive\/","title":{"rendered":"Industrie &#038; Automotive"},"content":{"rendered":"<h1>Industrie und Automotive Etiketten<\/h1>\n<p>EE Labelpack ist Ihr Partner f\u00fcr Label und Etiketten in der Industrie &amp; Automotive-Branche. In dieser Branche geht es haupts\u00e4chlich um funktionale Etiketten mit Informationen f\u00fcr Produzenten und Kunden \u00fcber Qualit\u00e4t, wie:<\/p>\n<ul>\n<li>Sicherheitsetiketten<\/li>\n<li>Fertigungs- und Herkunftsetiketten<\/li>\n<li>Garantieetiketten<\/li>\n<li>Pflegeinformationen<\/li>\n<li>Etiketten und B\u00e4nder f\u00fcr die Innenausstattung von Autos<\/li>\n<\/ul>\n<p>In unsere <a href=\"https:\/\/www.eelabels.com\/de\/losungen\/produktubersicht\/\">Produkt\u00fcbersicht<\/a>\u00a0finden Sie noch mehr Etiketten f\u00fcr Industrie &amp; Automotive.<\/p>\n","protected":false},"excerpt":{"rendered":"<p>Industrie und Automotive Etiketten EE Labelpack ist Ihr Partner f\u00fcr Label und Etiketten in der Industrie &amp; Automotive-Branche. In dieser Branche geht es haupts\u00e4chlich um funktionale Etiketten mit Informationen f\u00fcr Produzenten und Kunden \u00fcber Qualit\u00e4t, wie: Sicherheitsetiketten Fertigungs- und Herkunftsetiketten Garantieetiketten Pflegeinformationen Etiketten und B\u00e4nder f\u00fcr die Innenausstattung von Autos In unsere Produkt\u00fcbersicht\u00a0finden Sie noch [&#8230;]<\/p>\n<p><a class=\"btn btn-dark understrap-read-more-link\" href=\"https:\/\/www.eelabels.com\/de\/markte\/industrie-automotive\/\">Weiterlesen\u00a0\u2026<span class=\"screen-reader-text\"> from Industrie &#038; Automotive<\/span><\/a><\/p>\n","protected":false},"author":1,"featured_media":0,"parent":12497,"menu_order":0,"comment_status":"open","ping_status":"open","template":"template-custom\/product.php","meta":{"_acf_changed":false,"footnotes":""},"class_list":["post-12501","page","type-page","status-publish","hentry"],"acf":[],"yoast_head":"<!-- This site is optimized with the Yoast SEO plugin v24.6 - https:\/\/yoast.com\/wordpress\/plugins\/seo\/ -->\n<title>Industrie &amp; Automotive - EE Labels<\/title>\n<meta name=\"description\" content=\"EE Labelpack ist Ihr Partner f\u00fcr Label und Etiketten in der Industrie &amp; Automotive-Branche. In dieser Branche geht es haupts\u00e4chlich um funktionale Etiketten mit Informationen f\u00fcr Produzenten und Kunden \u00fcber Qualit\u00e4t.\" \/>\n<meta name=\"robots\" content=\"index, follow, max-snippet:-1, max-image-preview:large, max-video-preview:-1\" \/>\n<link rel=\"canonical\" href=\"https:\/\/www.eelabels.com\/markten\/industrie-automotive\/\" \/>\n<meta property=\"og:locale\" content=\"de_DE\" \/>\n<meta property=\"og:type\" content=\"article\" \/>\n<meta property=\"og:title\" content=\"Industrie &amp; Automotive - EE Labels\" \/>\n<meta property=\"og:description\" content=\"EE Labelpack ist Ihr Partner f\u00fcr Label und Etiketten in der Industrie &amp; Automotive-Branche. In dieser Branche geht es haupts\u00e4chlich um funktionale Etiketten mit Informationen f\u00fcr Produzenten und Kunden \u00fcber Qualit\u00e4t.\" \/>\n<meta property=\"og:url\" content=\"https:\/\/www.eelabels.com\/markten\/industrie-automotive\/\" \/>\n<meta property=\"og:site_name\" content=\"EE Labels\" \/>\n<meta property=\"article:modified_time\" content=\"2019-01-24T10:53:40+00:00\" \/>\n<meta name=\"twitter:card\" content=\"summary_large_image\" \/>\n<script type=\"application\/ld+json\" class=\"yoast-schema-graph\">{\"@context\":\"https:\/\/schema.org\",\"@graph\":[{\"@type\":\"WebPage\",\"@id\":\"https:\/\/www.eelabels.com\/markten\/industrie-automotive\/\",\"url\":\"https:\/\/www.eelabels.com\/markten\/industrie-automotive\/\",\"name\":\"Industrie & Automotive - EE Labels\",\"isPartOf\":{\"@id\":\"https:\/\/www.eelabels.com\/#website\"},\"datePublished\":\"2015-06-04T00:00:00+00:00\",\"dateModified\":\"2019-01-24T10:53:40+00:00\",\"description\":\"EE Labelpack ist Ihr Partner f\u00fcr Label und Etiketten in der Industrie & Automotive-Branche. In dieser Branche geht es haupts\u00e4chlich um funktionale Etiketten mit Informationen f\u00fcr Produzenten und Kunden \u00fcber Qualit\u00e4t.\",\"breadcrumb\":{\"@id\":\"https:\/\/www.eelabels.com\/markten\/industrie-automotive\/#breadcrumb\"},\"inLanguage\":\"de\",\"potentialAction\":[{\"@type\":\"ReadAction\",\"target\":[\"https:\/\/www.eelabels.com\/markten\/industrie-automotive\/\"]}]},{\"@type\":\"BreadcrumbList\",\"@id\":\"https:\/\/www.eelabels.com\/markten\/industrie-automotive\/#breadcrumb\",\"itemListElement\":[{\"@type\":\"ListItem\",\"position\":1,\"name\":\"Home\",\"item\":\"https:\/\/www.eelabels.com\/de\/\"},{\"@type\":\"ListItem\",\"position\":2,\"name\":\"M\u00e4rkte\",\"item\":\"https:\/\/www.eelabels.com\/de\/markte\/\"},{\"@type\":\"ListItem\",\"position\":3,\"name\":\"Industrie &#038; Automotive\"}]},{\"@type\":\"WebSite\",\"@id\":\"https:\/\/www.eelabels.com\/#website\",\"url\":\"https:\/\/www.eelabels.com\/\",\"name\":\"EE Labels\",\"description\":\"Specialist in geweven labels, gedrukte labels, hangtags &amp; branding\",\"potentialAction\":[{\"@type\":\"SearchAction\",\"target\":{\"@type\":\"EntryPoint\",\"urlTemplate\":\"https:\/\/www.eelabels.com\/?s={search_term_string}\"},\"query-input\":{\"@type\":\"PropertyValueSpecification\",\"valueRequired\":true,\"valueName\":\"search_term_string\"}}],\"inLanguage\":\"de\"}]}<\/script>\n<!-- \/ Yoast SEO plugin. -->","yoast_head_json":{"title":"Industrie & Automotive - EE Labels","description":"EE Labelpack ist Ihr Partner f\u00fcr Label und Etiketten in der Industrie & Automotive-Branche. In dieser Branche geht es haupts\u00e4chlich um funktionale Etiketten mit Informationen f\u00fcr Produzenten und Kunden \u00fcber Qualit\u00e4t.","robots":{"index":"index","follow":"follow","max-snippet":"max-snippet:-1","max-image-preview":"max-image-preview:large","max-video-preview":"max-video-preview:-1"},"canonical":"https:\/\/www.eelabels.com\/markten\/industrie-automotive\/","og_locale":"de_DE","og_type":"article","og_title":"Industrie & Automotive - EE Labels","og_description":"EE Labelpack ist Ihr Partner f\u00fcr Label und Etiketten in der Industrie & Automotive-Branche. In dieser Branche geht es haupts\u00e4chlich um funktionale Etiketten mit Informationen f\u00fcr Produzenten und Kunden \u00fcber Qualit\u00e4t.","og_url":"https:\/\/www.eelabels.com\/markten\/industrie-automotive\/","og_site_name":"EE Labels","article_modified_time":"2019-01-24T10:53:40+00:00","twitter_card":"summary_large_image","schema":{"@context":"https:\/\/schema.org","@graph":[{"@type":"WebPage","@id":"https:\/\/www.eelabels.com\/markten\/industrie-automotive\/","url":"https:\/\/www.eelabels.com\/markten\/industrie-automotive\/","name":"Industrie & Automotive - EE Labels","isPartOf":{"@id":"https:\/\/www.eelabels.com\/#website"},"datePublished":"2015-06-04T00:00:00+00:00","dateModified":"2019-01-24T10:53:40+00:00","description":"EE Labelpack ist Ihr Partner f\u00fcr Label und Etiketten in der Industrie & Automotive-Branche. In dieser Branche geht es haupts\u00e4chlich um funktionale Etiketten mit Informationen f\u00fcr Produzenten und Kunden \u00fcber Qualit\u00e4t.","breadcrumb":{"@id":"https:\/\/www.eelabels.com\/markten\/industrie-automotive\/#breadcrumb"},"inLanguage":"de","potentialAction":[{"@type":"ReadAction","target":["https:\/\/www.eelabels.com\/markten\/industrie-automotive\/"]}]},{"@type":"BreadcrumbList","@id":"https:\/\/www.eelabels.com\/markten\/industrie-automotive\/#breadcrumb","itemListElement":[{"@type":"ListItem","position":1,"name":"Home","item":"https:\/\/www.eelabels.com\/de\/"},{"@type":"ListItem","position":2,"name":"M\u00e4rkte","item":"https:\/\/www.eelabels.com\/de\/markte\/"},{"@type":"ListItem","position":3,"name":"Industrie &#038; Automotive"}]},{"@type":"WebSite","@id":"https:\/\/www.eelabels.com\/#website","url":"https:\/\/www.eelabels.com\/","name":"EE Labels","description":"Specialist in geweven labels, gedrukte labels, hangtags &amp; branding","potentialAction":[{"@type":"SearchAction","target":{"@type":"EntryPoint","urlTemplate":"https:\/\/www.eelabels.com\/?s={search_term_string}"},"query-input":{"@type":"PropertyValueSpecification","valueRequired":true,"valueName":"search_term_string"}}],"inLanguage":"de"}]}},"_links":{"self":[{"href":"https:\/\/www.eelabels.com\/de\/wp-json\/wp\/v2\/pages\/12501","targetHints":{"allow":["GET"]}}],"collection":[{"href":"https:\/\/www.eelabels.com\/de\/wp-json\/wp\/v2\/pages"}],"about":[{"href":"https:\/\/www.eelabels.com\/de\/wp-json\/wp\/v2\/types\/page"}],"author":[{"embeddable":true,"href":"https:\/\/www.eelabels.com\/de\/wp-json\/wp\/v2\/users\/1"}],"replies":[{"embeddable":true,"href":"https:\/\/www.eelabels.com\/de\/wp-json\/wp\/v2\/comments?post=12501"}],"version-history":[{"count":3,"href":"https:\/\/www.eelabels.com\/de\/wp-json\/wp\/v2\/pages\/12501\/revisions"}],"predecessor-version":[{"id":16072,"href":"https:\/\/www.eelabels.com\/de\/wp-json\/wp\/v2\/pages\/12501\/revisions\/16072"}],"up":[{"embeddable":true,"href":"https:\/\/www.eelabels.com\/de\/wp-json\/wp\/v2\/pages\/12497"}],"wp:attachment":[{"href":"https:\/\/www.eelabels.com\/de\/wp-json\/wp\/v2\/media?parent=12501"}],"curies":[{"name":"wp","href":"https:\/\/api.w.org\/{rel}","templated":true}]}}