{"id":12507,"date":"2015-06-04T00:00:00","date_gmt":"2015-06-04T00:00:00","guid":{"rendered":"https:\/\/www.eelabels.comunternehmen-shop\/"},"modified":"2015-06-04T00:00:00","modified_gmt":"2015-06-04T00:00:00","slug":"unternehmen-shop","status":"publish","type":"page","link":"https:\/\/www.eelabels.com\/de\/unternehmen-shop\/","title":{"rendered":"Unternehmen shop"},"content":{"rendered":"<p>[divider]<\/p>\n<h1>Etiketten f\u00fcr Unternehmen bestellen<\/h1>\n<p>Sie haben die Auswahl aus 3 M\u00f6glichkeiten:<\/p>\n<ol>\n<li>Kleine Mengen, wenn Sie nicht mehr als 5000 St\u00fcck bestellen m\u00f6chten<\/li>\n<li>Fordern Sie ein Angebot f\u00fcr mehr als 5000 St\u00fcck an<\/li>\n<li>Sie sind bereits Kunde? <a href=\"http:\/\/shop.eelabels.com\/\/login.aspx\" target=\"_blank\" rel=\"noopener noreferrer\">Direkt anmelden<\/a><\/li>\n<\/ol>\n<p>[divider]<\/p>\n<h2>Kleine Mengen:<\/h2>\n<p>M\u00f6chten Sie kleine Mengen (500 bis 5000 St\u00fcck) bestellen? Wir garantieren auch bei kleinen Bestellungen die beste Qualit\u00e4t. Die nachfolgend genannten Preise gelten auf Basis einer Abnahme von 4000 St\u00fcck. Klicken Sie auf die Preislisten, um die genauen Preise f\u00fcr Ihre Etiketten oder Embleme zu erhalten.<\/p>\n<p>[column col=&#8220;1\/3&#8243;]<\/p>\n<h4>Gewebte Etiketten<\/h4>\n<p><a href=\"https:\/\/www.eelabels.com\/de\/online-shop\/unternehmen-shop\/gewebte-etiketten-preislist\/\"><img loading=\"lazy\" decoding=\"async\" class=\"alignnone size-full wp-image-6013\" src=\"https:\/\/www.eelabels.com\/\/wp-content\/uploads\/2014\/09\/geweven-labes.jpg\" alt=\"geweven labes\" width=\"150\" height=\"66\"><\/a><\/p>\n<h5>Ab 11,88 pro 100 St\u00fcck<\/h5>\n<ul>\n<li>Hochwertiger Damast<\/li>\n<li>Bandbreite X max. 100 mm<\/li>\n<li>1 Grundfarbe und 1 Schriftfarbe<\/li>\n<\/ul>\n<p><a href=\"https:\/\/www.eelabels.com\/de\/online-shop\/unternehmen-shop\/gewebte-etiketten-preislist\/\">Preisliste Gewebte Etiketten &gt; <\/a><\/p>\n<p>[\/column]<\/p>\n<p>[column col=&#8220;1\/3&#8243;]<\/p>\n<h4>Bedruckte Etiketten<\/h4>\n<p><a href=\"https:\/\/www.eelabels.com\/de\/online-shop\/unternehmen-shop\/bedruckte-etiketten-preislist\/\"><img loading=\"lazy\" decoding=\"async\" class=\"alignnone size-full wp-image-6012\" src=\"https:\/\/www.eelabels.com\/\/wp-content\/uploads\/2014\/09\/gedrukt-label1.png\" alt=\"gedrukt label\" width=\"100\" height=\"67\"><\/a><\/p>\n<h5>Ab \u20ac 6,48 pro 100 St\u00fcck<\/h5>\n<ul>\n<li>Band aus Polyestersatin, Bio-Baumwolle<\/li>\n<li>Bandbreite X max. 100 mm<\/li>\n<li>Wei\u00dfe Farbe mit 1 Farbe bedruckt<\/li>\n<\/ul>\n<p><a href=\"https:\/\/www.eelabels.com\/de\/online-shop\/unternehmen-shop\/bedruckte-etiketten-preislist\/\">Preisliste Bedruckte Etiketten &gt;<\/a><\/p>\n<p>[\/column]<\/p>\n<p>[column col=&#8220;1\/3&#8243;]<\/p>\n<h4>Gewebte Embleme<\/h4>\n<p><a href=\"https:\/\/www.eelabels.com\/de\/online-shop\/unternehmen-shop\/gewebte-emblemen-preislist\/\"><img loading=\"lazy\" decoding=\"async\" class=\"alignnone size-full wp-image-6011\" src=\"https:\/\/www.eelabels.com\/\/wp-content\/uploads\/2014\/09\/embleem.jpg\" alt=\"embleem\" width=\"100\" height=\"66\"><\/a><\/p>\n<h5>Ab \u20ac 0,76 pro St\u00fcck<\/h5>\n<ul>\n<li>Hochwertiger Damast<\/li>\n<li>Bandbreite X max. 100 mm<\/li>\n<li>1 Grundfarbe und max. 7 Schriftfarben<\/li>\n<\/ul>\n<p><a href=\"https:\/\/www.eelabels.com\/de\/online-shop\/unternehmen-shop\/gewebte-emblemen-preislist\/\">Preisliste Gewebte Embleme &gt;<\/a><\/p>\n<p>[\/column]<\/p>\n<p>[divider]<\/p>\n<h2>Fordern Sie jetzt Ihr Angebot an!<\/h2>\n<p><a href=\"https:\/\/www.eelabels.com\/offerte-aanvraag\/\"><img loading=\"lazy\" decoding=\"async\" src=\"https:\/\/www.eelabels.com\/\/wp-content\/uploads\/2014\/07\/direct-offerte-aanvragen-BshopOverzicht.gif\" alt=\"direct-offerte-aanvragen-BshopOverzicht\" width=\"300\" height=\"194\"><\/a><\/p>\n<p>F\u00fcllen Sie bitte das Angebotsformular so vollst\u00e4ndig wie m\u00f6glich aus.<\/p>\n<p><a href=\"https:\/\/www.eelabels.com\/offerte-aanvraag\/\">Fordern Sie jetzt Ihr Angebot an! &gt; <\/a><\/p>\n<p>[divider]<\/p>\n<h2>Direkt anmelden!<\/h2>\n<p><a href=\"http:\/\/shop.eelabels.com\/\" target=\"_blank\" rel=\"noopener noreferrer\"><img loading=\"lazy\" decoding=\"async\" class=\"alignnone size-full wp-image-5324\" src=\"https:\/\/www.eelabels.com\/\/wp-content\/uploads\/2014\/07\/direct-inloggen-BshopOverzicht.gif\" alt=\"direct-inloggen-BshopOverzicht\" width=\"300\" height=\"194\"><\/a><br \/>\nNur f\u00fcr regul\u00e4re Kunden.<\/p>\n<p>Bestellen Sie direkt Ihre Etiketten auf Vorrat.<\/p>\n<p><a href=\"http:\/\/shop.eelabels.com\/\">Direkt anmelden! &gt; <\/a><\/p>\n","protected":false},"excerpt":{"rendered":"<p>[divider] Etiketten f\u00fcr Unternehmen bestellen Sie haben die Auswahl aus 3 M\u00f6glichkeiten: Kleine Mengen, wenn Sie nicht mehr als 5000 St\u00fcck bestellen m\u00f6chten Fordern Sie ein Angebot f\u00fcr mehr als 5000 St\u00fcck an Sie sind bereits Kunde? Direkt anmelden [divider] Kleine Mengen: M\u00f6chten Sie kleine Mengen (500 bis 5000 St\u00fcck) bestellen? Wir garantieren auch bei [&#8230;]<\/p>\n<p><a class=\"btn btn-dark understrap-read-more-link\" href=\"https:\/\/www.eelabels.com\/de\/unternehmen-shop\/\">Weiterlesen\u00a0\u2026<span class=\"screen-reader-text\"> from Unternehmen shop<\/span><\/a><\/p>\n","protected":false},"author":1,"featured_media":0,"parent":0,"menu_order":0,"comment_status":"open","ping_status":"open","template":"","meta":{"_acf_changed":false,"footnotes":""},"class_list":["post-12507","page","type-page","status-publish","hentry"],"acf":[],"yoast_head":"<!-- This site is optimized with the Yoast SEO plugin v24.6 - https:\/\/yoast.com\/wordpress\/plugins\/seo\/ -->\n<title>Unternehmen shop - EE Labels<\/title>\n<meta name=\"robots\" content=\"index, follow, max-snippet:-1, max-image-preview:large, max-video-preview:-1\" \/>\n<link rel=\"canonical\" href=\"https:\/\/www.eelabels.com\/de\/unternehmen-shop\/\" \/>\n<meta property=\"og:locale\" content=\"de_DE\" \/>\n<meta property=\"og:type\" content=\"article\" \/>\n<meta property=\"og:title\" content=\"Unternehmen shop - EE Labels\" \/>\n<meta property=\"og:description\" content=\"[divider] Etiketten f\u00fcr Unternehmen bestellen Sie haben die Auswahl aus 3 M\u00f6glichkeiten: Kleine Mengen, wenn Sie nicht mehr als 5000 St\u00fcck bestellen m\u00f6chten Fordern Sie ein Angebot f\u00fcr mehr als 5000 St\u00fcck an Sie sind bereits Kunde? Direkt anmelden [divider] Kleine Mengen: M\u00f6chten Sie kleine Mengen (500 bis 5000 St\u00fcck) bestellen? Wir garantieren auch bei [...]Weiterlesen\u00a0\u2026 from Unternehmen shop\" \/>\n<meta property=\"og:url\" content=\"https:\/\/www.eelabels.com\/de\/unternehmen-shop\/\" \/>\n<meta property=\"og:site_name\" content=\"EE Labels\" \/>\n<meta property=\"og:image\" content=\"https:\/\/www.eelabels.com\/\/wp-content\/uploads\/2014\/09\/geweven-labes.jpg\" \/>\n<meta name=\"twitter:card\" content=\"summary_large_image\" \/>\n<meta name=\"twitter:label1\" content=\"Gesch\u00e4tzte Lesezeit\" \/>\n\t<meta name=\"twitter:data1\" content=\"1\u00a0Minute\" \/>\n<script type=\"application\/ld+json\" class=\"yoast-schema-graph\">{\"@context\":\"https:\/\/schema.org\",\"@graph\":[{\"@type\":\"WebPage\",\"@id\":\"https:\/\/www.eelabels.com\/de\/unternehmen-shop\/\",\"url\":\"https:\/\/www.eelabels.com\/de\/unternehmen-shop\/\",\"name\":\"Unternehmen shop - EE Labels\",\"isPartOf\":{\"@id\":\"https:\/\/www.eelabels.com\/#website\"},\"primaryImageOfPage\":{\"@id\":\"https:\/\/www.eelabels.com\/de\/unternehmen-shop\/#primaryimage\"},\"image\":{\"@id\":\"https:\/\/www.eelabels.com\/de\/unternehmen-shop\/#primaryimage\"},\"thumbnailUrl\":\"https:\/\/www.eelabels.com\/\/wp-content\/uploads\/2014\/09\/geweven-labes.jpg\",\"datePublished\":\"2015-06-04T00:00:00+00:00\",\"breadcrumb\":{\"@id\":\"https:\/\/www.eelabels.com\/de\/unternehmen-shop\/#breadcrumb\"},\"inLanguage\":\"de\",\"potentialAction\":[{\"@type\":\"ReadAction\",\"target\":[\"https:\/\/www.eelabels.com\/de\/unternehmen-shop\/\"]}]},{\"@type\":\"ImageObject\",\"inLanguage\":\"de\",\"@id\":\"https:\/\/www.eelabels.com\/de\/unternehmen-shop\/#primaryimage\",\"url\":\"https:\/\/www.eelabels.com\/\/wp-content\/uploads\/2014\/09\/geweven-labes.jpg\",\"contentUrl\":\"https:\/\/www.eelabels.com\/\/wp-content\/uploads\/2014\/09\/geweven-labes.jpg\"},{\"@type\":\"BreadcrumbList\",\"@id\":\"https:\/\/www.eelabels.com\/de\/unternehmen-shop\/#breadcrumb\",\"itemListElement\":[{\"@type\":\"ListItem\",\"position\":1,\"name\":\"Home\",\"item\":\"https:\/\/www.eelabels.com\/de\/\"},{\"@type\":\"ListItem\",\"position\":2,\"name\":\"Unternehmen shop\"}]},{\"@type\":\"WebSite\",\"@id\":\"https:\/\/www.eelabels.com\/#website\",\"url\":\"https:\/\/www.eelabels.com\/\",\"name\":\"EE Labels\",\"description\":\"Specialist in geweven labels, gedrukte labels, hangtags &amp; branding\",\"potentialAction\":[{\"@type\":\"SearchAction\",\"target\":{\"@type\":\"EntryPoint\",\"urlTemplate\":\"https:\/\/www.eelabels.com\/?s={search_term_string}\"},\"query-input\":{\"@type\":\"PropertyValueSpecification\",\"valueRequired\":true,\"valueName\":\"search_term_string\"}}],\"inLanguage\":\"de\"}]}<\/script>\n<!-- \/ Yoast SEO plugin. -->","yoast_head_json":{"title":"Unternehmen shop - EE Labels","robots":{"index":"index","follow":"follow","max-snippet":"max-snippet:-1","max-image-preview":"max-image-preview:large","max-video-preview":"max-video-preview:-1"},"canonical":"https:\/\/www.eelabels.com\/de\/unternehmen-shop\/","og_locale":"de_DE","og_type":"article","og_title":"Unternehmen shop - EE Labels","og_description":"[divider] Etiketten f\u00fcr Unternehmen bestellen Sie haben die Auswahl aus 3 M\u00f6glichkeiten: Kleine Mengen, wenn Sie nicht mehr als 5000 St\u00fcck bestellen m\u00f6chten Fordern Sie ein Angebot f\u00fcr mehr als 5000 St\u00fcck an Sie sind bereits Kunde? Direkt anmelden [divider] Kleine Mengen: M\u00f6chten Sie kleine Mengen (500 bis 5000 St\u00fcck) bestellen? Wir garantieren auch bei [...]Weiterlesen\u00a0\u2026 from Unternehmen shop","og_url":"https:\/\/www.eelabels.com\/de\/unternehmen-shop\/","og_site_name":"EE Labels","og_image":[{"url":"https:\/\/www.eelabels.com\/\/wp-content\/uploads\/2014\/09\/geweven-labes.jpg","type":"","width":"","height":""}],"twitter_card":"summary_large_image","twitter_misc":{"Gesch\u00e4tzte Lesezeit":"1\u00a0Minute"},"schema":{"@context":"https:\/\/schema.org","@graph":[{"@type":"WebPage","@id":"https:\/\/www.eelabels.com\/de\/unternehmen-shop\/","url":"https:\/\/www.eelabels.com\/de\/unternehmen-shop\/","name":"Unternehmen shop - EE Labels","isPartOf":{"@id":"https:\/\/www.eelabels.com\/#website"},"primaryImageOfPage":{"@id":"https:\/\/www.eelabels.com\/de\/unternehmen-shop\/#primaryimage"},"image":{"@id":"https:\/\/www.eelabels.com\/de\/unternehmen-shop\/#primaryimage"},"thumbnailUrl":"https:\/\/www.eelabels.com\/\/wp-content\/uploads\/2014\/09\/geweven-labes.jpg","datePublished":"2015-06-04T00:00:00+00:00","breadcrumb":{"@id":"https:\/\/www.eelabels.com\/de\/unternehmen-shop\/#breadcrumb"},"inLanguage":"de","potentialAction":[{"@type":"ReadAction","target":["https:\/\/www.eelabels.com\/de\/unternehmen-shop\/"]}]},{"@type":"ImageObject","inLanguage":"de","@id":"https:\/\/www.eelabels.com\/de\/unternehmen-shop\/#primaryimage","url":"https:\/\/www.eelabels.com\/\/wp-content\/uploads\/2014\/09\/geweven-labes.jpg","contentUrl":"https:\/\/www.eelabels.com\/\/wp-content\/uploads\/2014\/09\/geweven-labes.jpg"},{"@type":"BreadcrumbList","@id":"https:\/\/www.eelabels.com\/de\/unternehmen-shop\/#breadcrumb","itemListElement":[{"@type":"ListItem","position":1,"name":"Home","item":"https:\/\/www.eelabels.com\/de\/"},{"@type":"ListItem","position":2,"name":"Unternehmen shop"}]},{"@type":"WebSite","@id":"https:\/\/www.eelabels.com\/#website","url":"https:\/\/www.eelabels.com\/","name":"EE Labels","description":"Specialist in geweven labels, gedrukte labels, hangtags &amp; branding","potentialAction":[{"@type":"SearchAction","target":{"@type":"EntryPoint","urlTemplate":"https:\/\/www.eelabels.com\/?s={search_term_string}"},"query-input":{"@type":"PropertyValueSpecification","valueRequired":true,"valueName":"search_term_string"}}],"inLanguage":"de"}]}},"_links":{"self":[{"href":"https:\/\/www.eelabels.com\/de\/wp-json\/wp\/v2\/pages\/12507","targetHints":{"allow":["GET"]}}],"collection":[{"href":"https:\/\/www.eelabels.com\/de\/wp-json\/wp\/v2\/pages"}],"about":[{"href":"https:\/\/www.eelabels.com\/de\/wp-json\/wp\/v2\/types\/page"}],"author":[{"embeddable":true,"href":"https:\/\/www.eelabels.com\/de\/wp-json\/wp\/v2\/users\/1"}],"replies":[{"embeddable":true,"href":"https:\/\/www.eelabels.com\/de\/wp-json\/wp\/v2\/comments?post=12507"}],"version-history":[{"count":0,"href":"https:\/\/www.eelabels.com\/de\/wp-json\/wp\/v2\/pages\/12507\/revisions"}],"wp:attachment":[{"href":"https:\/\/www.eelabels.com\/de\/wp-json\/wp\/v2\/media?parent=12507"}],"curies":[{"name":"wp","href":"https:\/\/api.w.org\/{rel}","templated":true}]}}