{"id":12508,"date":"2015-06-04T00:00:00","date_gmt":"2015-06-04T00:00:00","guid":{"rendered":"https:\/\/www.eelabels.comprivatkunde-shop\/"},"modified":"2015-06-04T00:00:00","modified_gmt":"2015-06-04T00:00:00","slug":"privatkunde-shop","status":"publish","type":"page","link":"https:\/\/www.eelabels.com\/de\/privatkunde-shop\/","title":{"rendered":"Privatkunde shop"},"content":{"rendered":"<h1>Welche Optionen haben Sie als Privatkunde bei EE Labels?<\/h1>\n<p>Pers\u00f6nliche Namensb\u00e4nder, Etiketten oder Namensetiketten (auch f\u00fcr Soldaten) finden Sie in den nachfolgenden Webshops. F\u00fcr andere, besondere W\u00fcnsche (mind. 500 St\u00fcck) wie zum Beispiel ein Etikett mit eigenem Logo nutzen Sie bitte dieses Angebotsformular. Unser Verkaufsteam hilft Ihnen gern weiter mit einem auf Sie abgestimmten Vorschlag.<\/p>\n","protected":false},"excerpt":{"rendered":"<p>Welche Optionen haben Sie als Privatkunde bei EE Labels? Pers\u00f6nliche Namensb\u00e4nder, Etiketten oder Namensetiketten (auch f\u00fcr Soldaten) finden Sie in den nachfolgenden Webshops. F\u00fcr andere, besondere W\u00fcnsche (mind. 500 St\u00fcck) wie zum Beispiel ein Etikett mit eigenem Logo nutzen Sie bitte dieses Angebotsformular. Unser Verkaufsteam hilft Ihnen gern weiter mit einem auf Sie abgestimmten Vorschlag. [&#8230;]<\/p>\n<p><a class=\"btn btn-dark understrap-read-more-link\" href=\"https:\/\/www.eelabels.com\/de\/privatkunde-shop\/\">Weiterlesen\u00a0\u2026<span class=\"screen-reader-text\"> from Privatkunde shop<\/span><\/a><\/p>\n","protected":false},"author":1,"featured_media":0,"parent":0,"menu_order":0,"comment_status":"open","ping_status":"open","template":"","meta":{"_acf_changed":false,"footnotes":""},"class_list":["post-12508","page","type-page","status-publish","hentry"],"acf":[],"yoast_head":"<!-- This site is optimized with the Yoast SEO plugin v24.6 - https:\/\/yoast.com\/wordpress\/plugins\/seo\/ -->\n<title>Privatkunde shop - EE Labels<\/title>\n<meta name=\"robots\" content=\"index, follow, max-snippet:-1, max-image-preview:large, max-video-preview:-1\" \/>\n<link rel=\"canonical\" href=\"https:\/\/www.eelabels.com\/de\/privatkunde-shop\/\" \/>\n<meta property=\"og:locale\" content=\"de_DE\" \/>\n<meta property=\"og:type\" content=\"article\" \/>\n<meta property=\"og:title\" content=\"Privatkunde shop - EE Labels\" \/>\n<meta property=\"og:description\" content=\"Welche Optionen haben Sie als Privatkunde bei EE Labels? Pers\u00f6nliche Namensb\u00e4nder, Etiketten oder Namensetiketten (auch f\u00fcr Soldaten) finden Sie in den nachfolgenden Webshops. F\u00fcr andere, besondere W\u00fcnsche (mind. 500 St\u00fcck) wie zum Beispiel ein Etikett mit eigenem Logo nutzen Sie bitte dieses Angebotsformular. Unser Verkaufsteam hilft Ihnen gern weiter mit einem auf Sie abgestimmten Vorschlag. [...]Weiterlesen\u00a0\u2026 from Privatkunde shop\" \/>\n<meta property=\"og:url\" content=\"https:\/\/www.eelabels.com\/de\/privatkunde-shop\/\" \/>\n<meta property=\"og:site_name\" content=\"EE Labels\" \/>\n<meta name=\"twitter:card\" content=\"summary_large_image\" \/>\n<script type=\"application\/ld+json\" class=\"yoast-schema-graph\">{\"@context\":\"https:\/\/schema.org\",\"@graph\":[{\"@type\":\"WebPage\",\"@id\":\"https:\/\/www.eelabels.com\/de\/privatkunde-shop\/\",\"url\":\"https:\/\/www.eelabels.com\/de\/privatkunde-shop\/\",\"name\":\"Privatkunde shop - EE Labels\",\"isPartOf\":{\"@id\":\"https:\/\/www.eelabels.com\/#website\"},\"datePublished\":\"2015-06-04T00:00:00+00:00\",\"breadcrumb\":{\"@id\":\"https:\/\/www.eelabels.com\/de\/privatkunde-shop\/#breadcrumb\"},\"inLanguage\":\"de\",\"potentialAction\":[{\"@type\":\"ReadAction\",\"target\":[\"https:\/\/www.eelabels.com\/de\/privatkunde-shop\/\"]}]},{\"@type\":\"BreadcrumbList\",\"@id\":\"https:\/\/www.eelabels.com\/de\/privatkunde-shop\/#breadcrumb\",\"itemListElement\":[{\"@type\":\"ListItem\",\"position\":1,\"name\":\"Home\",\"item\":\"https:\/\/www.eelabels.com\/de\/\"},{\"@type\":\"ListItem\",\"position\":2,\"name\":\"Privatkunde shop\"}]},{\"@type\":\"WebSite\",\"@id\":\"https:\/\/www.eelabels.com\/#website\",\"url\":\"https:\/\/www.eelabels.com\/\",\"name\":\"EE Labels\",\"description\":\"Specialist in geweven labels, gedrukte labels, hangtags &amp; branding\",\"potentialAction\":[{\"@type\":\"SearchAction\",\"target\":{\"@type\":\"EntryPoint\",\"urlTemplate\":\"https:\/\/www.eelabels.com\/?s={search_term_string}\"},\"query-input\":{\"@type\":\"PropertyValueSpecification\",\"valueRequired\":true,\"valueName\":\"search_term_string\"}}],\"inLanguage\":\"de\"}]}<\/script>\n<!-- \/ Yoast SEO plugin. -->","yoast_head_json":{"title":"Privatkunde shop - EE Labels","robots":{"index":"index","follow":"follow","max-snippet":"max-snippet:-1","max-image-preview":"max-image-preview:large","max-video-preview":"max-video-preview:-1"},"canonical":"https:\/\/www.eelabels.com\/de\/privatkunde-shop\/","og_locale":"de_DE","og_type":"article","og_title":"Privatkunde shop - EE Labels","og_description":"Welche Optionen haben Sie als Privatkunde bei EE Labels? Pers\u00f6nliche Namensb\u00e4nder, Etiketten oder Namensetiketten (auch f\u00fcr Soldaten) finden Sie in den nachfolgenden Webshops. F\u00fcr andere, besondere W\u00fcnsche (mind. 500 St\u00fcck) wie zum Beispiel ein Etikett mit eigenem Logo nutzen Sie bitte dieses Angebotsformular. Unser Verkaufsteam hilft Ihnen gern weiter mit einem auf Sie abgestimmten Vorschlag. [...]Weiterlesen\u00a0\u2026 from Privatkunde shop","og_url":"https:\/\/www.eelabels.com\/de\/privatkunde-shop\/","og_site_name":"EE Labels","twitter_card":"summary_large_image","schema":{"@context":"https:\/\/schema.org","@graph":[{"@type":"WebPage","@id":"https:\/\/www.eelabels.com\/de\/privatkunde-shop\/","url":"https:\/\/www.eelabels.com\/de\/privatkunde-shop\/","name":"Privatkunde shop - EE Labels","isPartOf":{"@id":"https:\/\/www.eelabels.com\/#website"},"datePublished":"2015-06-04T00:00:00+00:00","breadcrumb":{"@id":"https:\/\/www.eelabels.com\/de\/privatkunde-shop\/#breadcrumb"},"inLanguage":"de","potentialAction":[{"@type":"ReadAction","target":["https:\/\/www.eelabels.com\/de\/privatkunde-shop\/"]}]},{"@type":"BreadcrumbList","@id":"https:\/\/www.eelabels.com\/de\/privatkunde-shop\/#breadcrumb","itemListElement":[{"@type":"ListItem","position":1,"name":"Home","item":"https:\/\/www.eelabels.com\/de\/"},{"@type":"ListItem","position":2,"name":"Privatkunde shop"}]},{"@type":"WebSite","@id":"https:\/\/www.eelabels.com\/#website","url":"https:\/\/www.eelabels.com\/","name":"EE Labels","description":"Specialist in geweven labels, gedrukte labels, hangtags &amp; branding","potentialAction":[{"@type":"SearchAction","target":{"@type":"EntryPoint","urlTemplate":"https:\/\/www.eelabels.com\/?s={search_term_string}"},"query-input":{"@type":"PropertyValueSpecification","valueRequired":true,"valueName":"search_term_string"}}],"inLanguage":"de"}]}},"_links":{"self":[{"href":"https:\/\/www.eelabels.com\/de\/wp-json\/wp\/v2\/pages\/12508","targetHints":{"allow":["GET"]}}],"collection":[{"href":"https:\/\/www.eelabels.com\/de\/wp-json\/wp\/v2\/pages"}],"about":[{"href":"https:\/\/www.eelabels.com\/de\/wp-json\/wp\/v2\/types\/page"}],"author":[{"embeddable":true,"href":"https:\/\/www.eelabels.com\/de\/wp-json\/wp\/v2\/users\/1"}],"replies":[{"embeddable":true,"href":"https:\/\/www.eelabels.com\/de\/wp-json\/wp\/v2\/comments?post=12508"}],"version-history":[{"count":0,"href":"https:\/\/www.eelabels.com\/de\/wp-json\/wp\/v2\/pages\/12508\/revisions"}],"wp:attachment":[{"href":"https:\/\/www.eelabels.com\/de\/wp-json\/wp\/v2\/media?parent=12508"}],"curies":[{"name":"wp","href":"https:\/\/api.w.org\/{rel}","templated":true}]}}