{"id":12530,"date":"2012-12-10T00:00:00","date_gmt":"2012-12-10T00:00:00","guid":{"rendered":"https:\/\/www.eelabels.comcontact\/"},"modified":"2025-02-10T15:02:08","modified_gmt":"2025-02-10T15:02:08","slug":"kontakt","status":"publish","type":"page","link":"https:\/\/www.eelabels.com\/de\/kontakt\/","title":{"rendered":"Kontakt EE Labels"},"content":{"rendered":"<h1>Kontakt<\/h1>\n<p>Danke f\u00fcr dein Interesse. Wenn Sie Fragen zu unseren Produkten oder Dienstleistungen haben, f\u00fcllen Sie bitte unser Kontaktformular aus. Wir antworten normalerweise auf Kommentare und Vorschl\u00e4ge innerhalb von 24 Stunden.<\/p>\n<p>&nbsp;<\/p>\n","protected":false},"excerpt":{"rendered":"<p>Kontakt Danke f\u00fcr dein Interesse. Wenn Sie Fragen zu unseren Produkten oder Dienstleistungen haben, f\u00fcllen Sie bitte unser Kontaktformular aus. Wir antworten normalerweise auf Kommentare und Vorschl\u00e4ge innerhalb von 24 Stunden. &nbsp; [&#8230;]<\/p>\n<p><a class=\"btn btn-dark understrap-read-more-link\" href=\"https:\/\/www.eelabels.com\/de\/kontakt\/\">Weiterlesen\u00a0\u2026<span class=\"screen-reader-text\"> from Kontakt EE Labels<\/span><\/a><\/p>\n","protected":false},"author":1,"featured_media":18443,"parent":0,"menu_order":0,"comment_status":"open","ping_status":"open","template":"","meta":{"_acf_changed":false,"footnotes":""},"class_list":["post-12530","page","type-page","status-publish","has-post-thumbnail","hentry"],"acf":[],"yoast_head":"<!-- This site is optimized with the Yoast SEO plugin v24.6 - https:\/\/yoast.com\/wordpress\/plugins\/seo\/ -->\n<title>Kontakt EE Labels<\/title>\n<meta name=\"description\" content=\"Weitere Informationen? Wenden Sie sich bitte an EE Labels, wir garantieren eine schnelle Lieferung von Etiketten und sind Ihnen gerne behilflich.\" \/>\n<meta name=\"robots\" content=\"index, follow, max-snippet:-1, max-image-preview:large, max-video-preview:-1\" \/>\n<link rel=\"canonical\" href=\"https:\/\/www.eelabels.com\/de\/kontakt\/\" \/>\n<meta property=\"og:locale\" content=\"de_DE\" \/>\n<meta property=\"og:type\" content=\"article\" \/>\n<meta property=\"og:title\" content=\"Kontakt EE Labels\" \/>\n<meta property=\"og:description\" content=\"Weitere Informationen? Wenden Sie sich bitte an EE Labels, wir garantieren eine schnelle Lieferung von Etiketten und sind Ihnen gerne behilflich.\" \/>\n<meta property=\"og:url\" content=\"https:\/\/www.eelabels.com\/de\/kontakt\/\" \/>\n<meta property=\"og:site_name\" content=\"EE Labels\" \/>\n<meta property=\"article:modified_time\" content=\"2025-02-10T15:02:08+00:00\" \/>\n<meta property=\"og:image\" content=\"https:\/\/www.eelabels.com\/wp-content\/uploads\/2020\/10\/Vacature_EE-Labels-2.jpg\" \/>\n\t<meta property=\"og:image:width\" content=\"1500\" \/>\n\t<meta property=\"og:image:height\" content=\"500\" \/>\n\t<meta property=\"og:image:type\" content=\"image\/jpeg\" \/>\n<meta name=\"twitter:card\" content=\"summary_large_image\" \/>\n<meta name=\"twitter:label1\" content=\"Gesch\u00e4tzte Lesezeit\" \/>\n\t<meta name=\"twitter:data1\" content=\"1\u00a0Minute\" \/>\n<script type=\"application\/ld+json\" class=\"yoast-schema-graph\">{\"@context\":\"https:\/\/schema.org\",\"@graph\":[{\"@type\":\"WebPage\",\"@id\":\"https:\/\/www.eelabels.com\/de\/kontakt\/\",\"url\":\"https:\/\/www.eelabels.com\/de\/kontakt\/\",\"name\":\"Kontakt EE Labels\",\"isPartOf\":{\"@id\":\"https:\/\/www.eelabels.com\/#website\"},\"primaryImageOfPage\":{\"@id\":\"https:\/\/www.eelabels.com\/de\/kontakt\/#primaryimage\"},\"image\":{\"@id\":\"https:\/\/www.eelabels.com\/de\/kontakt\/#primaryimage\"},\"thumbnailUrl\":\"https:\/\/www.eelabels.com\/wp-content\/uploads\/2020\/10\/Vacature_EE-Labels-2.jpg\",\"datePublished\":\"2012-12-10T00:00:00+00:00\",\"dateModified\":\"2025-02-10T15:02:08+00:00\",\"description\":\"Weitere Informationen? Wenden Sie sich bitte an EE Labels, wir garantieren eine schnelle Lieferung von Etiketten und sind Ihnen gerne behilflich.\",\"breadcrumb\":{\"@id\":\"https:\/\/www.eelabels.com\/de\/kontakt\/#breadcrumb\"},\"inLanguage\":\"de\",\"potentialAction\":[{\"@type\":\"ReadAction\",\"target\":[\"https:\/\/www.eelabels.com\/de\/kontakt\/\"]}]},{\"@type\":\"ImageObject\",\"inLanguage\":\"de\",\"@id\":\"https:\/\/www.eelabels.com\/de\/kontakt\/#primaryimage\",\"url\":\"https:\/\/www.eelabels.com\/wp-content\/uploads\/2020\/10\/Vacature_EE-Labels-2.jpg\",\"contentUrl\":\"https:\/\/www.eelabels.com\/wp-content\/uploads\/2020\/10\/Vacature_EE-Labels-2.jpg\",\"width\":1500,\"height\":500,\"caption\":\"geweven in nederland\"},{\"@type\":\"BreadcrumbList\",\"@id\":\"https:\/\/www.eelabels.com\/de\/kontakt\/#breadcrumb\",\"itemListElement\":[{\"@type\":\"ListItem\",\"position\":1,\"name\":\"Home\",\"item\":\"https:\/\/www.eelabels.com\/de\/\"},{\"@type\":\"ListItem\",\"position\":2,\"name\":\"Kontakt EE Labels\"}]},{\"@type\":\"WebSite\",\"@id\":\"https:\/\/www.eelabels.com\/#website\",\"url\":\"https:\/\/www.eelabels.com\/\",\"name\":\"EE Labels\",\"description\":\"Specialist in geweven labels, gedrukte labels, hangtags &amp; branding\",\"potentialAction\":[{\"@type\":\"SearchAction\",\"target\":{\"@type\":\"EntryPoint\",\"urlTemplate\":\"https:\/\/www.eelabels.com\/?s={search_term_string}\"},\"query-input\":{\"@type\":\"PropertyValueSpecification\",\"valueRequired\":true,\"valueName\":\"search_term_string\"}}],\"inLanguage\":\"de\"}]}<\/script>\n<!-- \/ Yoast SEO plugin. -->","yoast_head_json":{"title":"Kontakt EE Labels","description":"Weitere Informationen? Wenden Sie sich bitte an EE Labels, wir garantieren eine schnelle Lieferung von Etiketten und sind Ihnen gerne behilflich.","robots":{"index":"index","follow":"follow","max-snippet":"max-snippet:-1","max-image-preview":"max-image-preview:large","max-video-preview":"max-video-preview:-1"},"canonical":"https:\/\/www.eelabels.com\/de\/kontakt\/","og_locale":"de_DE","og_type":"article","og_title":"Kontakt EE Labels","og_description":"Weitere Informationen? Wenden Sie sich bitte an EE Labels, wir garantieren eine schnelle Lieferung von Etiketten und sind Ihnen gerne behilflich.","og_url":"https:\/\/www.eelabels.com\/de\/kontakt\/","og_site_name":"EE Labels","article_modified_time":"2025-02-10T15:02:08+00:00","og_image":[{"width":1500,"height":500,"url":"https:\/\/www.eelabels.com\/wp-content\/uploads\/2020\/10\/Vacature_EE-Labels-2.jpg","type":"image\/jpeg"}],"twitter_card":"summary_large_image","twitter_misc":{"Gesch\u00e4tzte Lesezeit":"1\u00a0Minute"},"schema":{"@context":"https:\/\/schema.org","@graph":[{"@type":"WebPage","@id":"https:\/\/www.eelabels.com\/de\/kontakt\/","url":"https:\/\/www.eelabels.com\/de\/kontakt\/","name":"Kontakt EE Labels","isPartOf":{"@id":"https:\/\/www.eelabels.com\/#website"},"primaryImageOfPage":{"@id":"https:\/\/www.eelabels.com\/de\/kontakt\/#primaryimage"},"image":{"@id":"https:\/\/www.eelabels.com\/de\/kontakt\/#primaryimage"},"thumbnailUrl":"https:\/\/www.eelabels.com\/wp-content\/uploads\/2020\/10\/Vacature_EE-Labels-2.jpg","datePublished":"2012-12-10T00:00:00+00:00","dateModified":"2025-02-10T15:02:08+00:00","description":"Weitere Informationen? Wenden Sie sich bitte an EE Labels, wir garantieren eine schnelle Lieferung von Etiketten und sind Ihnen gerne behilflich.","breadcrumb":{"@id":"https:\/\/www.eelabels.com\/de\/kontakt\/#breadcrumb"},"inLanguage":"de","potentialAction":[{"@type":"ReadAction","target":["https:\/\/www.eelabels.com\/de\/kontakt\/"]}]},{"@type":"ImageObject","inLanguage":"de","@id":"https:\/\/www.eelabels.com\/de\/kontakt\/#primaryimage","url":"https:\/\/www.eelabels.com\/wp-content\/uploads\/2020\/10\/Vacature_EE-Labels-2.jpg","contentUrl":"https:\/\/www.eelabels.com\/wp-content\/uploads\/2020\/10\/Vacature_EE-Labels-2.jpg","width":1500,"height":500,"caption":"geweven in nederland"},{"@type":"BreadcrumbList","@id":"https:\/\/www.eelabels.com\/de\/kontakt\/#breadcrumb","itemListElement":[{"@type":"ListItem","position":1,"name":"Home","item":"https:\/\/www.eelabels.com\/de\/"},{"@type":"ListItem","position":2,"name":"Kontakt EE Labels"}]},{"@type":"WebSite","@id":"https:\/\/www.eelabels.com\/#website","url":"https:\/\/www.eelabels.com\/","name":"EE Labels","description":"Specialist in geweven labels, gedrukte labels, hangtags &amp; branding","potentialAction":[{"@type":"SearchAction","target":{"@type":"EntryPoint","urlTemplate":"https:\/\/www.eelabels.com\/?s={search_term_string}"},"query-input":{"@type":"PropertyValueSpecification","valueRequired":true,"valueName":"search_term_string"}}],"inLanguage":"de"}]}},"_links":{"self":[{"href":"https:\/\/www.eelabels.com\/de\/wp-json\/wp\/v2\/pages\/12530","targetHints":{"allow":["GET"]}}],"collection":[{"href":"https:\/\/www.eelabels.com\/de\/wp-json\/wp\/v2\/pages"}],"about":[{"href":"https:\/\/www.eelabels.com\/de\/wp-json\/wp\/v2\/types\/page"}],"author":[{"embeddable":true,"href":"https:\/\/www.eelabels.com\/de\/wp-json\/wp\/v2\/users\/1"}],"replies":[{"embeddable":true,"href":"https:\/\/www.eelabels.com\/de\/wp-json\/wp\/v2\/comments?post=12530"}],"version-history":[{"count":17,"href":"https:\/\/www.eelabels.com\/de\/wp-json\/wp\/v2\/pages\/12530\/revisions"}],"predecessor-version":[{"id":25411,"href":"https:\/\/www.eelabels.com\/de\/wp-json\/wp\/v2\/pages\/12530\/revisions\/25411"}],"wp:featuredmedia":[{"embeddable":true,"href":"https:\/\/www.eelabels.com\/de\/wp-json\/wp\/v2\/media\/18443"}],"wp:attachment":[{"href":"https:\/\/www.eelabels.com\/de\/wp-json\/wp\/v2\/media?parent=12530"}],"curies":[{"name":"wp","href":"https:\/\/api.w.org\/{rel}","templated":true}]}}