{"id":12538,"date":"2016-01-17T00:00:00","date_gmt":"2016-01-17T00:00:00","guid":{"rendered":"https:\/\/www.eelabels.comfahrzeugetiketten\/"},"modified":"2021-04-22T14:20:06","modified_gmt":"2021-04-22T14:20:06","slug":"fahrzeugetiketten","status":"publish","type":"page","link":"https:\/\/www.eelabels.com\/de\/produkten\/fahrzeugetiketten\/","title":{"rendered":"Fahrzeugetiketten"},"content":{"rendered":"<h1>Fahrzeugetiketten<\/h1>\n<p>Jeden Tag steigt man ins Auto. Die Werbung f\u00fcr die Marke auf der Fu\u00dfmatte sorgt f\u00fcr einen zus\u00e4tzlichen Aufmerksamkeitswert. EE Labels entwirft herrliche Fahrzeuglogos und Fahrzeugetiketten in jeder Form und jeder Gr\u00f6\u00dfe.<\/p>\n<p style=\"text-align: left;\"><a class=\"cta-button cta-button-big gold\" href=\"https:\/\/www.eelabels.com\/de\/angebot-anfordern\/\">Angebot anfragen<\/a><\/p>\n","protected":false},"excerpt":{"rendered":"<p>Fahrzeugetiketten Jeden Tag steigt man ins Auto. Die Werbung f\u00fcr die Marke auf der Fu\u00dfmatte sorgt f\u00fcr einen zus\u00e4tzlichen Aufmerksamkeitswert. EE Labels entwirft herrliche Fahrzeuglogos und Fahrzeugetiketten in jeder Form und jeder Gr\u00f6\u00dfe. Angebot anfragen [&#8230;]<\/p>\n<p><a class=\"btn btn-dark understrap-read-more-link\" href=\"https:\/\/www.eelabels.com\/de\/produkten\/fahrzeugetiketten\/\">Weiterlesen\u00a0\u2026<span class=\"screen-reader-text\"> from Fahrzeugetiketten<\/span><\/a><\/p>\n","protected":false},"author":1,"featured_media":17102,"parent":13631,"menu_order":0,"comment_status":"open","ping_status":"open","template":"template-custom\/product-single-menu.php","meta":{"_acf_changed":false,"footnotes":""},"class_list":["post-12538","page","type-page","status-publish","has-post-thumbnail","hentry"],"acf":[],"yoast_head":"<!-- This site is optimized with the Yoast SEO plugin v24.6 - https:\/\/yoast.com\/wordpress\/plugins\/seo\/ -->\n<title>Fahrzeugetiketten - EE Labels<\/title>\n<meta name=\"description\" content=\"Etiketten f\u00fcr die Marke auf der Fu\u00dfmatte f\u00fcr einen zus\u00e4tzlichen Aufmerksamkeitswert. Fahrzeuglogos und Fahrzeugetiketten in jeder Form und jeder Gr\u00f6\u00dfe.\" \/>\n<meta name=\"robots\" content=\"index, follow, max-snippet:-1, max-image-preview:large, max-video-preview:-1\" \/>\n<link rel=\"canonical\" href=\"https:\/\/www.eelabels.com\/de\/produkten\/fahrzeugetiketten\/\" \/>\n<meta property=\"og:locale\" content=\"de_DE\" \/>\n<meta property=\"og:type\" content=\"article\" \/>\n<meta property=\"og:title\" content=\"Fahrzeugetiketten - EE Labels\" \/>\n<meta property=\"og:description\" content=\"Etiketten f\u00fcr die Marke auf der Fu\u00dfmatte f\u00fcr einen zus\u00e4tzlichen Aufmerksamkeitswert. Fahrzeuglogos und Fahrzeugetiketten in jeder Form und jeder Gr\u00f6\u00dfe.\" \/>\n<meta property=\"og:url\" content=\"https:\/\/www.eelabels.com\/de\/produkten\/fahrzeugetiketten\/\" \/>\n<meta property=\"og:site_name\" content=\"EE Labels\" \/>\n<meta property=\"article:modified_time\" content=\"2021-04-22T14:20:06+00:00\" \/>\n<meta property=\"og:image\" content=\"https:\/\/www.eelabels.com\/wp-content\/uploads\/2020\/01\/autlabels.jpg\" \/>\n\t<meta property=\"og:image:width\" content=\"1800\" \/>\n\t<meta property=\"og:image:height\" content=\"473\" \/>\n\t<meta property=\"og:image:type\" content=\"image\/jpeg\" \/>\n<meta name=\"twitter:card\" content=\"summary_large_image\" \/>\n<script type=\"application\/ld+json\" class=\"yoast-schema-graph\">{\"@context\":\"https:\/\/schema.org\",\"@graph\":[{\"@type\":\"WebPage\",\"@id\":\"https:\/\/www.eelabels.com\/de\/produkten\/fahrzeugetiketten\/\",\"url\":\"https:\/\/www.eelabels.com\/de\/produkten\/fahrzeugetiketten\/\",\"name\":\"Fahrzeugetiketten - EE Labels\",\"isPartOf\":{\"@id\":\"https:\/\/www.eelabels.com\/#website\"},\"primaryImageOfPage\":{\"@id\":\"https:\/\/www.eelabels.com\/de\/produkten\/fahrzeugetiketten\/#primaryimage\"},\"image\":{\"@id\":\"https:\/\/www.eelabels.com\/de\/produkten\/fahrzeugetiketten\/#primaryimage\"},\"thumbnailUrl\":\"https:\/\/www.eelabels.com\/wp-content\/uploads\/2020\/01\/autlabels.jpg\",\"datePublished\":\"2016-01-17T00:00:00+00:00\",\"dateModified\":\"2021-04-22T14:20:06+00:00\",\"description\":\"Etiketten f\u00fcr die Marke auf der Fu\u00dfmatte f\u00fcr einen zus\u00e4tzlichen Aufmerksamkeitswert. Fahrzeuglogos und Fahrzeugetiketten in jeder Form und jeder Gr\u00f6\u00dfe.\",\"breadcrumb\":{\"@id\":\"https:\/\/www.eelabels.com\/de\/produkten\/fahrzeugetiketten\/#breadcrumb\"},\"inLanguage\":\"de\",\"potentialAction\":[{\"@type\":\"ReadAction\",\"target\":[\"https:\/\/www.eelabels.com\/de\/produkten\/fahrzeugetiketten\/\"]}]},{\"@type\":\"ImageObject\",\"inLanguage\":\"de\",\"@id\":\"https:\/\/www.eelabels.com\/de\/produkten\/fahrzeugetiketten\/#primaryimage\",\"url\":\"https:\/\/www.eelabels.com\/wp-content\/uploads\/2020\/01\/autlabels.jpg\",\"contentUrl\":\"https:\/\/www.eelabels.com\/wp-content\/uploads\/2020\/01\/autlabels.jpg\",\"width\":1800,\"height\":473,\"caption\":\"autolabels\"},{\"@type\":\"BreadcrumbList\",\"@id\":\"https:\/\/www.eelabels.com\/de\/produkten\/fahrzeugetiketten\/#breadcrumb\",\"itemListElement\":[{\"@type\":\"ListItem\",\"position\":1,\"name\":\"Home\",\"item\":\"https:\/\/www.eelabels.com\/de\/\"},{\"@type\":\"ListItem\",\"position\":2,\"name\":\"Produkten\",\"item\":\"https:\/\/www.eelabels.com\/de\/produkten\/\"},{\"@type\":\"ListItem\",\"position\":3,\"name\":\"Fahrzeugetiketten\"}]},{\"@type\":\"WebSite\",\"@id\":\"https:\/\/www.eelabels.com\/#website\",\"url\":\"https:\/\/www.eelabels.com\/\",\"name\":\"EE Labels\",\"description\":\"Specialist in geweven labels, gedrukte labels, hangtags &amp; branding\",\"potentialAction\":[{\"@type\":\"SearchAction\",\"target\":{\"@type\":\"EntryPoint\",\"urlTemplate\":\"https:\/\/www.eelabels.com\/?s={search_term_string}\"},\"query-input\":{\"@type\":\"PropertyValueSpecification\",\"valueRequired\":true,\"valueName\":\"search_term_string\"}}],\"inLanguage\":\"de\"}]}<\/script>\n<!-- \/ Yoast SEO plugin. -->","yoast_head_json":{"title":"Fahrzeugetiketten - EE Labels","description":"Etiketten f\u00fcr die Marke auf der Fu\u00dfmatte f\u00fcr einen zus\u00e4tzlichen Aufmerksamkeitswert. Fahrzeuglogos und Fahrzeugetiketten in jeder Form und jeder Gr\u00f6\u00dfe.","robots":{"index":"index","follow":"follow","max-snippet":"max-snippet:-1","max-image-preview":"max-image-preview:large","max-video-preview":"max-video-preview:-1"},"canonical":"https:\/\/www.eelabels.com\/de\/produkten\/fahrzeugetiketten\/","og_locale":"de_DE","og_type":"article","og_title":"Fahrzeugetiketten - EE Labels","og_description":"Etiketten f\u00fcr die Marke auf der Fu\u00dfmatte f\u00fcr einen zus\u00e4tzlichen Aufmerksamkeitswert. Fahrzeuglogos und Fahrzeugetiketten in jeder Form und jeder Gr\u00f6\u00dfe.","og_url":"https:\/\/www.eelabels.com\/de\/produkten\/fahrzeugetiketten\/","og_site_name":"EE Labels","article_modified_time":"2021-04-22T14:20:06+00:00","og_image":[{"width":1800,"height":473,"url":"https:\/\/www.eelabels.com\/wp-content\/uploads\/2020\/01\/autlabels.jpg","type":"image\/jpeg"}],"twitter_card":"summary_large_image","schema":{"@context":"https:\/\/schema.org","@graph":[{"@type":"WebPage","@id":"https:\/\/www.eelabels.com\/de\/produkten\/fahrzeugetiketten\/","url":"https:\/\/www.eelabels.com\/de\/produkten\/fahrzeugetiketten\/","name":"Fahrzeugetiketten - EE Labels","isPartOf":{"@id":"https:\/\/www.eelabels.com\/#website"},"primaryImageOfPage":{"@id":"https:\/\/www.eelabels.com\/de\/produkten\/fahrzeugetiketten\/#primaryimage"},"image":{"@id":"https:\/\/www.eelabels.com\/de\/produkten\/fahrzeugetiketten\/#primaryimage"},"thumbnailUrl":"https:\/\/www.eelabels.com\/wp-content\/uploads\/2020\/01\/autlabels.jpg","datePublished":"2016-01-17T00:00:00+00:00","dateModified":"2021-04-22T14:20:06+00:00","description":"Etiketten f\u00fcr die Marke auf der Fu\u00dfmatte f\u00fcr einen zus\u00e4tzlichen Aufmerksamkeitswert. Fahrzeuglogos und Fahrzeugetiketten in jeder Form und jeder Gr\u00f6\u00dfe.","breadcrumb":{"@id":"https:\/\/www.eelabels.com\/de\/produkten\/fahrzeugetiketten\/#breadcrumb"},"inLanguage":"de","potentialAction":[{"@type":"ReadAction","target":["https:\/\/www.eelabels.com\/de\/produkten\/fahrzeugetiketten\/"]}]},{"@type":"ImageObject","inLanguage":"de","@id":"https:\/\/www.eelabels.com\/de\/produkten\/fahrzeugetiketten\/#primaryimage","url":"https:\/\/www.eelabels.com\/wp-content\/uploads\/2020\/01\/autlabels.jpg","contentUrl":"https:\/\/www.eelabels.com\/wp-content\/uploads\/2020\/01\/autlabels.jpg","width":1800,"height":473,"caption":"autolabels"},{"@type":"BreadcrumbList","@id":"https:\/\/www.eelabels.com\/de\/produkten\/fahrzeugetiketten\/#breadcrumb","itemListElement":[{"@type":"ListItem","position":1,"name":"Home","item":"https:\/\/www.eelabels.com\/de\/"},{"@type":"ListItem","position":2,"name":"Produkten","item":"https:\/\/www.eelabels.com\/de\/produkten\/"},{"@type":"ListItem","position":3,"name":"Fahrzeugetiketten"}]},{"@type":"WebSite","@id":"https:\/\/www.eelabels.com\/#website","url":"https:\/\/www.eelabels.com\/","name":"EE Labels","description":"Specialist in geweven labels, gedrukte labels, hangtags &amp; branding","potentialAction":[{"@type":"SearchAction","target":{"@type":"EntryPoint","urlTemplate":"https:\/\/www.eelabels.com\/?s={search_term_string}"},"query-input":{"@type":"PropertyValueSpecification","valueRequired":true,"valueName":"search_term_string"}}],"inLanguage":"de"}]}},"_links":{"self":[{"href":"https:\/\/www.eelabels.com\/de\/wp-json\/wp\/v2\/pages\/12538","targetHints":{"allow":["GET"]}}],"collection":[{"href":"https:\/\/www.eelabels.com\/de\/wp-json\/wp\/v2\/pages"}],"about":[{"href":"https:\/\/www.eelabels.com\/de\/wp-json\/wp\/v2\/types\/page"}],"author":[{"embeddable":true,"href":"https:\/\/www.eelabels.com\/de\/wp-json\/wp\/v2\/users\/1"}],"replies":[{"embeddable":true,"href":"https:\/\/www.eelabels.com\/de\/wp-json\/wp\/v2\/comments?post=12538"}],"version-history":[{"count":8,"href":"https:\/\/www.eelabels.com\/de\/wp-json\/wp\/v2\/pages\/12538\/revisions"}],"predecessor-version":[{"id":20162,"href":"https:\/\/www.eelabels.com\/de\/wp-json\/wp\/v2\/pages\/12538\/revisions\/20162"}],"up":[{"embeddable":true,"href":"https:\/\/www.eelabels.com\/de\/wp-json\/wp\/v2\/pages\/13631"}],"wp:featuredmedia":[{"embeddable":true,"href":"https:\/\/www.eelabels.com\/de\/wp-json\/wp\/v2\/media\/17102"}],"wp:attachment":[{"href":"https:\/\/www.eelabels.com\/de\/wp-json\/wp\/v2\/media?parent=12538"}],"curies":[{"name":"wp","href":"https:\/\/api.w.org\/{rel}","templated":true}]}}