{"id":12539,"date":"2016-01-17T00:00:00","date_gmt":"2016-01-17T00:00:00","guid":{"rendered":"https:\/\/www.eelabels.combioetiketten\/"},"modified":"2022-03-17T14:26:49","modified_gmt":"2022-03-17T14:26:49","slug":"bio-baumwolle-etiketten","status":"publish","type":"page","link":"https:\/\/www.eelabels.com\/de\/produkten\/bio-baumwolle-etiketten\/","title":{"rendered":"Bio-Baumwolle Etiketten"},"content":{"rendered":"<h1>Bio-Baumwolle Etiketten<\/h1>\n<p>Sie suchen nach Bio-Etiketten f\u00fcr Ihre Marke? F\u00fcr Produkte aus Baumwolle, Leinen, Wolle oder einem anderen nat\u00fcrlichen Material ist ein Bio-Baumwollsiegel die beste Wahl. Sowohl bedruckte als auch gewebte Etiketten k\u00f6nnen bei EE aus Bio-Baumwolle mit GOTS-Zertifizierung bestellt werden. Polyester-Produkt? Dann w\u00e4hlen Sie Etiketten aus recyceltem PET.<\/p>\n<p>Die Nachfrage nach Bio-Siegeln nimmt zu. Nachhaltigkeit und soziale Verantwortung der Unternehmen sind ein Muss. Wenn Sie ein Kleidungsst\u00fcck oder ein anderes Textilerzeugnis als Bio-Produkt verkaufen wollen, sollte das Markenzeichen ebenso \u00f6kologisch verantwortungsvoll sein. EE Labels hilft Ihnen bei der Entwicklung eines monomateriellen Produkts. Geben Sie Ihrem biologisch erzeugten Produkt ein passendes Etikett. Mit einem Markenetikett aus Bio-Baumwolle, mit einem gewebten oder gedruckten Logo.<\/p>\n","protected":false},"excerpt":{"rendered":"<p>Bio-Baumwolle Etiketten Sie suchen nach Bio-Etiketten f\u00fcr Ihre Marke? F\u00fcr Produkte aus Baumwolle, Leinen, Wolle oder einem anderen nat\u00fcrlichen Material ist ein Bio-Baumwollsiegel die beste Wahl. Sowohl bedruckte als auch gewebte Etiketten k\u00f6nnen bei EE aus Bio-Baumwolle mit GOTS-Zertifizierung bestellt werden. Polyester-Produkt? Dann w\u00e4hlen Sie Etiketten aus recyceltem PET. Die Nachfrage nach Bio-Siegeln nimmt zu. [&#8230;]<\/p>\n<p><a class=\"btn btn-dark understrap-read-more-link\" href=\"https:\/\/www.eelabels.com\/de\/produkten\/bio-baumwolle-etiketten\/\">Weiterlesen\u00a0\u2026<span class=\"screen-reader-text\"> from Bio-Baumwolle Etiketten<\/span><\/a><\/p>\n","protected":false},"author":1,"featured_media":21691,"parent":13631,"menu_order":0,"comment_status":"open","ping_status":"open","template":"template-custom\/product-single-menu.php","meta":{"_acf_changed":false,"footnotes":""},"class_list":["post-12539","page","type-page","status-publish","has-post-thumbnail","hentry"],"acf":[],"yoast_head":"<!-- This site is optimized with the Yoast SEO plugin v27.5 - https:\/\/yoast.com\/product\/yoast-seo-wordpress\/ -->\n<title>Bio-Baumwolle Etiketten - EE Labels<\/title>\n<meta name=\"description\" content=\"Bio-Baumwolle Etiketten mit GOTS-Zertifikat das OEKOTEX-label. Nachhaltigkeit ist einer unserer Grundwerte. Nachhaltige Etiketten ab 250 St\u00fcck bestellen &gt;\" \/>\n<meta name=\"robots\" content=\"index, follow, max-snippet:-1, max-image-preview:large, max-video-preview:-1\" \/>\n<link rel=\"canonical\" href=\"https:\/\/www.eelabels.com\/de\/produkten\/bio-baumwolle-etiketten\/\" \/>\n<meta property=\"og:locale\" content=\"de_DE\" \/>\n<meta property=\"og:type\" content=\"article\" \/>\n<meta property=\"og:title\" content=\"Bio-Baumwolle Etiketten - EE Labels\" \/>\n<meta property=\"og:description\" content=\"Bio-Baumwolle Etiketten mit GOTS-Zertifikat das OEKOTEX-label. Nachhaltigkeit ist einer unserer Grundwerte. Nachhaltige Etiketten ab 250 St\u00fcck bestellen &gt;\" \/>\n<meta property=\"og:url\" content=\"https:\/\/www.eelabels.com\/de\/produkten\/bio-baumwolle-etiketten\/\" \/>\n<meta property=\"og:site_name\" content=\"EE Labels\" \/>\n<meta property=\"article:modified_time\" content=\"2022-03-17T14:26:49+00:00\" \/>\n<meta property=\"og:image\" content=\"https:\/\/www.eelabels.com\/wp-content\/uploads\/2022\/03\/GOTS-LOGO-LABELS.jpg\" \/>\n\t<meta property=\"og:image:width\" content=\"2000\" \/>\n\t<meta property=\"og:image:height\" content=\"1125\" \/>\n\t<meta property=\"og:image:type\" content=\"image\/jpeg\" \/>\n<meta name=\"twitter:card\" content=\"summary_large_image\" \/>\n<meta name=\"twitter:label1\" content=\"Gesch\u00e4tzte Lesezeit\" \/>\n\t<meta name=\"twitter:data1\" content=\"1\u00a0Minute\" \/>\n<script type=\"application\/ld+json\" class=\"yoast-schema-graph\">{\"@context\":\"https:\\\/\\\/schema.org\",\"@graph\":[{\"@type\":\"WebPage\",\"@id\":\"https:\\\/\\\/www.eelabels.com\\\/de\\\/produkten\\\/bio-baumwolle-etiketten\\\/\",\"url\":\"https:\\\/\\\/www.eelabels.com\\\/de\\\/produkten\\\/bio-baumwolle-etiketten\\\/\",\"name\":\"Bio-Baumwolle Etiketten - EE Labels\",\"isPartOf\":{\"@id\":\"https:\\\/\\\/www.eelabels.com\\\/#website\"},\"primaryImageOfPage\":{\"@id\":\"https:\\\/\\\/www.eelabels.com\\\/de\\\/produkten\\\/bio-baumwolle-etiketten\\\/#primaryimage\"},\"image\":{\"@id\":\"https:\\\/\\\/www.eelabels.com\\\/de\\\/produkten\\\/bio-baumwolle-etiketten\\\/#primaryimage\"},\"thumbnailUrl\":\"https:\\\/\\\/www.eelabels.com\\\/wp-content\\\/uploads\\\/2022\\\/03\\\/GOTS-LOGO-LABELS.jpg\",\"datePublished\":\"2016-01-17T00:00:00+00:00\",\"dateModified\":\"2022-03-17T14:26:49+00:00\",\"description\":\"Bio-Baumwolle Etiketten mit GOTS-Zertifikat das OEKOTEX-label. Nachhaltigkeit ist einer unserer Grundwerte. Nachhaltige Etiketten ab 250 St\u00fcck bestellen >\",\"breadcrumb\":{\"@id\":\"https:\\\/\\\/www.eelabels.com\\\/de\\\/produkten\\\/bio-baumwolle-etiketten\\\/#breadcrumb\"},\"inLanguage\":\"de\",\"potentialAction\":[{\"@type\":\"ReadAction\",\"target\":[\"https:\\\/\\\/www.eelabels.com\\\/de\\\/produkten\\\/bio-baumwolle-etiketten\\\/\"]}]},{\"@type\":\"ImageObject\",\"inLanguage\":\"de\",\"@id\":\"https:\\\/\\\/www.eelabels.com\\\/de\\\/produkten\\\/bio-baumwolle-etiketten\\\/#primaryimage\",\"url\":\"https:\\\/\\\/www.eelabels.com\\\/wp-content\\\/uploads\\\/2022\\\/03\\\/GOTS-LOGO-LABELS.jpg\",\"contentUrl\":\"https:\\\/\\\/www.eelabels.com\\\/wp-content\\\/uploads\\\/2022\\\/03\\\/GOTS-LOGO-LABELS.jpg\",\"width\":2000,\"height\":1125,\"caption\":\"Bio Labels\"},{\"@type\":\"BreadcrumbList\",\"@id\":\"https:\\\/\\\/www.eelabels.com\\\/de\\\/produkten\\\/bio-baumwolle-etiketten\\\/#breadcrumb\",\"itemListElement\":[{\"@type\":\"ListItem\",\"position\":1,\"name\":\"Home\",\"item\":\"https:\\\/\\\/www.eelabels.com\\\/de\\\/\"},{\"@type\":\"ListItem\",\"position\":2,\"name\":\"Produkten\",\"item\":\"https:\\\/\\\/www.eelabels.com\\\/de\\\/produkten\\\/\"},{\"@type\":\"ListItem\",\"position\":3,\"name\":\"Bio-Baumwolle Etiketten\"}]},{\"@type\":\"WebSite\",\"@id\":\"https:\\\/\\\/www.eelabels.com\\\/#website\",\"url\":\"https:\\\/\\\/www.eelabels.com\\\/\",\"name\":\"EE Labels\",\"description\":\"Specialist in geweven labels, gedrukte labels, hangtags &amp; branding\",\"potentialAction\":[{\"@type\":\"SearchAction\",\"target\":{\"@type\":\"EntryPoint\",\"urlTemplate\":\"https:\\\/\\\/www.eelabels.com\\\/?s={search_term_string}\"},\"query-input\":{\"@type\":\"PropertyValueSpecification\",\"valueRequired\":true,\"valueName\":\"search_term_string\"}}],\"inLanguage\":\"de\"}]}<\/script>\n<!-- \/ Yoast SEO plugin. -->","yoast_head_json":{"title":"Bio-Baumwolle Etiketten - EE Labels","description":"Bio-Baumwolle Etiketten mit GOTS-Zertifikat das OEKOTEX-label. Nachhaltigkeit ist einer unserer Grundwerte. Nachhaltige Etiketten ab 250 St\u00fcck bestellen >","robots":{"index":"index","follow":"follow","max-snippet":"max-snippet:-1","max-image-preview":"max-image-preview:large","max-video-preview":"max-video-preview:-1"},"canonical":"https:\/\/www.eelabels.com\/de\/produkten\/bio-baumwolle-etiketten\/","og_locale":"de_DE","og_type":"article","og_title":"Bio-Baumwolle Etiketten - EE Labels","og_description":"Bio-Baumwolle Etiketten mit GOTS-Zertifikat das OEKOTEX-label. Nachhaltigkeit ist einer unserer Grundwerte. Nachhaltige Etiketten ab 250 St\u00fcck bestellen >","og_url":"https:\/\/www.eelabels.com\/de\/produkten\/bio-baumwolle-etiketten\/","og_site_name":"EE Labels","article_modified_time":"2022-03-17T14:26:49+00:00","og_image":[{"width":2000,"height":1125,"url":"https:\/\/www.eelabels.com\/wp-content\/uploads\/2022\/03\/GOTS-LOGO-LABELS.jpg","type":"image\/jpeg"}],"twitter_card":"summary_large_image","twitter_misc":{"Gesch\u00e4tzte Lesezeit":"1\u00a0Minute"},"schema":{"@context":"https:\/\/schema.org","@graph":[{"@type":"WebPage","@id":"https:\/\/www.eelabels.com\/de\/produkten\/bio-baumwolle-etiketten\/","url":"https:\/\/www.eelabels.com\/de\/produkten\/bio-baumwolle-etiketten\/","name":"Bio-Baumwolle Etiketten - EE Labels","isPartOf":{"@id":"https:\/\/www.eelabels.com\/#website"},"primaryImageOfPage":{"@id":"https:\/\/www.eelabels.com\/de\/produkten\/bio-baumwolle-etiketten\/#primaryimage"},"image":{"@id":"https:\/\/www.eelabels.com\/de\/produkten\/bio-baumwolle-etiketten\/#primaryimage"},"thumbnailUrl":"https:\/\/www.eelabels.com\/wp-content\/uploads\/2022\/03\/GOTS-LOGO-LABELS.jpg","datePublished":"2016-01-17T00:00:00+00:00","dateModified":"2022-03-17T14:26:49+00:00","description":"Bio-Baumwolle Etiketten mit GOTS-Zertifikat das OEKOTEX-label. Nachhaltigkeit ist einer unserer Grundwerte. Nachhaltige Etiketten ab 250 St\u00fcck bestellen >","breadcrumb":{"@id":"https:\/\/www.eelabels.com\/de\/produkten\/bio-baumwolle-etiketten\/#breadcrumb"},"inLanguage":"de","potentialAction":[{"@type":"ReadAction","target":["https:\/\/www.eelabels.com\/de\/produkten\/bio-baumwolle-etiketten\/"]}]},{"@type":"ImageObject","inLanguage":"de","@id":"https:\/\/www.eelabels.com\/de\/produkten\/bio-baumwolle-etiketten\/#primaryimage","url":"https:\/\/www.eelabels.com\/wp-content\/uploads\/2022\/03\/GOTS-LOGO-LABELS.jpg","contentUrl":"https:\/\/www.eelabels.com\/wp-content\/uploads\/2022\/03\/GOTS-LOGO-LABELS.jpg","width":2000,"height":1125,"caption":"Bio Labels"},{"@type":"BreadcrumbList","@id":"https:\/\/www.eelabels.com\/de\/produkten\/bio-baumwolle-etiketten\/#breadcrumb","itemListElement":[{"@type":"ListItem","position":1,"name":"Home","item":"https:\/\/www.eelabels.com\/de\/"},{"@type":"ListItem","position":2,"name":"Produkten","item":"https:\/\/www.eelabels.com\/de\/produkten\/"},{"@type":"ListItem","position":3,"name":"Bio-Baumwolle Etiketten"}]},{"@type":"WebSite","@id":"https:\/\/www.eelabels.com\/#website","url":"https:\/\/www.eelabels.com\/","name":"EE Labels","description":"Specialist in geweven labels, gedrukte labels, hangtags &amp; branding","potentialAction":[{"@type":"SearchAction","target":{"@type":"EntryPoint","urlTemplate":"https:\/\/www.eelabels.com\/?s={search_term_string}"},"query-input":{"@type":"PropertyValueSpecification","valueRequired":true,"valueName":"search_term_string"}}],"inLanguage":"de"}]}},"_links":{"self":[{"href":"https:\/\/www.eelabels.com\/de\/wp-json\/wp\/v2\/pages\/12539","targetHints":{"allow":["GET"]}}],"collection":[{"href":"https:\/\/www.eelabels.com\/de\/wp-json\/wp\/v2\/pages"}],"about":[{"href":"https:\/\/www.eelabels.com\/de\/wp-json\/wp\/v2\/types\/page"}],"author":[{"embeddable":true,"href":"https:\/\/www.eelabels.com\/de\/wp-json\/wp\/v2\/users\/1"}],"replies":[{"embeddable":true,"href":"https:\/\/www.eelabels.com\/de\/wp-json\/wp\/v2\/comments?post=12539"}],"version-history":[{"count":15,"href":"https:\/\/www.eelabels.com\/de\/wp-json\/wp\/v2\/pages\/12539\/revisions"}],"predecessor-version":[{"id":21800,"href":"https:\/\/www.eelabels.com\/de\/wp-json\/wp\/v2\/pages\/12539\/revisions\/21800"}],"up":[{"embeddable":true,"href":"https:\/\/www.eelabels.com\/de\/wp-json\/wp\/v2\/pages\/13631"}],"wp:featuredmedia":[{"embeddable":true,"href":"https:\/\/www.eelabels.com\/de\/wp-json\/wp\/v2\/media\/21691"}],"wp:attachment":[{"href":"https:\/\/www.eelabels.com\/de\/wp-json\/wp\/v2\/media?parent=12539"}],"curies":[{"name":"wp","href":"https:\/\/api.w.org\/{rel}","templated":true}]}}