{"id":12541,"date":"2016-01-18T00:00:00","date_gmt":"2016-01-18T00:00:00","guid":{"rendered":"https:\/\/www.eelabels.comgewebte-embleme\/"},"modified":"2025-03-14T14:23:43","modified_gmt":"2025-03-14T14:23:43","slug":"gewebte-embleme","status":"publish","type":"page","link":"https:\/\/www.eelabels.com\/de\/produkten\/gewebte-embleme\/","title":{"rendered":"Gewebte Embleme"},"content":{"rendered":"<h1>Gewebte Embleme f\u00fcr ein Logo<\/h1>\n<p>Gewebte Embleme von EE Labels sind eine viel sch\u00f6nere Alternative f\u00fcr die Markendarstellung auf Kleidungsst\u00fccken als im Siebdruckverfahren bedruckte Embleme. Gewebte Embleme verleihen Ihrem Logo die perfekte Wirkung auf Ihrer Kleidung.<\/p>\n<p style=\"text-align: left;\"><a class=\"cta-button cta-button-small\" href=\"https:\/\/www.eelabels.com\/de\/angebot-anfordern\/\">Angebot anfragen<\/a><\/p>\n","protected":false},"excerpt":{"rendered":"<p>Gewebte Embleme f\u00fcr ein Logo Gewebte Embleme von EE Labels sind eine viel sch\u00f6nere Alternative f\u00fcr die Markendarstellung auf Kleidungsst\u00fccken als im Siebdruckverfahren bedruckte Embleme. Gewebte Embleme verleihen Ihrem Logo die perfekte Wirkung auf Ihrer Kleidung. Angebot anfragen [&#8230;]<\/p>\n<p><a class=\"btn btn-dark understrap-read-more-link\" href=\"https:\/\/www.eelabels.com\/de\/produkten\/gewebte-embleme\/\">Weiterlesen\u00a0\u2026<span class=\"screen-reader-text\"> from Gewebte Embleme<\/span><\/a><\/p>\n","protected":false},"author":1,"featured_media":16849,"parent":13631,"menu_order":0,"comment_status":"open","ping_status":"open","template":"","meta":{"_acf_changed":false,"footnotes":""},"class_list":["post-12541","page","type-page","status-publish","has-post-thumbnail","hentry"],"acf":[],"yoast_head":"<!-- This site is optimized with the Yoast SEO plugin v24.6 - https:\/\/yoast.com\/wordpress\/plugins\/seo\/ -->\n<title>Gewebte Embleme - EE Labels<\/title>\n<meta name=\"description\" content=\"Gewebte Embleme f\u00fcr die Markendarstellung auf Kleidungsst\u00fccken. Gewebte Embleme verleihen Ihrem Logo die perfekte Wirkung auf Ihrer Kleidung. Ab 100 St\u00fcck &gt;\" \/>\n<meta name=\"robots\" content=\"index, follow, max-snippet:-1, max-image-preview:large, max-video-preview:-1\" \/>\n<link rel=\"canonical\" href=\"https:\/\/www.eelabels.com\/de\/produkten\/gewebte-embleme\/\" \/>\n<meta property=\"og:locale\" content=\"de_DE\" \/>\n<meta property=\"og:type\" content=\"article\" \/>\n<meta property=\"og:title\" content=\"Gewebte Embleme - EE Labels\" \/>\n<meta property=\"og:description\" content=\"Gewebte Embleme f\u00fcr die Markendarstellung auf Kleidungsst\u00fccken. Gewebte Embleme verleihen Ihrem Logo die perfekte Wirkung auf Ihrer Kleidung. Ab 100 St\u00fcck &gt;\" \/>\n<meta property=\"og:url\" content=\"https:\/\/www.eelabels.com\/de\/produkten\/gewebte-embleme\/\" \/>\n<meta property=\"og:site_name\" content=\"EE Labels\" \/>\n<meta property=\"article:modified_time\" content=\"2025-03-14T14:23:43+00:00\" \/>\n<meta property=\"og:image\" content=\"https:\/\/www.eelabels.com\/wp-content\/uploads\/2019\/10\/woven_patch_ee-labels.jpg\" \/>\n\t<meta property=\"og:image:width\" content=\"1800\" \/>\n\t<meta property=\"og:image:height\" content=\"473\" \/>\n\t<meta property=\"og:image:type\" content=\"image\/jpeg\" \/>\n<meta name=\"twitter:card\" content=\"summary_large_image\" \/>\n<meta name=\"twitter:label1\" content=\"Gesch\u00e4tzte Lesezeit\" \/>\n\t<meta name=\"twitter:data1\" content=\"1\u00a0Minute\" \/>\n<script type=\"application\/ld+json\" class=\"yoast-schema-graph\">{\"@context\":\"https:\/\/schema.org\",\"@graph\":[{\"@type\":\"WebPage\",\"@id\":\"https:\/\/www.eelabels.com\/de\/produkten\/gewebte-embleme\/\",\"url\":\"https:\/\/www.eelabels.com\/de\/produkten\/gewebte-embleme\/\",\"name\":\"Gewebte Embleme - EE Labels\",\"isPartOf\":{\"@id\":\"https:\/\/www.eelabels.com\/#website\"},\"primaryImageOfPage\":{\"@id\":\"https:\/\/www.eelabels.com\/de\/produkten\/gewebte-embleme\/#primaryimage\"},\"image\":{\"@id\":\"https:\/\/www.eelabels.com\/de\/produkten\/gewebte-embleme\/#primaryimage\"},\"thumbnailUrl\":\"https:\/\/www.eelabels.com\/wp-content\/uploads\/2019\/10\/woven_patch_ee-labels.jpg\",\"datePublished\":\"2016-01-18T00:00:00+00:00\",\"dateModified\":\"2025-03-14T14:23:43+00:00\",\"description\":\"Gewebte Embleme f\u00fcr die Markendarstellung auf Kleidungsst\u00fccken. Gewebte Embleme verleihen Ihrem Logo die perfekte Wirkung auf Ihrer Kleidung. Ab 100 St\u00fcck >\",\"breadcrumb\":{\"@id\":\"https:\/\/www.eelabels.com\/de\/produkten\/gewebte-embleme\/#breadcrumb\"},\"inLanguage\":\"de\",\"potentialAction\":[{\"@type\":\"ReadAction\",\"target\":[\"https:\/\/www.eelabels.com\/de\/produkten\/gewebte-embleme\/\"]}]},{\"@type\":\"ImageObject\",\"inLanguage\":\"de\",\"@id\":\"https:\/\/www.eelabels.com\/de\/produkten\/gewebte-embleme\/#primaryimage\",\"url\":\"https:\/\/www.eelabels.com\/wp-content\/uploads\/2019\/10\/woven_patch_ee-labels.jpg\",\"contentUrl\":\"https:\/\/www.eelabels.com\/wp-content\/uploads\/2019\/10\/woven_patch_ee-labels.jpg\",\"width\":1800,\"height\":473,\"caption\":\"geweven in nederland\"},{\"@type\":\"BreadcrumbList\",\"@id\":\"https:\/\/www.eelabels.com\/de\/produkten\/gewebte-embleme\/#breadcrumb\",\"itemListElement\":[{\"@type\":\"ListItem\",\"position\":1,\"name\":\"Home\",\"item\":\"https:\/\/www.eelabels.com\/de\/\"},{\"@type\":\"ListItem\",\"position\":2,\"name\":\"Produkten\",\"item\":\"https:\/\/www.eelabels.com\/de\/produkten\/\"},{\"@type\":\"ListItem\",\"position\":3,\"name\":\"Gewebte Embleme\"}]},{\"@type\":\"WebSite\",\"@id\":\"https:\/\/www.eelabels.com\/#website\",\"url\":\"https:\/\/www.eelabels.com\/\",\"name\":\"EE Labels\",\"description\":\"Specialist in geweven labels, gedrukte labels, hangtags &amp; branding\",\"potentialAction\":[{\"@type\":\"SearchAction\",\"target\":{\"@type\":\"EntryPoint\",\"urlTemplate\":\"https:\/\/www.eelabels.com\/?s={search_term_string}\"},\"query-input\":{\"@type\":\"PropertyValueSpecification\",\"valueRequired\":true,\"valueName\":\"search_term_string\"}}],\"inLanguage\":\"de\"}]}<\/script>\n<!-- \/ Yoast SEO plugin. -->","yoast_head_json":{"title":"Gewebte Embleme - EE Labels","description":"Gewebte Embleme f\u00fcr die Markendarstellung auf Kleidungsst\u00fccken. Gewebte Embleme verleihen Ihrem Logo die perfekte Wirkung auf Ihrer Kleidung. Ab 100 St\u00fcck >","robots":{"index":"index","follow":"follow","max-snippet":"max-snippet:-1","max-image-preview":"max-image-preview:large","max-video-preview":"max-video-preview:-1"},"canonical":"https:\/\/www.eelabels.com\/de\/produkten\/gewebte-embleme\/","og_locale":"de_DE","og_type":"article","og_title":"Gewebte Embleme - EE Labels","og_description":"Gewebte Embleme f\u00fcr die Markendarstellung auf Kleidungsst\u00fccken. Gewebte Embleme verleihen Ihrem Logo die perfekte Wirkung auf Ihrer Kleidung. Ab 100 St\u00fcck >","og_url":"https:\/\/www.eelabels.com\/de\/produkten\/gewebte-embleme\/","og_site_name":"EE Labels","article_modified_time":"2025-03-14T14:23:43+00:00","og_image":[{"width":1800,"height":473,"url":"https:\/\/www.eelabels.com\/wp-content\/uploads\/2019\/10\/woven_patch_ee-labels.jpg","type":"image\/jpeg"}],"twitter_card":"summary_large_image","twitter_misc":{"Gesch\u00e4tzte Lesezeit":"1\u00a0Minute"},"schema":{"@context":"https:\/\/schema.org","@graph":[{"@type":"WebPage","@id":"https:\/\/www.eelabels.com\/de\/produkten\/gewebte-embleme\/","url":"https:\/\/www.eelabels.com\/de\/produkten\/gewebte-embleme\/","name":"Gewebte Embleme - EE Labels","isPartOf":{"@id":"https:\/\/www.eelabels.com\/#website"},"primaryImageOfPage":{"@id":"https:\/\/www.eelabels.com\/de\/produkten\/gewebte-embleme\/#primaryimage"},"image":{"@id":"https:\/\/www.eelabels.com\/de\/produkten\/gewebte-embleme\/#primaryimage"},"thumbnailUrl":"https:\/\/www.eelabels.com\/wp-content\/uploads\/2019\/10\/woven_patch_ee-labels.jpg","datePublished":"2016-01-18T00:00:00+00:00","dateModified":"2025-03-14T14:23:43+00:00","description":"Gewebte Embleme f\u00fcr die Markendarstellung auf Kleidungsst\u00fccken. Gewebte Embleme verleihen Ihrem Logo die perfekte Wirkung auf Ihrer Kleidung. Ab 100 St\u00fcck >","breadcrumb":{"@id":"https:\/\/www.eelabels.com\/de\/produkten\/gewebte-embleme\/#breadcrumb"},"inLanguage":"de","potentialAction":[{"@type":"ReadAction","target":["https:\/\/www.eelabels.com\/de\/produkten\/gewebte-embleme\/"]}]},{"@type":"ImageObject","inLanguage":"de","@id":"https:\/\/www.eelabels.com\/de\/produkten\/gewebte-embleme\/#primaryimage","url":"https:\/\/www.eelabels.com\/wp-content\/uploads\/2019\/10\/woven_patch_ee-labels.jpg","contentUrl":"https:\/\/www.eelabels.com\/wp-content\/uploads\/2019\/10\/woven_patch_ee-labels.jpg","width":1800,"height":473,"caption":"geweven in nederland"},{"@type":"BreadcrumbList","@id":"https:\/\/www.eelabels.com\/de\/produkten\/gewebte-embleme\/#breadcrumb","itemListElement":[{"@type":"ListItem","position":1,"name":"Home","item":"https:\/\/www.eelabels.com\/de\/"},{"@type":"ListItem","position":2,"name":"Produkten","item":"https:\/\/www.eelabels.com\/de\/produkten\/"},{"@type":"ListItem","position":3,"name":"Gewebte Embleme"}]},{"@type":"WebSite","@id":"https:\/\/www.eelabels.com\/#website","url":"https:\/\/www.eelabels.com\/","name":"EE Labels","description":"Specialist in geweven labels, gedrukte labels, hangtags &amp; branding","potentialAction":[{"@type":"SearchAction","target":{"@type":"EntryPoint","urlTemplate":"https:\/\/www.eelabels.com\/?s={search_term_string}"},"query-input":{"@type":"PropertyValueSpecification","valueRequired":true,"valueName":"search_term_string"}}],"inLanguage":"de"}]}},"_links":{"self":[{"href":"https:\/\/www.eelabels.com\/de\/wp-json\/wp\/v2\/pages\/12541","targetHints":{"allow":["GET"]}}],"collection":[{"href":"https:\/\/www.eelabels.com\/de\/wp-json\/wp\/v2\/pages"}],"about":[{"href":"https:\/\/www.eelabels.com\/de\/wp-json\/wp\/v2\/types\/page"}],"author":[{"embeddable":true,"href":"https:\/\/www.eelabels.com\/de\/wp-json\/wp\/v2\/users\/1"}],"replies":[{"embeddable":true,"href":"https:\/\/www.eelabels.com\/de\/wp-json\/wp\/v2\/comments?post=12541"}],"version-history":[{"count":10,"href":"https:\/\/www.eelabels.com\/de\/wp-json\/wp\/v2\/pages\/12541\/revisions"}],"predecessor-version":[{"id":25598,"href":"https:\/\/www.eelabels.com\/de\/wp-json\/wp\/v2\/pages\/12541\/revisions\/25598"}],"up":[{"embeddable":true,"href":"https:\/\/www.eelabels.com\/de\/wp-json\/wp\/v2\/pages\/13631"}],"wp:featuredmedia":[{"embeddable":true,"href":"https:\/\/www.eelabels.com\/de\/wp-json\/wp\/v2\/media\/16849"}],"wp:attachment":[{"href":"https:\/\/www.eelabels.com\/de\/wp-json\/wp\/v2\/media?parent=12541"}],"curies":[{"name":"wp","href":"https:\/\/api.w.org\/{rel}","templated":true}]}}