{"id":12551,"date":"2016-01-18T00:00:00","date_gmt":"2016-01-18T00:00:00","guid":{"rendered":"https:\/\/www.eelabels.commetalletiketten\/"},"modified":"2021-04-22T14:32:25","modified_gmt":"2021-04-22T14:32:25","slug":"metalletiketten","status":"publish","type":"page","link":"https:\/\/www.eelabels.com\/de\/produkten\/metalletiketten\/","title":{"rendered":"Metalletiketten"},"content":{"rendered":"<h1>Metalletiketten<\/h1>\n<p>Ein Metalletikett ist eine gute Erg\u00e4nzung\u00a0zu einem\u00a0Lederetikett oder gewebten Etikett. Ein Metalletikett verleiht ihrem Kleidungsst\u00fcck genau die etwas andere Ausstrahlung, die Ihre Marke m\u00f6glicherweise ben\u00f6tigt.<\/p>\n<p>Es kann als zus\u00e4tzliches Item an einem Anh\u00e4ngek\u00e4rtchen befestigt, aber auch direkt auf einem Kleidungsst\u00fcck oder einem anderen Endprodukt eingen\u00e4ht werden.<\/p>\n<p style=\"text-align: center;\"><a class=\"cta-button cta-button-big gold\" href=\"https:\/\/www.eelabels.com\/de\/angebot-anfordern\/\">Angebot anfragen<\/a><\/p>\n","protected":false},"excerpt":{"rendered":"<p>Metalletiketten Ein Metalletikett ist eine gute Erg\u00e4nzung\u00a0zu einem\u00a0Lederetikett oder gewebten Etikett. Ein Metalletikett verleiht ihrem Kleidungsst\u00fcck genau die etwas andere Ausstrahlung, die Ihre Marke m\u00f6glicherweise ben\u00f6tigt. Es kann als zus\u00e4tzliches Item an einem Anh\u00e4ngek\u00e4rtchen befestigt, aber auch direkt auf einem Kleidungsst\u00fcck oder einem anderen Endprodukt eingen\u00e4ht werden. Angebot anfragen [&#8230;]<\/p>\n<p><a class=\"btn btn-dark understrap-read-more-link\" href=\"https:\/\/www.eelabels.com\/de\/produkten\/metalletiketten\/\">Weiterlesen\u00a0\u2026<span class=\"screen-reader-text\"> from Metalletiketten<\/span><\/a><\/p>\n","protected":false},"author":1,"featured_media":16971,"parent":13631,"menu_order":0,"comment_status":"open","ping_status":"open","template":"template-custom\/product-single-menu.php","meta":{"_acf_changed":false,"footnotes":""},"class_list":["post-12551","page","type-page","status-publish","has-post-thumbnail","hentry"],"acf":[],"yoast_head":"<!-- This site is optimized with the Yoast SEO plugin v27.5 - https:\/\/yoast.com\/product\/yoast-seo-wordpress\/ -->\n<title>Metalletiketten - EE Labels<\/title>\n<meta name=\"description\" content=\"Ein Metalletikett mit Logo bestellen? Ein Metalletikett verleiht ihrem Kleidungsst\u00fcck genau die etwas andere Ausstrahlung. Ab 500 St\u00fcck &gt;\" \/>\n<meta name=\"robots\" content=\"index, follow, max-snippet:-1, max-image-preview:large, max-video-preview:-1\" \/>\n<link rel=\"canonical\" href=\"https:\/\/www.eelabels.com\/de\/produkten\/metalletiketten\/\" \/>\n<meta property=\"og:locale\" content=\"de_DE\" \/>\n<meta property=\"og:type\" content=\"article\" \/>\n<meta property=\"og:title\" content=\"Metalletiketten - EE Labels\" \/>\n<meta property=\"og:description\" content=\"Ein Metalletikett mit Logo bestellen? Ein Metalletikett verleiht ihrem Kleidungsst\u00fcck genau die etwas andere Ausstrahlung. Ab 500 St\u00fcck &gt;\" \/>\n<meta property=\"og:url\" content=\"https:\/\/www.eelabels.com\/de\/produkten\/metalletiketten\/\" \/>\n<meta property=\"og:site_name\" content=\"EE Labels\" \/>\n<meta property=\"article:modified_time\" content=\"2021-04-22T14:32:25+00:00\" \/>\n<meta property=\"og:image\" content=\"https:\/\/www.eelabels.com\/wp-content\/uploads\/2019\/12\/metalenlabel.jpg\" \/>\n\t<meta property=\"og:image:width\" content=\"1158\" \/>\n\t<meta property=\"og:image:height\" content=\"304\" \/>\n\t<meta property=\"og:image:type\" content=\"image\/jpeg\" \/>\n<meta name=\"twitter:card\" content=\"summary_large_image\" \/>\n<script type=\"application\/ld+json\" class=\"yoast-schema-graph\">{\"@context\":\"https:\\\/\\\/schema.org\",\"@graph\":[{\"@type\":\"WebPage\",\"@id\":\"https:\\\/\\\/www.eelabels.com\\\/de\\\/produkten\\\/metalletiketten\\\/\",\"url\":\"https:\\\/\\\/www.eelabels.com\\\/de\\\/produkten\\\/metalletiketten\\\/\",\"name\":\"Metalletiketten - EE Labels\",\"isPartOf\":{\"@id\":\"https:\\\/\\\/www.eelabels.com\\\/#website\"},\"primaryImageOfPage\":{\"@id\":\"https:\\\/\\\/www.eelabels.com\\\/de\\\/produkten\\\/metalletiketten\\\/#primaryimage\"},\"image\":{\"@id\":\"https:\\\/\\\/www.eelabels.com\\\/de\\\/produkten\\\/metalletiketten\\\/#primaryimage\"},\"thumbnailUrl\":\"https:\\\/\\\/www.eelabels.com\\\/wp-content\\\/uploads\\\/2019\\\/12\\\/metalenlabel.jpg\",\"datePublished\":\"2016-01-18T00:00:00+00:00\",\"dateModified\":\"2021-04-22T14:32:25+00:00\",\"description\":\"Ein Metalletikett mit Logo bestellen? Ein Metalletikett verleiht ihrem Kleidungsst\u00fcck genau die etwas andere Ausstrahlung. Ab 500 St\u00fcck >\",\"breadcrumb\":{\"@id\":\"https:\\\/\\\/www.eelabels.com\\\/de\\\/produkten\\\/metalletiketten\\\/#breadcrumb\"},\"inLanguage\":\"de\",\"potentialAction\":[{\"@type\":\"ReadAction\",\"target\":[\"https:\\\/\\\/www.eelabels.com\\\/de\\\/produkten\\\/metalletiketten\\\/\"]}]},{\"@type\":\"ImageObject\",\"inLanguage\":\"de\",\"@id\":\"https:\\\/\\\/www.eelabels.com\\\/de\\\/produkten\\\/metalletiketten\\\/#primaryimage\",\"url\":\"https:\\\/\\\/www.eelabels.com\\\/wp-content\\\/uploads\\\/2019\\\/12\\\/metalenlabel.jpg\",\"contentUrl\":\"https:\\\/\\\/www.eelabels.com\\\/wp-content\\\/uploads\\\/2019\\\/12\\\/metalenlabel.jpg\",\"width\":1158,\"height\":304,\"caption\":\"metalenlabel\"},{\"@type\":\"BreadcrumbList\",\"@id\":\"https:\\\/\\\/www.eelabels.com\\\/de\\\/produkten\\\/metalletiketten\\\/#breadcrumb\",\"itemListElement\":[{\"@type\":\"ListItem\",\"position\":1,\"name\":\"Home\",\"item\":\"https:\\\/\\\/www.eelabels.com\\\/de\\\/\"},{\"@type\":\"ListItem\",\"position\":2,\"name\":\"Produkten\",\"item\":\"https:\\\/\\\/www.eelabels.com\\\/de\\\/produkten\\\/\"},{\"@type\":\"ListItem\",\"position\":3,\"name\":\"Metalletiketten\"}]},{\"@type\":\"WebSite\",\"@id\":\"https:\\\/\\\/www.eelabels.com\\\/#website\",\"url\":\"https:\\\/\\\/www.eelabels.com\\\/\",\"name\":\"EE Labels\",\"description\":\"Specialist in geweven labels, gedrukte labels, hangtags &amp; branding\",\"potentialAction\":[{\"@type\":\"SearchAction\",\"target\":{\"@type\":\"EntryPoint\",\"urlTemplate\":\"https:\\\/\\\/www.eelabels.com\\\/?s={search_term_string}\"},\"query-input\":{\"@type\":\"PropertyValueSpecification\",\"valueRequired\":true,\"valueName\":\"search_term_string\"}}],\"inLanguage\":\"de\"}]}<\/script>\n<!-- \/ Yoast SEO plugin. -->","yoast_head_json":{"title":"Metalletiketten - EE Labels","description":"Ein Metalletikett mit Logo bestellen? Ein Metalletikett verleiht ihrem Kleidungsst\u00fcck genau die etwas andere Ausstrahlung. Ab 500 St\u00fcck >","robots":{"index":"index","follow":"follow","max-snippet":"max-snippet:-1","max-image-preview":"max-image-preview:large","max-video-preview":"max-video-preview:-1"},"canonical":"https:\/\/www.eelabels.com\/de\/produkten\/metalletiketten\/","og_locale":"de_DE","og_type":"article","og_title":"Metalletiketten - EE Labels","og_description":"Ein Metalletikett mit Logo bestellen? Ein Metalletikett verleiht ihrem Kleidungsst\u00fcck genau die etwas andere Ausstrahlung. Ab 500 St\u00fcck >","og_url":"https:\/\/www.eelabels.com\/de\/produkten\/metalletiketten\/","og_site_name":"EE Labels","article_modified_time":"2021-04-22T14:32:25+00:00","og_image":[{"width":1158,"height":304,"url":"https:\/\/www.eelabels.com\/wp-content\/uploads\/2019\/12\/metalenlabel.jpg","type":"image\/jpeg"}],"twitter_card":"summary_large_image","schema":{"@context":"https:\/\/schema.org","@graph":[{"@type":"WebPage","@id":"https:\/\/www.eelabels.com\/de\/produkten\/metalletiketten\/","url":"https:\/\/www.eelabels.com\/de\/produkten\/metalletiketten\/","name":"Metalletiketten - EE Labels","isPartOf":{"@id":"https:\/\/www.eelabels.com\/#website"},"primaryImageOfPage":{"@id":"https:\/\/www.eelabels.com\/de\/produkten\/metalletiketten\/#primaryimage"},"image":{"@id":"https:\/\/www.eelabels.com\/de\/produkten\/metalletiketten\/#primaryimage"},"thumbnailUrl":"https:\/\/www.eelabels.com\/wp-content\/uploads\/2019\/12\/metalenlabel.jpg","datePublished":"2016-01-18T00:00:00+00:00","dateModified":"2021-04-22T14:32:25+00:00","description":"Ein Metalletikett mit Logo bestellen? Ein Metalletikett verleiht ihrem Kleidungsst\u00fcck genau die etwas andere Ausstrahlung. Ab 500 St\u00fcck >","breadcrumb":{"@id":"https:\/\/www.eelabels.com\/de\/produkten\/metalletiketten\/#breadcrumb"},"inLanguage":"de","potentialAction":[{"@type":"ReadAction","target":["https:\/\/www.eelabels.com\/de\/produkten\/metalletiketten\/"]}]},{"@type":"ImageObject","inLanguage":"de","@id":"https:\/\/www.eelabels.com\/de\/produkten\/metalletiketten\/#primaryimage","url":"https:\/\/www.eelabels.com\/wp-content\/uploads\/2019\/12\/metalenlabel.jpg","contentUrl":"https:\/\/www.eelabels.com\/wp-content\/uploads\/2019\/12\/metalenlabel.jpg","width":1158,"height":304,"caption":"metalenlabel"},{"@type":"BreadcrumbList","@id":"https:\/\/www.eelabels.com\/de\/produkten\/metalletiketten\/#breadcrumb","itemListElement":[{"@type":"ListItem","position":1,"name":"Home","item":"https:\/\/www.eelabels.com\/de\/"},{"@type":"ListItem","position":2,"name":"Produkten","item":"https:\/\/www.eelabels.com\/de\/produkten\/"},{"@type":"ListItem","position":3,"name":"Metalletiketten"}]},{"@type":"WebSite","@id":"https:\/\/www.eelabels.com\/#website","url":"https:\/\/www.eelabels.com\/","name":"EE Labels","description":"Specialist in geweven labels, gedrukte labels, hangtags &amp; branding","potentialAction":[{"@type":"SearchAction","target":{"@type":"EntryPoint","urlTemplate":"https:\/\/www.eelabels.com\/?s={search_term_string}"},"query-input":{"@type":"PropertyValueSpecification","valueRequired":true,"valueName":"search_term_string"}}],"inLanguage":"de"}]}},"_links":{"self":[{"href":"https:\/\/www.eelabels.com\/de\/wp-json\/wp\/v2\/pages\/12551","targetHints":{"allow":["GET"]}}],"collection":[{"href":"https:\/\/www.eelabels.com\/de\/wp-json\/wp\/v2\/pages"}],"about":[{"href":"https:\/\/www.eelabels.com\/de\/wp-json\/wp\/v2\/types\/page"}],"author":[{"embeddable":true,"href":"https:\/\/www.eelabels.com\/de\/wp-json\/wp\/v2\/users\/1"}],"replies":[{"embeddable":true,"href":"https:\/\/www.eelabels.com\/de\/wp-json\/wp\/v2\/comments?post=12551"}],"version-history":[{"count":11,"href":"https:\/\/www.eelabels.com\/de\/wp-json\/wp\/v2\/pages\/12551\/revisions"}],"predecessor-version":[{"id":20151,"href":"https:\/\/www.eelabels.com\/de\/wp-json\/wp\/v2\/pages\/12551\/revisions\/20151"}],"up":[{"embeddable":true,"href":"https:\/\/www.eelabels.com\/de\/wp-json\/wp\/v2\/pages\/13631"}],"wp:featuredmedia":[{"embeddable":true,"href":"https:\/\/www.eelabels.com\/de\/wp-json\/wp\/v2\/media\/16971"}],"wp:attachment":[{"href":"https:\/\/www.eelabels.com\/de\/wp-json\/wp\/v2\/media?parent=12551"}],"curies":[{"name":"wp","href":"https:\/\/api.w.org\/{rel}","templated":true}]}}