{"id":12552,"date":"2016-01-18T00:00:00","date_gmt":"2016-01-18T00:00:00","guid":{"rendered":"https:\/\/www.eelabels.comsilikon-etiketten\/"},"modified":"2021-04-23T07:22:55","modified_gmt":"2021-04-23T07:22:55","slug":"silikon-etiketten","status":"publish","type":"page","link":"https:\/\/www.eelabels.com\/de\/produkten\/silikon-etiketten\/","title":{"rendered":"Silikon-Etiketten"},"content":{"rendered":"<h1>Silikon-Etiketten f\u00fcr spezielle Endprodukte<\/h1>\n<p>Manche Endprodukte ben\u00f6tigen ein spezielles Etikett. Silikon-Etiketten werden oft f\u00fcr <a href=\"https:\/\/www.eelabels.com\/markten\/sport-gezondheid-welzijn\/\">Artikel verwandt, die mit Gesundheit oder Sport zu tun haben<\/a>.<\/p>\n<p>Dar\u00fcber hinaus wird ein Silikon-Etikett aber auch als zus\u00e4tzliches Item unter anderem an einem Hangtag f\u00fcr Kinderbekleidung verwendet.<\/p>\n<p style=\"text-align: left;\"><a class=\"cta-button cta-button-big gold\" href=\"https:\/\/www.eelabels.com\/de\/angebot-anfordern\/\">Angebot anfragen<\/a><\/p>\n","protected":false},"excerpt":{"rendered":"<p>Silikon-Etiketten f\u00fcr spezielle Endprodukte Manche Endprodukte ben\u00f6tigen ein spezielles Etikett. Silikon-Etiketten werden oft f\u00fcr Artikel verwandt, die mit Gesundheit oder Sport zu tun haben. Dar\u00fcber hinaus wird ein Silikon-Etikett aber auch als zus\u00e4tzliches Item unter anderem an einem Hangtag f\u00fcr Kinderbekleidung verwendet. Angebot anfragen [&#8230;]<\/p>\n<p><a class=\"btn btn-dark understrap-read-more-link\" href=\"https:\/\/www.eelabels.com\/de\/produkten\/silikon-etiketten\/\">Weiterlesen\u00a0\u2026<span class=\"screen-reader-text\"> from Silikon-Etiketten<\/span><\/a><\/p>\n","protected":false},"author":1,"featured_media":17146,"parent":13631,"menu_order":0,"comment_status":"open","ping_status":"open","template":"template-custom\/product-single-menu.php","meta":{"_acf_changed":false,"footnotes":""},"class_list":["post-12552","page","type-page","status-publish","has-post-thumbnail","hentry"],"acf":[],"yoast_head":"<!-- This site is optimized with the Yoast SEO plugin v24.6 - https:\/\/yoast.com\/wordpress\/plugins\/seo\/ -->\n<title>Silikon-Etiketten - EE Labels<\/title>\n<meta name=\"description\" content=\"Silikon-Etiketten mit Logo, ein spezielles Etikett. Oft f\u00fcr Artikel verwandt, die mit Gesundheit oder Sport zu tun haben. Ab 500 St\u00fcck &gt;\" \/>\n<meta name=\"robots\" content=\"index, follow, max-snippet:-1, max-image-preview:large, max-video-preview:-1\" \/>\n<link rel=\"canonical\" href=\"https:\/\/www.eelabels.com\/de\/produkten\/silikon-etiketten\/\" \/>\n<meta property=\"og:locale\" content=\"de_DE\" \/>\n<meta property=\"og:type\" content=\"article\" \/>\n<meta property=\"og:title\" content=\"Silikon-Etiketten - EE Labels\" \/>\n<meta property=\"og:description\" content=\"Silikon-Etiketten mit Logo, ein spezielles Etikett. Oft f\u00fcr Artikel verwandt, die mit Gesundheit oder Sport zu tun haben. Ab 500 St\u00fcck &gt;\" \/>\n<meta property=\"og:url\" content=\"https:\/\/www.eelabels.com\/de\/produkten\/silikon-etiketten\/\" \/>\n<meta property=\"og:site_name\" content=\"EE Labels\" \/>\n<meta property=\"article:modified_time\" content=\"2021-04-23T07:22:55+00:00\" \/>\n<meta property=\"og:image\" content=\"https:\/\/www.eelabels.com\/wp-content\/uploads\/2020\/01\/kunststof-labels.jpg\" \/>\n\t<meta property=\"og:image:width\" content=\"1800\" \/>\n\t<meta property=\"og:image:height\" content=\"473\" \/>\n\t<meta property=\"og:image:type\" content=\"image\/jpeg\" \/>\n<meta name=\"twitter:card\" content=\"summary_large_image\" \/>\n<script type=\"application\/ld+json\" class=\"yoast-schema-graph\">{\"@context\":\"https:\/\/schema.org\",\"@graph\":[{\"@type\":\"WebPage\",\"@id\":\"https:\/\/www.eelabels.com\/de\/produkten\/silikon-etiketten\/\",\"url\":\"https:\/\/www.eelabels.com\/de\/produkten\/silikon-etiketten\/\",\"name\":\"Silikon-Etiketten - EE Labels\",\"isPartOf\":{\"@id\":\"https:\/\/www.eelabels.com\/#website\"},\"primaryImageOfPage\":{\"@id\":\"https:\/\/www.eelabels.com\/de\/produkten\/silikon-etiketten\/#primaryimage\"},\"image\":{\"@id\":\"https:\/\/www.eelabels.com\/de\/produkten\/silikon-etiketten\/#primaryimage\"},\"thumbnailUrl\":\"https:\/\/www.eelabels.com\/wp-content\/uploads\/2020\/01\/kunststof-labels.jpg\",\"datePublished\":\"2016-01-18T00:00:00+00:00\",\"dateModified\":\"2021-04-23T07:22:55+00:00\",\"description\":\"Silikon-Etiketten mit Logo, ein spezielles Etikett. Oft f\u00fcr Artikel verwandt, die mit Gesundheit oder Sport zu tun haben. Ab 500 St\u00fcck >\",\"breadcrumb\":{\"@id\":\"https:\/\/www.eelabels.com\/de\/produkten\/silikon-etiketten\/#breadcrumb\"},\"inLanguage\":\"de\",\"potentialAction\":[{\"@type\":\"ReadAction\",\"target\":[\"https:\/\/www.eelabels.com\/de\/produkten\/silikon-etiketten\/\"]}]},{\"@type\":\"ImageObject\",\"inLanguage\":\"de\",\"@id\":\"https:\/\/www.eelabels.com\/de\/produkten\/silikon-etiketten\/#primaryimage\",\"url\":\"https:\/\/www.eelabels.com\/wp-content\/uploads\/2020\/01\/kunststof-labels.jpg\",\"contentUrl\":\"https:\/\/www.eelabels.com\/wp-content\/uploads\/2020\/01\/kunststof-labels.jpg\",\"width\":1800,\"height\":473,\"caption\":\"kunststof labels\"},{\"@type\":\"BreadcrumbList\",\"@id\":\"https:\/\/www.eelabels.com\/de\/produkten\/silikon-etiketten\/#breadcrumb\",\"itemListElement\":[{\"@type\":\"ListItem\",\"position\":1,\"name\":\"Home\",\"item\":\"https:\/\/www.eelabels.com\/de\/\"},{\"@type\":\"ListItem\",\"position\":2,\"name\":\"Produkten\",\"item\":\"https:\/\/www.eelabels.com\/de\/produkten\/\"},{\"@type\":\"ListItem\",\"position\":3,\"name\":\"Silikon-Etiketten\"}]},{\"@type\":\"WebSite\",\"@id\":\"https:\/\/www.eelabels.com\/#website\",\"url\":\"https:\/\/www.eelabels.com\/\",\"name\":\"EE Labels\",\"description\":\"Specialist in geweven labels, gedrukte labels, hangtags &amp; branding\",\"potentialAction\":[{\"@type\":\"SearchAction\",\"target\":{\"@type\":\"EntryPoint\",\"urlTemplate\":\"https:\/\/www.eelabels.com\/?s={search_term_string}\"},\"query-input\":{\"@type\":\"PropertyValueSpecification\",\"valueRequired\":true,\"valueName\":\"search_term_string\"}}],\"inLanguage\":\"de\"}]}<\/script>\n<!-- \/ Yoast SEO plugin. -->","yoast_head_json":{"title":"Silikon-Etiketten - EE Labels","description":"Silikon-Etiketten mit Logo, ein spezielles Etikett. Oft f\u00fcr Artikel verwandt, die mit Gesundheit oder Sport zu tun haben. Ab 500 St\u00fcck >","robots":{"index":"index","follow":"follow","max-snippet":"max-snippet:-1","max-image-preview":"max-image-preview:large","max-video-preview":"max-video-preview:-1"},"canonical":"https:\/\/www.eelabels.com\/de\/produkten\/silikon-etiketten\/","og_locale":"de_DE","og_type":"article","og_title":"Silikon-Etiketten - EE Labels","og_description":"Silikon-Etiketten mit Logo, ein spezielles Etikett. Oft f\u00fcr Artikel verwandt, die mit Gesundheit oder Sport zu tun haben. Ab 500 St\u00fcck >","og_url":"https:\/\/www.eelabels.com\/de\/produkten\/silikon-etiketten\/","og_site_name":"EE Labels","article_modified_time":"2021-04-23T07:22:55+00:00","og_image":[{"width":1800,"height":473,"url":"https:\/\/www.eelabels.com\/wp-content\/uploads\/2020\/01\/kunststof-labels.jpg","type":"image\/jpeg"}],"twitter_card":"summary_large_image","schema":{"@context":"https:\/\/schema.org","@graph":[{"@type":"WebPage","@id":"https:\/\/www.eelabels.com\/de\/produkten\/silikon-etiketten\/","url":"https:\/\/www.eelabels.com\/de\/produkten\/silikon-etiketten\/","name":"Silikon-Etiketten - EE Labels","isPartOf":{"@id":"https:\/\/www.eelabels.com\/#website"},"primaryImageOfPage":{"@id":"https:\/\/www.eelabels.com\/de\/produkten\/silikon-etiketten\/#primaryimage"},"image":{"@id":"https:\/\/www.eelabels.com\/de\/produkten\/silikon-etiketten\/#primaryimage"},"thumbnailUrl":"https:\/\/www.eelabels.com\/wp-content\/uploads\/2020\/01\/kunststof-labels.jpg","datePublished":"2016-01-18T00:00:00+00:00","dateModified":"2021-04-23T07:22:55+00:00","description":"Silikon-Etiketten mit Logo, ein spezielles Etikett. Oft f\u00fcr Artikel verwandt, die mit Gesundheit oder Sport zu tun haben. Ab 500 St\u00fcck >","breadcrumb":{"@id":"https:\/\/www.eelabels.com\/de\/produkten\/silikon-etiketten\/#breadcrumb"},"inLanguage":"de","potentialAction":[{"@type":"ReadAction","target":["https:\/\/www.eelabels.com\/de\/produkten\/silikon-etiketten\/"]}]},{"@type":"ImageObject","inLanguage":"de","@id":"https:\/\/www.eelabels.com\/de\/produkten\/silikon-etiketten\/#primaryimage","url":"https:\/\/www.eelabels.com\/wp-content\/uploads\/2020\/01\/kunststof-labels.jpg","contentUrl":"https:\/\/www.eelabels.com\/wp-content\/uploads\/2020\/01\/kunststof-labels.jpg","width":1800,"height":473,"caption":"kunststof labels"},{"@type":"BreadcrumbList","@id":"https:\/\/www.eelabels.com\/de\/produkten\/silikon-etiketten\/#breadcrumb","itemListElement":[{"@type":"ListItem","position":1,"name":"Home","item":"https:\/\/www.eelabels.com\/de\/"},{"@type":"ListItem","position":2,"name":"Produkten","item":"https:\/\/www.eelabels.com\/de\/produkten\/"},{"@type":"ListItem","position":3,"name":"Silikon-Etiketten"}]},{"@type":"WebSite","@id":"https:\/\/www.eelabels.com\/#website","url":"https:\/\/www.eelabels.com\/","name":"EE Labels","description":"Specialist in geweven labels, gedrukte labels, hangtags &amp; branding","potentialAction":[{"@type":"SearchAction","target":{"@type":"EntryPoint","urlTemplate":"https:\/\/www.eelabels.com\/?s={search_term_string}"},"query-input":{"@type":"PropertyValueSpecification","valueRequired":true,"valueName":"search_term_string"}}],"inLanguage":"de"}]}},"_links":{"self":[{"href":"https:\/\/www.eelabels.com\/de\/wp-json\/wp\/v2\/pages\/12552","targetHints":{"allow":["GET"]}}],"collection":[{"href":"https:\/\/www.eelabels.com\/de\/wp-json\/wp\/v2\/pages"}],"about":[{"href":"https:\/\/www.eelabels.com\/de\/wp-json\/wp\/v2\/types\/page"}],"author":[{"embeddable":true,"href":"https:\/\/www.eelabels.com\/de\/wp-json\/wp\/v2\/users\/1"}],"replies":[{"embeddable":true,"href":"https:\/\/www.eelabels.com\/de\/wp-json\/wp\/v2\/comments?post=12552"}],"version-history":[{"count":10,"href":"https:\/\/www.eelabels.com\/de\/wp-json\/wp\/v2\/pages\/12552\/revisions"}],"predecessor-version":[{"id":20152,"href":"https:\/\/www.eelabels.com\/de\/wp-json\/wp\/v2\/pages\/12552\/revisions\/20152"}],"up":[{"embeddable":true,"href":"https:\/\/www.eelabels.com\/de\/wp-json\/wp\/v2\/pages\/13631"}],"wp:featuredmedia":[{"embeddable":true,"href":"https:\/\/www.eelabels.com\/de\/wp-json\/wp\/v2\/media\/17146"}],"wp:attachment":[{"href":"https:\/\/www.eelabels.com\/de\/wp-json\/wp\/v2\/media?parent=12552"}],"curies":[{"name":"wp","href":"https:\/\/api.w.org\/{rel}","templated":true}]}}