{"id":12553,"date":"2016-01-18T00:00:00","date_gmt":"2016-01-18T00:00:00","guid":{"rendered":"https:\/\/www.eelabels.comreissverschluss-etiketten\/"},"modified":"2025-01-07T20:44:50","modified_gmt":"2025-01-07T20:44:50","slug":"reissverschluss-etiketten","status":"publish","type":"page","link":"https:\/\/www.eelabels.com\/de\/produkten\/reissverschluss-etiketten\/","title":{"rendered":"Rei\u00dfverschluss-Etiketten"},"content":{"rendered":"<h1>Pr\u00e4sentieren Sie Ihre Marke mit Rei\u00dfverschluss-Etiketten<\/h1>\n<p>Sie m\u00f6chten Ihre Marke promminent am Rei\u00dfverschluss Ihres Produkts pr\u00e4sentieren? Rei\u00dfverschluss-Etiketten sind perfekt geeignet, um dem Nutzer Ihres Endprodukts immer wieder Ihre Marke gut vorzuf\u00fchren.<\/p>\n<p>Jedes Mal beim \u00d6ffnen oder Schlie\u00dfen des Rei\u00dfverschlusses kommt Ihr Kunde mit Ihrer Marke in Ber\u00fchrung. Ihr Etikett wird st\u00e4ndig von anderen wahrgenommen.<\/p>\n<p style=\"text-align: left;\"><a class=\"cta-button cta-button-small\" href=\"https:\/\/www.eelabels.com\/de\/angebot-anfordern\/\">Angebot anfragen<\/a><\/p>\n","protected":false},"excerpt":{"rendered":"<p>Pr\u00e4sentieren Sie Ihre Marke mit Rei\u00dfverschluss-Etiketten Sie m\u00f6chten Ihre Marke promminent am Rei\u00dfverschluss Ihres Produkts pr\u00e4sentieren? Rei\u00dfverschluss-Etiketten sind perfekt geeignet, um dem Nutzer Ihres Endprodukts immer wieder Ihre Marke gut vorzuf\u00fchren. Jedes Mal beim \u00d6ffnen oder Schlie\u00dfen des Rei\u00dfverschlusses kommt Ihr Kunde mit Ihrer Marke in Ber\u00fchrung. Ihr Etikett wird st\u00e4ndig von anderen wahrgenommen. Angebot [&#8230;]<\/p>\n<p><a class=\"btn btn-dark understrap-read-more-link\" href=\"https:\/\/www.eelabels.com\/de\/produkten\/reissverschluss-etiketten\/\">Weiterlesen\u00a0\u2026<span class=\"screen-reader-text\"> from Rei\u00dfverschluss-Etiketten<\/span><\/a><\/p>\n","protected":false},"author":1,"featured_media":17126,"parent":13631,"menu_order":0,"comment_status":"open","ping_status":"open","template":"","meta":{"_acf_changed":false,"footnotes":""},"class_list":["post-12553","page","type-page","status-publish","has-post-thumbnail","hentry"],"acf":[],"yoast_head":"<!-- This site is optimized with the Yoast SEO plugin v24.6 - https:\/\/yoast.com\/wordpress\/plugins\/seo\/ -->\n<title>Rei\u00dfverschluss-Etiketten - EE Labels<\/title>\n<meta name=\"description\" content=\"Rei\u00dfverschluss-Etiketten sind perfekt geeignet, um dem Nutzer Ihres Endprodukts immer wieder Ihre Marke gut vorzuf\u00fchren. Rei\u00dfverschluss-Etiketten mit Logo &gt;\" \/>\n<meta name=\"robots\" content=\"index, follow, max-snippet:-1, max-image-preview:large, max-video-preview:-1\" \/>\n<link rel=\"canonical\" href=\"https:\/\/www.eelabels.com\/producten\/laat-je-merk-zien-met-ritslabels\/\" \/>\n<meta property=\"og:locale\" content=\"de_DE\" \/>\n<meta property=\"og:type\" content=\"article\" \/>\n<meta property=\"og:title\" content=\"Rei\u00dfverschluss-Etiketten - EE Labels\" \/>\n<meta property=\"og:description\" content=\"Rei\u00dfverschluss-Etiketten sind perfekt geeignet, um dem Nutzer Ihres Endprodukts immer wieder Ihre Marke gut vorzuf\u00fchren. Rei\u00dfverschluss-Etiketten mit Logo &gt;\" \/>\n<meta property=\"og:url\" content=\"https:\/\/www.eelabels.com\/producten\/laat-je-merk-zien-met-ritslabels\/\" \/>\n<meta property=\"og:site_name\" content=\"EE Labels\" \/>\n<meta property=\"article:modified_time\" content=\"2025-01-07T20:44:50+00:00\" \/>\n<meta property=\"og:image\" content=\"https:\/\/www.eelabels.com\/wp-content\/uploads\/2020\/01\/ritslabels_button-labels.jpg\" \/>\n\t<meta property=\"og:image:width\" content=\"1800\" \/>\n\t<meta property=\"og:image:height\" content=\"473\" \/>\n\t<meta property=\"og:image:type\" content=\"image\/jpeg\" \/>\n<meta name=\"twitter:card\" content=\"summary_large_image\" \/>\n<meta name=\"twitter:label1\" content=\"Gesch\u00e4tzte Lesezeit\" \/>\n\t<meta name=\"twitter:data1\" content=\"1\u00a0Minute\" \/>\n<script type=\"application\/ld+json\" class=\"yoast-schema-graph\">{\"@context\":\"https:\/\/schema.org\",\"@graph\":[{\"@type\":\"WebPage\",\"@id\":\"https:\/\/www.eelabels.com\/producten\/laat-je-merk-zien-met-ritslabels\/\",\"url\":\"https:\/\/www.eelabels.com\/producten\/laat-je-merk-zien-met-ritslabels\/\",\"name\":\"Rei\u00dfverschluss-Etiketten - EE Labels\",\"isPartOf\":{\"@id\":\"https:\/\/www.eelabels.com\/#website\"},\"primaryImageOfPage\":{\"@id\":\"https:\/\/www.eelabels.com\/producten\/laat-je-merk-zien-met-ritslabels\/#primaryimage\"},\"image\":{\"@id\":\"https:\/\/www.eelabels.com\/producten\/laat-je-merk-zien-met-ritslabels\/#primaryimage\"},\"thumbnailUrl\":\"https:\/\/www.eelabels.com\/wp-content\/uploads\/2020\/01\/ritslabels_button-labels.jpg\",\"datePublished\":\"2016-01-18T00:00:00+00:00\",\"dateModified\":\"2025-01-07T20:44:50+00:00\",\"description\":\"Rei\u00dfverschluss-Etiketten sind perfekt geeignet, um dem Nutzer Ihres Endprodukts immer wieder Ihre Marke gut vorzuf\u00fchren. Rei\u00dfverschluss-Etiketten mit Logo >\",\"breadcrumb\":{\"@id\":\"https:\/\/www.eelabels.com\/producten\/laat-je-merk-zien-met-ritslabels\/#breadcrumb\"},\"inLanguage\":\"de\",\"potentialAction\":[{\"@type\":\"ReadAction\",\"target\":[\"https:\/\/www.eelabels.com\/producten\/laat-je-merk-zien-met-ritslabels\/\"]}]},{\"@type\":\"ImageObject\",\"inLanguage\":\"de\",\"@id\":\"https:\/\/www.eelabels.com\/producten\/laat-je-merk-zien-met-ritslabels\/#primaryimage\",\"url\":\"https:\/\/www.eelabels.com\/wp-content\/uploads\/2020\/01\/ritslabels_button-labels.jpg\",\"contentUrl\":\"https:\/\/www.eelabels.com\/wp-content\/uploads\/2020\/01\/ritslabels_button-labels.jpg\",\"width\":1800,\"height\":473,\"caption\":\"geweven in nederland\"},{\"@type\":\"BreadcrumbList\",\"@id\":\"https:\/\/www.eelabels.com\/producten\/laat-je-merk-zien-met-ritslabels\/#breadcrumb\",\"itemListElement\":[{\"@type\":\"ListItem\",\"position\":1,\"name\":\"Home\",\"item\":\"https:\/\/www.eelabels.com\/de\/\"},{\"@type\":\"ListItem\",\"position\":2,\"name\":\"Produkten\",\"item\":\"https:\/\/www.eelabels.com\/de\/produkten\/\"},{\"@type\":\"ListItem\",\"position\":3,\"name\":\"Rei\u00dfverschluss-Etiketten\"}]},{\"@type\":\"WebSite\",\"@id\":\"https:\/\/www.eelabels.com\/#website\",\"url\":\"https:\/\/www.eelabels.com\/\",\"name\":\"EE Labels\",\"description\":\"Specialist in geweven labels, gedrukte labels, hangtags &amp; branding\",\"potentialAction\":[{\"@type\":\"SearchAction\",\"target\":{\"@type\":\"EntryPoint\",\"urlTemplate\":\"https:\/\/www.eelabels.com\/?s={search_term_string}\"},\"query-input\":{\"@type\":\"PropertyValueSpecification\",\"valueRequired\":true,\"valueName\":\"search_term_string\"}}],\"inLanguage\":\"de\"}]}<\/script>\n<!-- \/ Yoast SEO plugin. -->","yoast_head_json":{"title":"Rei\u00dfverschluss-Etiketten - EE Labels","description":"Rei\u00dfverschluss-Etiketten sind perfekt geeignet, um dem Nutzer Ihres Endprodukts immer wieder Ihre Marke gut vorzuf\u00fchren. Rei\u00dfverschluss-Etiketten mit Logo >","robots":{"index":"index","follow":"follow","max-snippet":"max-snippet:-1","max-image-preview":"max-image-preview:large","max-video-preview":"max-video-preview:-1"},"canonical":"https:\/\/www.eelabels.com\/producten\/laat-je-merk-zien-met-ritslabels\/","og_locale":"de_DE","og_type":"article","og_title":"Rei\u00dfverschluss-Etiketten - EE Labels","og_description":"Rei\u00dfverschluss-Etiketten sind perfekt geeignet, um dem Nutzer Ihres Endprodukts immer wieder Ihre Marke gut vorzuf\u00fchren. Rei\u00dfverschluss-Etiketten mit Logo >","og_url":"https:\/\/www.eelabels.com\/producten\/laat-je-merk-zien-met-ritslabels\/","og_site_name":"EE Labels","article_modified_time":"2025-01-07T20:44:50+00:00","og_image":[{"width":1800,"height":473,"url":"https:\/\/www.eelabels.com\/wp-content\/uploads\/2020\/01\/ritslabels_button-labels.jpg","type":"image\/jpeg"}],"twitter_card":"summary_large_image","twitter_misc":{"Gesch\u00e4tzte Lesezeit":"1\u00a0Minute"},"schema":{"@context":"https:\/\/schema.org","@graph":[{"@type":"WebPage","@id":"https:\/\/www.eelabels.com\/producten\/laat-je-merk-zien-met-ritslabels\/","url":"https:\/\/www.eelabels.com\/producten\/laat-je-merk-zien-met-ritslabels\/","name":"Rei\u00dfverschluss-Etiketten - EE Labels","isPartOf":{"@id":"https:\/\/www.eelabels.com\/#website"},"primaryImageOfPage":{"@id":"https:\/\/www.eelabels.com\/producten\/laat-je-merk-zien-met-ritslabels\/#primaryimage"},"image":{"@id":"https:\/\/www.eelabels.com\/producten\/laat-je-merk-zien-met-ritslabels\/#primaryimage"},"thumbnailUrl":"https:\/\/www.eelabels.com\/wp-content\/uploads\/2020\/01\/ritslabels_button-labels.jpg","datePublished":"2016-01-18T00:00:00+00:00","dateModified":"2025-01-07T20:44:50+00:00","description":"Rei\u00dfverschluss-Etiketten sind perfekt geeignet, um dem Nutzer Ihres Endprodukts immer wieder Ihre Marke gut vorzuf\u00fchren. Rei\u00dfverschluss-Etiketten mit Logo >","breadcrumb":{"@id":"https:\/\/www.eelabels.com\/producten\/laat-je-merk-zien-met-ritslabels\/#breadcrumb"},"inLanguage":"de","potentialAction":[{"@type":"ReadAction","target":["https:\/\/www.eelabels.com\/producten\/laat-je-merk-zien-met-ritslabels\/"]}]},{"@type":"ImageObject","inLanguage":"de","@id":"https:\/\/www.eelabels.com\/producten\/laat-je-merk-zien-met-ritslabels\/#primaryimage","url":"https:\/\/www.eelabels.com\/wp-content\/uploads\/2020\/01\/ritslabels_button-labels.jpg","contentUrl":"https:\/\/www.eelabels.com\/wp-content\/uploads\/2020\/01\/ritslabels_button-labels.jpg","width":1800,"height":473,"caption":"geweven in nederland"},{"@type":"BreadcrumbList","@id":"https:\/\/www.eelabels.com\/producten\/laat-je-merk-zien-met-ritslabels\/#breadcrumb","itemListElement":[{"@type":"ListItem","position":1,"name":"Home","item":"https:\/\/www.eelabels.com\/de\/"},{"@type":"ListItem","position":2,"name":"Produkten","item":"https:\/\/www.eelabels.com\/de\/produkten\/"},{"@type":"ListItem","position":3,"name":"Rei\u00dfverschluss-Etiketten"}]},{"@type":"WebSite","@id":"https:\/\/www.eelabels.com\/#website","url":"https:\/\/www.eelabels.com\/","name":"EE Labels","description":"Specialist in geweven labels, gedrukte labels, hangtags &amp; branding","potentialAction":[{"@type":"SearchAction","target":{"@type":"EntryPoint","urlTemplate":"https:\/\/www.eelabels.com\/?s={search_term_string}"},"query-input":{"@type":"PropertyValueSpecification","valueRequired":true,"valueName":"search_term_string"}}],"inLanguage":"de"}]}},"_links":{"self":[{"href":"https:\/\/www.eelabels.com\/de\/wp-json\/wp\/v2\/pages\/12553","targetHints":{"allow":["GET"]}}],"collection":[{"href":"https:\/\/www.eelabels.com\/de\/wp-json\/wp\/v2\/pages"}],"about":[{"href":"https:\/\/www.eelabels.com\/de\/wp-json\/wp\/v2\/types\/page"}],"author":[{"embeddable":true,"href":"https:\/\/www.eelabels.com\/de\/wp-json\/wp\/v2\/users\/1"}],"replies":[{"embeddable":true,"href":"https:\/\/www.eelabels.com\/de\/wp-json\/wp\/v2\/comments?post=12553"}],"version-history":[{"count":7,"href":"https:\/\/www.eelabels.com\/de\/wp-json\/wp\/v2\/pages\/12553\/revisions"}],"predecessor-version":[{"id":18820,"href":"https:\/\/www.eelabels.com\/de\/wp-json\/wp\/v2\/pages\/12553\/revisions\/18820"}],"up":[{"embeddable":true,"href":"https:\/\/www.eelabels.com\/de\/wp-json\/wp\/v2\/pages\/13631"}],"wp:featuredmedia":[{"embeddable":true,"href":"https:\/\/www.eelabels.com\/de\/wp-json\/wp\/v2\/media\/17126"}],"wp:attachment":[{"href":"https:\/\/www.eelabels.com\/de\/wp-json\/wp\/v2\/media?parent=12553"}],"curies":[{"name":"wp","href":"https:\/\/api.w.org\/{rel}","templated":true}]}}