{"id":12555,"date":"2016-01-18T00:00:00","date_gmt":"2016-01-18T00:00:00","guid":{"rendered":"https:\/\/www.eelabels.comselbstklebende-sticker\/"},"modified":"2021-04-22T13:44:55","modified_gmt":"2021-04-22T13:44:55","slug":"selbstklebende-sticker","status":"publish","type":"page","link":"https:\/\/www.eelabels.com\/de\/selbstklebende-sticker\/","title":{"rendered":"(Preis) Sticker"},"content":{"rendered":"<h1>Selbstklebende Sticker<\/h1>\n<p>Wir sind Ihr Partner f\u00fcr Papiersticker, Textilsticker oder Preissticker auf einem Anh\u00e4ngek\u00e4rtchen oder Tr\u00e4germaterial.<\/p>\n<p>Auf der Rolle, gestanzt, in jeder Form und jeder Gr\u00f6\u00dfe. Bei EE Labels sind Sie an der richtigen Adresse.<\/p>\n","protected":false},"excerpt":{"rendered":"<p>Selbstklebende Sticker Wir sind Ihr Partner f\u00fcr Papiersticker, Textilsticker oder Preissticker auf einem Anh\u00e4ngek\u00e4rtchen oder Tr\u00e4germaterial. Auf der Rolle, gestanzt, in jeder Form und jeder Gr\u00f6\u00dfe. Bei EE Labels sind Sie an der richtigen Adresse. [&#8230;]<\/p>\n<p><a class=\"btn btn-dark understrap-read-more-link\" href=\"https:\/\/www.eelabels.com\/de\/selbstklebende-sticker\/\">Weiterlesen\u00a0\u2026<span class=\"screen-reader-text\"> from (Preis) Sticker<\/span><\/a><\/p>\n","protected":false},"author":1,"featured_media":17149,"parent":0,"menu_order":0,"comment_status":"open","ping_status":"closed","template":"template-custom\/product-single-menu.php","meta":{"_acf_changed":false,"footnotes":""},"class_list":["post-12555","page","type-page","status-publish","has-post-thumbnail","hentry"],"acf":[],"yoast_head":"<!-- This site is optimized with the Yoast SEO plugin v24.6 - https:\/\/yoast.com\/wordpress\/plugins\/seo\/ -->\n<title>(Preis) Sticker - EE Labels<\/title>\n<meta name=\"description\" content=\"Wir sind Ihr Partner f\u00fcr Papiersticker, Textilsticker oder Preissticker auf einem Anh\u00e4ngek\u00e4rtchen oder Tr\u00e4germaterial.\" \/>\n<meta name=\"robots\" content=\"index, follow, max-snippet:-1, max-image-preview:large, max-video-preview:-1\" \/>\n<link rel=\"canonical\" href=\"https:\/\/www.eelabels.com\/de\/selbstklebende-sticker\/\" \/>\n<meta property=\"og:locale\" content=\"de_DE\" \/>\n<meta property=\"og:type\" content=\"article\" \/>\n<meta property=\"og:title\" content=\"(Preis) Sticker - EE Labels\" \/>\n<meta property=\"og:description\" content=\"Wir sind Ihr Partner f\u00fcr Papiersticker, Textilsticker oder Preissticker auf einem Anh\u00e4ngek\u00e4rtchen oder Tr\u00e4germaterial.\" \/>\n<meta property=\"og:url\" content=\"https:\/\/www.eelabels.com\/de\/selbstklebende-sticker\/\" \/>\n<meta property=\"og:site_name\" content=\"EE Labels\" \/>\n<meta property=\"article:modified_time\" content=\"2021-04-22T13:44:55+00:00\" \/>\n<meta property=\"og:image\" content=\"https:\/\/www.eelabels.com\/wp-content\/uploads\/2020\/01\/stickers.jpg\" \/>\n\t<meta property=\"og:image:width\" content=\"1800\" \/>\n\t<meta property=\"og:image:height\" content=\"473\" \/>\n\t<meta property=\"og:image:type\" content=\"image\/jpeg\" \/>\n<meta name=\"twitter:card\" content=\"summary_large_image\" \/>\n<script type=\"application\/ld+json\" class=\"yoast-schema-graph\">{\"@context\":\"https:\/\/schema.org\",\"@graph\":[{\"@type\":\"WebPage\",\"@id\":\"https:\/\/www.eelabels.com\/de\/selbstklebende-sticker\/\",\"url\":\"https:\/\/www.eelabels.com\/de\/selbstklebende-sticker\/\",\"name\":\"(Preis) Sticker - EE Labels\",\"isPartOf\":{\"@id\":\"https:\/\/www.eelabels.com\/#website\"},\"primaryImageOfPage\":{\"@id\":\"https:\/\/www.eelabels.com\/de\/selbstklebende-sticker\/#primaryimage\"},\"image\":{\"@id\":\"https:\/\/www.eelabels.com\/de\/selbstklebende-sticker\/#primaryimage\"},\"thumbnailUrl\":\"https:\/\/www.eelabels.com\/wp-content\/uploads\/2020\/01\/stickers.jpg\",\"datePublished\":\"2016-01-18T00:00:00+00:00\",\"dateModified\":\"2021-04-22T13:44:55+00:00\",\"description\":\"Wir sind Ihr Partner f\u00fcr Papiersticker, Textilsticker oder Preissticker auf einem Anh\u00e4ngek\u00e4rtchen oder Tr\u00e4germaterial.\",\"breadcrumb\":{\"@id\":\"https:\/\/www.eelabels.com\/de\/selbstklebende-sticker\/#breadcrumb\"},\"inLanguage\":\"de\",\"potentialAction\":[{\"@type\":\"ReadAction\",\"target\":[\"https:\/\/www.eelabels.com\/de\/selbstklebende-sticker\/\"]}]},{\"@type\":\"ImageObject\",\"inLanguage\":\"de\",\"@id\":\"https:\/\/www.eelabels.com\/de\/selbstklebende-sticker\/#primaryimage\",\"url\":\"https:\/\/www.eelabels.com\/wp-content\/uploads\/2020\/01\/stickers.jpg\",\"contentUrl\":\"https:\/\/www.eelabels.com\/wp-content\/uploads\/2020\/01\/stickers.jpg\",\"width\":1800,\"height\":473},{\"@type\":\"BreadcrumbList\",\"@id\":\"https:\/\/www.eelabels.com\/de\/selbstklebende-sticker\/#breadcrumb\",\"itemListElement\":[{\"@type\":\"ListItem\",\"position\":1,\"name\":\"Home\",\"item\":\"https:\/\/www.eelabels.com\/de\/\"},{\"@type\":\"ListItem\",\"position\":2,\"name\":\"(Preis) Sticker\"}]},{\"@type\":\"WebSite\",\"@id\":\"https:\/\/www.eelabels.com\/#website\",\"url\":\"https:\/\/www.eelabels.com\/\",\"name\":\"EE Labels\",\"description\":\"Specialist in geweven labels, gedrukte labels, hangtags &amp; branding\",\"potentialAction\":[{\"@type\":\"SearchAction\",\"target\":{\"@type\":\"EntryPoint\",\"urlTemplate\":\"https:\/\/www.eelabels.com\/?s={search_term_string}\"},\"query-input\":{\"@type\":\"PropertyValueSpecification\",\"valueRequired\":true,\"valueName\":\"search_term_string\"}}],\"inLanguage\":\"de\"}]}<\/script>\n<!-- \/ Yoast SEO plugin. -->","yoast_head_json":{"title":"(Preis) Sticker - EE Labels","description":"Wir sind Ihr Partner f\u00fcr Papiersticker, Textilsticker oder Preissticker auf einem Anh\u00e4ngek\u00e4rtchen oder Tr\u00e4germaterial.","robots":{"index":"index","follow":"follow","max-snippet":"max-snippet:-1","max-image-preview":"max-image-preview:large","max-video-preview":"max-video-preview:-1"},"canonical":"https:\/\/www.eelabels.com\/de\/selbstklebende-sticker\/","og_locale":"de_DE","og_type":"article","og_title":"(Preis) Sticker - EE Labels","og_description":"Wir sind Ihr Partner f\u00fcr Papiersticker, Textilsticker oder Preissticker auf einem Anh\u00e4ngek\u00e4rtchen oder Tr\u00e4germaterial.","og_url":"https:\/\/www.eelabels.com\/de\/selbstklebende-sticker\/","og_site_name":"EE Labels","article_modified_time":"2021-04-22T13:44:55+00:00","og_image":[{"width":1800,"height":473,"url":"https:\/\/www.eelabels.com\/wp-content\/uploads\/2020\/01\/stickers.jpg","type":"image\/jpeg"}],"twitter_card":"summary_large_image","schema":{"@context":"https:\/\/schema.org","@graph":[{"@type":"WebPage","@id":"https:\/\/www.eelabels.com\/de\/selbstklebende-sticker\/","url":"https:\/\/www.eelabels.com\/de\/selbstklebende-sticker\/","name":"(Preis) Sticker - EE Labels","isPartOf":{"@id":"https:\/\/www.eelabels.com\/#website"},"primaryImageOfPage":{"@id":"https:\/\/www.eelabels.com\/de\/selbstklebende-sticker\/#primaryimage"},"image":{"@id":"https:\/\/www.eelabels.com\/de\/selbstklebende-sticker\/#primaryimage"},"thumbnailUrl":"https:\/\/www.eelabels.com\/wp-content\/uploads\/2020\/01\/stickers.jpg","datePublished":"2016-01-18T00:00:00+00:00","dateModified":"2021-04-22T13:44:55+00:00","description":"Wir sind Ihr Partner f\u00fcr Papiersticker, Textilsticker oder Preissticker auf einem Anh\u00e4ngek\u00e4rtchen oder Tr\u00e4germaterial.","breadcrumb":{"@id":"https:\/\/www.eelabels.com\/de\/selbstklebende-sticker\/#breadcrumb"},"inLanguage":"de","potentialAction":[{"@type":"ReadAction","target":["https:\/\/www.eelabels.com\/de\/selbstklebende-sticker\/"]}]},{"@type":"ImageObject","inLanguage":"de","@id":"https:\/\/www.eelabels.com\/de\/selbstklebende-sticker\/#primaryimage","url":"https:\/\/www.eelabels.com\/wp-content\/uploads\/2020\/01\/stickers.jpg","contentUrl":"https:\/\/www.eelabels.com\/wp-content\/uploads\/2020\/01\/stickers.jpg","width":1800,"height":473},{"@type":"BreadcrumbList","@id":"https:\/\/www.eelabels.com\/de\/selbstklebende-sticker\/#breadcrumb","itemListElement":[{"@type":"ListItem","position":1,"name":"Home","item":"https:\/\/www.eelabels.com\/de\/"},{"@type":"ListItem","position":2,"name":"(Preis) Sticker"}]},{"@type":"WebSite","@id":"https:\/\/www.eelabels.com\/#website","url":"https:\/\/www.eelabels.com\/","name":"EE Labels","description":"Specialist in geweven labels, gedrukte labels, hangtags &amp; branding","potentialAction":[{"@type":"SearchAction","target":{"@type":"EntryPoint","urlTemplate":"https:\/\/www.eelabels.com\/?s={search_term_string}"},"query-input":{"@type":"PropertyValueSpecification","valueRequired":true,"valueName":"search_term_string"}}],"inLanguage":"de"}]}},"_links":{"self":[{"href":"https:\/\/www.eelabels.com\/de\/wp-json\/wp\/v2\/pages\/12555","targetHints":{"allow":["GET"]}}],"collection":[{"href":"https:\/\/www.eelabels.com\/de\/wp-json\/wp\/v2\/pages"}],"about":[{"href":"https:\/\/www.eelabels.com\/de\/wp-json\/wp\/v2\/types\/page"}],"author":[{"embeddable":true,"href":"https:\/\/www.eelabels.com\/de\/wp-json\/wp\/v2\/users\/1"}],"replies":[{"embeddable":true,"href":"https:\/\/www.eelabels.com\/de\/wp-json\/wp\/v2\/comments?post=12555"}],"version-history":[{"count":6,"href":"https:\/\/www.eelabels.com\/de\/wp-json\/wp\/v2\/pages\/12555\/revisions"}],"predecessor-version":[{"id":16274,"href":"https:\/\/www.eelabels.com\/de\/wp-json\/wp\/v2\/pages\/12555\/revisions\/16274"}],"wp:featuredmedia":[{"embeddable":true,"href":"https:\/\/www.eelabels.com\/de\/wp-json\/wp\/v2\/media\/17149"}],"wp:attachment":[{"href":"https:\/\/www.eelabels.com\/de\/wp-json\/wp\/v2\/media?parent=12555"}],"curies":[{"name":"wp","href":"https:\/\/api.w.org\/{rel}","templated":true}]}}