{"id":12556,"date":"2016-03-03T00:00:00","date_gmt":"2016-03-03T00:00:00","guid":{"rendered":"https:\/\/www.eelabels.combio-etiketten\/"},"modified":"2025-10-28T08:27:57","modified_gmt":"2025-10-28T08:27:57","slug":"bio-etiketten","status":"publish","type":"page","link":"https:\/\/www.eelabels.com\/de\/produkten\/bio-etiketten\/","title":{"rendered":"Nachhaltige Etiketten"},"content":{"rendered":"","protected":false},"excerpt":{"rendered":"<p> [&#8230;]<\/p>\n<p><a class=\"btn btn-dark understrap-read-more-link\" href=\"https:\/\/www.eelabels.com\/de\/produkten\/bio-etiketten\/\">Weiterlesen\u00a0\u2026<span class=\"screen-reader-text\"> from Nachhaltige Etiketten<\/span><\/a><\/p>\n","protected":false},"author":1,"featured_media":19433,"parent":13631,"menu_order":0,"comment_status":"open","ping_status":"open","template":"page-templates\/product-single-menu.php","meta":{"_acf_changed":false,"footnotes":""},"class_list":["post-12556","page","type-page","status-publish","has-post-thumbnail","hentry"],"acf":[],"yoast_head":"<!-- This site is optimized with the Yoast SEO plugin v24.6 - https:\/\/yoast.com\/wordpress\/plugins\/seo\/ -->\n<title>Nachhaltige Etiketten<\/title>\n<meta name=\"description\" content=\"Nachhaltige Etiketten von EE Labels. Einem \u00f6kologisch Endprodukt mit \u00f6kologisch Etikett. Hohe Qualit\u00e4t | schnelle Lieferung. Bestellen ab 250 St\u00fcck &gt;\" \/>\n<meta name=\"robots\" content=\"index, follow, max-snippet:-1, max-image-preview:large, max-video-preview:-1\" \/>\n<link rel=\"canonical\" href=\"https:\/\/www.eelabels.com\/de\/produkten\/bio-etiketten\/\" \/>\n<meta property=\"og:locale\" content=\"de_DE\" \/>\n<meta property=\"og:type\" content=\"article\" \/>\n<meta property=\"og:title\" content=\"Nachhaltige Etiketten\" \/>\n<meta property=\"og:description\" content=\"Nachhaltige Etiketten von EE Labels. Einem \u00f6kologisch Endprodukt mit \u00f6kologisch Etikett. Hohe Qualit\u00e4t | schnelle Lieferung. Bestellen ab 250 St\u00fcck &gt;\" \/>\n<meta property=\"og:url\" content=\"https:\/\/www.eelabels.com\/de\/produkten\/bio-etiketten\/\" \/>\n<meta property=\"og:site_name\" content=\"EE Labels\" \/>\n<meta property=\"article:modified_time\" content=\"2025-10-28T08:27:57+00:00\" \/>\n<meta property=\"og:image\" content=\"https:\/\/www.eelabels.com\/wp-content\/uploads\/2021\/02\/organic-cotton-2_home-1.jpg\" \/>\n\t<meta property=\"og:image:width\" content=\"2560\" \/>\n\t<meta property=\"og:image:height\" content=\"1920\" \/>\n\t<meta property=\"og:image:type\" content=\"image\/jpeg\" \/>\n<meta name=\"twitter:card\" content=\"summary_large_image\" \/>\n<meta name=\"twitter:label1\" content=\"Gesch\u00e4tzte Lesezeit\" \/>\n\t<meta name=\"twitter:data1\" content=\"2\u00a0Minuten\" \/>\n<script type=\"application\/ld+json\" class=\"yoast-schema-graph\">{\"@context\":\"https:\/\/schema.org\",\"@graph\":[{\"@type\":\"WebPage\",\"@id\":\"https:\/\/www.eelabels.com\/de\/produkten\/bio-etiketten\/\",\"url\":\"https:\/\/www.eelabels.com\/de\/produkten\/bio-etiketten\/\",\"name\":\"Nachhaltige Etiketten\",\"isPartOf\":{\"@id\":\"https:\/\/www.eelabels.com\/#website\"},\"primaryImageOfPage\":{\"@id\":\"https:\/\/www.eelabels.com\/de\/produkten\/bio-etiketten\/#primaryimage\"},\"image\":{\"@id\":\"https:\/\/www.eelabels.com\/de\/produkten\/bio-etiketten\/#primaryimage\"},\"thumbnailUrl\":\"https:\/\/www.eelabels.com\/wp-content\/uploads\/2021\/02\/organic-cotton-2_home-1.jpg\",\"datePublished\":\"2016-03-03T00:00:00+00:00\",\"dateModified\":\"2025-10-28T08:27:57+00:00\",\"description\":\"Nachhaltige Etiketten von EE Labels. Einem \u00f6kologisch Endprodukt mit \u00f6kologisch Etikett. Hohe Qualit\u00e4t | schnelle Lieferung. Bestellen ab 250 St\u00fcck >\",\"breadcrumb\":{\"@id\":\"https:\/\/www.eelabels.com\/de\/produkten\/bio-etiketten\/#breadcrumb\"},\"inLanguage\":\"de\",\"potentialAction\":[{\"@type\":\"ReadAction\",\"target\":[\"https:\/\/www.eelabels.com\/de\/produkten\/bio-etiketten\/\"]}]},{\"@type\":\"ImageObject\",\"inLanguage\":\"de\",\"@id\":\"https:\/\/www.eelabels.com\/de\/produkten\/bio-etiketten\/#primaryimage\",\"url\":\"https:\/\/www.eelabels.com\/wp-content\/uploads\/2021\/02\/organic-cotton-2_home-1.jpg\",\"contentUrl\":\"https:\/\/www.eelabels.com\/wp-content\/uploads\/2021\/02\/organic-cotton-2_home-1.jpg\",\"width\":2560,\"height\":1920},{\"@type\":\"BreadcrumbList\",\"@id\":\"https:\/\/www.eelabels.com\/de\/produkten\/bio-etiketten\/#breadcrumb\",\"itemListElement\":[{\"@type\":\"ListItem\",\"position\":1,\"name\":\"Home\",\"item\":\"https:\/\/www.eelabels.com\/de\/\"},{\"@type\":\"ListItem\",\"position\":2,\"name\":\"Produkten\",\"item\":\"https:\/\/www.eelabels.com\/de\/produkten\/\"},{\"@type\":\"ListItem\",\"position\":3,\"name\":\"Nachhaltige Etiketten\"}]},{\"@type\":\"WebSite\",\"@id\":\"https:\/\/www.eelabels.com\/#website\",\"url\":\"https:\/\/www.eelabels.com\/\",\"name\":\"EE Labels\",\"description\":\"Specialist in geweven labels, gedrukte labels, hangtags &amp; branding\",\"potentialAction\":[{\"@type\":\"SearchAction\",\"target\":{\"@type\":\"EntryPoint\",\"urlTemplate\":\"https:\/\/www.eelabels.com\/?s={search_term_string}\"},\"query-input\":{\"@type\":\"PropertyValueSpecification\",\"valueRequired\":true,\"valueName\":\"search_term_string\"}}],\"inLanguage\":\"de\"}]}<\/script>\n<!-- \/ Yoast SEO plugin. -->","yoast_head_json":{"title":"Nachhaltige Etiketten","description":"Nachhaltige Etiketten von EE Labels. Einem \u00f6kologisch Endprodukt mit \u00f6kologisch Etikett. Hohe Qualit\u00e4t | schnelle Lieferung. Bestellen ab 250 St\u00fcck >","robots":{"index":"index","follow":"follow","max-snippet":"max-snippet:-1","max-image-preview":"max-image-preview:large","max-video-preview":"max-video-preview:-1"},"canonical":"https:\/\/www.eelabels.com\/de\/produkten\/bio-etiketten\/","og_locale":"de_DE","og_type":"article","og_title":"Nachhaltige Etiketten","og_description":"Nachhaltige Etiketten von EE Labels. Einem \u00f6kologisch Endprodukt mit \u00f6kologisch Etikett. Hohe Qualit\u00e4t | schnelle Lieferung. Bestellen ab 250 St\u00fcck >","og_url":"https:\/\/www.eelabels.com\/de\/produkten\/bio-etiketten\/","og_site_name":"EE Labels","article_modified_time":"2025-10-28T08:27:57+00:00","og_image":[{"width":2560,"height":1920,"url":"https:\/\/www.eelabels.com\/wp-content\/uploads\/2021\/02\/organic-cotton-2_home-1.jpg","type":"image\/jpeg"}],"twitter_card":"summary_large_image","twitter_misc":{"Gesch\u00e4tzte Lesezeit":"2\u00a0Minuten"},"schema":{"@context":"https:\/\/schema.org","@graph":[{"@type":"WebPage","@id":"https:\/\/www.eelabels.com\/de\/produkten\/bio-etiketten\/","url":"https:\/\/www.eelabels.com\/de\/produkten\/bio-etiketten\/","name":"Nachhaltige Etiketten","isPartOf":{"@id":"https:\/\/www.eelabels.com\/#website"},"primaryImageOfPage":{"@id":"https:\/\/www.eelabels.com\/de\/produkten\/bio-etiketten\/#primaryimage"},"image":{"@id":"https:\/\/www.eelabels.com\/de\/produkten\/bio-etiketten\/#primaryimage"},"thumbnailUrl":"https:\/\/www.eelabels.com\/wp-content\/uploads\/2021\/02\/organic-cotton-2_home-1.jpg","datePublished":"2016-03-03T00:00:00+00:00","dateModified":"2025-10-28T08:27:57+00:00","description":"Nachhaltige Etiketten von EE Labels. Einem \u00f6kologisch Endprodukt mit \u00f6kologisch Etikett. Hohe Qualit\u00e4t | schnelle Lieferung. Bestellen ab 250 St\u00fcck >","breadcrumb":{"@id":"https:\/\/www.eelabels.com\/de\/produkten\/bio-etiketten\/#breadcrumb"},"inLanguage":"de","potentialAction":[{"@type":"ReadAction","target":["https:\/\/www.eelabels.com\/de\/produkten\/bio-etiketten\/"]}]},{"@type":"ImageObject","inLanguage":"de","@id":"https:\/\/www.eelabels.com\/de\/produkten\/bio-etiketten\/#primaryimage","url":"https:\/\/www.eelabels.com\/wp-content\/uploads\/2021\/02\/organic-cotton-2_home-1.jpg","contentUrl":"https:\/\/www.eelabels.com\/wp-content\/uploads\/2021\/02\/organic-cotton-2_home-1.jpg","width":2560,"height":1920},{"@type":"BreadcrumbList","@id":"https:\/\/www.eelabels.com\/de\/produkten\/bio-etiketten\/#breadcrumb","itemListElement":[{"@type":"ListItem","position":1,"name":"Home","item":"https:\/\/www.eelabels.com\/de\/"},{"@type":"ListItem","position":2,"name":"Produkten","item":"https:\/\/www.eelabels.com\/de\/produkten\/"},{"@type":"ListItem","position":3,"name":"Nachhaltige Etiketten"}]},{"@type":"WebSite","@id":"https:\/\/www.eelabels.com\/#website","url":"https:\/\/www.eelabels.com\/","name":"EE Labels","description":"Specialist in geweven labels, gedrukte labels, hangtags &amp; branding","potentialAction":[{"@type":"SearchAction","target":{"@type":"EntryPoint","urlTemplate":"https:\/\/www.eelabels.com\/?s={search_term_string}"},"query-input":{"@type":"PropertyValueSpecification","valueRequired":true,"valueName":"search_term_string"}}],"inLanguage":"de"}]}},"_links":{"self":[{"href":"https:\/\/www.eelabels.com\/de\/wp-json\/wp\/v2\/pages\/12556","targetHints":{"allow":["GET"]}}],"collection":[{"href":"https:\/\/www.eelabels.com\/de\/wp-json\/wp\/v2\/pages"}],"about":[{"href":"https:\/\/www.eelabels.com\/de\/wp-json\/wp\/v2\/types\/page"}],"author":[{"embeddable":true,"href":"https:\/\/www.eelabels.com\/de\/wp-json\/wp\/v2\/users\/1"}],"replies":[{"embeddable":true,"href":"https:\/\/www.eelabels.com\/de\/wp-json\/wp\/v2\/comments?post=12556"}],"version-history":[{"count":28,"href":"https:\/\/www.eelabels.com\/de\/wp-json\/wp\/v2\/pages\/12556\/revisions"}],"predecessor-version":[{"id":26209,"href":"https:\/\/www.eelabels.com\/de\/wp-json\/wp\/v2\/pages\/12556\/revisions\/26209"}],"up":[{"embeddable":true,"href":"https:\/\/www.eelabels.com\/de\/wp-json\/wp\/v2\/pages\/13631"}],"wp:featuredmedia":[{"embeddable":true,"href":"https:\/\/www.eelabels.com\/de\/wp-json\/wp\/v2\/media\/19433"}],"wp:attachment":[{"href":"https:\/\/www.eelabels.com\/de\/wp-json\/wp\/v2\/media?parent=12556"}],"curies":[{"name":"wp","href":"https:\/\/api.w.org\/{rel}","templated":true}]}}