{"id":12560,"date":"2016-11-04T00:00:00","date_gmt":"2016-11-04T00:00:00","guid":{"rendered":"https:\/\/www.eelabels.comgewebte-feuerresistente-labels\/"},"modified":"2025-01-07T16:01:05","modified_gmt":"2025-01-07T16:01:05","slug":"gewebte-feuerresistente-labels","status":"publish","type":"page","link":"https:\/\/www.eelabels.com\/de\/produkten\/gewebte-feuerresistente-labels\/","title":{"rendered":"Feuerresistente Etiketten"},"content":{"rendered":"<h1>Feuerresistente Etiketten<\/h1>\n<p>Wenn Sie auf die Sicherheit Ihrer Mitarbeiter und die Qualit\u00e4t Ihrer Arbeitsschutzkleidung Wert legen, werden die feuerresistenten Etiketten von EE Labels ganz sicher Ihr Interesse wecken. Wir haben ein Etikett entwickelt, das zu 100 Prozent flammhemmend ist und Ihre zertifizierte Arbeitskleidung noch sicherer macht.<\/p>\n<p style=\"text-align: left;\"><a class=\"cta-button cta-button-small\" href=\"https:\/\/www.eelabels.com\/de\/angebot-anfordern\/\">Angebot anfragen<\/a> \u00a0\u00a0<a class=\"cta-button cta-button-small orange \" href=\"https:\/\/www.eelabelfactory.de\/Labelshop-de\" target=\"_blank\" rel=\"noopener noreferrer\">250 bis 8000 St\u00fcck bestellen<\/a><\/p>\n","protected":false},"excerpt":{"rendered":"<p>Feuerresistente Etiketten Wenn Sie auf die Sicherheit Ihrer Mitarbeiter und die Qualit\u00e4t Ihrer Arbeitsschutzkleidung Wert legen, werden die feuerresistenten Etiketten von EE Labels ganz sicher Ihr Interesse wecken. Wir haben ein Etikett entwickelt, das zu 100 Prozent flammhemmend ist und Ihre zertifizierte Arbeitskleidung noch sicherer macht. Angebot anfragen \u00a0\u00a0250 bis 8000 St\u00fcck bestellen [&#8230;]<\/p>\n<p><a class=\"btn btn-dark understrap-read-more-link\" href=\"https:\/\/www.eelabels.com\/de\/produkten\/gewebte-feuerresistente-labels\/\">Weiterlesen\u00a0\u2026<span class=\"screen-reader-text\"> from Feuerresistente Etiketten<\/span><\/a><\/p>\n","protected":false},"author":1,"featured_media":16968,"parent":13631,"menu_order":0,"comment_status":"open","ping_status":"open","template":"template-custom\/product-single-menu.php","meta":{"_acf_changed":false,"footnotes":""},"class_list":["post-12560","page","type-page","status-publish","has-post-thumbnail","hentry"],"acf":[],"yoast_head":"<!-- This site is optimized with the Yoast SEO plugin v24.6 - https:\/\/yoast.com\/wordpress\/plugins\/seo\/ -->\n<title>Feuerresistente Etiketten - EE Labels<\/title>\n<meta name=\"description\" content=\"Feuerresistenten Etiketten f\u00fcr Sicherheit f\u00fcr Ihrer Mitarbeiter und die Qualit\u00e4t Ihrer Arbeitsschutzkleidung. Die feuerresistenten Etiketten von EE Labels&gt;\" \/>\n<meta name=\"robots\" content=\"index, follow, max-snippet:-1, max-image-preview:large, max-video-preview:-1\" \/>\n<link rel=\"canonical\" href=\"https:\/\/www.eelabels.com\/producten\/brandvertragend-geweven-label\/\" \/>\n<meta property=\"og:locale\" content=\"de_DE\" \/>\n<meta property=\"og:type\" content=\"article\" \/>\n<meta property=\"og:title\" content=\"Feuerresistente Etiketten - EE Labels\" \/>\n<meta property=\"og:description\" content=\"Feuerresistenten Etiketten f\u00fcr Sicherheit f\u00fcr Ihrer Mitarbeiter und die Qualit\u00e4t Ihrer Arbeitsschutzkleidung. Die feuerresistenten Etiketten von EE Labels&gt;\" \/>\n<meta property=\"og:url\" content=\"https:\/\/www.eelabels.com\/producten\/brandvertragend-geweven-label\/\" \/>\n<meta property=\"og:site_name\" content=\"EE Labels\" \/>\n<meta property=\"article:modified_time\" content=\"2025-01-07T16:01:05+00:00\" \/>\n<meta property=\"og:image\" content=\"https:\/\/www.eelabels.com\/wp-content\/uploads\/2019\/12\/gewevenlabels-FR.jpg\" \/>\n\t<meta property=\"og:image:width\" content=\"1158\" \/>\n\t<meta property=\"og:image:height\" content=\"304\" \/>\n\t<meta property=\"og:image:type\" content=\"image\/jpeg\" \/>\n<meta name=\"twitter:card\" content=\"summary_large_image\" \/>\n<meta name=\"twitter:label1\" content=\"Gesch\u00e4tzte Lesezeit\" \/>\n\t<meta name=\"twitter:data1\" content=\"1\u00a0Minute\" \/>\n<script type=\"application\/ld+json\" class=\"yoast-schema-graph\">{\"@context\":\"https:\/\/schema.org\",\"@graph\":[{\"@type\":\"WebPage\",\"@id\":\"https:\/\/www.eelabels.com\/producten\/brandvertragend-geweven-label\/\",\"url\":\"https:\/\/www.eelabels.com\/producten\/brandvertragend-geweven-label\/\",\"name\":\"Feuerresistente Etiketten - EE Labels\",\"isPartOf\":{\"@id\":\"https:\/\/www.eelabels.com\/#website\"},\"primaryImageOfPage\":{\"@id\":\"https:\/\/www.eelabels.com\/producten\/brandvertragend-geweven-label\/#primaryimage\"},\"image\":{\"@id\":\"https:\/\/www.eelabels.com\/producten\/brandvertragend-geweven-label\/#primaryimage\"},\"thumbnailUrl\":\"https:\/\/www.eelabels.com\/wp-content\/uploads\/2019\/12\/gewevenlabels-FR-e1758620097743.jpg\",\"datePublished\":\"2016-11-04T00:00:00+00:00\",\"dateModified\":\"2025-01-07T16:01:05+00:00\",\"description\":\"Feuerresistenten Etiketten f\u00fcr Sicherheit f\u00fcr Ihrer Mitarbeiter und die Qualit\u00e4t Ihrer Arbeitsschutzkleidung. Die feuerresistenten Etiketten von EE Labels>\",\"breadcrumb\":{\"@id\":\"https:\/\/www.eelabels.com\/producten\/brandvertragend-geweven-label\/#breadcrumb\"},\"inLanguage\":\"de\",\"potentialAction\":[{\"@type\":\"ReadAction\",\"target\":[\"https:\/\/www.eelabels.com\/producten\/brandvertragend-geweven-label\/\"]}]},{\"@type\":\"ImageObject\",\"inLanguage\":\"de\",\"@id\":\"https:\/\/www.eelabels.com\/producten\/brandvertragend-geweven-label\/#primaryimage\",\"url\":\"https:\/\/www.eelabels.com\/wp-content\/uploads\/2019\/12\/gewevenlabels-FR-e1758620097743.jpg\",\"contentUrl\":\"https:\/\/www.eelabels.com\/wp-content\/uploads\/2019\/12\/gewevenlabels-FR-e1758620097743.jpg\",\"width\":690,\"height\":300,\"caption\":\"gewevenlabels\"},{\"@type\":\"BreadcrumbList\",\"@id\":\"https:\/\/www.eelabels.com\/producten\/brandvertragend-geweven-label\/#breadcrumb\",\"itemListElement\":[{\"@type\":\"ListItem\",\"position\":1,\"name\":\"Home\",\"item\":\"https:\/\/www.eelabels.com\/de\/\"},{\"@type\":\"ListItem\",\"position\":2,\"name\":\"Produkten\",\"item\":\"https:\/\/www.eelabels.com\/de\/produkten\/\"},{\"@type\":\"ListItem\",\"position\":3,\"name\":\"Feuerresistente Etiketten\"}]},{\"@type\":\"WebSite\",\"@id\":\"https:\/\/www.eelabels.com\/#website\",\"url\":\"https:\/\/www.eelabels.com\/\",\"name\":\"EE Labels\",\"description\":\"Specialist in geweven labels, gedrukte labels, hangtags &amp; branding\",\"potentialAction\":[{\"@type\":\"SearchAction\",\"target\":{\"@type\":\"EntryPoint\",\"urlTemplate\":\"https:\/\/www.eelabels.com\/?s={search_term_string}\"},\"query-input\":{\"@type\":\"PropertyValueSpecification\",\"valueRequired\":true,\"valueName\":\"search_term_string\"}}],\"inLanguage\":\"de\"}]}<\/script>\n<!-- \/ Yoast SEO plugin. -->","yoast_head_json":{"title":"Feuerresistente Etiketten - EE Labels","description":"Feuerresistenten Etiketten f\u00fcr Sicherheit f\u00fcr Ihrer Mitarbeiter und die Qualit\u00e4t Ihrer Arbeitsschutzkleidung. Die feuerresistenten Etiketten von EE Labels>","robots":{"index":"index","follow":"follow","max-snippet":"max-snippet:-1","max-image-preview":"max-image-preview:large","max-video-preview":"max-video-preview:-1"},"canonical":"https:\/\/www.eelabels.com\/producten\/brandvertragend-geweven-label\/","og_locale":"de_DE","og_type":"article","og_title":"Feuerresistente Etiketten - EE Labels","og_description":"Feuerresistenten Etiketten f\u00fcr Sicherheit f\u00fcr Ihrer Mitarbeiter und die Qualit\u00e4t Ihrer Arbeitsschutzkleidung. Die feuerresistenten Etiketten von EE Labels>","og_url":"https:\/\/www.eelabels.com\/producten\/brandvertragend-geweven-label\/","og_site_name":"EE Labels","article_modified_time":"2025-01-07T16:01:05+00:00","og_image":[{"width":1158,"height":304,"url":"https:\/\/www.eelabels.com\/wp-content\/uploads\/2019\/12\/gewevenlabels-FR.jpg","type":"image\/jpeg"}],"twitter_card":"summary_large_image","twitter_misc":{"Gesch\u00e4tzte Lesezeit":"1\u00a0Minute"},"schema":{"@context":"https:\/\/schema.org","@graph":[{"@type":"WebPage","@id":"https:\/\/www.eelabels.com\/producten\/brandvertragend-geweven-label\/","url":"https:\/\/www.eelabels.com\/producten\/brandvertragend-geweven-label\/","name":"Feuerresistente Etiketten - EE Labels","isPartOf":{"@id":"https:\/\/www.eelabels.com\/#website"},"primaryImageOfPage":{"@id":"https:\/\/www.eelabels.com\/producten\/brandvertragend-geweven-label\/#primaryimage"},"image":{"@id":"https:\/\/www.eelabels.com\/producten\/brandvertragend-geweven-label\/#primaryimage"},"thumbnailUrl":"https:\/\/www.eelabels.com\/wp-content\/uploads\/2019\/12\/gewevenlabels-FR-e1758620097743.jpg","datePublished":"2016-11-04T00:00:00+00:00","dateModified":"2025-01-07T16:01:05+00:00","description":"Feuerresistenten Etiketten f\u00fcr Sicherheit f\u00fcr Ihrer Mitarbeiter und die Qualit\u00e4t Ihrer Arbeitsschutzkleidung. Die feuerresistenten Etiketten von EE Labels>","breadcrumb":{"@id":"https:\/\/www.eelabels.com\/producten\/brandvertragend-geweven-label\/#breadcrumb"},"inLanguage":"de","potentialAction":[{"@type":"ReadAction","target":["https:\/\/www.eelabels.com\/producten\/brandvertragend-geweven-label\/"]}]},{"@type":"ImageObject","inLanguage":"de","@id":"https:\/\/www.eelabels.com\/producten\/brandvertragend-geweven-label\/#primaryimage","url":"https:\/\/www.eelabels.com\/wp-content\/uploads\/2019\/12\/gewevenlabels-FR-e1758620097743.jpg","contentUrl":"https:\/\/www.eelabels.com\/wp-content\/uploads\/2019\/12\/gewevenlabels-FR-e1758620097743.jpg","width":690,"height":300,"caption":"gewevenlabels"},{"@type":"BreadcrumbList","@id":"https:\/\/www.eelabels.com\/producten\/brandvertragend-geweven-label\/#breadcrumb","itemListElement":[{"@type":"ListItem","position":1,"name":"Home","item":"https:\/\/www.eelabels.com\/de\/"},{"@type":"ListItem","position":2,"name":"Produkten","item":"https:\/\/www.eelabels.com\/de\/produkten\/"},{"@type":"ListItem","position":3,"name":"Feuerresistente Etiketten"}]},{"@type":"WebSite","@id":"https:\/\/www.eelabels.com\/#website","url":"https:\/\/www.eelabels.com\/","name":"EE Labels","description":"Specialist in geweven labels, gedrukte labels, hangtags &amp; branding","potentialAction":[{"@type":"SearchAction","target":{"@type":"EntryPoint","urlTemplate":"https:\/\/www.eelabels.com\/?s={search_term_string}"},"query-input":{"@type":"PropertyValueSpecification","valueRequired":true,"valueName":"search_term_string"}}],"inLanguage":"de"}]}},"_links":{"self":[{"href":"https:\/\/www.eelabels.com\/de\/wp-json\/wp\/v2\/pages\/12560","targetHints":{"allow":["GET"]}}],"collection":[{"href":"https:\/\/www.eelabels.com\/de\/wp-json\/wp\/v2\/pages"}],"about":[{"href":"https:\/\/www.eelabels.com\/de\/wp-json\/wp\/v2\/types\/page"}],"author":[{"embeddable":true,"href":"https:\/\/www.eelabels.com\/de\/wp-json\/wp\/v2\/users\/1"}],"replies":[{"embeddable":true,"href":"https:\/\/www.eelabels.com\/de\/wp-json\/wp\/v2\/comments?post=12560"}],"version-history":[{"count":6,"href":"https:\/\/www.eelabels.com\/de\/wp-json\/wp\/v2\/pages\/12560\/revisions"}],"predecessor-version":[{"id":18774,"href":"https:\/\/www.eelabels.com\/de\/wp-json\/wp\/v2\/pages\/12560\/revisions\/18774"}],"up":[{"embeddable":true,"href":"https:\/\/www.eelabels.com\/de\/wp-json\/wp\/v2\/pages\/13631"}],"wp:featuredmedia":[{"embeddable":true,"href":"https:\/\/www.eelabels.com\/de\/wp-json\/wp\/v2\/media\/16968"}],"wp:attachment":[{"href":"https:\/\/www.eelabels.com\/de\/wp-json\/wp\/v2\/media?parent=12560"}],"curies":[{"name":"wp","href":"https:\/\/api.w.org\/{rel}","templated":true}]}}