{"id":12567,"date":"2018-09-20T00:00:00","date_gmt":"2018-09-20T00:00:00","guid":{"rendered":"https:\/\/www.eelabels.cometiketten-mit-einzigartiger-nummerierung\/"},"modified":"2023-10-24T11:32:32","modified_gmt":"2023-10-24T11:32:32","slug":"etiketten-mit-einzigartiger-nummerierung","status":"publish","type":"page","link":"https:\/\/www.eelabels.com\/de\/produkten\/etiketten-mit-einzigartiger-nummerierung\/","title":{"rendered":"Etiketten mit einzigartiger Nummerierung"},"content":{"rendered":"<h1>Etiketten mit einzigartiger Nummerierung<\/h1>\n<p>Ein einzigartiges Produkt erfordert ein einzigartiges Etikett. Deshalb bieten wir mit unseren Smart Labels die M\u00f6glichkeit, eine eindeutige Nummerierung in Ihre Etiketten einzuweben oder zu drucken. Verwenden Sie eine eindeutige Nummerierung, um Ihre Marke zu sch\u00fctzen. Dies verhindert F\u00e4lschungen und erm\u00f6glicht es den Kunden, echte von gef\u00e4lschten Artikeln zu unterscheiden. Oder f\u00fcgen Sie eindeutige Informationen pro Produkt hinzu.<\/p>\n","protected":false},"excerpt":{"rendered":"<p>Etiketten mit einzigartiger Nummerierung Ein einzigartiges Produkt erfordert ein einzigartiges Etikett. Deshalb bieten wir mit unseren Smart Labels die M\u00f6glichkeit, eine eindeutige Nummerierung in Ihre Etiketten einzuweben oder zu drucken. Verwenden Sie eine eindeutige Nummerierung, um Ihre Marke zu sch\u00fctzen. Dies verhindert F\u00e4lschungen und erm\u00f6glicht es den Kunden, echte von gef\u00e4lschten Artikeln zu unterscheiden. Oder [&#8230;]<\/p>\n<p><a class=\"btn btn-dark understrap-read-more-link\" href=\"https:\/\/www.eelabels.com\/de\/produkten\/etiketten-mit-einzigartiger-nummerierung\/\">Weiterlesen\u00a0\u2026<span class=\"screen-reader-text\"> from Etiketten mit einzigartiger Nummerierung<\/span><\/a><\/p>\n","protected":false},"author":1,"featured_media":17152,"parent":13631,"menu_order":0,"comment_status":"open","ping_status":"open","template":"template-custom\/product-single-menu.php","meta":{"_acf_changed":false,"footnotes":""},"class_list":["post-12567","page","type-page","status-publish","has-post-thumbnail","hentry"],"acf":[],"yoast_head":"<!-- This site is optimized with the Yoast SEO plugin v24.6 - https:\/\/yoast.com\/wordpress\/plugins\/seo\/ -->\n<title>Etiketten mit einzigartiger Nummerierung - EE Labels<\/title>\n<meta name=\"description\" content=\"Ein einzigartiges Produkt braucht ein einzigartiges Etikett. Darum bieten wir mit unseren Smart Etiketten die M\u00f6glichkeit, eine einzigartige Nummerierung in Ihre Etiketten zu weben oder zu drucken.\" \/>\n<meta name=\"robots\" content=\"index, follow, max-snippet:-1, max-image-preview:large, max-video-preview:-1\" \/>\n<link rel=\"canonical\" href=\"https:\/\/www.eelabels.com\/de\/produkten\/etiketten-mit-einzigartiger-nummerierung\/\" \/>\n<meta property=\"og:locale\" content=\"de_DE\" \/>\n<meta property=\"og:type\" content=\"article\" \/>\n<meta property=\"og:title\" content=\"Etiketten mit einzigartiger Nummerierung - EE Labels\" \/>\n<meta property=\"og:description\" content=\"Ein einzigartiges Produkt braucht ein einzigartiges Etikett. Darum bieten wir mit unseren Smart Etiketten die M\u00f6glichkeit, eine einzigartige Nummerierung in Ihre Etiketten zu weben oder zu drucken.\" \/>\n<meta property=\"og:url\" content=\"https:\/\/www.eelabels.com\/de\/produkten\/etiketten-mit-einzigartiger-nummerierung\/\" \/>\n<meta property=\"og:site_name\" content=\"EE Labels\" \/>\n<meta property=\"article:modified_time\" content=\"2023-10-24T11:32:32+00:00\" \/>\n<meta property=\"og:image\" content=\"https:\/\/www.eelabels.com\/wp-content\/uploads\/2020\/01\/labels-unieke-nummering.jpg\" \/>\n\t<meta property=\"og:image:width\" content=\"1800\" \/>\n\t<meta property=\"og:image:height\" content=\"473\" \/>\n\t<meta property=\"og:image:type\" content=\"image\/jpeg\" \/>\n<meta name=\"twitter:card\" content=\"summary_large_image\" \/>\n<meta name=\"twitter:label1\" content=\"Gesch\u00e4tzte Lesezeit\" \/>\n\t<meta name=\"twitter:data1\" content=\"1\u00a0Minute\" \/>\n<script type=\"application\/ld+json\" class=\"yoast-schema-graph\">{\"@context\":\"https:\/\/schema.org\",\"@graph\":[{\"@type\":\"WebPage\",\"@id\":\"https:\/\/www.eelabels.com\/de\/produkten\/etiketten-mit-einzigartiger-nummerierung\/\",\"url\":\"https:\/\/www.eelabels.com\/de\/produkten\/etiketten-mit-einzigartiger-nummerierung\/\",\"name\":\"Etiketten mit einzigartiger Nummerierung - EE Labels\",\"isPartOf\":{\"@id\":\"https:\/\/www.eelabels.com\/#website\"},\"primaryImageOfPage\":{\"@id\":\"https:\/\/www.eelabels.com\/de\/produkten\/etiketten-mit-einzigartiger-nummerierung\/#primaryimage\"},\"image\":{\"@id\":\"https:\/\/www.eelabels.com\/de\/produkten\/etiketten-mit-einzigartiger-nummerierung\/#primaryimage\"},\"thumbnailUrl\":\"https:\/\/www.eelabels.com\/wp-content\/uploads\/2020\/01\/labels-unieke-nummering.jpg\",\"datePublished\":\"2018-09-20T00:00:00+00:00\",\"dateModified\":\"2023-10-24T11:32:32+00:00\",\"description\":\"Ein einzigartiges Produkt braucht ein einzigartiges Etikett. Darum bieten wir mit unseren Smart Etiketten die M\u00f6glichkeit, eine einzigartige Nummerierung in Ihre Etiketten zu weben oder zu drucken.\",\"breadcrumb\":{\"@id\":\"https:\/\/www.eelabels.com\/de\/produkten\/etiketten-mit-einzigartiger-nummerierung\/#breadcrumb\"},\"inLanguage\":\"de\",\"potentialAction\":[{\"@type\":\"ReadAction\",\"target\":[\"https:\/\/www.eelabels.com\/de\/produkten\/etiketten-mit-einzigartiger-nummerierung\/\"]}]},{\"@type\":\"ImageObject\",\"inLanguage\":\"de\",\"@id\":\"https:\/\/www.eelabels.com\/de\/produkten\/etiketten-mit-einzigartiger-nummerierung\/#primaryimage\",\"url\":\"https:\/\/www.eelabels.com\/wp-content\/uploads\/2020\/01\/labels-unieke-nummering.jpg\",\"contentUrl\":\"https:\/\/www.eelabels.com\/wp-content\/uploads\/2020\/01\/labels-unieke-nummering.jpg\",\"width\":1800,\"height\":473,\"caption\":\"Duurzame labels\"},{\"@type\":\"BreadcrumbList\",\"@id\":\"https:\/\/www.eelabels.com\/de\/produkten\/etiketten-mit-einzigartiger-nummerierung\/#breadcrumb\",\"itemListElement\":[{\"@type\":\"ListItem\",\"position\":1,\"name\":\"Home\",\"item\":\"https:\/\/www.eelabels.com\/de\/\"},{\"@type\":\"ListItem\",\"position\":2,\"name\":\"Produkten\",\"item\":\"https:\/\/www.eelabels.com\/de\/produkten\/\"},{\"@type\":\"ListItem\",\"position\":3,\"name\":\"Etiketten mit einzigartiger Nummerierung\"}]},{\"@type\":\"WebSite\",\"@id\":\"https:\/\/www.eelabels.com\/#website\",\"url\":\"https:\/\/www.eelabels.com\/\",\"name\":\"EE Labels\",\"description\":\"Specialist in geweven labels, gedrukte labels, hangtags &amp; branding\",\"potentialAction\":[{\"@type\":\"SearchAction\",\"target\":{\"@type\":\"EntryPoint\",\"urlTemplate\":\"https:\/\/www.eelabels.com\/?s={search_term_string}\"},\"query-input\":{\"@type\":\"PropertyValueSpecification\",\"valueRequired\":true,\"valueName\":\"search_term_string\"}}],\"inLanguage\":\"de\"}]}<\/script>\n<!-- \/ Yoast SEO plugin. -->","yoast_head_json":{"title":"Etiketten mit einzigartiger Nummerierung - EE Labels","description":"Ein einzigartiges Produkt braucht ein einzigartiges Etikett. Darum bieten wir mit unseren Smart Etiketten die M\u00f6glichkeit, eine einzigartige Nummerierung in Ihre Etiketten zu weben oder zu drucken.","robots":{"index":"index","follow":"follow","max-snippet":"max-snippet:-1","max-image-preview":"max-image-preview:large","max-video-preview":"max-video-preview:-1"},"canonical":"https:\/\/www.eelabels.com\/de\/produkten\/etiketten-mit-einzigartiger-nummerierung\/","og_locale":"de_DE","og_type":"article","og_title":"Etiketten mit einzigartiger Nummerierung - EE Labels","og_description":"Ein einzigartiges Produkt braucht ein einzigartiges Etikett. Darum bieten wir mit unseren Smart Etiketten die M\u00f6glichkeit, eine einzigartige Nummerierung in Ihre Etiketten zu weben oder zu drucken.","og_url":"https:\/\/www.eelabels.com\/de\/produkten\/etiketten-mit-einzigartiger-nummerierung\/","og_site_name":"EE Labels","article_modified_time":"2023-10-24T11:32:32+00:00","og_image":[{"width":1800,"height":473,"url":"https:\/\/www.eelabels.com\/wp-content\/uploads\/2020\/01\/labels-unieke-nummering.jpg","type":"image\/jpeg"}],"twitter_card":"summary_large_image","twitter_misc":{"Gesch\u00e4tzte Lesezeit":"1\u00a0Minute"},"schema":{"@context":"https:\/\/schema.org","@graph":[{"@type":"WebPage","@id":"https:\/\/www.eelabels.com\/de\/produkten\/etiketten-mit-einzigartiger-nummerierung\/","url":"https:\/\/www.eelabels.com\/de\/produkten\/etiketten-mit-einzigartiger-nummerierung\/","name":"Etiketten mit einzigartiger Nummerierung - EE Labels","isPartOf":{"@id":"https:\/\/www.eelabels.com\/#website"},"primaryImageOfPage":{"@id":"https:\/\/www.eelabels.com\/de\/produkten\/etiketten-mit-einzigartiger-nummerierung\/#primaryimage"},"image":{"@id":"https:\/\/www.eelabels.com\/de\/produkten\/etiketten-mit-einzigartiger-nummerierung\/#primaryimage"},"thumbnailUrl":"https:\/\/www.eelabels.com\/wp-content\/uploads\/2020\/01\/labels-unieke-nummering.jpg","datePublished":"2018-09-20T00:00:00+00:00","dateModified":"2023-10-24T11:32:32+00:00","description":"Ein einzigartiges Produkt braucht ein einzigartiges Etikett. Darum bieten wir mit unseren Smart Etiketten die M\u00f6glichkeit, eine einzigartige Nummerierung in Ihre Etiketten zu weben oder zu drucken.","breadcrumb":{"@id":"https:\/\/www.eelabels.com\/de\/produkten\/etiketten-mit-einzigartiger-nummerierung\/#breadcrumb"},"inLanguage":"de","potentialAction":[{"@type":"ReadAction","target":["https:\/\/www.eelabels.com\/de\/produkten\/etiketten-mit-einzigartiger-nummerierung\/"]}]},{"@type":"ImageObject","inLanguage":"de","@id":"https:\/\/www.eelabels.com\/de\/produkten\/etiketten-mit-einzigartiger-nummerierung\/#primaryimage","url":"https:\/\/www.eelabels.com\/wp-content\/uploads\/2020\/01\/labels-unieke-nummering.jpg","contentUrl":"https:\/\/www.eelabels.com\/wp-content\/uploads\/2020\/01\/labels-unieke-nummering.jpg","width":1800,"height":473,"caption":"Duurzame labels"},{"@type":"BreadcrumbList","@id":"https:\/\/www.eelabels.com\/de\/produkten\/etiketten-mit-einzigartiger-nummerierung\/#breadcrumb","itemListElement":[{"@type":"ListItem","position":1,"name":"Home","item":"https:\/\/www.eelabels.com\/de\/"},{"@type":"ListItem","position":2,"name":"Produkten","item":"https:\/\/www.eelabels.com\/de\/produkten\/"},{"@type":"ListItem","position":3,"name":"Etiketten mit einzigartiger Nummerierung"}]},{"@type":"WebSite","@id":"https:\/\/www.eelabels.com\/#website","url":"https:\/\/www.eelabels.com\/","name":"EE Labels","description":"Specialist in geweven labels, gedrukte labels, hangtags &amp; branding","potentialAction":[{"@type":"SearchAction","target":{"@type":"EntryPoint","urlTemplate":"https:\/\/www.eelabels.com\/?s={search_term_string}"},"query-input":{"@type":"PropertyValueSpecification","valueRequired":true,"valueName":"search_term_string"}}],"inLanguage":"de"}]}},"_links":{"self":[{"href":"https:\/\/www.eelabels.com\/de\/wp-json\/wp\/v2\/pages\/12567","targetHints":{"allow":["GET"]}}],"collection":[{"href":"https:\/\/www.eelabels.com\/de\/wp-json\/wp\/v2\/pages"}],"about":[{"href":"https:\/\/www.eelabels.com\/de\/wp-json\/wp\/v2\/types\/page"}],"author":[{"embeddable":true,"href":"https:\/\/www.eelabels.com\/de\/wp-json\/wp\/v2\/users\/1"}],"replies":[{"embeddable":true,"href":"https:\/\/www.eelabels.com\/de\/wp-json\/wp\/v2\/comments?post=12567"}],"version-history":[{"count":13,"href":"https:\/\/www.eelabels.com\/de\/wp-json\/wp\/v2\/pages\/12567\/revisions"}],"predecessor-version":[{"id":23780,"href":"https:\/\/www.eelabels.com\/de\/wp-json\/wp\/v2\/pages\/12567\/revisions\/23780"}],"up":[{"embeddable":true,"href":"https:\/\/www.eelabels.com\/de\/wp-json\/wp\/v2\/pages\/13631"}],"wp:featuredmedia":[{"embeddable":true,"href":"https:\/\/www.eelabels.com\/de\/wp-json\/wp\/v2\/media\/17152"}],"wp:attachment":[{"href":"https:\/\/www.eelabels.com\/de\/wp-json\/wp\/v2\/media?parent=12567"}],"curies":[{"name":"wp","href":"https:\/\/api.w.org\/{rel}","templated":true}]}}