{"id":13473,"date":"2013-07-18T00:00:00","date_gmt":"2013-07-18T00:00:00","guid":{"rendered":"https:\/\/www.eelabels.comlandingspagina\/"},"modified":"2025-01-16T12:24:43","modified_gmt":"2025-01-16T12:24:43","slug":"landingspagina","status":"publish","type":"page","link":"https:\/\/www.eelabels.com\/de\/","title":{"rendered":"Home"},"content":{"rendered":"<h1>Unsere DNA<\/h1>\n<p>Wir glauben an die Schaffung starker Verbindungen. Zwischen Menschen, aber auch mit den Objekten um uns herum. Verbindungen, die &#8211; wie Familie und Freunde \u2013 Zeitlos sind. Alles mit minimalen Auswirkungen auf die Umwelt mit <a href=\"https:\/\/www.eelabels.com\/de\/produkten\/bio-etiketten\/\">nachhaltige Etiketten<\/a>, damit auch zuk\u00fcnftige Generationen es genie\u00dfen k\u00f6nnen.<\/p>\n<p style=\"text-align: center;\"><a class=\"cta-button cta-button-big orange\" href=\"https:\/\/www.eelabels.com\/de\/kontakt\/\">Kontakt aufnehmen<\/a><\/p>\n","protected":false},"excerpt":{"rendered":"<p>Unsere DNA Wir glauben an die Schaffung starker Verbindungen. Zwischen Menschen, aber auch mit den Objekten um uns herum. Verbindungen, die &#8211; wie Familie und Freunde \u2013 Zeitlos sind. Alles mit minimalen Auswirkungen auf die Umwelt mit nachhaltige Etiketten, damit auch zuk\u00fcnftige Generationen es genie\u00dfen k\u00f6nnen. Kontakt aufnehmen [&#8230;]<\/p>\n<p><a class=\"btn btn-dark understrap-read-more-link\" href=\"https:\/\/www.eelabels.com\/de\/\">Weiterlesen\u00a0\u2026<span class=\"screen-reader-text\"> from Home<\/span><\/a><\/p>\n","protected":false},"author":1,"featured_media":0,"parent":0,"menu_order":0,"comment_status":"open","ping_status":"open","template":"page-templates\/homepage.php","meta":{"_acf_changed":false,"footnotes":""},"class_list":["post-13473","page","type-page","status-publish","hentry"],"acf":[],"yoast_head":"<!-- This site is optimized with the Yoast SEO plugin v24.6 - https:\/\/yoast.com\/wordpress\/plugins\/seo\/ -->\n<title>EE Labels - Ihr Partner im Branding<\/title>\n<meta name=\"description\" content=\"EE Labels ist ein weltweit operierendes Familienunternehmen. Unser Schwerpunkt liegt auf den lokalen M\u00e4rkten und pers\u00f6nlichen Kundenbeziehungen mit interessanten Marken.\" \/>\n<meta name=\"robots\" content=\"index, follow, max-snippet:-1, max-image-preview:large, max-video-preview:-1\" \/>\n<link rel=\"canonical\" href=\"https:\/\/www.eelabels.com\/de\/\" \/>\n<meta property=\"og:locale\" content=\"de_DE\" \/>\n<meta property=\"og:type\" content=\"article\" \/>\n<meta property=\"og:title\" content=\"EE Labels - Ihr Partner im Branding\" \/>\n<meta property=\"og:description\" content=\"EE Labels ist ein weltweit operierendes Familienunternehmen. Unser Schwerpunkt liegt auf den lokalen M\u00e4rkten und pers\u00f6nlichen Kundenbeziehungen mit interessanten Marken.\" \/>\n<meta property=\"og:url\" content=\"https:\/\/www.eelabels.com\/de\/\" \/>\n<meta property=\"og:site_name\" content=\"EE Labels\" \/>\n<meta property=\"article:modified_time\" content=\"2025-01-16T12:24:43+00:00\" \/>\n<meta name=\"twitter:card\" content=\"summary_large_image\" \/>\n<meta name=\"twitter:label1\" content=\"Gesch\u00e4tzte Lesezeit\" \/>\n\t<meta name=\"twitter:data1\" content=\"1\u00a0Minute\" \/>\n<script type=\"application\/ld+json\" class=\"yoast-schema-graph\">{\"@context\":\"https:\/\/schema.org\",\"@graph\":[{\"@type\":\"WebPage\",\"@id\":\"https:\/\/www.eelabels.com\/de\/\",\"url\":\"https:\/\/www.eelabels.com\/de\/\",\"name\":\"EE Labels - Ihr Partner im Branding\",\"isPartOf\":{\"@id\":\"https:\/\/www.eelabels.com\/#website\"},\"datePublished\":\"2013-07-18T00:00:00+00:00\",\"dateModified\":\"2025-01-16T12:24:43+00:00\",\"description\":\"EE Labels ist ein weltweit operierendes Familienunternehmen. Unser Schwerpunkt liegt auf den lokalen M\u00e4rkten und pers\u00f6nlichen Kundenbeziehungen mit interessanten Marken.\",\"breadcrumb\":{\"@id\":\"https:\/\/www.eelabels.com\/de\/#breadcrumb\"},\"inLanguage\":\"de\",\"potentialAction\":[{\"@type\":\"ReadAction\",\"target\":[\"https:\/\/www.eelabels.com\/de\/\"]}]},{\"@type\":\"BreadcrumbList\",\"@id\":\"https:\/\/www.eelabels.com\/de\/#breadcrumb\",\"itemListElement\":[{\"@type\":\"ListItem\",\"position\":1,\"name\":\"Home\",\"item\":\"https:\/\/www.eelabels.com\/de\/\"},{\"@type\":\"ListItem\",\"position\":2,\"name\":\"Home\"}]},{\"@type\":\"WebSite\",\"@id\":\"https:\/\/www.eelabels.com\/#website\",\"url\":\"https:\/\/www.eelabels.com\/\",\"name\":\"EE Labels\",\"description\":\"Specialist in geweven labels, gedrukte labels, hangtags &amp; branding\",\"potentialAction\":[{\"@type\":\"SearchAction\",\"target\":{\"@type\":\"EntryPoint\",\"urlTemplate\":\"https:\/\/www.eelabels.com\/?s={search_term_string}\"},\"query-input\":{\"@type\":\"PropertyValueSpecification\",\"valueRequired\":true,\"valueName\":\"search_term_string\"}}],\"inLanguage\":\"de\"}]}<\/script>\n<!-- \/ Yoast SEO plugin. -->","yoast_head_json":{"title":"EE Labels - Ihr Partner im Branding","description":"EE Labels ist ein weltweit operierendes Familienunternehmen. Unser Schwerpunkt liegt auf den lokalen M\u00e4rkten und pers\u00f6nlichen Kundenbeziehungen mit interessanten Marken.","robots":{"index":"index","follow":"follow","max-snippet":"max-snippet:-1","max-image-preview":"max-image-preview:large","max-video-preview":"max-video-preview:-1"},"canonical":"https:\/\/www.eelabels.com\/de\/","og_locale":"de_DE","og_type":"article","og_title":"EE Labels - Ihr Partner im Branding","og_description":"EE Labels ist ein weltweit operierendes Familienunternehmen. Unser Schwerpunkt liegt auf den lokalen M\u00e4rkten und pers\u00f6nlichen Kundenbeziehungen mit interessanten Marken.","og_url":"https:\/\/www.eelabels.com\/de\/","og_site_name":"EE Labels","article_modified_time":"2025-01-16T12:24:43+00:00","twitter_card":"summary_large_image","twitter_misc":{"Gesch\u00e4tzte Lesezeit":"1\u00a0Minute"},"schema":{"@context":"https:\/\/schema.org","@graph":[{"@type":"WebPage","@id":"https:\/\/www.eelabels.com\/de\/","url":"https:\/\/www.eelabels.com\/de\/","name":"EE Labels - Ihr Partner im Branding","isPartOf":{"@id":"https:\/\/www.eelabels.com\/#website"},"datePublished":"2013-07-18T00:00:00+00:00","dateModified":"2025-01-16T12:24:43+00:00","description":"EE Labels ist ein weltweit operierendes Familienunternehmen. Unser Schwerpunkt liegt auf den lokalen M\u00e4rkten und pers\u00f6nlichen Kundenbeziehungen mit interessanten Marken.","breadcrumb":{"@id":"https:\/\/www.eelabels.com\/de\/#breadcrumb"},"inLanguage":"de","potentialAction":[{"@type":"ReadAction","target":["https:\/\/www.eelabels.com\/de\/"]}]},{"@type":"BreadcrumbList","@id":"https:\/\/www.eelabels.com\/de\/#breadcrumb","itemListElement":[{"@type":"ListItem","position":1,"name":"Home","item":"https:\/\/www.eelabels.com\/de\/"},{"@type":"ListItem","position":2,"name":"Home"}]},{"@type":"WebSite","@id":"https:\/\/www.eelabels.com\/#website","url":"https:\/\/www.eelabels.com\/","name":"EE Labels","description":"Specialist in geweven labels, gedrukte labels, hangtags &amp; branding","potentialAction":[{"@type":"SearchAction","target":{"@type":"EntryPoint","urlTemplate":"https:\/\/www.eelabels.com\/?s={search_term_string}"},"query-input":{"@type":"PropertyValueSpecification","valueRequired":true,"valueName":"search_term_string"}}],"inLanguage":"de"}]}},"_links":{"self":[{"href":"https:\/\/www.eelabels.com\/de\/wp-json\/wp\/v2\/pages\/13473","targetHints":{"allow":["GET"]}}],"collection":[{"href":"https:\/\/www.eelabels.com\/de\/wp-json\/wp\/v2\/pages"}],"about":[{"href":"https:\/\/www.eelabels.com\/de\/wp-json\/wp\/v2\/types\/page"}],"author":[{"embeddable":true,"href":"https:\/\/www.eelabels.com\/de\/wp-json\/wp\/v2\/users\/1"}],"replies":[{"embeddable":true,"href":"https:\/\/www.eelabels.com\/de\/wp-json\/wp\/v2\/comments?post=13473"}],"version-history":[{"count":73,"href":"https:\/\/www.eelabels.com\/de\/wp-json\/wp\/v2\/pages\/13473\/revisions"}],"predecessor-version":[{"id":25205,"href":"https:\/\/www.eelabels.com\/de\/wp-json\/wp\/v2\/pages\/13473\/revisions\/25205"}],"wp:attachment":[{"href":"https:\/\/www.eelabels.com\/de\/wp-json\/wp\/v2\/media?parent=13473"}],"curies":[{"name":"wp","href":"https:\/\/api.w.org\/{rel}","templated":true}]}}