{"id":17383,"date":"2016-01-21T00:00:00","date_gmt":"2016-01-21T00:00:00","guid":{"rendered":"https:\/\/www.eelabels.comprodukten\/woven-ribbon\/"},"modified":"2021-04-22T14:20:54","modified_gmt":"2021-04-22T14:20:54","slug":"woven-ribbon","status":"publish","type":"page","link":"https:\/\/www.eelabels.com\/de\/produkten\/woven-ribbon\/","title":{"rendered":"Gewebte B\u00e4nder"},"content":{"rendered":"<h1>Gewebtes Jacquard-Band<\/h1>\n<p>Unsere hauseigene Erfahrung und unser Fachwissen in der Weberei macht uns zum perfekten Partner f\u00fcr die Lieferung von gewebtem Band. Die Jacquardwebtechnik erm\u00f6glicht es uns, auch kleinste Details perfekt darzustellen.<\/p>\n<p>Ganz gleich, ob es sich um Bundband, Werbeband, Dekorationsband, Lesezeichenband oder Verpackungsband handelt, wir weben selbst kleinste Details perfekt in das Band ein.<\/p>\n<h3 style=\"text-align: center;\"><a class=\"cta-button cta-button-big\" title=\"Bestel nu\" href=\"\/?page_id=12413\">Request a quote<\/a><\/h3>\n","protected":false},"excerpt":{"rendered":"<p>Gewebtes Jacquard-Band Unsere hauseigene Erfahrung und unser Fachwissen in der Weberei macht uns zum perfekten Partner f\u00fcr die Lieferung von gewebtem Band. Die Jacquardwebtechnik erm\u00f6glicht es uns, auch kleinste Details perfekt darzustellen. Ganz gleich, ob es sich um Bundband, Werbeband, Dekorationsband, Lesezeichenband oder Verpackungsband handelt, wir weben selbst kleinste Details perfekt in das Band ein. [&#8230;]<\/p>\n<p><a class=\"btn btn-dark understrap-read-more-link\" href=\"https:\/\/www.eelabels.com\/de\/produkten\/woven-ribbon\/\">Weiterlesen\u00a0\u2026<span class=\"screen-reader-text\"> from Gewebte B\u00e4nder<\/span><\/a><\/p>\n","protected":false},"author":1,"featured_media":16977,"parent":13631,"menu_order":0,"comment_status":"open","ping_status":"open","template":"template-custom\/product-single-menu.php","meta":{"_acf_changed":false,"footnotes":""},"class_list":["post-17383","page","type-page","status-publish","has-post-thumbnail","hentry"],"acf":[],"yoast_head":"<!-- This site is optimized with the Yoast SEO plugin v24.6 - https:\/\/yoast.com\/wordpress\/plugins\/seo\/ -->\n<title>Gewebte B\u00e4nder - EE Labels<\/title>\n<meta name=\"description\" content=\"Unsere hauseigene Erfahrung in der Weberei macht uns zum perfekten Partner f\u00fcr die Lieferung von gewebtem B\u00e4nder auch kleinste Details perfekt darzustellen.\" \/>\n<meta name=\"robots\" content=\"index, follow, max-snippet:-1, max-image-preview:large, max-video-preview:-1\" \/>\n<link rel=\"canonical\" href=\"https:\/\/www.eelabels.com\/de\/produkten\/woven-ribbon\/\" \/>\n<meta property=\"og:locale\" content=\"de_DE\" \/>\n<meta property=\"og:type\" content=\"article\" \/>\n<meta property=\"og:title\" content=\"Gewebte B\u00e4nder - EE Labels\" \/>\n<meta property=\"og:description\" content=\"Unsere hauseigene Erfahrung in der Weberei macht uns zum perfekten Partner f\u00fcr die Lieferung von gewebtem B\u00e4nder auch kleinste Details perfekt darzustellen.\" \/>\n<meta property=\"og:url\" content=\"https:\/\/www.eelabels.com\/de\/produkten\/woven-ribbon\/\" \/>\n<meta property=\"og:site_name\" content=\"EE Labels\" \/>\n<meta property=\"article:modified_time\" content=\"2021-04-22T14:20:54+00:00\" \/>\n<meta property=\"og:image\" content=\"https:\/\/www.eelabels.com\/wp-content\/uploads\/2019\/12\/gewevenlint.jpg\" \/>\n\t<meta property=\"og:image:width\" content=\"1158\" \/>\n\t<meta property=\"og:image:height\" content=\"304\" \/>\n\t<meta property=\"og:image:type\" content=\"image\/jpeg\" \/>\n<meta name=\"twitter:card\" content=\"summary_large_image\" \/>\n<script type=\"application\/ld+json\" class=\"yoast-schema-graph\">{\"@context\":\"https:\/\/schema.org\",\"@graph\":[{\"@type\":\"WebPage\",\"@id\":\"https:\/\/www.eelabels.com\/de\/produkten\/woven-ribbon\/\",\"url\":\"https:\/\/www.eelabels.com\/de\/produkten\/woven-ribbon\/\",\"name\":\"Gewebte B\u00e4nder - EE Labels\",\"isPartOf\":{\"@id\":\"https:\/\/www.eelabels.com\/#website\"},\"primaryImageOfPage\":{\"@id\":\"https:\/\/www.eelabels.com\/de\/produkten\/woven-ribbon\/#primaryimage\"},\"image\":{\"@id\":\"https:\/\/www.eelabels.com\/de\/produkten\/woven-ribbon\/#primaryimage\"},\"thumbnailUrl\":\"https:\/\/www.eelabels.com\/wp-content\/uploads\/2019\/12\/gewevenlint.jpg\",\"datePublished\":\"2016-01-21T00:00:00+00:00\",\"dateModified\":\"2021-04-22T14:20:54+00:00\",\"description\":\"Unsere hauseigene Erfahrung in der Weberei macht uns zum perfekten Partner f\u00fcr die Lieferung von gewebtem B\u00e4nder auch kleinste Details perfekt darzustellen.\",\"breadcrumb\":{\"@id\":\"https:\/\/www.eelabels.com\/de\/produkten\/woven-ribbon\/#breadcrumb\"},\"inLanguage\":\"de\",\"potentialAction\":[{\"@type\":\"ReadAction\",\"target\":[\"https:\/\/www.eelabels.com\/de\/produkten\/woven-ribbon\/\"]}]},{\"@type\":\"ImageObject\",\"inLanguage\":\"de\",\"@id\":\"https:\/\/www.eelabels.com\/de\/produkten\/woven-ribbon\/#primaryimage\",\"url\":\"https:\/\/www.eelabels.com\/wp-content\/uploads\/2019\/12\/gewevenlint.jpg\",\"contentUrl\":\"https:\/\/www.eelabels.com\/wp-content\/uploads\/2019\/12\/gewevenlint.jpg\",\"width\":1158,\"height\":304,\"caption\":\"gewevenlint\"},{\"@type\":\"BreadcrumbList\",\"@id\":\"https:\/\/www.eelabels.com\/de\/produkten\/woven-ribbon\/#breadcrumb\",\"itemListElement\":[{\"@type\":\"ListItem\",\"position\":1,\"name\":\"Home\",\"item\":\"https:\/\/www.eelabels.com\/de\/\"},{\"@type\":\"ListItem\",\"position\":2,\"name\":\"Produkten\",\"item\":\"https:\/\/www.eelabels.com\/de\/produkten\/\"},{\"@type\":\"ListItem\",\"position\":3,\"name\":\"Gewebte B\u00e4nder\"}]},{\"@type\":\"WebSite\",\"@id\":\"https:\/\/www.eelabels.com\/#website\",\"url\":\"https:\/\/www.eelabels.com\/\",\"name\":\"EE Labels\",\"description\":\"Specialist in geweven labels, gedrukte labels, hangtags &amp; branding\",\"potentialAction\":[{\"@type\":\"SearchAction\",\"target\":{\"@type\":\"EntryPoint\",\"urlTemplate\":\"https:\/\/www.eelabels.com\/?s={search_term_string}\"},\"query-input\":{\"@type\":\"PropertyValueSpecification\",\"valueRequired\":true,\"valueName\":\"search_term_string\"}}],\"inLanguage\":\"de\"}]}<\/script>\n<!-- \/ Yoast SEO plugin. -->","yoast_head_json":{"title":"Gewebte B\u00e4nder - EE Labels","description":"Unsere hauseigene Erfahrung in der Weberei macht uns zum perfekten Partner f\u00fcr die Lieferung von gewebtem B\u00e4nder auch kleinste Details perfekt darzustellen.","robots":{"index":"index","follow":"follow","max-snippet":"max-snippet:-1","max-image-preview":"max-image-preview:large","max-video-preview":"max-video-preview:-1"},"canonical":"https:\/\/www.eelabels.com\/de\/produkten\/woven-ribbon\/","og_locale":"de_DE","og_type":"article","og_title":"Gewebte B\u00e4nder - EE Labels","og_description":"Unsere hauseigene Erfahrung in der Weberei macht uns zum perfekten Partner f\u00fcr die Lieferung von gewebtem B\u00e4nder auch kleinste Details perfekt darzustellen.","og_url":"https:\/\/www.eelabels.com\/de\/produkten\/woven-ribbon\/","og_site_name":"EE Labels","article_modified_time":"2021-04-22T14:20:54+00:00","og_image":[{"width":1158,"height":304,"url":"https:\/\/www.eelabels.com\/wp-content\/uploads\/2019\/12\/gewevenlint.jpg","type":"image\/jpeg"}],"twitter_card":"summary_large_image","schema":{"@context":"https:\/\/schema.org","@graph":[{"@type":"WebPage","@id":"https:\/\/www.eelabels.com\/de\/produkten\/woven-ribbon\/","url":"https:\/\/www.eelabels.com\/de\/produkten\/woven-ribbon\/","name":"Gewebte B\u00e4nder - EE Labels","isPartOf":{"@id":"https:\/\/www.eelabels.com\/#website"},"primaryImageOfPage":{"@id":"https:\/\/www.eelabels.com\/de\/produkten\/woven-ribbon\/#primaryimage"},"image":{"@id":"https:\/\/www.eelabels.com\/de\/produkten\/woven-ribbon\/#primaryimage"},"thumbnailUrl":"https:\/\/www.eelabels.com\/wp-content\/uploads\/2019\/12\/gewevenlint.jpg","datePublished":"2016-01-21T00:00:00+00:00","dateModified":"2021-04-22T14:20:54+00:00","description":"Unsere hauseigene Erfahrung in der Weberei macht uns zum perfekten Partner f\u00fcr die Lieferung von gewebtem B\u00e4nder auch kleinste Details perfekt darzustellen.","breadcrumb":{"@id":"https:\/\/www.eelabels.com\/de\/produkten\/woven-ribbon\/#breadcrumb"},"inLanguage":"de","potentialAction":[{"@type":"ReadAction","target":["https:\/\/www.eelabels.com\/de\/produkten\/woven-ribbon\/"]}]},{"@type":"ImageObject","inLanguage":"de","@id":"https:\/\/www.eelabels.com\/de\/produkten\/woven-ribbon\/#primaryimage","url":"https:\/\/www.eelabels.com\/wp-content\/uploads\/2019\/12\/gewevenlint.jpg","contentUrl":"https:\/\/www.eelabels.com\/wp-content\/uploads\/2019\/12\/gewevenlint.jpg","width":1158,"height":304,"caption":"gewevenlint"},{"@type":"BreadcrumbList","@id":"https:\/\/www.eelabels.com\/de\/produkten\/woven-ribbon\/#breadcrumb","itemListElement":[{"@type":"ListItem","position":1,"name":"Home","item":"https:\/\/www.eelabels.com\/de\/"},{"@type":"ListItem","position":2,"name":"Produkten","item":"https:\/\/www.eelabels.com\/de\/produkten\/"},{"@type":"ListItem","position":3,"name":"Gewebte B\u00e4nder"}]},{"@type":"WebSite","@id":"https:\/\/www.eelabels.com\/#website","url":"https:\/\/www.eelabels.com\/","name":"EE Labels","description":"Specialist in geweven labels, gedrukte labels, hangtags &amp; branding","potentialAction":[{"@type":"SearchAction","target":{"@type":"EntryPoint","urlTemplate":"https:\/\/www.eelabels.com\/?s={search_term_string}"},"query-input":{"@type":"PropertyValueSpecification","valueRequired":true,"valueName":"search_term_string"}}],"inLanguage":"de"}]}},"_links":{"self":[{"href":"https:\/\/www.eelabels.com\/de\/wp-json\/wp\/v2\/pages\/17383","targetHints":{"allow":["GET"]}}],"collection":[{"href":"https:\/\/www.eelabels.com\/de\/wp-json\/wp\/v2\/pages"}],"about":[{"href":"https:\/\/www.eelabels.com\/de\/wp-json\/wp\/v2\/types\/page"}],"author":[{"embeddable":true,"href":"https:\/\/www.eelabels.com\/de\/wp-json\/wp\/v2\/users\/1"}],"replies":[{"embeddable":true,"href":"https:\/\/www.eelabels.com\/de\/wp-json\/wp\/v2\/comments?post=17383"}],"version-history":[{"count":4,"href":"https:\/\/www.eelabels.com\/de\/wp-json\/wp\/v2\/pages\/17383\/revisions"}],"predecessor-version":[{"id":20163,"href":"https:\/\/www.eelabels.com\/de\/wp-json\/wp\/v2\/pages\/17383\/revisions\/20163"}],"up":[{"embeddable":true,"href":"https:\/\/www.eelabels.com\/de\/wp-json\/wp\/v2\/pages\/13631"}],"wp:featuredmedia":[{"embeddable":true,"href":"https:\/\/www.eelabels.com\/de\/wp-json\/wp\/v2\/media\/16977"}],"wp:attachment":[{"href":"https:\/\/www.eelabels.com\/de\/wp-json\/wp\/v2\/media?parent=17383"}],"curies":[{"name":"wp","href":"https:\/\/api.w.org\/{rel}","templated":true}]}}