{"id":17423,"date":"2020-02-27T09:50:00","date_gmt":"2020-02-27T09:50:00","guid":{"rendered":"https:\/\/www.eelabels.com?page_id=17423"},"modified":"2021-04-23T07:21:51","modified_gmt":"2021-04-23T07:21:51","slug":"grossenetiketten","status":"publish","type":"page","link":"https:\/\/www.eelabels.com\/de\/produkten\/grossenetiketten\/","title":{"rendered":"Gr\u00f6\u00dfenetiketten"},"content":{"rendered":"<h1>Gewebte oder gedruckte Gr\u00f6\u00dfenetiketten<\/h1>\n<p>Suchen Sie nach professionellen Gr\u00f6\u00dfenetiketten f\u00fcr Ihre Kleidung? EE Labels produziert gedruckte oder gewebte Gr\u00f6\u00dfenetiketten.<\/p>\n<p>Die beliebtesten Farben und Gr\u00f6\u00dfen sind immer auf Lager. Wei\u00df auf Schwarz oder Schwarz auf Wei\u00df. Sie k\u00f6nnen diese Gr\u00f6\u00dfenetiketten \u00fcber unseren Webshop <a href=\"https:\/\/www.eelabelfactory.de\/Grossenetiketten\" target=\"_blank\" rel=\"noopener noreferrer\">EE Label Factory\u00a0<\/a>bestellen. Suchen Sie nach Gr\u00f6\u00dfenetiketten in einer bestimmten Farbe? Um sie mit Ihren Markenetiketten abzustimmen? Auf Anfrage fertigen wir Etiketten in Sondergr\u00f6\u00dfen an. Die Lieferzeit betr\u00e4gt etwa 3 Arbeitswochen.<\/p>\n<p style=\"text-align: left;\"><a class=\"cta-button cta-button-small\" href=\"https:\/\/www.eelabels.com\/de\/angebot-anfordern\/\">Angebot anfragen<\/a> \u00a0\u00a0<a class=\"cta-button cta-button-small orange \" href=\"https:\/\/www.eelabelfactory.de\/Grossenetiketten\" target=\"_blank\" rel=\"noopener noreferrer\">Online bestellen<\/a><\/p>\n<p>&nbsp;<\/p>\n","protected":false},"excerpt":{"rendered":"<p>Gewebte oder gedruckte Gr\u00f6\u00dfenetiketten Suchen Sie nach professionellen Gr\u00f6\u00dfenetiketten f\u00fcr Ihre Kleidung? EE Labels produziert gedruckte oder gewebte Gr\u00f6\u00dfenetiketten. Die beliebtesten Farben und Gr\u00f6\u00dfen sind immer auf Lager. Wei\u00df auf Schwarz oder Schwarz auf Wei\u00df. Sie k\u00f6nnen diese Gr\u00f6\u00dfenetiketten \u00fcber unseren Webshop EE Label Factory\u00a0bestellen. Suchen Sie nach Gr\u00f6\u00dfenetiketten in einer bestimmten Farbe? Um sie [&#8230;]<\/p>\n<p><a class=\"btn btn-dark understrap-read-more-link\" href=\"https:\/\/www.eelabels.com\/de\/produkten\/grossenetiketten\/\">Weiterlesen\u00a0\u2026<span class=\"screen-reader-text\"> from Gr\u00f6\u00dfenetiketten<\/span><\/a><\/p>\n","protected":false},"author":5,"featured_media":17136,"parent":13631,"menu_order":0,"comment_status":"closed","ping_status":"closed","template":"template-custom\/product-single-menu.php","meta":{"_acf_changed":false,"footnotes":""},"class_list":["post-17423","page","type-page","status-publish","has-post-thumbnail","hentry"],"acf":[],"yoast_head":"<!-- This site is optimized with the Yoast SEO plugin v24.6 - https:\/\/yoast.com\/wordpress\/plugins\/seo\/ -->\n<title>Gr\u00f6\u00dfenetiketten - EE Labels<\/title>\n<meta name=\"description\" content=\"Professionellen Gr\u00f6\u00dfenetiketten in Ihrer Kleidung bestellen? Gr\u00f6\u00dfenetiketten in Sonderanfertigungen auf Anfrage. Standard Gr\u00f6\u00dfen auf Lager von 250 St\u00fcck &gt;\" \/>\n<meta name=\"robots\" content=\"index, follow, max-snippet:-1, max-image-preview:large, max-video-preview:-1\" \/>\n<link rel=\"canonical\" href=\"https:\/\/www.eelabels.com\/de\/produkten\/grossenetiketten\/\" \/>\n<meta property=\"og:locale\" content=\"de_DE\" \/>\n<meta property=\"og:type\" content=\"article\" \/>\n<meta property=\"og:title\" content=\"Gr\u00f6\u00dfenetiketten - EE Labels\" \/>\n<meta property=\"og:description\" content=\"Professionellen Gr\u00f6\u00dfenetiketten in Ihrer Kleidung bestellen? Gr\u00f6\u00dfenetiketten in Sonderanfertigungen auf Anfrage. Standard Gr\u00f6\u00dfen auf Lager von 250 St\u00fcck &gt;\" \/>\n<meta property=\"og:url\" content=\"https:\/\/www.eelabels.com\/de\/produkten\/grossenetiketten\/\" \/>\n<meta property=\"og:site_name\" content=\"EE Labels\" \/>\n<meta property=\"article:modified_time\" content=\"2021-04-23T07:21:51+00:00\" \/>\n<meta property=\"og:image\" content=\"https:\/\/www.eelabels.com\/wp-content\/uploads\/2020\/01\/size-labels.jpg\" \/>\n\t<meta property=\"og:image:width\" content=\"1800\" \/>\n\t<meta property=\"og:image:height\" content=\"473\" \/>\n\t<meta property=\"og:image:type\" content=\"image\/jpeg\" \/>\n<meta name=\"twitter:card\" content=\"summary_large_image\" \/>\n<script type=\"application\/ld+json\" class=\"yoast-schema-graph\">{\"@context\":\"https:\/\/schema.org\",\"@graph\":[{\"@type\":\"WebPage\",\"@id\":\"https:\/\/www.eelabels.com\/de\/produkten\/grossenetiketten\/\",\"url\":\"https:\/\/www.eelabels.com\/de\/produkten\/grossenetiketten\/\",\"name\":\"Gr\u00f6\u00dfenetiketten - EE Labels\",\"isPartOf\":{\"@id\":\"https:\/\/www.eelabels.com\/#website\"},\"primaryImageOfPage\":{\"@id\":\"https:\/\/www.eelabels.com\/de\/produkten\/grossenetiketten\/#primaryimage\"},\"image\":{\"@id\":\"https:\/\/www.eelabels.com\/de\/produkten\/grossenetiketten\/#primaryimage\"},\"thumbnailUrl\":\"https:\/\/www.eelabels.com\/wp-content\/uploads\/2020\/01\/size-labels.jpg\",\"datePublished\":\"2020-02-27T09:50:00+00:00\",\"dateModified\":\"2021-04-23T07:21:51+00:00\",\"description\":\"Professionellen Gr\u00f6\u00dfenetiketten in Ihrer Kleidung bestellen? Gr\u00f6\u00dfenetiketten in Sonderanfertigungen auf Anfrage. Standard Gr\u00f6\u00dfen auf Lager von 250 St\u00fcck >\",\"breadcrumb\":{\"@id\":\"https:\/\/www.eelabels.com\/de\/produkten\/grossenetiketten\/#breadcrumb\"},\"inLanguage\":\"de\",\"potentialAction\":[{\"@type\":\"ReadAction\",\"target\":[\"https:\/\/www.eelabels.com\/de\/produkten\/grossenetiketten\/\"]}]},{\"@type\":\"ImageObject\",\"inLanguage\":\"de\",\"@id\":\"https:\/\/www.eelabels.com\/de\/produkten\/grossenetiketten\/#primaryimage\",\"url\":\"https:\/\/www.eelabels.com\/wp-content\/uploads\/2020\/01\/size-labels.jpg\",\"contentUrl\":\"https:\/\/www.eelabels.com\/wp-content\/uploads\/2020\/01\/size-labels.jpg\",\"width\":1800,\"height\":473,\"caption\":\"geweven in nederland\"},{\"@type\":\"BreadcrumbList\",\"@id\":\"https:\/\/www.eelabels.com\/de\/produkten\/grossenetiketten\/#breadcrumb\",\"itemListElement\":[{\"@type\":\"ListItem\",\"position\":1,\"name\":\"Home\",\"item\":\"https:\/\/www.eelabels.com\/de\/\"},{\"@type\":\"ListItem\",\"position\":2,\"name\":\"Produkten\",\"item\":\"https:\/\/www.eelabels.com\/de\/produkten\/\"},{\"@type\":\"ListItem\",\"position\":3,\"name\":\"Gr\u00f6\u00dfenetiketten\"}]},{\"@type\":\"WebSite\",\"@id\":\"https:\/\/www.eelabels.com\/#website\",\"url\":\"https:\/\/www.eelabels.com\/\",\"name\":\"EE Labels\",\"description\":\"Specialist in geweven labels, gedrukte labels, hangtags &amp; branding\",\"potentialAction\":[{\"@type\":\"SearchAction\",\"target\":{\"@type\":\"EntryPoint\",\"urlTemplate\":\"https:\/\/www.eelabels.com\/?s={search_term_string}\"},\"query-input\":{\"@type\":\"PropertyValueSpecification\",\"valueRequired\":true,\"valueName\":\"search_term_string\"}}],\"inLanguage\":\"de\"}]}<\/script>\n<!-- \/ Yoast SEO plugin. -->","yoast_head_json":{"title":"Gr\u00f6\u00dfenetiketten - EE Labels","description":"Professionellen Gr\u00f6\u00dfenetiketten in Ihrer Kleidung bestellen? Gr\u00f6\u00dfenetiketten in Sonderanfertigungen auf Anfrage. Standard Gr\u00f6\u00dfen auf Lager von 250 St\u00fcck >","robots":{"index":"index","follow":"follow","max-snippet":"max-snippet:-1","max-image-preview":"max-image-preview:large","max-video-preview":"max-video-preview:-1"},"canonical":"https:\/\/www.eelabels.com\/de\/produkten\/grossenetiketten\/","og_locale":"de_DE","og_type":"article","og_title":"Gr\u00f6\u00dfenetiketten - EE Labels","og_description":"Professionellen Gr\u00f6\u00dfenetiketten in Ihrer Kleidung bestellen? Gr\u00f6\u00dfenetiketten in Sonderanfertigungen auf Anfrage. Standard Gr\u00f6\u00dfen auf Lager von 250 St\u00fcck >","og_url":"https:\/\/www.eelabels.com\/de\/produkten\/grossenetiketten\/","og_site_name":"EE Labels","article_modified_time":"2021-04-23T07:21:51+00:00","og_image":[{"width":1800,"height":473,"url":"https:\/\/www.eelabels.com\/wp-content\/uploads\/2020\/01\/size-labels.jpg","type":"image\/jpeg"}],"twitter_card":"summary_large_image","schema":{"@context":"https:\/\/schema.org","@graph":[{"@type":"WebPage","@id":"https:\/\/www.eelabels.com\/de\/produkten\/grossenetiketten\/","url":"https:\/\/www.eelabels.com\/de\/produkten\/grossenetiketten\/","name":"Gr\u00f6\u00dfenetiketten - EE Labels","isPartOf":{"@id":"https:\/\/www.eelabels.com\/#website"},"primaryImageOfPage":{"@id":"https:\/\/www.eelabels.com\/de\/produkten\/grossenetiketten\/#primaryimage"},"image":{"@id":"https:\/\/www.eelabels.com\/de\/produkten\/grossenetiketten\/#primaryimage"},"thumbnailUrl":"https:\/\/www.eelabels.com\/wp-content\/uploads\/2020\/01\/size-labels.jpg","datePublished":"2020-02-27T09:50:00+00:00","dateModified":"2021-04-23T07:21:51+00:00","description":"Professionellen Gr\u00f6\u00dfenetiketten in Ihrer Kleidung bestellen? Gr\u00f6\u00dfenetiketten in Sonderanfertigungen auf Anfrage. Standard Gr\u00f6\u00dfen auf Lager von 250 St\u00fcck >","breadcrumb":{"@id":"https:\/\/www.eelabels.com\/de\/produkten\/grossenetiketten\/#breadcrumb"},"inLanguage":"de","potentialAction":[{"@type":"ReadAction","target":["https:\/\/www.eelabels.com\/de\/produkten\/grossenetiketten\/"]}]},{"@type":"ImageObject","inLanguage":"de","@id":"https:\/\/www.eelabels.com\/de\/produkten\/grossenetiketten\/#primaryimage","url":"https:\/\/www.eelabels.com\/wp-content\/uploads\/2020\/01\/size-labels.jpg","contentUrl":"https:\/\/www.eelabels.com\/wp-content\/uploads\/2020\/01\/size-labels.jpg","width":1800,"height":473,"caption":"geweven in nederland"},{"@type":"BreadcrumbList","@id":"https:\/\/www.eelabels.com\/de\/produkten\/grossenetiketten\/#breadcrumb","itemListElement":[{"@type":"ListItem","position":1,"name":"Home","item":"https:\/\/www.eelabels.com\/de\/"},{"@type":"ListItem","position":2,"name":"Produkten","item":"https:\/\/www.eelabels.com\/de\/produkten\/"},{"@type":"ListItem","position":3,"name":"Gr\u00f6\u00dfenetiketten"}]},{"@type":"WebSite","@id":"https:\/\/www.eelabels.com\/#website","url":"https:\/\/www.eelabels.com\/","name":"EE Labels","description":"Specialist in geweven labels, gedrukte labels, hangtags &amp; branding","potentialAction":[{"@type":"SearchAction","target":{"@type":"EntryPoint","urlTemplate":"https:\/\/www.eelabels.com\/?s={search_term_string}"},"query-input":{"@type":"PropertyValueSpecification","valueRequired":true,"valueName":"search_term_string"}}],"inLanguage":"de"}]}},"_links":{"self":[{"href":"https:\/\/www.eelabels.com\/de\/wp-json\/wp\/v2\/pages\/17423","targetHints":{"allow":["GET"]}}],"collection":[{"href":"https:\/\/www.eelabels.com\/de\/wp-json\/wp\/v2\/pages"}],"about":[{"href":"https:\/\/www.eelabels.com\/de\/wp-json\/wp\/v2\/types\/page"}],"author":[{"embeddable":true,"href":"https:\/\/www.eelabels.com\/de\/wp-json\/wp\/v2\/users\/5"}],"replies":[{"embeddable":true,"href":"https:\/\/www.eelabels.com\/de\/wp-json\/wp\/v2\/comments?post=17423"}],"version-history":[{"count":6,"href":"https:\/\/www.eelabels.com\/de\/wp-json\/wp\/v2\/pages\/17423\/revisions"}],"predecessor-version":[{"id":20181,"href":"https:\/\/www.eelabels.com\/de\/wp-json\/wp\/v2\/pages\/17423\/revisions\/20181"}],"up":[{"embeddable":true,"href":"https:\/\/www.eelabels.com\/de\/wp-json\/wp\/v2\/pages\/13631"}],"wp:featuredmedia":[{"embeddable":true,"href":"https:\/\/www.eelabels.com\/de\/wp-json\/wp\/v2\/media\/17136"}],"wp:attachment":[{"href":"https:\/\/www.eelabels.com\/de\/wp-json\/wp\/v2\/media?parent=17423"}],"curies":[{"name":"wp","href":"https:\/\/api.w.org\/{rel}","templated":true}]}}