{"id":17430,"date":"2020-02-27T10:00:52","date_gmt":"2020-02-27T10:00:52","guid":{"rendered":"https:\/\/www.eelabels.com?page_id=17430"},"modified":"2024-01-09T09:45:50","modified_gmt":"2024-01-09T09:45:50","slug":"rfid-technologie-in-etiketten","status":"publish","type":"page","link":"https:\/\/www.eelabels.com\/de\/magische-etiketten\/rfid-technologie-in-etiketten\/","title":{"rendered":"RFID-Technologie in Etiketten"},"content":{"rendered":"<h1>RFID-Technologie in Etiketten<\/h1>\n<p style=\"text-align: left;\"><a class=\"cta-button cta-button-small\" href=\"https:\/\/www.eelabels.com\/de\/angebot-anfordern\/\">Angebot anfragen<\/a><\/p>\n<h2>Was ist RFID?<\/h2>\n<p>RFID bedeutet Radiofrequenz-Identifikation; eine Technologie zur Identifizierung von Gegenst\u00e4nden mit Hilfe von Radiowellen. Im Vergleich zu &#8222;traditionellen&#8220; Strichcodes mit rfid k\u00f6nnen mit rfid Hunderte von Artikeln pro Minute gelesen werden, und es kann eine St\u00f6rung ausgelesen werden. Gegenst\u00e4nde k\u00f6nnen gelesen werden, w\u00e4hrend sie nicht direkt sichtbar sind. Jedes Produkt hat eine eindeutige Nummer, die es erm\u00f6glicht, einzelne Artikel zu verfolgen.<\/p>\n<p>Durch das Einweben einer Radiofrequenz-Antenne und die Integration eines winzigen Chips \u00fcber einen vollautomatischen Produktionsprozess k\u00f6nnen wir vollst\u00e4ndig integrierte RFID-Etiketten herstellen. Ihre Informationen sind dann \u00fcber das Etikett dauerhaft mit dem Produkt verbunden, und das Etikett ist sogar f\u00fcr Modeartikel wie z.B. Steinwaschartikel geeignet.<\/p>\n<p>Sie k\u00f6nnen dann sowohl auf Informationen \u00fcber Gro\u00dfsendungen als auch \u00fcber einzelne Artikel zugreifen und haben so immer einen genauen und genauen \u00dcberblick \u00fcber Ihren Lagerbestand!<\/p>\n<h2>Weitere Vorteile von RFID in Ihrem Etikett<\/h2>\n<p>\u00dcberpr\u00fcfung der Markenauthentizit\u00e4t, da der RFID-Chip dauerhaft mit dem Originalprodukt verbunden ist Diebstahlschutz als Alarm-Gateways, die RFID-Signale auffangen. Erweiterung der Markennutzererfahrung, z.B. durch Empfehlungen im Gesch\u00e4ft auf Informationss\u00e4ulen<\/p>\n<h2>RFID f\u00fcr Mode<\/h2>\n<p>Haben Sie noch Fragen? Unser RFID-Spezialist <a href=\"mailto:e.heymans@eelabels.nl\">e.heymans@eelabels.nl<\/a> kann Ihnen helfen!<\/p>\n","protected":false},"excerpt":{"rendered":"<p>RFID-Technologie in Etiketten Angebot anfragen Was ist RFID? RFID bedeutet Radiofrequenz-Identifikation; eine Technologie zur Identifizierung von Gegenst\u00e4nden mit Hilfe von Radiowellen. Im Vergleich zu &#8222;traditionellen&#8220; Strichcodes mit rfid k\u00f6nnen mit rfid Hunderte von Artikeln pro Minute gelesen werden, und es kann eine St\u00f6rung ausgelesen werden. Gegenst\u00e4nde k\u00f6nnen gelesen werden, w\u00e4hrend sie nicht direkt sichtbar sind. [&#8230;]<\/p>\n<p><a class=\"btn btn-dark understrap-read-more-link\" href=\"https:\/\/www.eelabels.com\/de\/magische-etiketten\/rfid-technologie-in-etiketten\/\">Weiterlesen\u00a0\u2026<span class=\"screen-reader-text\"> from RFID-Technologie in Etiketten<\/span><\/a><\/p>\n","protected":false},"author":5,"featured_media":16542,"parent":12532,"menu_order":0,"comment_status":"closed","ping_status":"closed","template":"template-custom\/product-single-menu.php","meta":{"_acf_changed":false,"footnotes":""},"class_list":["post-17430","page","type-page","status-publish","has-post-thumbnail","hentry"],"acf":[],"yoast_head":"<!-- This site is optimized with the Yoast SEO plugin v27.5 - https:\/\/yoast.com\/product\/yoast-seo-wordpress\/ -->\n<title>RFID-Technologie in Etiketten - EE Labels<\/title>\n<meta name=\"robots\" content=\"index, follow, max-snippet:-1, max-image-preview:large, max-video-preview:-1\" \/>\n<link rel=\"canonical\" href=\"https:\/\/www.eelabels.com\/de\/magische-etiketten\/rfid-technologie-in-etiketten\/\" \/>\n<meta property=\"og:locale\" content=\"de_DE\" \/>\n<meta property=\"og:type\" content=\"article\" \/>\n<meta property=\"og:title\" content=\"RFID-Technologie in Etiketten - EE Labels\" \/>\n<meta property=\"og:description\" content=\"RFID-Technologie in Etiketten Angebot anfragen Was ist RFID? RFID bedeutet Radiofrequenz-Identifikation; eine Technologie zur Identifizierung von Gegenst\u00e4nden mit Hilfe von Radiowellen. Im Vergleich zu &#8222;traditionellen&#8220; Strichcodes mit rfid k\u00f6nnen mit rfid Hunderte von Artikeln pro Minute gelesen werden, und es kann eine St\u00f6rung ausgelesen werden. Gegenst\u00e4nde k\u00f6nnen gelesen werden, w\u00e4hrend sie nicht direkt sichtbar sind. [...]Weiterlesen\u00a0\u2026 from RFID-Technologie in Etiketten\" \/>\n<meta property=\"og:url\" content=\"https:\/\/www.eelabels.com\/de\/magische-etiketten\/rfid-technologie-in-etiketten\/\" \/>\n<meta property=\"og:site_name\" content=\"EE Labels\" \/>\n<meta property=\"article:modified_time\" content=\"2024-01-09T09:45:50+00:00\" \/>\n<meta property=\"og:image\" content=\"https:\/\/www.eelabels.com\/wp-content\/uploads\/2019\/09\/Slimme-labels.jpg\" \/>\n\t<meta property=\"og:image:width\" content=\"1800\" \/>\n\t<meta property=\"og:image:height\" content=\"473\" \/>\n\t<meta property=\"og:image:type\" content=\"image\/jpeg\" \/>\n<meta name=\"twitter:card\" content=\"summary_large_image\" \/>\n<meta name=\"twitter:label1\" content=\"Gesch\u00e4tzte Lesezeit\" \/>\n\t<meta name=\"twitter:data1\" content=\"1\u00a0Minute\" \/>\n<script type=\"application\/ld+json\" class=\"yoast-schema-graph\">{\"@context\":\"https:\\\/\\\/schema.org\",\"@graph\":[{\"@type\":\"WebPage\",\"@id\":\"https:\\\/\\\/www.eelabels.com\\\/de\\\/magische-etiketten\\\/rfid-technologie-in-etiketten\\\/\",\"url\":\"https:\\\/\\\/www.eelabels.com\\\/de\\\/magische-etiketten\\\/rfid-technologie-in-etiketten\\\/\",\"name\":\"RFID-Technologie in Etiketten - EE Labels\",\"isPartOf\":{\"@id\":\"https:\\\/\\\/www.eelabels.com\\\/#website\"},\"primaryImageOfPage\":{\"@id\":\"https:\\\/\\\/www.eelabels.com\\\/de\\\/magische-etiketten\\\/rfid-technologie-in-etiketten\\\/#primaryimage\"},\"image\":{\"@id\":\"https:\\\/\\\/www.eelabels.com\\\/de\\\/magische-etiketten\\\/rfid-technologie-in-etiketten\\\/#primaryimage\"},\"thumbnailUrl\":\"https:\\\/\\\/www.eelabels.com\\\/wp-content\\\/uploads\\\/2019\\\/09\\\/Slimme-labels.jpg\",\"datePublished\":\"2020-02-27T10:00:52+00:00\",\"dateModified\":\"2024-01-09T09:45:50+00:00\",\"breadcrumb\":{\"@id\":\"https:\\\/\\\/www.eelabels.com\\\/de\\\/magische-etiketten\\\/rfid-technologie-in-etiketten\\\/#breadcrumb\"},\"inLanguage\":\"de\",\"potentialAction\":[{\"@type\":\"ReadAction\",\"target\":[\"https:\\\/\\\/www.eelabels.com\\\/de\\\/magische-etiketten\\\/rfid-technologie-in-etiketten\\\/\"]}]},{\"@type\":\"ImageObject\",\"inLanguage\":\"de\",\"@id\":\"https:\\\/\\\/www.eelabels.com\\\/de\\\/magische-etiketten\\\/rfid-technologie-in-etiketten\\\/#primaryimage\",\"url\":\"https:\\\/\\\/www.eelabels.com\\\/wp-content\\\/uploads\\\/2019\\\/09\\\/Slimme-labels.jpg\",\"contentUrl\":\"https:\\\/\\\/www.eelabels.com\\\/wp-content\\\/uploads\\\/2019\\\/09\\\/Slimme-labels.jpg\",\"width\":1800,\"height\":473,\"caption\":\"geweven in nederland\"},{\"@type\":\"BreadcrumbList\",\"@id\":\"https:\\\/\\\/www.eelabels.com\\\/de\\\/magische-etiketten\\\/rfid-technologie-in-etiketten\\\/#breadcrumb\",\"itemListElement\":[{\"@type\":\"ListItem\",\"position\":1,\"name\":\"Home\",\"item\":\"https:\\\/\\\/www.eelabels.com\\\/de\\\/\"},{\"@type\":\"ListItem\",\"position\":2,\"name\":\"Smart Etiketten f\u00fcr den direkten Kundenkontakt\",\"item\":\"https:\\\/\\\/www.eelabels.com\\\/de\\\/magische-etiketten\\\/\"},{\"@type\":\"ListItem\",\"position\":3,\"name\":\"RFID-Technologie in Etiketten\"}]},{\"@type\":\"WebSite\",\"@id\":\"https:\\\/\\\/www.eelabels.com\\\/#website\",\"url\":\"https:\\\/\\\/www.eelabels.com\\\/\",\"name\":\"EE Labels\",\"description\":\"Specialist in geweven labels, gedrukte labels, hangtags &amp; branding\",\"potentialAction\":[{\"@type\":\"SearchAction\",\"target\":{\"@type\":\"EntryPoint\",\"urlTemplate\":\"https:\\\/\\\/www.eelabels.com\\\/?s={search_term_string}\"},\"query-input\":{\"@type\":\"PropertyValueSpecification\",\"valueRequired\":true,\"valueName\":\"search_term_string\"}}],\"inLanguage\":\"de\"}]}<\/script>\n<!-- \/ Yoast SEO plugin. -->","yoast_head_json":{"title":"RFID-Technologie in Etiketten - EE Labels","robots":{"index":"index","follow":"follow","max-snippet":"max-snippet:-1","max-image-preview":"max-image-preview:large","max-video-preview":"max-video-preview:-1"},"canonical":"https:\/\/www.eelabels.com\/de\/magische-etiketten\/rfid-technologie-in-etiketten\/","og_locale":"de_DE","og_type":"article","og_title":"RFID-Technologie in Etiketten - EE Labels","og_description":"RFID-Technologie in Etiketten Angebot anfragen Was ist RFID? RFID bedeutet Radiofrequenz-Identifikation; eine Technologie zur Identifizierung von Gegenst\u00e4nden mit Hilfe von Radiowellen. Im Vergleich zu &#8222;traditionellen&#8220; Strichcodes mit rfid k\u00f6nnen mit rfid Hunderte von Artikeln pro Minute gelesen werden, und es kann eine St\u00f6rung ausgelesen werden. Gegenst\u00e4nde k\u00f6nnen gelesen werden, w\u00e4hrend sie nicht direkt sichtbar sind. [...]Weiterlesen\u00a0\u2026 from RFID-Technologie in Etiketten","og_url":"https:\/\/www.eelabels.com\/de\/magische-etiketten\/rfid-technologie-in-etiketten\/","og_site_name":"EE Labels","article_modified_time":"2024-01-09T09:45:50+00:00","og_image":[{"width":1800,"height":473,"url":"https:\/\/www.eelabels.com\/wp-content\/uploads\/2019\/09\/Slimme-labels.jpg","type":"image\/jpeg"}],"twitter_card":"summary_large_image","twitter_misc":{"Gesch\u00e4tzte Lesezeit":"1\u00a0Minute"},"schema":{"@context":"https:\/\/schema.org","@graph":[{"@type":"WebPage","@id":"https:\/\/www.eelabels.com\/de\/magische-etiketten\/rfid-technologie-in-etiketten\/","url":"https:\/\/www.eelabels.com\/de\/magische-etiketten\/rfid-technologie-in-etiketten\/","name":"RFID-Technologie in Etiketten - EE Labels","isPartOf":{"@id":"https:\/\/www.eelabels.com\/#website"},"primaryImageOfPage":{"@id":"https:\/\/www.eelabels.com\/de\/magische-etiketten\/rfid-technologie-in-etiketten\/#primaryimage"},"image":{"@id":"https:\/\/www.eelabels.com\/de\/magische-etiketten\/rfid-technologie-in-etiketten\/#primaryimage"},"thumbnailUrl":"https:\/\/www.eelabels.com\/wp-content\/uploads\/2019\/09\/Slimme-labels.jpg","datePublished":"2020-02-27T10:00:52+00:00","dateModified":"2024-01-09T09:45:50+00:00","breadcrumb":{"@id":"https:\/\/www.eelabels.com\/de\/magische-etiketten\/rfid-technologie-in-etiketten\/#breadcrumb"},"inLanguage":"de","potentialAction":[{"@type":"ReadAction","target":["https:\/\/www.eelabels.com\/de\/magische-etiketten\/rfid-technologie-in-etiketten\/"]}]},{"@type":"ImageObject","inLanguage":"de","@id":"https:\/\/www.eelabels.com\/de\/magische-etiketten\/rfid-technologie-in-etiketten\/#primaryimage","url":"https:\/\/www.eelabels.com\/wp-content\/uploads\/2019\/09\/Slimme-labels.jpg","contentUrl":"https:\/\/www.eelabels.com\/wp-content\/uploads\/2019\/09\/Slimme-labels.jpg","width":1800,"height":473,"caption":"geweven in nederland"},{"@type":"BreadcrumbList","@id":"https:\/\/www.eelabels.com\/de\/magische-etiketten\/rfid-technologie-in-etiketten\/#breadcrumb","itemListElement":[{"@type":"ListItem","position":1,"name":"Home","item":"https:\/\/www.eelabels.com\/de\/"},{"@type":"ListItem","position":2,"name":"Smart Etiketten f\u00fcr den direkten Kundenkontakt","item":"https:\/\/www.eelabels.com\/de\/magische-etiketten\/"},{"@type":"ListItem","position":3,"name":"RFID-Technologie in Etiketten"}]},{"@type":"WebSite","@id":"https:\/\/www.eelabels.com\/#website","url":"https:\/\/www.eelabels.com\/","name":"EE Labels","description":"Specialist in geweven labels, gedrukte labels, hangtags &amp; branding","potentialAction":[{"@type":"SearchAction","target":{"@type":"EntryPoint","urlTemplate":"https:\/\/www.eelabels.com\/?s={search_term_string}"},"query-input":{"@type":"PropertyValueSpecification","valueRequired":true,"valueName":"search_term_string"}}],"inLanguage":"de"}]}},"_links":{"self":[{"href":"https:\/\/www.eelabels.com\/de\/wp-json\/wp\/v2\/pages\/17430","targetHints":{"allow":["GET"]}}],"collection":[{"href":"https:\/\/www.eelabels.com\/de\/wp-json\/wp\/v2\/pages"}],"about":[{"href":"https:\/\/www.eelabels.com\/de\/wp-json\/wp\/v2\/types\/page"}],"author":[{"embeddable":true,"href":"https:\/\/www.eelabels.com\/de\/wp-json\/wp\/v2\/users\/5"}],"replies":[{"embeddable":true,"href":"https:\/\/www.eelabels.com\/de\/wp-json\/wp\/v2\/comments?post=17430"}],"version-history":[{"count":6,"href":"https:\/\/www.eelabels.com\/de\/wp-json\/wp\/v2\/pages\/17430\/revisions"}],"predecessor-version":[{"id":23879,"href":"https:\/\/www.eelabels.com\/de\/wp-json\/wp\/v2\/pages\/17430\/revisions\/23879"}],"up":[{"embeddable":true,"href":"https:\/\/www.eelabels.com\/de\/wp-json\/wp\/v2\/pages\/12532"}],"wp:featuredmedia":[{"embeddable":true,"href":"https:\/\/www.eelabels.com\/de\/wp-json\/wp\/v2\/media\/16542"}],"wp:attachment":[{"href":"https:\/\/www.eelabels.com\/de\/wp-json\/wp\/v2\/media?parent=17430"}],"curies":[{"name":"wp","href":"https:\/\/api.w.org\/{rel}","templated":true}]}}