{"id":20023,"date":"2021-04-08T07:15:30","date_gmt":"2021-04-08T07:15:30","guid":{"rendered":"https:\/\/www.eelabels.com?page_id=20023"},"modified":"2021-04-08T07:16:00","modified_gmt":"2021-04-08T07:16:00","slug":"beyond-generations","status":"publish","type":"page","link":"https:\/\/www.eelabels.com\/de\/beyond-generations\/","title":{"rendered":"Beyond generations"},"content":{"rendered":"<h1>Beyond generations<\/h1>\n<p>Hinter jedem Produkt, jeder Person oder Marke steckt eine Geschichte. Eine Geschichte, die die richtige Aufmerksamkeit verdient. Wir glauben an die Schaffung starker Verbindungen. Zwischen Menschen, aber auch mit den Objekten um uns herum. Verbindungen, die &#8211; wie Familie und Freunde \u2013 Zeitlos sind. Alles mit minimalen Auswirkungen auf die Umwelt, damit auch zuk\u00fcnftige Generationen es genie\u00dfen k\u00f6nnen.<\/p>\n<p><iframe loading=\"lazy\" title=\"EE Labels - Introduce the factory\" width=\"640\" height=\"360\" src=\"https:\/\/www.youtube.com\/embed\/qi9GoBBq7c8?start=5&#038;feature=oembed\" frameborder=\"0\" allow=\"accelerometer; autoplay; clipboard-write; encrypted-media; gyroscope; picture-in-picture; web-share\" referrerpolicy=\"strict-origin-when-cross-origin\" allowfullscreen><\/iframe><\/p>\n","protected":false},"excerpt":{"rendered":"<p>Beyond generations Hinter jedem Produkt, jeder Person oder Marke steckt eine Geschichte. Eine Geschichte, die die richtige Aufmerksamkeit verdient. Wir glauben an die Schaffung starker Verbindungen. Zwischen Menschen, aber auch mit den Objekten um uns herum. Verbindungen, die &#8211; wie Familie und Freunde \u2013 Zeitlos sind. Alles mit minimalen Auswirkungen auf die Umwelt, damit auch [&#8230;]<\/p>\n<p><a class=\"btn btn-dark understrap-read-more-link\" href=\"https:\/\/www.eelabels.com\/de\/beyond-generations\/\">Weiterlesen\u00a0\u2026<span class=\"screen-reader-text\"> from Beyond generations<\/span><\/a><\/p>\n","protected":false},"author":5,"featured_media":19422,"parent":0,"menu_order":0,"comment_status":"closed","ping_status":"closed","template":"","meta":{"_acf_changed":false,"footnotes":""},"class_list":["post-20023","page","type-page","status-publish","has-post-thumbnail","hentry"],"acf":[],"yoast_head":"<!-- This site is optimized with the Yoast SEO plugin v24.6 - https:\/\/yoast.com\/wordpress\/plugins\/seo\/ -->\n<title>Beyond generations - EE Labels<\/title>\n<meta name=\"description\" content=\"Hinter jedem Produkt, jeder Person oder Marke steckt eine Geschichte, die die richtige Aufmerksamkeit verdient. EE Labels - Beyond generations\" \/>\n<meta name=\"robots\" content=\"index, follow, max-snippet:-1, max-image-preview:large, max-video-preview:-1\" \/>\n<link rel=\"canonical\" href=\"https:\/\/www.eelabels.com\/de\/beyond-generations\/\" \/>\n<meta property=\"og:locale\" content=\"de_DE\" \/>\n<meta property=\"og:type\" content=\"article\" \/>\n<meta property=\"og:title\" content=\"Beyond generations - EE Labels\" \/>\n<meta property=\"og:description\" content=\"Hinter jedem Produkt, jeder Person oder Marke steckt eine Geschichte, die die richtige Aufmerksamkeit verdient. EE Labels - Beyond generations\" \/>\n<meta property=\"og:url\" content=\"https:\/\/www.eelabels.com\/de\/beyond-generations\/\" \/>\n<meta property=\"og:site_name\" content=\"EE Labels\" \/>\n<meta property=\"article:modified_time\" content=\"2021-04-08T07:16:00+00:00\" \/>\n<meta property=\"og:image\" content=\"https:\/\/www.eelabels.com\/wp-content\/uploads\/2021\/02\/organic-cotton-2-banner2.jpg\" \/>\n\t<meta property=\"og:image:width\" content=\"2560\" \/>\n\t<meta property=\"og:image:height\" content=\"815\" \/>\n\t<meta property=\"og:image:type\" content=\"image\/jpeg\" \/>\n<meta name=\"twitter:card\" content=\"summary_large_image\" \/>\n<meta name=\"twitter:label1\" content=\"Gesch\u00e4tzte Lesezeit\" \/>\n\t<meta name=\"twitter:data1\" content=\"1\u00a0Minute\" \/>\n<script type=\"application\/ld+json\" class=\"yoast-schema-graph\">{\"@context\":\"https:\/\/schema.org\",\"@graph\":[{\"@type\":\"WebPage\",\"@id\":\"https:\/\/www.eelabels.com\/de\/beyond-generations\/\",\"url\":\"https:\/\/www.eelabels.com\/de\/beyond-generations\/\",\"name\":\"Beyond generations - EE Labels\",\"isPartOf\":{\"@id\":\"https:\/\/www.eelabels.com\/#website\"},\"primaryImageOfPage\":{\"@id\":\"https:\/\/www.eelabels.com\/de\/beyond-generations\/#primaryimage\"},\"image\":{\"@id\":\"https:\/\/www.eelabels.com\/de\/beyond-generations\/#primaryimage\"},\"thumbnailUrl\":\"https:\/\/www.eelabels.com\/wp-content\/uploads\/2021\/02\/organic-cotton-2-banner2.jpg\",\"datePublished\":\"2021-04-08T07:15:30+00:00\",\"dateModified\":\"2021-04-08T07:16:00+00:00\",\"description\":\"Hinter jedem Produkt, jeder Person oder Marke steckt eine Geschichte, die die richtige Aufmerksamkeit verdient. EE Labels - Beyond generations\",\"breadcrumb\":{\"@id\":\"https:\/\/www.eelabels.com\/de\/beyond-generations\/#breadcrumb\"},\"inLanguage\":\"de\",\"potentialAction\":[{\"@type\":\"ReadAction\",\"target\":[\"https:\/\/www.eelabels.com\/de\/beyond-generations\/\"]}]},{\"@type\":\"ImageObject\",\"inLanguage\":\"de\",\"@id\":\"https:\/\/www.eelabels.com\/de\/beyond-generations\/#primaryimage\",\"url\":\"https:\/\/www.eelabels.com\/wp-content\/uploads\/2021\/02\/organic-cotton-2-banner2.jpg\",\"contentUrl\":\"https:\/\/www.eelabels.com\/wp-content\/uploads\/2021\/02\/organic-cotton-2-banner2.jpg\",\"width\":2560,\"height\":815},{\"@type\":\"BreadcrumbList\",\"@id\":\"https:\/\/www.eelabels.com\/de\/beyond-generations\/#breadcrumb\",\"itemListElement\":[{\"@type\":\"ListItem\",\"position\":1,\"name\":\"Home\",\"item\":\"https:\/\/www.eelabels.com\/de\/\"},{\"@type\":\"ListItem\",\"position\":2,\"name\":\"Beyond generations\"}]},{\"@type\":\"WebSite\",\"@id\":\"https:\/\/www.eelabels.com\/#website\",\"url\":\"https:\/\/www.eelabels.com\/\",\"name\":\"EE Labels\",\"description\":\"Specialist in geweven labels, gedrukte labels, hangtags &amp; branding\",\"potentialAction\":[{\"@type\":\"SearchAction\",\"target\":{\"@type\":\"EntryPoint\",\"urlTemplate\":\"https:\/\/www.eelabels.com\/?s={search_term_string}\"},\"query-input\":{\"@type\":\"PropertyValueSpecification\",\"valueRequired\":true,\"valueName\":\"search_term_string\"}}],\"inLanguage\":\"de\"}]}<\/script>\n<!-- \/ Yoast SEO plugin. -->","yoast_head_json":{"title":"Beyond generations - EE Labels","description":"Hinter jedem Produkt, jeder Person oder Marke steckt eine Geschichte, die die richtige Aufmerksamkeit verdient. EE Labels - Beyond generations","robots":{"index":"index","follow":"follow","max-snippet":"max-snippet:-1","max-image-preview":"max-image-preview:large","max-video-preview":"max-video-preview:-1"},"canonical":"https:\/\/www.eelabels.com\/de\/beyond-generations\/","og_locale":"de_DE","og_type":"article","og_title":"Beyond generations - EE Labels","og_description":"Hinter jedem Produkt, jeder Person oder Marke steckt eine Geschichte, die die richtige Aufmerksamkeit verdient. EE Labels - Beyond generations","og_url":"https:\/\/www.eelabels.com\/de\/beyond-generations\/","og_site_name":"EE Labels","article_modified_time":"2021-04-08T07:16:00+00:00","og_image":[{"width":2560,"height":815,"url":"https:\/\/www.eelabels.com\/wp-content\/uploads\/2021\/02\/organic-cotton-2-banner2.jpg","type":"image\/jpeg"}],"twitter_card":"summary_large_image","twitter_misc":{"Gesch\u00e4tzte Lesezeit":"1\u00a0Minute"},"schema":{"@context":"https:\/\/schema.org","@graph":[{"@type":"WebPage","@id":"https:\/\/www.eelabels.com\/de\/beyond-generations\/","url":"https:\/\/www.eelabels.com\/de\/beyond-generations\/","name":"Beyond generations - EE Labels","isPartOf":{"@id":"https:\/\/www.eelabels.com\/#website"},"primaryImageOfPage":{"@id":"https:\/\/www.eelabels.com\/de\/beyond-generations\/#primaryimage"},"image":{"@id":"https:\/\/www.eelabels.com\/de\/beyond-generations\/#primaryimage"},"thumbnailUrl":"https:\/\/www.eelabels.com\/wp-content\/uploads\/2021\/02\/organic-cotton-2-banner2.jpg","datePublished":"2021-04-08T07:15:30+00:00","dateModified":"2021-04-08T07:16:00+00:00","description":"Hinter jedem Produkt, jeder Person oder Marke steckt eine Geschichte, die die richtige Aufmerksamkeit verdient. EE Labels - Beyond generations","breadcrumb":{"@id":"https:\/\/www.eelabels.com\/de\/beyond-generations\/#breadcrumb"},"inLanguage":"de","potentialAction":[{"@type":"ReadAction","target":["https:\/\/www.eelabels.com\/de\/beyond-generations\/"]}]},{"@type":"ImageObject","inLanguage":"de","@id":"https:\/\/www.eelabels.com\/de\/beyond-generations\/#primaryimage","url":"https:\/\/www.eelabels.com\/wp-content\/uploads\/2021\/02\/organic-cotton-2-banner2.jpg","contentUrl":"https:\/\/www.eelabels.com\/wp-content\/uploads\/2021\/02\/organic-cotton-2-banner2.jpg","width":2560,"height":815},{"@type":"BreadcrumbList","@id":"https:\/\/www.eelabels.com\/de\/beyond-generations\/#breadcrumb","itemListElement":[{"@type":"ListItem","position":1,"name":"Home","item":"https:\/\/www.eelabels.com\/de\/"},{"@type":"ListItem","position":2,"name":"Beyond generations"}]},{"@type":"WebSite","@id":"https:\/\/www.eelabels.com\/#website","url":"https:\/\/www.eelabels.com\/","name":"EE Labels","description":"Specialist in geweven labels, gedrukte labels, hangtags &amp; branding","potentialAction":[{"@type":"SearchAction","target":{"@type":"EntryPoint","urlTemplate":"https:\/\/www.eelabels.com\/?s={search_term_string}"},"query-input":{"@type":"PropertyValueSpecification","valueRequired":true,"valueName":"search_term_string"}}],"inLanguage":"de"}]}},"_links":{"self":[{"href":"https:\/\/www.eelabels.com\/de\/wp-json\/wp\/v2\/pages\/20023","targetHints":{"allow":["GET"]}}],"collection":[{"href":"https:\/\/www.eelabels.com\/de\/wp-json\/wp\/v2\/pages"}],"about":[{"href":"https:\/\/www.eelabels.com\/de\/wp-json\/wp\/v2\/types\/page"}],"author":[{"embeddable":true,"href":"https:\/\/www.eelabels.com\/de\/wp-json\/wp\/v2\/users\/5"}],"replies":[{"embeddable":true,"href":"https:\/\/www.eelabels.com\/de\/wp-json\/wp\/v2\/comments?post=20023"}],"version-history":[{"count":2,"href":"https:\/\/www.eelabels.com\/de\/wp-json\/wp\/v2\/pages\/20023\/revisions"}],"predecessor-version":[{"id":20025,"href":"https:\/\/www.eelabels.com\/de\/wp-json\/wp\/v2\/pages\/20023\/revisions\/20025"}],"wp:featuredmedia":[{"embeddable":true,"href":"https:\/\/www.eelabels.com\/de\/wp-json\/wp\/v2\/media\/19422"}],"wp:attachment":[{"href":"https:\/\/www.eelabels.com\/de\/wp-json\/wp\/v2\/media?parent=20023"}],"curies":[{"name":"wp","href":"https:\/\/api.w.org\/{rel}","templated":true}]}}