{"id":21672,"date":"2022-03-04T12:25:01","date_gmt":"2022-03-04T12:25:01","guid":{"rendered":"https:\/\/www.eelabels.com?page_id=21672"},"modified":"2022-06-16T11:42:54","modified_gmt":"2022-06-16T11:42:54","slug":"paptic-verpackungen","status":"publish","type":"page","link":"https:\/\/www.eelabels.com\/de\/produkten\/paptic-verpackungen\/","title":{"rendered":"Paptic Verpackungen"},"content":{"rendered":"<h1>PAPTIC-Mailers: nachhaltige Verpackungen<\/h1>\n<p>Ist Ihre Marke auf der Suche nach einer nachhaltigen Verpackung? Paptic ist ein nachhaltiges Verpackungsmaterial, das sich als Ersatz f\u00fcr Polybeutel aus Kunststoff, aber auch als Versandtasche f\u00fcr Bestellungen auf der Stra\u00dfe eignet. Das Material wird aus Holz hergestellt und als Papier eingestuft. Durch eine spezielle Behandlung erh\u00e4lt das Material eine Reihe von Vlieseigenschaften, wie z. B. Weichheit, eine gewisse Wasserfestigkeit und eine h\u00f6here Rei\u00dffestigkeit. Das Material ist auch als sichere Lebensmittelverpackung zertifiziert.<\/p>\n<p><strong>Bestellen ab 5000 St\u00fcck.<\/strong><\/p>\n<p style=\"text-align: center;\"><a class=\"cta-button cta-button-big gold\" href=\"https:\/\/www.eelabels.com\/de\/ein-muster-anfrag-paptic\/\">Kostenlose Muster anfordern<\/a><\/p>\n","protected":false},"excerpt":{"rendered":"<p>PAPTIC-Mailers: nachhaltige Verpackungen Ist Ihre Marke auf der Suche nach einer nachhaltigen Verpackung? Paptic ist ein nachhaltiges Verpackungsmaterial, das sich als Ersatz f\u00fcr Polybeutel aus Kunststoff, aber auch als Versandtasche f\u00fcr Bestellungen auf der Stra\u00dfe eignet. Das Material wird aus Holz hergestellt und als Papier eingestuft. Durch eine spezielle Behandlung erh\u00e4lt das Material eine Reihe [&#8230;]<\/p>\n<p><a class=\"btn btn-dark understrap-read-more-link\" href=\"https:\/\/www.eelabels.com\/de\/produkten\/paptic-verpackungen\/\">Weiterlesen\u00a0\u2026<span class=\"screen-reader-text\"> from Paptic Verpackungen<\/span><\/a><\/p>\n","protected":false},"author":5,"featured_media":20906,"parent":13631,"menu_order":0,"comment_status":"closed","ping_status":"closed","template":"template-custom\/product-single-menu.php","meta":{"_acf_changed":false,"footnotes":""},"class_list":["post-21672","page","type-page","status-publish","has-post-thumbnail","hentry"],"acf":[],"yoast_head":"<!-- This site is optimized with the Yoast SEO plugin v24.6 - https:\/\/yoast.com\/wordpress\/plugins\/seo\/ -->\n<title>Paptic Verpackungen - EE Labels<\/title>\n<meta name=\"robots\" content=\"index, follow, max-snippet:-1, max-image-preview:large, max-video-preview:-1\" \/>\n<link rel=\"canonical\" href=\"https:\/\/www.eelabels.com\/de\/produkten\/paptic-verpackungen\/\" \/>\n<meta property=\"og:locale\" content=\"de_DE\" \/>\n<meta property=\"og:type\" content=\"article\" \/>\n<meta property=\"og:title\" content=\"Paptic Verpackungen - EE Labels\" \/>\n<meta property=\"og:description\" content=\"PAPTIC-Mailers: nachhaltige Verpackungen Ist Ihre Marke auf der Suche nach einer nachhaltigen Verpackung? Paptic ist ein nachhaltiges Verpackungsmaterial, das sich als Ersatz f\u00fcr Polybeutel aus Kunststoff, aber auch als Versandtasche f\u00fcr Bestellungen auf der Stra\u00dfe eignet. Das Material wird aus Holz hergestellt und als Papier eingestuft. Durch eine spezielle Behandlung erh\u00e4lt das Material eine Reihe [...]Weiterlesen\u00a0\u2026 from Paptic Verpackungen\" \/>\n<meta property=\"og:url\" content=\"https:\/\/www.eelabels.com\/de\/produkten\/paptic-verpackungen\/\" \/>\n<meta property=\"og:site_name\" content=\"EE Labels\" \/>\n<meta property=\"article:modified_time\" content=\"2022-06-16T11:42:54+00:00\" \/>\n<meta property=\"og:image\" content=\"https:\/\/www.eelabels.com\/wp-content\/uploads\/2021\/07\/Paptic-ee-labels-mailer.jpg\" \/>\n\t<meta property=\"og:image:width\" content=\"1318\" \/>\n\t<meta property=\"og:image:height\" content=\"865\" \/>\n\t<meta property=\"og:image:type\" content=\"image\/jpeg\" \/>\n<meta name=\"twitter:card\" content=\"summary_large_image\" \/>\n<script type=\"application\/ld+json\" class=\"yoast-schema-graph\">{\"@context\":\"https:\/\/schema.org\",\"@graph\":[{\"@type\":\"WebPage\",\"@id\":\"https:\/\/www.eelabels.com\/de\/produkten\/paptic-verpackungen\/\",\"url\":\"https:\/\/www.eelabels.com\/de\/produkten\/paptic-verpackungen\/\",\"name\":\"Paptic Verpackungen - EE Labels\",\"isPartOf\":{\"@id\":\"https:\/\/www.eelabels.com\/#website\"},\"primaryImageOfPage\":{\"@id\":\"https:\/\/www.eelabels.com\/de\/produkten\/paptic-verpackungen\/#primaryimage\"},\"image\":{\"@id\":\"https:\/\/www.eelabels.com\/de\/produkten\/paptic-verpackungen\/#primaryimage\"},\"thumbnailUrl\":\"https:\/\/www.eelabels.com\/wp-content\/uploads\/2021\/07\/Paptic-ee-labels-mailer.jpg\",\"datePublished\":\"2022-03-04T12:25:01+00:00\",\"dateModified\":\"2022-06-16T11:42:54+00:00\",\"breadcrumb\":{\"@id\":\"https:\/\/www.eelabels.com\/de\/produkten\/paptic-verpackungen\/#breadcrumb\"},\"inLanguage\":\"de\",\"potentialAction\":[{\"@type\":\"ReadAction\",\"target\":[\"https:\/\/www.eelabels.com\/de\/produkten\/paptic-verpackungen\/\"]}]},{\"@type\":\"ImageObject\",\"inLanguage\":\"de\",\"@id\":\"https:\/\/www.eelabels.com\/de\/produkten\/paptic-verpackungen\/#primaryimage\",\"url\":\"https:\/\/www.eelabels.com\/wp-content\/uploads\/2021\/07\/Paptic-ee-labels-mailer.jpg\",\"contentUrl\":\"https:\/\/www.eelabels.com\/wp-content\/uploads\/2021\/07\/Paptic-ee-labels-mailer.jpg\",\"width\":1318,\"height\":865,\"caption\":\"duurzame verpakkingen\"},{\"@type\":\"BreadcrumbList\",\"@id\":\"https:\/\/www.eelabels.com\/de\/produkten\/paptic-verpackungen\/#breadcrumb\",\"itemListElement\":[{\"@type\":\"ListItem\",\"position\":1,\"name\":\"Home\",\"item\":\"https:\/\/www.eelabels.com\/de\/\"},{\"@type\":\"ListItem\",\"position\":2,\"name\":\"Produkten\",\"item\":\"https:\/\/www.eelabels.com\/de\/produkten\/\"},{\"@type\":\"ListItem\",\"position\":3,\"name\":\"Paptic Verpackungen\"}]},{\"@type\":\"WebSite\",\"@id\":\"https:\/\/www.eelabels.com\/#website\",\"url\":\"https:\/\/www.eelabels.com\/\",\"name\":\"EE Labels\",\"description\":\"Specialist in geweven labels, gedrukte labels, hangtags &amp; branding\",\"potentialAction\":[{\"@type\":\"SearchAction\",\"target\":{\"@type\":\"EntryPoint\",\"urlTemplate\":\"https:\/\/www.eelabels.com\/?s={search_term_string}\"},\"query-input\":{\"@type\":\"PropertyValueSpecification\",\"valueRequired\":true,\"valueName\":\"search_term_string\"}}],\"inLanguage\":\"de\"}]}<\/script>\n<!-- \/ Yoast SEO plugin. -->","yoast_head_json":{"title":"Paptic Verpackungen - EE Labels","robots":{"index":"index","follow":"follow","max-snippet":"max-snippet:-1","max-image-preview":"max-image-preview:large","max-video-preview":"max-video-preview:-1"},"canonical":"https:\/\/www.eelabels.com\/de\/produkten\/paptic-verpackungen\/","og_locale":"de_DE","og_type":"article","og_title":"Paptic Verpackungen - EE Labels","og_description":"PAPTIC-Mailers: nachhaltige Verpackungen Ist Ihre Marke auf der Suche nach einer nachhaltigen Verpackung? Paptic ist ein nachhaltiges Verpackungsmaterial, das sich als Ersatz f\u00fcr Polybeutel aus Kunststoff, aber auch als Versandtasche f\u00fcr Bestellungen auf der Stra\u00dfe eignet. Das Material wird aus Holz hergestellt und als Papier eingestuft. Durch eine spezielle Behandlung erh\u00e4lt das Material eine Reihe [...]Weiterlesen\u00a0\u2026 from Paptic Verpackungen","og_url":"https:\/\/www.eelabels.com\/de\/produkten\/paptic-verpackungen\/","og_site_name":"EE Labels","article_modified_time":"2022-06-16T11:42:54+00:00","og_image":[{"width":1318,"height":865,"url":"https:\/\/www.eelabels.com\/wp-content\/uploads\/2021\/07\/Paptic-ee-labels-mailer.jpg","type":"image\/jpeg"}],"twitter_card":"summary_large_image","schema":{"@context":"https:\/\/schema.org","@graph":[{"@type":"WebPage","@id":"https:\/\/www.eelabels.com\/de\/produkten\/paptic-verpackungen\/","url":"https:\/\/www.eelabels.com\/de\/produkten\/paptic-verpackungen\/","name":"Paptic Verpackungen - EE Labels","isPartOf":{"@id":"https:\/\/www.eelabels.com\/#website"},"primaryImageOfPage":{"@id":"https:\/\/www.eelabels.com\/de\/produkten\/paptic-verpackungen\/#primaryimage"},"image":{"@id":"https:\/\/www.eelabels.com\/de\/produkten\/paptic-verpackungen\/#primaryimage"},"thumbnailUrl":"https:\/\/www.eelabels.com\/wp-content\/uploads\/2021\/07\/Paptic-ee-labels-mailer.jpg","datePublished":"2022-03-04T12:25:01+00:00","dateModified":"2022-06-16T11:42:54+00:00","breadcrumb":{"@id":"https:\/\/www.eelabels.com\/de\/produkten\/paptic-verpackungen\/#breadcrumb"},"inLanguage":"de","potentialAction":[{"@type":"ReadAction","target":["https:\/\/www.eelabels.com\/de\/produkten\/paptic-verpackungen\/"]}]},{"@type":"ImageObject","inLanguage":"de","@id":"https:\/\/www.eelabels.com\/de\/produkten\/paptic-verpackungen\/#primaryimage","url":"https:\/\/www.eelabels.com\/wp-content\/uploads\/2021\/07\/Paptic-ee-labels-mailer.jpg","contentUrl":"https:\/\/www.eelabels.com\/wp-content\/uploads\/2021\/07\/Paptic-ee-labels-mailer.jpg","width":1318,"height":865,"caption":"duurzame verpakkingen"},{"@type":"BreadcrumbList","@id":"https:\/\/www.eelabels.com\/de\/produkten\/paptic-verpackungen\/#breadcrumb","itemListElement":[{"@type":"ListItem","position":1,"name":"Home","item":"https:\/\/www.eelabels.com\/de\/"},{"@type":"ListItem","position":2,"name":"Produkten","item":"https:\/\/www.eelabels.com\/de\/produkten\/"},{"@type":"ListItem","position":3,"name":"Paptic Verpackungen"}]},{"@type":"WebSite","@id":"https:\/\/www.eelabels.com\/#website","url":"https:\/\/www.eelabels.com\/","name":"EE Labels","description":"Specialist in geweven labels, gedrukte labels, hangtags &amp; branding","potentialAction":[{"@type":"SearchAction","target":{"@type":"EntryPoint","urlTemplate":"https:\/\/www.eelabels.com\/?s={search_term_string}"},"query-input":{"@type":"PropertyValueSpecification","valueRequired":true,"valueName":"search_term_string"}}],"inLanguage":"de"}]}},"_links":{"self":[{"href":"https:\/\/www.eelabels.com\/de\/wp-json\/wp\/v2\/pages\/21672","targetHints":{"allow":["GET"]}}],"collection":[{"href":"https:\/\/www.eelabels.com\/de\/wp-json\/wp\/v2\/pages"}],"about":[{"href":"https:\/\/www.eelabels.com\/de\/wp-json\/wp\/v2\/types\/page"}],"author":[{"embeddable":true,"href":"https:\/\/www.eelabels.com\/de\/wp-json\/wp\/v2\/users\/5"}],"replies":[{"embeddable":true,"href":"https:\/\/www.eelabels.com\/de\/wp-json\/wp\/v2\/comments?post=21672"}],"version-history":[{"count":9,"href":"https:\/\/www.eelabels.com\/de\/wp-json\/wp\/v2\/pages\/21672\/revisions"}],"predecessor-version":[{"id":22098,"href":"https:\/\/www.eelabels.com\/de\/wp-json\/wp\/v2\/pages\/21672\/revisions\/22098"}],"up":[{"embeddable":true,"href":"https:\/\/www.eelabels.com\/de\/wp-json\/wp\/v2\/pages\/13631"}],"wp:featuredmedia":[{"embeddable":true,"href":"https:\/\/www.eelabels.com\/de\/wp-json\/wp\/v2\/media\/20906"}],"wp:attachment":[{"href":"https:\/\/www.eelabels.com\/de\/wp-json\/wp\/v2\/media?parent=21672"}],"curies":[{"name":"wp","href":"https:\/\/api.w.org\/{rel}","templated":true}]}}