{"id":24030,"date":"2024-02-29T10:21:10","date_gmt":"2024-02-29T10:21:10","guid":{"rendered":"https:\/\/www.eelabels.com?page_id=24030"},"modified":"2026-02-13T08:36:55","modified_gmt":"2026-02-13T08:36:55","slug":"inspiration","status":"publish","type":"page","link":"https:\/\/www.eelabels.com\/de\/inspiration\/","title":{"rendered":"Inspiration"},"content":{"rendered":"<h1>Lassen Sie sich inspirieren<\/h1>\n<p>Als Hoflieferant mit einer <a href=\"https:\/\/www.eelabels.com\/heritage\/\">Tradition seit 1900<\/a> verf\u00fcgen wir \u00fcber ein wundersch\u00f6nes Archiv, einen Proberaum voller Inspiration f\u00fcr Etiketten und Anh\u00e4nger und nat\u00fcrlich \u00fcber eine beeindruckende Weberei. Interessiert an unseren <a href=\"https:\/\/www.eelabels.com\/producten\/\">Produkten<\/a> oder Dienstleistungen? <a href=\"https:\/\/www.eelabels.com\/contact\/\">Kontaktieren<\/a> Sie uns und wir werden sehen, wie wir Ihnen helfen k\u00f6nnen.<\/p>\n","protected":false},"excerpt":{"rendered":"<p>Lassen Sie sich inspirieren Als Hoflieferant mit einer Tradition seit 1900 verf\u00fcgen wir \u00fcber ein wundersch\u00f6nes Archiv, einen Proberaum voller Inspiration f\u00fcr Etiketten und Anh\u00e4nger und nat\u00fcrlich \u00fcber eine beeindruckende Weberei. Interessiert an unseren Produkten oder Dienstleistungen? Kontaktieren Sie uns und wir werden sehen, wie wir Ihnen helfen k\u00f6nnen. [&#8230;]<\/p>\n<p><a class=\"btn btn-dark understrap-read-more-link\" href=\"https:\/\/www.eelabels.com\/de\/inspiration\/\">Weiterlesen\u00a0\u2026<span class=\"screen-reader-text\"> from Inspiration<\/span><\/a><\/p>\n","protected":false},"author":1,"featured_media":18443,"parent":0,"menu_order":0,"comment_status":"closed","ping_status":"closed","template":"page-templates\/inspiration.php","meta":{"_acf_changed":false,"footnotes":""},"class_list":["post-24030","page","type-page","status-publish","has-post-thumbnail","hentry"],"acf":[],"yoast_head":"<!-- This site is optimized with the Yoast SEO plugin v24.6 - https:\/\/yoast.com\/wordpress\/plugins\/seo\/ -->\n<title>Inspiration - EE Labels<\/title>\n<meta name=\"robots\" content=\"index, follow, max-snippet:-1, max-image-preview:large, max-video-preview:-1\" \/>\n<link rel=\"canonical\" href=\"https:\/\/www.eelabels.com\/de\/inspiration\/\" \/>\n<meta property=\"og:locale\" content=\"de_DE\" \/>\n<meta property=\"og:type\" content=\"article\" \/>\n<meta property=\"og:title\" content=\"Inspiration - EE Labels\" \/>\n<meta property=\"og:description\" content=\"Lassen Sie sich inspirieren Als Hoflieferant mit einer Tradition seit 1900 verf\u00fcgen wir \u00fcber ein wundersch\u00f6nes Archiv, einen Proberaum voller Inspiration f\u00fcr Etiketten und Anh\u00e4nger und nat\u00fcrlich \u00fcber eine beeindruckende Weberei. Interessiert an unseren Produkten oder Dienstleistungen? Kontaktieren Sie uns und wir werden sehen, wie wir Ihnen helfen k\u00f6nnen. [...]Weiterlesen\u00a0\u2026 from Inspiration\" \/>\n<meta property=\"og:url\" content=\"https:\/\/www.eelabels.com\/de\/inspiration\/\" \/>\n<meta property=\"og:site_name\" content=\"EE Labels\" \/>\n<meta property=\"article:modified_time\" content=\"2026-02-13T08:36:55+00:00\" \/>\n<meta property=\"og:image\" content=\"https:\/\/www.eelabels.com\/wp-content\/uploads\/2020\/10\/Vacature_EE-Labels-2.jpg\" \/>\n\t<meta property=\"og:image:width\" content=\"1500\" \/>\n\t<meta property=\"og:image:height\" content=\"500\" \/>\n\t<meta property=\"og:image:type\" content=\"image\/jpeg\" \/>\n<meta name=\"twitter:card\" content=\"summary_large_image\" \/>\n<meta name=\"twitter:label1\" content=\"Gesch\u00e4tzte Lesezeit\" \/>\n\t<meta name=\"twitter:data1\" content=\"3\u00a0Minuten\" \/>\n<script type=\"application\/ld+json\" class=\"yoast-schema-graph\">{\"@context\":\"https:\/\/schema.org\",\"@graph\":[{\"@type\":\"WebPage\",\"@id\":\"https:\/\/www.eelabels.com\/de\/inspiration\/\",\"url\":\"https:\/\/www.eelabels.com\/de\/inspiration\/\",\"name\":\"Inspiration - EE Labels\",\"isPartOf\":{\"@id\":\"https:\/\/www.eelabels.com\/#website\"},\"primaryImageOfPage\":{\"@id\":\"https:\/\/www.eelabels.com\/de\/inspiration\/#primaryimage\"},\"image\":{\"@id\":\"https:\/\/www.eelabels.com\/de\/inspiration\/#primaryimage\"},\"thumbnailUrl\":\"https:\/\/www.eelabels.com\/wp-content\/uploads\/2020\/10\/Vacature_EE-Labels-2.jpg\",\"datePublished\":\"2024-02-29T10:21:10+00:00\",\"dateModified\":\"2026-02-13T08:36:55+00:00\",\"breadcrumb\":{\"@id\":\"https:\/\/www.eelabels.com\/de\/inspiration\/#breadcrumb\"},\"inLanguage\":\"de\",\"potentialAction\":[{\"@type\":\"ReadAction\",\"target\":[\"https:\/\/www.eelabels.com\/de\/inspiration\/\"]}]},{\"@type\":\"ImageObject\",\"inLanguage\":\"de\",\"@id\":\"https:\/\/www.eelabels.com\/de\/inspiration\/#primaryimage\",\"url\":\"https:\/\/www.eelabels.com\/wp-content\/uploads\/2020\/10\/Vacature_EE-Labels-2.jpg\",\"contentUrl\":\"https:\/\/www.eelabels.com\/wp-content\/uploads\/2020\/10\/Vacature_EE-Labels-2.jpg\",\"width\":1500,\"height\":500,\"caption\":\"geweven in nederland\"},{\"@type\":\"BreadcrumbList\",\"@id\":\"https:\/\/www.eelabels.com\/de\/inspiration\/#breadcrumb\",\"itemListElement\":[{\"@type\":\"ListItem\",\"position\":1,\"name\":\"Home\",\"item\":\"https:\/\/www.eelabels.com\/de\/\"},{\"@type\":\"ListItem\",\"position\":2,\"name\":\"Inspiration\"}]},{\"@type\":\"WebSite\",\"@id\":\"https:\/\/www.eelabels.com\/#website\",\"url\":\"https:\/\/www.eelabels.com\/\",\"name\":\"EE Labels\",\"description\":\"Specialist in geweven labels, gedrukte labels, hangtags &amp; branding\",\"potentialAction\":[{\"@type\":\"SearchAction\",\"target\":{\"@type\":\"EntryPoint\",\"urlTemplate\":\"https:\/\/www.eelabels.com\/?s={search_term_string}\"},\"query-input\":{\"@type\":\"PropertyValueSpecification\",\"valueRequired\":true,\"valueName\":\"search_term_string\"}}],\"inLanguage\":\"de\"}]}<\/script>\n<!-- \/ Yoast SEO plugin. -->","yoast_head_json":{"title":"Inspiration - EE Labels","robots":{"index":"index","follow":"follow","max-snippet":"max-snippet:-1","max-image-preview":"max-image-preview:large","max-video-preview":"max-video-preview:-1"},"canonical":"https:\/\/www.eelabels.com\/de\/inspiration\/","og_locale":"de_DE","og_type":"article","og_title":"Inspiration - EE Labels","og_description":"Lassen Sie sich inspirieren Als Hoflieferant mit einer Tradition seit 1900 verf\u00fcgen wir \u00fcber ein wundersch\u00f6nes Archiv, einen Proberaum voller Inspiration f\u00fcr Etiketten und Anh\u00e4nger und nat\u00fcrlich \u00fcber eine beeindruckende Weberei. Interessiert an unseren Produkten oder Dienstleistungen? Kontaktieren Sie uns und wir werden sehen, wie wir Ihnen helfen k\u00f6nnen. [...]Weiterlesen\u00a0\u2026 from Inspiration","og_url":"https:\/\/www.eelabels.com\/de\/inspiration\/","og_site_name":"EE Labels","article_modified_time":"2026-02-13T08:36:55+00:00","og_image":[{"width":1500,"height":500,"url":"https:\/\/www.eelabels.com\/wp-content\/uploads\/2020\/10\/Vacature_EE-Labels-2.jpg","type":"image\/jpeg"}],"twitter_card":"summary_large_image","twitter_misc":{"Gesch\u00e4tzte Lesezeit":"3\u00a0Minuten"},"schema":{"@context":"https:\/\/schema.org","@graph":[{"@type":"WebPage","@id":"https:\/\/www.eelabels.com\/de\/inspiration\/","url":"https:\/\/www.eelabels.com\/de\/inspiration\/","name":"Inspiration - EE Labels","isPartOf":{"@id":"https:\/\/www.eelabels.com\/#website"},"primaryImageOfPage":{"@id":"https:\/\/www.eelabels.com\/de\/inspiration\/#primaryimage"},"image":{"@id":"https:\/\/www.eelabels.com\/de\/inspiration\/#primaryimage"},"thumbnailUrl":"https:\/\/www.eelabels.com\/wp-content\/uploads\/2020\/10\/Vacature_EE-Labels-2.jpg","datePublished":"2024-02-29T10:21:10+00:00","dateModified":"2026-02-13T08:36:55+00:00","breadcrumb":{"@id":"https:\/\/www.eelabels.com\/de\/inspiration\/#breadcrumb"},"inLanguage":"de","potentialAction":[{"@type":"ReadAction","target":["https:\/\/www.eelabels.com\/de\/inspiration\/"]}]},{"@type":"ImageObject","inLanguage":"de","@id":"https:\/\/www.eelabels.com\/de\/inspiration\/#primaryimage","url":"https:\/\/www.eelabels.com\/wp-content\/uploads\/2020\/10\/Vacature_EE-Labels-2.jpg","contentUrl":"https:\/\/www.eelabels.com\/wp-content\/uploads\/2020\/10\/Vacature_EE-Labels-2.jpg","width":1500,"height":500,"caption":"geweven in nederland"},{"@type":"BreadcrumbList","@id":"https:\/\/www.eelabels.com\/de\/inspiration\/#breadcrumb","itemListElement":[{"@type":"ListItem","position":1,"name":"Home","item":"https:\/\/www.eelabels.com\/de\/"},{"@type":"ListItem","position":2,"name":"Inspiration"}]},{"@type":"WebSite","@id":"https:\/\/www.eelabels.com\/#website","url":"https:\/\/www.eelabels.com\/","name":"EE Labels","description":"Specialist in geweven labels, gedrukte labels, hangtags &amp; branding","potentialAction":[{"@type":"SearchAction","target":{"@type":"EntryPoint","urlTemplate":"https:\/\/www.eelabels.com\/?s={search_term_string}"},"query-input":{"@type":"PropertyValueSpecification","valueRequired":true,"valueName":"search_term_string"}}],"inLanguage":"de"}]}},"_links":{"self":[{"href":"https:\/\/www.eelabels.com\/de\/wp-json\/wp\/v2\/pages\/24030","targetHints":{"allow":["GET"]}}],"collection":[{"href":"https:\/\/www.eelabels.com\/de\/wp-json\/wp\/v2\/pages"}],"about":[{"href":"https:\/\/www.eelabels.com\/de\/wp-json\/wp\/v2\/types\/page"}],"author":[{"embeddable":true,"href":"https:\/\/www.eelabels.com\/de\/wp-json\/wp\/v2\/users\/1"}],"replies":[{"embeddable":true,"href":"https:\/\/www.eelabels.com\/de\/wp-json\/wp\/v2\/comments?post=24030"}],"version-history":[{"count":7,"href":"https:\/\/www.eelabels.com\/de\/wp-json\/wp\/v2\/pages\/24030\/revisions"}],"predecessor-version":[{"id":26374,"href":"https:\/\/www.eelabels.com\/de\/wp-json\/wp\/v2\/pages\/24030\/revisions\/26374"}],"wp:featuredmedia":[{"embeddable":true,"href":"https:\/\/www.eelabels.com\/de\/wp-json\/wp\/v2\/media\/18443"}],"wp:attachment":[{"href":"https:\/\/www.eelabels.com\/de\/wp-json\/wp\/v2\/media?parent=24030"}],"curies":[{"name":"wp","href":"https:\/\/api.w.org\/{rel}","templated":true}]}}