{"id":24037,"date":"2024-02-29T10:38:30","date_gmt":"2024-02-29T10:38:30","guid":{"rendered":"https:\/\/www.eelabels.com?page_id=24037"},"modified":"2025-01-21T12:49:00","modified_gmt":"2025-01-21T12:49:00","slug":"extras","status":"publish","type":"page","link":"https:\/\/www.eelabels.com\/de\/extras\/","title":{"rendered":"Extra&#8217;s"},"content":{"rendered":"<h1>Extras<\/h1>\n<p>EE Labels strebt nach langfristigen Zusammenarbeiten, daher geben wir unser Bestes, um Kunden, Lieferanten und Mitarbeiter zufrieden zu stellen. Deshalb ver\u00f6ffentlichen wir jedes Jahr mehrere Kollektionsb\u00fccher, die die neuesten Trends zeigen, bieten globalen Service f\u00fcr Kunden mit \u00fcber 100.000 St\u00fcck pro Jahr und bieten schnelle L\u00f6sungen \u00fcber unseren superschnellen Webshop <a href=\"https:\/\/www.eelabelfactory.nl\">EE Label Factory<\/a>.<\/p>\n","protected":false},"excerpt":{"rendered":"<p>Extras EE Labels strebt nach langfristigen Zusammenarbeiten, daher geben wir unser Bestes, um Kunden, Lieferanten und Mitarbeiter zufrieden zu stellen. Deshalb ver\u00f6ffentlichen wir jedes Jahr mehrere Kollektionsb\u00fccher, die die neuesten Trends zeigen, bieten globalen Service f\u00fcr Kunden mit \u00fcber 100.000 St\u00fcck pro Jahr und bieten schnelle L\u00f6sungen \u00fcber unseren superschnellen Webshop EE Label Factory. [&#8230;]<\/p>\n<p><a class=\"btn btn-dark understrap-read-more-link\" href=\"https:\/\/www.eelabels.com\/de\/extras\/\">Weiterlesen\u00a0\u2026<span class=\"screen-reader-text\"> from Extra&#8217;s<\/span><\/a><\/p>\n","protected":false},"author":1,"featured_media":19118,"parent":0,"menu_order":0,"comment_status":"closed","ping_status":"closed","template":"","meta":{"_acf_changed":false,"footnotes":""},"class_list":["post-24037","page","type-page","status-publish","has-post-thumbnail","hentry"],"acf":[],"yoast_head":"<!-- This site is optimized with the Yoast SEO plugin v24.6 - https:\/\/yoast.com\/wordpress\/plugins\/seo\/ -->\n<title>Extra&#039;s - EE Labels<\/title>\n<meta name=\"robots\" content=\"index, follow, max-snippet:-1, max-image-preview:large, max-video-preview:-1\" \/>\n<link rel=\"canonical\" href=\"https:\/\/www.eelabels.com\/de\/extras\/\" \/>\n<meta property=\"og:locale\" content=\"de_DE\" \/>\n<meta property=\"og:type\" content=\"article\" \/>\n<meta property=\"og:title\" content=\"Extra&#039;s - EE Labels\" \/>\n<meta property=\"og:description\" content=\"Extras EE Labels strebt nach langfristigen Zusammenarbeiten, daher geben wir unser Bestes, um Kunden, Lieferanten und Mitarbeiter zufrieden zu stellen. Deshalb ver\u00f6ffentlichen wir jedes Jahr mehrere Kollektionsb\u00fccher, die die neuesten Trends zeigen, bieten globalen Service f\u00fcr Kunden mit \u00fcber 100.000 St\u00fcck pro Jahr und bieten schnelle L\u00f6sungen \u00fcber unseren superschnellen Webshop EE Label Factory. [...]Weiterlesen\u00a0\u2026 from Extra&#8217;s\" \/>\n<meta property=\"og:url\" content=\"https:\/\/www.eelabels.com\/de\/extras\/\" \/>\n<meta property=\"og:site_name\" content=\"EE Labels\" \/>\n<meta property=\"article:modified_time\" content=\"2025-01-21T12:49:00+00:00\" \/>\n<meta property=\"og:image\" content=\"https:\/\/www.eelabels.com\/wp-content\/uploads\/2021\/02\/EXTRA.jpg\" \/>\n\t<meta property=\"og:image:width\" content=\"2560\" \/>\n\t<meta property=\"og:image:height\" content=\"673\" \/>\n\t<meta property=\"og:image:type\" content=\"image\/jpeg\" \/>\n<meta name=\"twitter:card\" content=\"summary_large_image\" \/>\n<meta name=\"twitter:label1\" content=\"Gesch\u00e4tzte Lesezeit\" \/>\n\t<meta name=\"twitter:data1\" content=\"1\u00a0Minute\" \/>\n<script type=\"application\/ld+json\" class=\"yoast-schema-graph\">{\"@context\":\"https:\/\/schema.org\",\"@graph\":[{\"@type\":\"WebPage\",\"@id\":\"https:\/\/www.eelabels.com\/de\/extras\/\",\"url\":\"https:\/\/www.eelabels.com\/de\/extras\/\",\"name\":\"Extra's - EE Labels\",\"isPartOf\":{\"@id\":\"https:\/\/www.eelabels.com\/#website\"},\"primaryImageOfPage\":{\"@id\":\"https:\/\/www.eelabels.com\/de\/extras\/#primaryimage\"},\"image\":{\"@id\":\"https:\/\/www.eelabels.com\/de\/extras\/#primaryimage\"},\"thumbnailUrl\":\"https:\/\/www.eelabels.com\/wp-content\/uploads\/2021\/02\/EXTRA.jpg\",\"datePublished\":\"2024-02-29T10:38:30+00:00\",\"dateModified\":\"2025-01-21T12:49:00+00:00\",\"breadcrumb\":{\"@id\":\"https:\/\/www.eelabels.com\/de\/extras\/#breadcrumb\"},\"inLanguage\":\"de\",\"potentialAction\":[{\"@type\":\"ReadAction\",\"target\":[\"https:\/\/www.eelabels.com\/de\/extras\/\"]}]},{\"@type\":\"ImageObject\",\"inLanguage\":\"de\",\"@id\":\"https:\/\/www.eelabels.com\/de\/extras\/#primaryimage\",\"url\":\"https:\/\/www.eelabels.com\/wp-content\/uploads\/2021\/02\/EXTRA.jpg\",\"contentUrl\":\"https:\/\/www.eelabels.com\/wp-content\/uploads\/2021\/02\/EXTRA.jpg\",\"width\":2560,\"height\":673},{\"@type\":\"BreadcrumbList\",\"@id\":\"https:\/\/www.eelabels.com\/de\/extras\/#breadcrumb\",\"itemListElement\":[{\"@type\":\"ListItem\",\"position\":1,\"name\":\"Home\",\"item\":\"https:\/\/www.eelabels.com\/de\/\"},{\"@type\":\"ListItem\",\"position\":2,\"name\":\"Extra&#8217;s\"}]},{\"@type\":\"WebSite\",\"@id\":\"https:\/\/www.eelabels.com\/#website\",\"url\":\"https:\/\/www.eelabels.com\/\",\"name\":\"EE Labels\",\"description\":\"Specialist in geweven labels, gedrukte labels, hangtags &amp; branding\",\"potentialAction\":[{\"@type\":\"SearchAction\",\"target\":{\"@type\":\"EntryPoint\",\"urlTemplate\":\"https:\/\/www.eelabels.com\/?s={search_term_string}\"},\"query-input\":{\"@type\":\"PropertyValueSpecification\",\"valueRequired\":true,\"valueName\":\"search_term_string\"}}],\"inLanguage\":\"de\"}]}<\/script>\n<!-- \/ Yoast SEO plugin. -->","yoast_head_json":{"title":"Extra's - EE Labels","robots":{"index":"index","follow":"follow","max-snippet":"max-snippet:-1","max-image-preview":"max-image-preview:large","max-video-preview":"max-video-preview:-1"},"canonical":"https:\/\/www.eelabels.com\/de\/extras\/","og_locale":"de_DE","og_type":"article","og_title":"Extra's - EE Labels","og_description":"Extras EE Labels strebt nach langfristigen Zusammenarbeiten, daher geben wir unser Bestes, um Kunden, Lieferanten und Mitarbeiter zufrieden zu stellen. Deshalb ver\u00f6ffentlichen wir jedes Jahr mehrere Kollektionsb\u00fccher, die die neuesten Trends zeigen, bieten globalen Service f\u00fcr Kunden mit \u00fcber 100.000 St\u00fcck pro Jahr und bieten schnelle L\u00f6sungen \u00fcber unseren superschnellen Webshop EE Label Factory. [...]Weiterlesen\u00a0\u2026 from Extra&#8217;s","og_url":"https:\/\/www.eelabels.com\/de\/extras\/","og_site_name":"EE Labels","article_modified_time":"2025-01-21T12:49:00+00:00","og_image":[{"width":2560,"height":673,"url":"https:\/\/www.eelabels.com\/wp-content\/uploads\/2021\/02\/EXTRA.jpg","type":"image\/jpeg"}],"twitter_card":"summary_large_image","twitter_misc":{"Gesch\u00e4tzte Lesezeit":"1\u00a0Minute"},"schema":{"@context":"https:\/\/schema.org","@graph":[{"@type":"WebPage","@id":"https:\/\/www.eelabels.com\/de\/extras\/","url":"https:\/\/www.eelabels.com\/de\/extras\/","name":"Extra's - EE Labels","isPartOf":{"@id":"https:\/\/www.eelabels.com\/#website"},"primaryImageOfPage":{"@id":"https:\/\/www.eelabels.com\/de\/extras\/#primaryimage"},"image":{"@id":"https:\/\/www.eelabels.com\/de\/extras\/#primaryimage"},"thumbnailUrl":"https:\/\/www.eelabels.com\/wp-content\/uploads\/2021\/02\/EXTRA.jpg","datePublished":"2024-02-29T10:38:30+00:00","dateModified":"2025-01-21T12:49:00+00:00","breadcrumb":{"@id":"https:\/\/www.eelabels.com\/de\/extras\/#breadcrumb"},"inLanguage":"de","potentialAction":[{"@type":"ReadAction","target":["https:\/\/www.eelabels.com\/de\/extras\/"]}]},{"@type":"ImageObject","inLanguage":"de","@id":"https:\/\/www.eelabels.com\/de\/extras\/#primaryimage","url":"https:\/\/www.eelabels.com\/wp-content\/uploads\/2021\/02\/EXTRA.jpg","contentUrl":"https:\/\/www.eelabels.com\/wp-content\/uploads\/2021\/02\/EXTRA.jpg","width":2560,"height":673},{"@type":"BreadcrumbList","@id":"https:\/\/www.eelabels.com\/de\/extras\/#breadcrumb","itemListElement":[{"@type":"ListItem","position":1,"name":"Home","item":"https:\/\/www.eelabels.com\/de\/"},{"@type":"ListItem","position":2,"name":"Extra&#8217;s"}]},{"@type":"WebSite","@id":"https:\/\/www.eelabels.com\/#website","url":"https:\/\/www.eelabels.com\/","name":"EE Labels","description":"Specialist in geweven labels, gedrukte labels, hangtags &amp; branding","potentialAction":[{"@type":"SearchAction","target":{"@type":"EntryPoint","urlTemplate":"https:\/\/www.eelabels.com\/?s={search_term_string}"},"query-input":{"@type":"PropertyValueSpecification","valueRequired":true,"valueName":"search_term_string"}}],"inLanguage":"de"}]}},"_links":{"self":[{"href":"https:\/\/www.eelabels.com\/de\/wp-json\/wp\/v2\/pages\/24037","targetHints":{"allow":["GET"]}}],"collection":[{"href":"https:\/\/www.eelabels.com\/de\/wp-json\/wp\/v2\/pages"}],"about":[{"href":"https:\/\/www.eelabels.com\/de\/wp-json\/wp\/v2\/types\/page"}],"author":[{"embeddable":true,"href":"https:\/\/www.eelabels.com\/de\/wp-json\/wp\/v2\/users\/1"}],"replies":[{"embeddable":true,"href":"https:\/\/www.eelabels.com\/de\/wp-json\/wp\/v2\/comments?post=24037"}],"version-history":[{"count":2,"href":"https:\/\/www.eelabels.com\/de\/wp-json\/wp\/v2\/pages\/24037\/revisions"}],"predecessor-version":[{"id":25346,"href":"https:\/\/www.eelabels.com\/de\/wp-json\/wp\/v2\/pages\/24037\/revisions\/25346"}],"wp:featuredmedia":[{"embeddable":true,"href":"https:\/\/www.eelabels.com\/de\/wp-json\/wp\/v2\/media\/19118"}],"wp:attachment":[{"href":"https:\/\/www.eelabels.com\/de\/wp-json\/wp\/v2\/media?parent=24037"}],"curies":[{"name":"wp","href":"https:\/\/api.w.org\/{rel}","templated":true}]}}