{"id":24204,"date":"2024-02-19T13:50:37","date_gmt":"2024-02-19T13:50:37","guid":{"rendered":"https:\/\/www.eelabels.comprodukten-2\/papieren-vervanger-van-plastic-polybags\/"},"modified":"2025-01-07T16:05:40","modified_gmt":"2025-01-07T16:05:40","slug":"polybeutel-aus-papier-als-ersatz-fuer-kunststoffbeutel","status":"publish","type":"page","link":"https:\/\/www.eelabels.com\/de\/produkten\/polybeutel-aus-papier-als-ersatz-fuer-kunststoffbeutel\/","title":{"rendered":"Milkpaperbags"},"content":{"rendered":"<h1>Nachhaltige Verpackung mit Milkpaperbags<\/h1>\n<p>Eine plastikfreie Alternative zu Polybags? Milkpaperbags bestehen zu 100 % aus Papier und eignen sich daher hervorragend als <strong>Papierersatz f\u00fcr Kunststoff-Polybeutel<\/strong>. Das Material enth\u00e4lt hochwertige Fasern, wodurch die Papierqualit\u00e4t stark ist. Das Material ist au\u00dferdem als sichere Lebensmittelverpackung zertifiziert.<\/p>\n<h2 style=\"text-align: center;\"><a class=\"cta-button cta-button-big gold\" href=\"https:\/\/www.eelabels.com\/de\/samples-milkpaperbags-aanvragen\/\" target=\"_blank\" rel=\"noopener\">Fordern Sie kostenlose Muster an<\/a><\/h2>\n<h2>Transparenter und starker Papierersatz f\u00fcr Plastik-Polybeutel<\/h2>\n<p>Dank der hochwertigen langen Fasern hat das Papier eine hohe Rei\u00dffestigkeit. Die Milkpaperbags bestehen aus 100% Papier und haben eine Transparenz von 89%. Die Transparenz wird durch die Verwendung von sauerstoffgebleichtem Frischzellstoff erreicht. Die Grammatur der Beutel betr\u00e4gt nur 36 Gramm. M\u00f6chten Sie diesen Ersatz f\u00fcr Plastikbeutel mit <a href=\"\/?page_id=17895\" target=\"_blank\" rel=\"noopener\">(recycelten) Plastikbeutel<\/a> vergleichen? Sehen Sie sich unten die Vorteile von Papier gegen\u00fcber Kunststoff an.<\/p>\n<p><img loading=\"lazy\" decoding=\"async\" class=\"alignnone size-full wp-image-24221\" src=\"https:\/\/www.eelabels.com\/\/wp-content\/uploads\/2024\/03\/sustainable-alternative-polybags.jpg\" alt=\"\" width=\"1799\" height=\"1200\" srcset=\"https:\/\/www.eelabels.com\/wp-content\/uploads\/2024\/03\/sustainable-alternative-polybags.jpg 1799w, https:\/\/www.eelabels.com\/wp-content\/uploads\/2024\/03\/sustainable-alternative-polybags-300x200.jpg 300w, https:\/\/www.eelabels.com\/wp-content\/uploads\/2024\/03\/sustainable-alternative-polybags-1500x1001.jpg 1500w, https:\/\/www.eelabels.com\/wp-content\/uploads\/2024\/03\/sustainable-alternative-polybags-768x512.jpg 768w, https:\/\/www.eelabels.com\/wp-content\/uploads\/2024\/03\/sustainable-alternative-polybags-1536x1025.jpg 1536w\" sizes=\"auto, (max-width: 1799px) 100vw, 1799px\" \/><\/p>\n<h3>Bedrucken der Papiervariante von Plastik-Polybeuteln<\/h3>\n<p>Die Papierverpackungen f\u00fcr Ihre Kleidung oder andere Produkte k\u00f6nnen mit Ihrem Logo oder Text in bis zu 3 Farben bedruckt werden. Die Produktion der Papierverpackungen erfolgt vollst\u00e4ndig in Europa. Dar\u00fcber hinaus werden die Verpackungen mit Leim aus St\u00e4rke geklebt. Ohne Zusatz von Chemikalien. Dadurch l\u00f6st sich der Leim einer Milkpaperbag im Recyclingprozess auf und vermischt sich wieder mit dem Papierbrei.<\/p>\n<h4>Gr\u00f6\u00dfe der Milkpaperbags<\/h4>\n<p>Suchen Sie ein bestimmtes Format? Sie k\u00f6nnen die Milkpaperbags in jeder Gr\u00f6\u00dfe bestellen. Die Ma\u00dfe sowohl des Au\u00dfenma\u00dfes als auch der Seitennaht k\u00f6nnen Sie selbst bestimmen. Sie k\u00f6nnen einen flachen Beutel oder eine V-f\u00f6rmige Seitennaht (Standard 2 x 15 mm) w\u00e4hlen. Die V-Faltung erleichtert das Bef\u00fcllen des Beutels. Sie k\u00f6nnen auch zwischen einem wiederverschlie\u00dfbaren Streifen oder einer permanenten Klebeschicht w\u00e4hlen.<\/p>\n<p><img loading=\"lazy\" decoding=\"async\" class=\"alignnone wp-image-23951\" src=\"https:\/\/www.eelabels.com\/\/wp-content\/uploads\/2024\/02\/V-vorm-zijnaad.png\" alt=\"Polybeutel aus Papier als Ersatz f\u00fcr Kunststoffbeutel\" width=\"240\" height=\"166\" \/>\u00a0 <img loading=\"lazy\" decoding=\"async\" class=\"alignnone wp-image-23954\" src=\"https:\/\/www.eelabels.com\/\/wp-content\/uploads\/2024\/02\/milkpaperbag.jpg\" alt=\"Polybeutel aus Papier als Ersatz f\u00fcr Kunststoffbeutel\" width=\"189\" height=\"189\" srcset=\"https:\/\/www.eelabels.com\/wp-content\/uploads\/2024\/02\/milkpaperbag.jpg 1200w, https:\/\/www.eelabels.com\/wp-content\/uploads\/2024\/02\/milkpaperbag-300x300.jpg 300w, https:\/\/www.eelabels.com\/wp-content\/uploads\/2024\/02\/milkpaperbag-150x150.jpg 150w, https:\/\/www.eelabels.com\/wp-content\/uploads\/2024\/02\/milkpaperbag-768x768.jpg 768w\" sizes=\"auto, (max-width: 189px) 100vw, 189px\" \/>\u00a0 <img loading=\"lazy\" decoding=\"async\" class=\"alignnone wp-image-23957\" src=\"https:\/\/www.eelabels.com\/\/wp-content\/uploads\/2024\/02\/milkpaperbag-transparent.jpg\" alt=\"Polybeutel aus Papier als Ersatz f\u00fcr Kunststoffbeutel\" width=\"189\" height=\"188\" srcset=\"https:\/\/www.eelabels.com\/wp-content\/uploads\/2024\/02\/milkpaperbag-transparent.jpg 1200w, https:\/\/www.eelabels.com\/wp-content\/uploads\/2024\/02\/milkpaperbag-transparent-300x300.jpg 300w, https:\/\/www.eelabels.com\/wp-content\/uploads\/2024\/02\/milkpaperbag-transparent-150x150.jpg 150w, https:\/\/www.eelabels.com\/wp-content\/uploads\/2024\/02\/milkpaperbag-transparent-768x768.jpg 768w\" sizes=\"auto, (max-width: 189px) 100vw, 189px\" \/><\/p>\n","protected":false},"excerpt":{"rendered":"<p>Nachhaltige Verpackung mit Milkpaperbags Eine plastikfreie Alternative zu Polybags? Milkpaperbags bestehen zu 100 % aus Papier und eignen sich daher hervorragend als Papierersatz f\u00fcr Kunststoff-Polybeutel. Das Material enth\u00e4lt hochwertige Fasern, wodurch die Papierqualit\u00e4t stark ist. Das Material ist au\u00dferdem als sichere Lebensmittelverpackung zertifiziert. Fordern Sie kostenlose Muster an Transparenter und starker Papierersatz f\u00fcr Plastik-Polybeutel Dank [&#8230;]<\/p>\n<p><a class=\"btn btn-dark understrap-read-more-link\" href=\"https:\/\/www.eelabels.com\/de\/produkten\/polybeutel-aus-papier-als-ersatz-fuer-kunststoffbeutel\/\">Weiterlesen\u00a0\u2026<span class=\"screen-reader-text\"> from Milkpaperbags<\/span><\/a><\/p>\n","protected":false},"author":5,"featured_media":19558,"parent":13631,"menu_order":0,"comment_status":"closed","ping_status":"closed","template":"template-custom\/product-single-menu.php","meta":{"_acf_changed":false,"footnotes":""},"class_list":["post-24204","page","type-page","status-publish","has-post-thumbnail","hentry"],"acf":[],"yoast_head":"<!-- This site is optimized with the Yoast SEO plugin v24.6 - https:\/\/yoast.com\/wordpress\/plugins\/seo\/ -->\n<title>Polybeutel aus Papier als Ersatz f\u00fcr Kunststoffbeutel<\/title>\n<meta name=\"description\" content=\"Suchen Sie nach einer Alternative zum Plastik-Polybeutel? Die Milkpaperbag aus 100% Papier ist der Papierersatz f\u00fcr Plastik-Polybags.\" \/>\n<meta name=\"robots\" content=\"index, follow, max-snippet:-1, max-image-preview:large, max-video-preview:-1\" \/>\n<link rel=\"canonical\" href=\"https:\/\/www.eelabels.com\/producten\/papieren-vervanger-van-plastic-polybags\/\" \/>\n<meta property=\"og:locale\" content=\"de_DE\" \/>\n<meta property=\"og:type\" content=\"article\" \/>\n<meta property=\"og:title\" content=\"Polybeutel aus Papier als Ersatz f\u00fcr Kunststoffbeutel\" \/>\n<meta property=\"og:description\" content=\"Suchen Sie nach einer Alternative zum Plastik-Polybeutel? Die Milkpaperbag aus 100% Papier ist der Papierersatz f\u00fcr Plastik-Polybags.\" \/>\n<meta property=\"og:url\" content=\"https:\/\/www.eelabels.com\/producten\/papieren-vervanger-van-plastic-polybags\/\" \/>\n<meta property=\"og:site_name\" content=\"EE Labels\" \/>\n<meta property=\"article:modified_time\" content=\"2025-01-07T16:05:40+00:00\" \/>\n<meta property=\"og:image\" content=\"https:\/\/www.eelabels.com\/wp-content\/uploads\/2021\/03\/heeze-leende-leenderbos.jpg\" \/>\n\t<meta property=\"og:image:width\" content=\"904\" \/>\n\t<meta property=\"og:image:height\" content=\"600\" \/>\n\t<meta property=\"og:image:type\" content=\"image\/jpeg\" \/>\n<meta name=\"twitter:card\" content=\"summary_large_image\" \/>\n<meta name=\"twitter:label1\" content=\"Gesch\u00e4tzte Lesezeit\" \/>\n\t<meta name=\"twitter:data1\" content=\"3\u00a0Minuten\" \/>\n<script type=\"application\/ld+json\" class=\"yoast-schema-graph\">{\"@context\":\"https:\/\/schema.org\",\"@graph\":[{\"@type\":\"WebPage\",\"@id\":\"https:\/\/www.eelabels.com\/producten\/papieren-vervanger-van-plastic-polybags\/\",\"url\":\"https:\/\/www.eelabels.com\/producten\/papieren-vervanger-van-plastic-polybags\/\",\"name\":\"Polybeutel aus Papier als Ersatz f\u00fcr Kunststoffbeutel\",\"isPartOf\":{\"@id\":\"https:\/\/www.eelabels.com\/#website\"},\"primaryImageOfPage\":{\"@id\":\"https:\/\/www.eelabels.com\/producten\/papieren-vervanger-van-plastic-polybags\/#primaryimage\"},\"image\":{\"@id\":\"https:\/\/www.eelabels.com\/producten\/papieren-vervanger-van-plastic-polybags\/#primaryimage\"},\"thumbnailUrl\":\"https:\/\/www.eelabels.com\/wp-content\/uploads\/2021\/03\/heeze-leende-leenderbos.jpg\",\"datePublished\":\"2024-02-19T13:50:37+00:00\",\"dateModified\":\"2025-01-07T16:05:40+00:00\",\"description\":\"Suchen Sie nach einer Alternative zum Plastik-Polybeutel? Die Milkpaperbag aus 100% Papier ist der Papierersatz f\u00fcr Plastik-Polybags.\",\"breadcrumb\":{\"@id\":\"https:\/\/www.eelabels.com\/producten\/papieren-vervanger-van-plastic-polybags\/#breadcrumb\"},\"inLanguage\":\"de\",\"potentialAction\":[{\"@type\":\"ReadAction\",\"target\":[\"https:\/\/www.eelabels.com\/producten\/papieren-vervanger-van-plastic-polybags\/\"]}]},{\"@type\":\"ImageObject\",\"inLanguage\":\"de\",\"@id\":\"https:\/\/www.eelabels.com\/producten\/papieren-vervanger-van-plastic-polybags\/#primaryimage\",\"url\":\"https:\/\/www.eelabels.com\/wp-content\/uploads\/2021\/03\/heeze-leende-leenderbos.jpg\",\"contentUrl\":\"https:\/\/www.eelabels.com\/wp-content\/uploads\/2021\/03\/heeze-leende-leenderbos.jpg\",\"width\":904,\"height\":600},{\"@type\":\"BreadcrumbList\",\"@id\":\"https:\/\/www.eelabels.com\/producten\/papieren-vervanger-van-plastic-polybags\/#breadcrumb\",\"itemListElement\":[{\"@type\":\"ListItem\",\"position\":1,\"name\":\"Home\",\"item\":\"https:\/\/www.eelabels.com\/de\/\"},{\"@type\":\"ListItem\",\"position\":2,\"name\":\"Produkten\",\"item\":\"https:\/\/www.eelabels.com\/de\/produkten\/\"},{\"@type\":\"ListItem\",\"position\":3,\"name\":\"Milkpaperbags\"}]},{\"@type\":\"WebSite\",\"@id\":\"https:\/\/www.eelabels.com\/#website\",\"url\":\"https:\/\/www.eelabels.com\/\",\"name\":\"EE Labels\",\"description\":\"Specialist in geweven labels, gedrukte labels, hangtags &amp; branding\",\"potentialAction\":[{\"@type\":\"SearchAction\",\"target\":{\"@type\":\"EntryPoint\",\"urlTemplate\":\"https:\/\/www.eelabels.com\/?s={search_term_string}\"},\"query-input\":{\"@type\":\"PropertyValueSpecification\",\"valueRequired\":true,\"valueName\":\"search_term_string\"}}],\"inLanguage\":\"de\"}]}<\/script>\n<!-- \/ Yoast SEO plugin. -->","yoast_head_json":{"title":"Polybeutel aus Papier als Ersatz f\u00fcr Kunststoffbeutel","description":"Suchen Sie nach einer Alternative zum Plastik-Polybeutel? Die Milkpaperbag aus 100% Papier ist der Papierersatz f\u00fcr Plastik-Polybags.","robots":{"index":"index","follow":"follow","max-snippet":"max-snippet:-1","max-image-preview":"max-image-preview:large","max-video-preview":"max-video-preview:-1"},"canonical":"https:\/\/www.eelabels.com\/producten\/papieren-vervanger-van-plastic-polybags\/","og_locale":"de_DE","og_type":"article","og_title":"Polybeutel aus Papier als Ersatz f\u00fcr Kunststoffbeutel","og_description":"Suchen Sie nach einer Alternative zum Plastik-Polybeutel? Die Milkpaperbag aus 100% Papier ist der Papierersatz f\u00fcr Plastik-Polybags.","og_url":"https:\/\/www.eelabels.com\/producten\/papieren-vervanger-van-plastic-polybags\/","og_site_name":"EE Labels","article_modified_time":"2025-01-07T16:05:40+00:00","og_image":[{"width":904,"height":600,"url":"https:\/\/www.eelabels.com\/wp-content\/uploads\/2021\/03\/heeze-leende-leenderbos.jpg","type":"image\/jpeg"}],"twitter_card":"summary_large_image","twitter_misc":{"Gesch\u00e4tzte Lesezeit":"3\u00a0Minuten"},"schema":{"@context":"https:\/\/schema.org","@graph":[{"@type":"WebPage","@id":"https:\/\/www.eelabels.com\/producten\/papieren-vervanger-van-plastic-polybags\/","url":"https:\/\/www.eelabels.com\/producten\/papieren-vervanger-van-plastic-polybags\/","name":"Polybeutel aus Papier als Ersatz f\u00fcr Kunststoffbeutel","isPartOf":{"@id":"https:\/\/www.eelabels.com\/#website"},"primaryImageOfPage":{"@id":"https:\/\/www.eelabels.com\/producten\/papieren-vervanger-van-plastic-polybags\/#primaryimage"},"image":{"@id":"https:\/\/www.eelabels.com\/producten\/papieren-vervanger-van-plastic-polybags\/#primaryimage"},"thumbnailUrl":"https:\/\/www.eelabels.com\/wp-content\/uploads\/2021\/03\/heeze-leende-leenderbos.jpg","datePublished":"2024-02-19T13:50:37+00:00","dateModified":"2025-01-07T16:05:40+00:00","description":"Suchen Sie nach einer Alternative zum Plastik-Polybeutel? Die Milkpaperbag aus 100% Papier ist der Papierersatz f\u00fcr Plastik-Polybags.","breadcrumb":{"@id":"https:\/\/www.eelabels.com\/producten\/papieren-vervanger-van-plastic-polybags\/#breadcrumb"},"inLanguage":"de","potentialAction":[{"@type":"ReadAction","target":["https:\/\/www.eelabels.com\/producten\/papieren-vervanger-van-plastic-polybags\/"]}]},{"@type":"ImageObject","inLanguage":"de","@id":"https:\/\/www.eelabels.com\/producten\/papieren-vervanger-van-plastic-polybags\/#primaryimage","url":"https:\/\/www.eelabels.com\/wp-content\/uploads\/2021\/03\/heeze-leende-leenderbos.jpg","contentUrl":"https:\/\/www.eelabels.com\/wp-content\/uploads\/2021\/03\/heeze-leende-leenderbos.jpg","width":904,"height":600},{"@type":"BreadcrumbList","@id":"https:\/\/www.eelabels.com\/producten\/papieren-vervanger-van-plastic-polybags\/#breadcrumb","itemListElement":[{"@type":"ListItem","position":1,"name":"Home","item":"https:\/\/www.eelabels.com\/de\/"},{"@type":"ListItem","position":2,"name":"Produkten","item":"https:\/\/www.eelabels.com\/de\/produkten\/"},{"@type":"ListItem","position":3,"name":"Milkpaperbags"}]},{"@type":"WebSite","@id":"https:\/\/www.eelabels.com\/#website","url":"https:\/\/www.eelabels.com\/","name":"EE Labels","description":"Specialist in geweven labels, gedrukte labels, hangtags &amp; branding","potentialAction":[{"@type":"SearchAction","target":{"@type":"EntryPoint","urlTemplate":"https:\/\/www.eelabels.com\/?s={search_term_string}"},"query-input":{"@type":"PropertyValueSpecification","valueRequired":true,"valueName":"search_term_string"}}],"inLanguage":"de"}]}},"_links":{"self":[{"href":"https:\/\/www.eelabels.com\/de\/wp-json\/wp\/v2\/pages\/24204","targetHints":{"allow":["GET"]}}],"collection":[{"href":"https:\/\/www.eelabels.com\/de\/wp-json\/wp\/v2\/pages"}],"about":[{"href":"https:\/\/www.eelabels.com\/de\/wp-json\/wp\/v2\/types\/page"}],"author":[{"embeddable":true,"href":"https:\/\/www.eelabels.com\/de\/wp-json\/wp\/v2\/users\/5"}],"replies":[{"embeddable":true,"href":"https:\/\/www.eelabels.com\/de\/wp-json\/wp\/v2\/comments?post=24204"}],"version-history":[{"count":6,"href":"https:\/\/www.eelabels.com\/de\/wp-json\/wp\/v2\/pages\/24204\/revisions"}],"predecessor-version":[{"id":24241,"href":"https:\/\/www.eelabels.com\/de\/wp-json\/wp\/v2\/pages\/24204\/revisions\/24241"}],"up":[{"embeddable":true,"href":"https:\/\/www.eelabels.com\/de\/wp-json\/wp\/v2\/pages\/13631"}],"wp:featuredmedia":[{"embeddable":true,"href":"https:\/\/www.eelabels.com\/de\/wp-json\/wp\/v2\/media\/19558"}],"wp:attachment":[{"href":"https:\/\/www.eelabels.com\/de\/wp-json\/wp\/v2\/media?parent=24204"}],"curies":[{"name":"wp","href":"https:\/\/api.w.org\/{rel}","templated":true}]}}